{"id":79334,"date":"2021-07-19T10:52:25","date_gmt":"2021-07-19T09:52:25","guid":{"rendered":"https:\/\/www.lasalle.org\/?page_id=79334"},"modified":"2025-07-28T12:08:36","modified_gmt":"2025-07-28T10:08:36","slug":"bienheureux-freres-martyrs-de-ciudad-real","status":"publish","type":"page","link":"https:\/\/www.lasalle.org\/fr\/saintete-lasallienne\/bienheureux-freres-martyrs-de-ciudad-real\/","title":{"rendered":"Bienheureux Fr\u00e8res Martyrs de Ciudad Real"},"content":{"rendered":"<div class=\"fusion-fullwidth fullwidth-box fusion-builder-row-1 fusion-flex-container has-pattern-background has-mask-background nonhundred-percent-fullwidth non-hundred-percent-height-scrolling\" style=\"--awb-border-radius-top-left:0px;--awb-border-radius-top-right:0px;--awb-border-radius-bottom-right:0px;--awb-border-radius-bottom-left:0px;--awb-flex-wrap:wrap;\" ><div class=\"fusion-builder-row fusion-row fusion-flex-align-items-flex-start fusion-flex-content-wrap\" style=\"max-width:1248px;margin-left: calc(-4% \/ 2 );margin-right: calc(-4% \/ 2 );\"><div class=\"fusion-layout-column fusion_builder_column fusion-builder-column-0 fusion_builder_column_3_4 3_4 fusion-flex-column\" style=\"--awb-bg-size:cover;--awb-width-large:75%;--awb-margin-top-large:0px;--awb-spacing-right-large:2.56%;--awb-margin-bottom-large:20px;--awb-spacing-left-large:2.56%;--awb-width-medium:75%;--awb-order-medium:0;--awb-spacing-right-medium:2.56%;--awb-spacing-left-medium:2.56%;--awb-width-small:100%;--awb-order-small:0;--awb-spacing-right-small:1.92%;--awb-spacing-left-small:1.92%;\"><div class=\"fusion-column-wrapper fusion-column-has-shadow fusion-flex-justify-content-flex-start fusion-content-layout-column\"><div class=\"fusion-title title fusion-title-1 sep-underline sep-solid fusion-title-text fusion-title-size-two\" style=\"--awb-text-color:var(--awb-custom17);--awb-sep-color:var(--awb-custom17);--awb-font-size:22px;\"><h2 class=\"fusion-title-heading title-heading-left\" style=\"margin:0;font-size:1em;\">Bienheureux Fr\u00e8res Martyrs de Ciudad Real<\/h2><\/div><div class=\"fusion-text fusion-text-1\"><p>Causa<em>  Narcisus Est\u00e9naga Echevarr\u00eda et X Socii<\/em><\/p>\n<p><!-- \/wp:post-content --><\/p>\n<p><!-- wp:paragraph --><\/p>\n<p><em>La Cause groupe 11 martyrs: Narcisus Estenaga (\u00e9v\u00eaque), 4 pr\u00eatres, <strong>5 FEC<\/strong> et 1 la\u00efque.<\/em><\/p>\n<p><!-- \/wp:paragraph --><\/p>\n<p><!-- wp:paragraph --><\/p>\n<p><strong>Santa Cruz de Mudela <\/strong>est une petite ville de la province de Ciudad Real, o\u00f9 se trouvait une \u00e9cole dirig\u00e9e par les Fr\u00e8res des \u00e9coles chr\u00e9tiennes. En 1936 cinq religieux formaient la Communaut\u00e9 :<\/p>\n<p><!-- \/wp:paragraph --><\/p>\n<p><!-- wp:paragraph --><\/p>\n<p style=\"padding-left: 80px;\"><strong>Fr. Agapito Le\u00f3n <\/strong>(Remigio Angel Olalla Aldea), Directeur, ans 33<\/p>\n<p><!-- \/wp:paragraph --><\/p>\n<p><!-- wp:paragraph --><\/p>\n<p style=\"padding-left: 80px;\"><strong>Fr. D\u00e1maso Luis <\/strong>(Antol\u00edn Mart\u00ednez Mart\u00ednez), ans 21                     <\/p>\n<p><strong>Fr. Josafat Roque <\/strong>(Urbano Corral Gonz\u00e1lez), ans 37                      <\/p>\n<p><!-- \/wp:paragraph --><\/p>\n<p><!-- wp:paragraph --><\/p>\n<p style=\"padding-left: 80px;\"><strong>Fr. Julio Alfonso<\/strong> (Valeriano Ruiz Peral), ans 25<\/p>\n<p><!-- \/wp:paragraph --><\/p>\n<p><!-- wp:paragraph --><\/p>\n<p style=\"padding-left: 80px;\"><strong>Fr. Ladislao Luis<\/strong> (Isidoro Mu\u00f1oz Antol\u00edn), ans 20                      <\/p>\n<p><!-- \/wp:paragraph --><\/p>\n<p><!-- wp:paragraph --><\/p>\n<p>Le 22 juillet 1936, un groupe de miliciens entoura l&rsquo;\u00e9cole dans le tumulte, l&rsquo;envahit et arr\u00eata les cinq Fr\u00e8res. Ils les ont emmen\u00e9s au village \u00ab\u00a0cheka\u00a0\u00bb o\u00f9 ils sont rest\u00e9s pendant cinq jours. Puis, avec d&rsquo;autres d\u00e9tenus, ils les ont emmen\u00e9s dans une autre prison o\u00f9 ils sont rest\u00e9s jusqu&rsquo;au 19 ao\u00fbt. Ils ont persist\u00e9 \u00e0 humilier et \u00e0 faire souffrir les Fr\u00e8res. Plusieurs fois, ils les ont fait balayer sur la place publique, au milieu des insultes et du harc\u00e8lement. Ils les ont oblig\u00e9s \u00e0 participer \u00e0 des marches militaires en scandant des slogans marxistes et les ont gifl\u00e9s plus d&rsquo;une fois.<\/p>\n<p><!-- \/wp:paragraph --><\/p>\n<p><!-- wp:paragraph --><\/p>\n<p>Malgr\u00e9 leurs souffrances, ils ont fait preuve de courage pendant leur emprisonnement et ce sont eux qui ont soutenu et encourag\u00e9 les autres prisonniers, les pr\u00eatres et les catholiques militants du lieu. Pendant leur d\u00e9tention, une bienfaitrice du coll\u00e8ge, Do\u00f1a Cecilia Ramiro, s&rsquo;est charg\u00e9e de leur alimentation, qu&rsquo;elle apportait chaque jour \u00e0 la prison. Le 18 ao\u00fbt, jour de la f\u00eate de saint Agapitos, f\u00eate patronale du directeur, elle lui apporte des bonbons qu&rsquo;il distribue \u00e0 tous, y compris aux ge\u00f4liers. Mais le lendemain, le 19 ao\u00fbt 1936, un groupe de miliciens est venu \u00e0 la prison et a emmen\u00e9 les Fr\u00e8res et 25 autres prisonniers, parmi lesquels cinq pr\u00eatres. Ils les ont charg\u00e9s dans un camion et \u00e0 minuit ils les ont assassin\u00e9s dans le cimeti\u00e8re de Valdepe\u00f1as, puis ils les ont tous jet\u00e9s dans une fosse commune.<\/p>\n<\/div><div class=\"fusion-separator fusion-full-width-sep\" style=\"align-self: center;margin-left: auto;margin-right: auto;margin-top:15px;margin-bottom:15px;width:100%;\"><div class=\"fusion-separator-border sep-single sep-solid\" style=\"--awb-height:20px;--awb-amount:20px;--awb-sep-color:var(--awb-custom17);border-color:var(--awb-custom17);border-top-width:1px;\"><\/div><\/div><nav class=\"fusion-breadcrumbs fusion-breadcrumbs-1\" style=\"--awb-breadcrumb-sep:&#039;\/&#039;;\" aria-label=\"Breadcrumb\"><ol class=\"awb-breadcrumb-list\"><\/ol><\/nav><\/div><\/div><div class=\"fusion-layout-column fusion_builder_column fusion-builder-column-1 fusion_builder_column_1_4 1_4 fusion-flex-column\" style=\"--awb-bg-size:cover;--awb-width-large:25%;--awb-margin-top-large:0px;--awb-spacing-right-large:7.68%;--awb-margin-bottom-large:20px;--awb-spacing-left-large:7.68%;--awb-width-medium:25%;--awb-order-medium:0;--awb-spacing-right-medium:7.68%;--awb-spacing-left-medium:7.68%;--awb-width-small:100%;--awb-order-small:0;--awb-spacing-right-small:1.92%;--awb-spacing-left-small:1.92%;\"><div class=\"fusion-column-wrapper fusion-column-has-shadow fusion-flex-justify-content-flex-start fusion-content-layout-column\"><div class=\"fusion-title title fusion-title-2 sep-underline sep-solid fusion-title-text fusion-title-size-two\" style=\"--awb-text-color:var(--awb-custom17);--awb-sep-color:var(--awb-custom17);--awb-font-size:22px;\"><h2 class=\"fusion-title-heading title-heading-left\" style=\"margin:0;font-size:1em;\">Dates importantes<\/h2><\/div><ul style=\"--awb-line-height:27.2px;--awb-icon-width:27.2px;--awb-icon-height:27.2px;--awb-icon-margin:11.2px;--awb-content-margin:38.4px;--awb-circlecolor:var(--awb-custom17);--awb-circle-yes-font-size:14.08px;\" class=\"fusion-checklist fusion-checklist-1 fusion-checklist-default type-icons\"><li class=\"fusion-li-item\" style=\"\"><span class=\"icon-wrapper circle-yes\"><i class=\"fusion-li-icon fa-star-half far\" aria-hidden=\"true\"><\/i><\/span><div class=\"fusion-li-item-content\">\r\n<p><strong>F\u00eate liturgique : 6 novembre<\/strong><\/p>\r\n<\/div><\/li><li class=\"fusion-li-item\" style=\"\"><span class=\"icon-wrapper circle-yes\"><i class=\"fusion-li-icon fa-star-half far\" aria-hidden=\"true\"><\/i><\/span><div class=\"fusion-li-item-content\">\r\n<p>28\/10\/2007: B\u00e9atification (avec d&rsquo;autres pour un total de 498 martyrs)<\/p>\r\n<\/div><\/li><\/ul><div class=\"fusion-separator fusion-full-width-sep\" style=\"align-self: center;margin-left: auto;margin-right: auto;margin-top:15px;margin-bottom:15px;width:100%;\"><div class=\"fusion-separator-border sep-single sep-solid\" style=\"--awb-height:20px;--awb-amount:20px;--awb-sep-color:var(--awb-custom17);border-color:var(--awb-custom17);border-top-width:1px;\"><\/div><\/div><\/div><\/div><\/div><\/div>","protected":false},"excerpt":{"rendered":"","protected":false},"author":9,"featured_media":112313,"parent":10536,"menu_order":0,"comment_status":"closed","ping_status":"closed","template":"","meta":{"_tec_requires_first_save":true,"_monsterinsights_skip_tracking":false,"_monsterinsights_sitenote_active":false,"_monsterinsights_sitenote_note":"","_monsterinsights_sitenote_category":0,"_EventAllDay":false,"_EventTimezone":"","_EventStartDate":"","_EventEndDate":"","_EventStartDateUTC":"","_EventEndDateUTC":"","_EventShowMap":false,"_EventShowMapLink":false,"_EventURL":"","_EventCost":"","_EventCostDescription":"","_EventCurrencySymbol":"","_EventCurrencyCode":"","_EventCurrencyPosition":"","_EventDateTimeSeparator":"","_EventTimeRangeSeparator":"","_EventOrganizerID":[],"_EventVenueID":[],"_OrganizerEmail":"","_OrganizerPhone":"","_OrganizerWebsite":"","_VenueAddress":"","_VenueCity":"","_VenueCountry":"","_VenueProvince":"","_VenueState":"","_VenueZip":"","_VenuePhone":"","_VenueURL":"","_VenueStateProvince":"","_VenueLat":"","_VenueLng":"","_VenueShowMap":false,"_VenueShowMapLink":false,"_tribe_blocks_recurrence_rules":"","_tribe_blocks_recurrence_description":"","_tribe_blocks_recurrence_exclusions":"","footnotes":""},"class_list":["post-79334","page","type-page","status-publish","has-post-thumbnail","hentry"],"_links":{"self":[{"href":"https:\/\/www.lasalle.org\/fr\/wp-json\/wp\/v2\/pages\/79334","targetHints":{"allow":["GET"]}}],"collection":[{"href":"https:\/\/www.lasalle.org\/fr\/wp-json\/wp\/v2\/pages"}],"about":[{"href":"https:\/\/www.lasalle.org\/fr\/wp-json\/wp\/v2\/types\/page"}],"author":[{"embeddable":true,"href":"https:\/\/www.lasalle.org\/fr\/wp-json\/wp\/v2\/users\/9"}],"replies":[{"embeddable":true,"href":"https:\/\/www.lasalle.org\/fr\/wp-json\/wp\/v2\/comments?post=79334"}],"version-history":[{"count":5,"href":"https:\/\/www.lasalle.org\/fr\/wp-json\/wp\/v2\/pages\/79334\/revisions"}],"predecessor-version":[{"id":116612,"href":"https:\/\/www.lasalle.org\/fr\/wp-json\/wp\/v2\/pages\/79334\/revisions\/116612"}],"up":[{"embeddable":true,"href":"https:\/\/www.lasalle.org\/fr\/wp-json\/wp\/v2\/pages\/10536"}],"wp:featuredmedia":[{"embeddable":true,"href":"https:\/\/www.lasalle.org\/fr\/wp-json\/wp\/v2\/media\/112313"}],"wp:attachment":[{"href":"https:\/\/www.lasalle.org\/fr\/wp-json\/wp\/v2\/media?parent=79334"}],"curies":[{"name":"wp","href":"https:\/\/api.w.org\/{rel}","templated":true}]}}