{"id":79339,"date":"2021-07-19T11:00:09","date_gmt":"2021-07-19T10:00:09","guid":{"rendered":"https:\/\/www.lasalle.org\/?page_id=79339"},"modified":"2025-07-28T12:20:25","modified_gmt":"2025-07-28T10:20:25","slug":"bienheureux-freres-martyrs-de-toledo","status":"publish","type":"page","link":"https:\/\/www.lasalle.org\/fr\/saintete-lasallienne\/bienheureux-freres-martyrs-de-toledo\/","title":{"rendered":"Bienheureux Fr\u00e8res Martyrs de Toledo"},"content":{"rendered":"<div class=\"fusion-fullwidth fullwidth-box fusion-builder-row-1 fusion-flex-container has-pattern-background has-mask-background nonhundred-percent-fullwidth non-hundred-percent-height-scrolling\" style=\"--awb-border-radius-top-left:0px;--awb-border-radius-top-right:0px;--awb-border-radius-bottom-right:0px;--awb-border-radius-bottom-left:0px;--awb-flex-wrap:wrap;\" ><div class=\"fusion-builder-row fusion-row fusion-flex-align-items-flex-start fusion-flex-content-wrap\" style=\"max-width:1248px;margin-left: calc(-4% \/ 2 );margin-right: calc(-4% \/ 2 );\"><div class=\"fusion-layout-column fusion_builder_column fusion-builder-column-0 fusion_builder_column_3_4 3_4 fusion-flex-column\" style=\"--awb-bg-size:cover;--awb-width-large:75%;--awb-margin-top-large:0px;--awb-spacing-right-large:2.56%;--awb-margin-bottom-large:20px;--awb-spacing-left-large:2.56%;--awb-width-medium:75%;--awb-order-medium:0;--awb-spacing-right-medium:2.56%;--awb-spacing-left-medium:2.56%;--awb-width-small:100%;--awb-order-small:0;--awb-spacing-right-small:1.92%;--awb-spacing-left-small:1.92%;\"><div class=\"fusion-column-wrapper fusion-column-has-shadow fusion-flex-justify-content-flex-start fusion-content-layout-column\"><div class=\"fusion-title title fusion-title-1 sep-underline sep-solid fusion-title-text fusion-title-size-two\" style=\"--awb-text-color:var(--awb-custom17);--awb-sep-color:var(--awb-custom17);--awb-font-size:22px;\"><h2 class=\"fusion-title-heading title-heading-left\" style=\"margin:0;font-size:1em;\">Bienheureux Fr\u00e8res Martyrs de Toledo<\/h2><\/div><div class=\"fusion-text fusion-text-1\"><p>CAUSA <em>Theodosius Raphael&#8230;<\/em><em>et Socii <\/em><\/p>\n<p><em>La Cause groupe <\/em><strong>4 FSC<\/strong><\/p>\n<p style=\"padding-left: 80px;\"><strong>Fr. Teodosio Rafael <\/strong>(Diodoro L\u00f3pez Hern\u00e1ndez) ans 38<\/p>\n<p style=\"padding-left: 80px;\"><strong>Fr. Carlos Jorge <\/strong>(Dalmacio Bellota P\u00e9rez) ans 28<\/p>\n<p style=\"padding-left: 80px;\"><strong>Fr. Eustaquio Luis <\/strong>(Luis Villanueva Montoya) ans 48<\/p>\n<p style=\"padding-left: 80px;\"><strong>Fr. Felipe Jos\u00e9 <\/strong>(Pedro Alvarez P\u00e9rez) ans 22<strong>\u00a0<\/strong><\/p>\n<p><strong>Consuegra<\/strong> \u00e9tait une petite ville d&rsquo;environ 14 000 habitants, dans la province et le dioc\u00e8se de Tol\u00e8de, o\u00f9 les Fr\u00e8res dirigeaient l&rsquo;\u00e9cole de la \u00ab\u00a0Fondaci\u00f3n Diaz-Cordov\u00e9s\u00a0\u00bb. Il n&rsquo;y avait que quatre Fr\u00e8res : trois enseignants et un pour la cuisine et les services de la maison. Le directeur \u00e9tait le fr\u00e8re Theodosius Rafael. Ils \u00e9taient conscients de la situation politique et sociale et des dangers qu&rsquo;elle comportait, mais ils \u00e9taient \u00e9galement pr\u00eats \u00e0 accepter ce que Dieu leur r\u00e9servait.<\/p>\n<p>Le 21 juillet, vers 9 heures, alors qu&rsquo;ils \u00e9taient dans la chapelle pour assister \u00e0 la messe, un groupe de miliciens s&rsquo;est rassembl\u00e9 devant l&rsquo;\u00e9cole en criant. En entendant leurs cris, l&rsquo;aum\u00f4nier et les Fr\u00e8res ont consomm\u00e9 l&rsquo;Eucharistie et ont quitt\u00e9 l&rsquo;\u00e9cole par une sortie arri\u00e8re, se r\u00e9fugiant dans la maison d&rsquo;un voisin, Don Blas Navarro. Lorsque les miliciens ont envahi et n&rsquo;ont pas trouv\u00e9 de fr\u00e8res, ils ont fouill\u00e9 d&rsquo;autres maisons. Quand ils ont atteint la maison o\u00f9 les Fr\u00e8res se cachaient, ils ont d\u00e9cid\u00e9 qu&rsquo;il valait mieux se rendre. Et ils l&rsquo;ont fait sans aucune r\u00e9sistance.<\/p>\n<p>Sur le chemin de la prison, o\u00f9 il y avait d\u00e9j\u00e0 d&rsquo;autres prisonniers, ils ont commenc\u00e9 \u00e0 se pr\u00e9parer \u00e0 la mort, car ils \u00e9taient s\u00fbrs qu&rsquo;elle viendrait bient\u00f4t. Les miliciens, l\u00e0 comme ailleurs, prenaient chaque nuit un groupe de prisonniers et les tuaient dans des endroits retir\u00e9s, sans t\u00e9moins.<\/p>\n<p>L&rsquo;heure des Fr\u00e8res est arriv\u00e9e dans la nuit du 6 au 7 ao\u00fbt. Des miliciens se sont pr\u00e9sent\u00e9s \u00e0 la prison, ont cri\u00e9 leurs noms, les ont mis dans un camion et les ont emmen\u00e9s. Ils les ont tu\u00e9s dans un endroit appel\u00e9 \u00ab\u00a0Boca de Congosto\u00a0\u00bb, \u00e0 la fronti\u00e8re avec Los Y\u00e9benes (Tol\u00e8de). Le Fr\u00e8re Felipe Jos\u00e9, le plus jeune de la communaut\u00e9, n&rsquo;est pas parti avec les trois autres Fr\u00e8res cette nuit-l\u00e0, non pas parce qu&rsquo;il ne voulait pas partager le martyre, mais parce que parmi les prisonniers il y en avait un autre portant le m\u00eame nom, employ\u00e9 dans une communaut\u00e9 religieuse, et ils l&rsquo;ont pris. Le fr\u00e8re Felipe a dit que cette personne n&rsquo;\u00e9tait pas un fr\u00e8re et que lui l&rsquo;\u00e9tait, mais ils ne l&rsquo;ont pas \u00e9cout\u00e9. Cependant, le palme du martyre lui est revenue le lendemain, dans la nuit du 7 au 8 ao\u00fbt, lors d&rsquo;une autre \u00ab\u00a0prise\u00a0\u00bb, effectu\u00e9e selon la m\u00e9thode habituelle. Il a \u00e9t\u00e9 tu\u00e9 avec d&rsquo;autres \u00e0 Fuente de Fresno (Ciudad Real).<\/p>\n<\/div><div class=\"fusion-separator fusion-full-width-sep\" style=\"align-self: center;margin-left: auto;margin-right: auto;margin-top:15px;margin-bottom:15px;width:100%;\"><div class=\"fusion-separator-border sep-single sep-solid\" style=\"--awb-height:20px;--awb-amount:20px;--awb-sep-color:var(--awb-custom17);border-color:var(--awb-custom17);border-top-width:1px;\"><\/div><\/div><nav class=\"fusion-breadcrumbs fusion-breadcrumbs-1\" style=\"--awb-breadcrumb-sep:&#039;\/&#039;;\" aria-label=\"Breadcrumb\"><ol class=\"awb-breadcrumb-list\"><\/ol><\/nav><\/div><\/div><div class=\"fusion-layout-column fusion_builder_column fusion-builder-column-1 fusion_builder_column_1_4 1_4 fusion-flex-column\" style=\"--awb-bg-size:cover;--awb-width-large:25%;--awb-margin-top-large:0px;--awb-spacing-right-large:7.68%;--awb-margin-bottom-large:20px;--awb-spacing-left-large:7.68%;--awb-width-medium:25%;--awb-order-medium:0;--awb-spacing-right-medium:7.68%;--awb-spacing-left-medium:7.68%;--awb-width-small:100%;--awb-order-small:0;--awb-spacing-right-small:1.92%;--awb-spacing-left-small:1.92%;\"><div class=\"fusion-column-wrapper fusion-column-has-shadow fusion-flex-justify-content-flex-start fusion-content-layout-column\"><div class=\"fusion-title title fusion-title-2 sep-underline sep-solid fusion-title-text fusion-title-size-two\" style=\"--awb-text-color:var(--awb-custom17);--awb-sep-color:var(--awb-custom17);--awb-font-size:22px;\"><h2 class=\"fusion-title-heading title-heading-left\" style=\"margin:0;font-size:1em;\">Dates importantes<\/h2><\/div><ul style=\"--awb-line-height:27.2px;--awb-icon-width:27.2px;--awb-icon-height:27.2px;--awb-icon-margin:11.2px;--awb-content-margin:38.4px;--awb-circlecolor:var(--awb-custom17);--awb-circle-yes-font-size:14.08px;\" class=\"fusion-checklist fusion-checklist-1 fusion-checklist-default type-icons\"><li class=\"fusion-li-item\" style=\"\"><span class=\"icon-wrapper circle-yes\"><i class=\"fusion-li-icon fa-star-half far\" aria-hidden=\"true\"><\/i><\/span><div class=\"fusion-li-item-content\">\n<p><strong>F\u00eate liturgique : 6 novembre<\/strong><\/p>\n<\/div><\/li><li class=\"fusion-li-item\" style=\"\"><span class=\"icon-wrapper circle-yes\"><i class=\"fusion-li-icon fa-star-half far\" aria-hidden=\"true\"><\/i><\/span><div class=\"fusion-li-item-content\">\n<p>28\/10\/2007 : B\u00e9atification (avec d&rsquo;autres pour un total de 498 martyrs)<\/p>\n<\/div><\/li><\/ul><div class=\"fusion-separator fusion-full-width-sep\" style=\"align-self: center;margin-left: auto;margin-right: auto;margin-top:15px;margin-bottom:15px;width:100%;\"><div class=\"fusion-separator-border sep-single sep-solid\" style=\"--awb-height:20px;--awb-amount:20px;--awb-sep-color:var(--awb-custom17);border-color:var(--awb-custom17);border-top-width:1px;\"><\/div><\/div><\/div><\/div><\/div><\/div>\n","protected":false},"excerpt":{"rendered":"","protected":false},"author":9,"featured_media":112347,"parent":10536,"menu_order":0,"comment_status":"closed","ping_status":"closed","template":"","meta":{"_tec_requires_first_save":true,"_monsterinsights_skip_tracking":false,"_monsterinsights_sitenote_active":false,"_monsterinsights_sitenote_note":"","_monsterinsights_sitenote_category":0,"_EventAllDay":false,"_EventTimezone":"","_EventStartDate":"","_EventEndDate":"","_EventStartDateUTC":"","_EventEndDateUTC":"","_EventShowMap":false,"_EventShowMapLink":false,"_EventURL":"","_EventCost":"","_EventCostDescription":"","_EventCurrencySymbol":"","_EventCurrencyCode":"","_EventCurrencyPosition":"","_EventDateTimeSeparator":"","_EventTimeRangeSeparator":"","_EventOrganizerID":[],"_EventVenueID":[],"_OrganizerEmail":"","_OrganizerPhone":"","_OrganizerWebsite":"","_VenueAddress":"","_VenueCity":"","_VenueCountry":"","_VenueProvince":"","_VenueState":"","_VenueZip":"","_VenuePhone":"","_VenueURL":"","_VenueStateProvince":"","_VenueLat":"","_VenueLng":"","_VenueShowMap":false,"_VenueShowMapLink":false,"_tribe_blocks_recurrence_rules":"","_tribe_blocks_recurrence_description":"","_tribe_blocks_recurrence_exclusions":"","footnotes":""},"class_list":["post-79339","page","type-page","status-publish","has-post-thumbnail","hentry"],"_links":{"self":[{"href":"https:\/\/www.lasalle.org\/fr\/wp-json\/wp\/v2\/pages\/79339","targetHints":{"allow":["GET"]}}],"collection":[{"href":"https:\/\/www.lasalle.org\/fr\/wp-json\/wp\/v2\/pages"}],"about":[{"href":"https:\/\/www.lasalle.org\/fr\/wp-json\/wp\/v2\/types\/page"}],"author":[{"embeddable":true,"href":"https:\/\/www.lasalle.org\/fr\/wp-json\/wp\/v2\/users\/9"}],"replies":[{"embeddable":true,"href":"https:\/\/www.lasalle.org\/fr\/wp-json\/wp\/v2\/comments?post=79339"}],"version-history":[{"count":5,"href":"https:\/\/www.lasalle.org\/fr\/wp-json\/wp\/v2\/pages\/79339\/revisions"}],"predecessor-version":[{"id":116623,"href":"https:\/\/www.lasalle.org\/fr\/wp-json\/wp\/v2\/pages\/79339\/revisions\/116623"}],"up":[{"embeddable":true,"href":"https:\/\/www.lasalle.org\/fr\/wp-json\/wp\/v2\/pages\/10536"}],"wp:featuredmedia":[{"embeddable":true,"href":"https:\/\/www.lasalle.org\/fr\/wp-json\/wp\/v2\/media\/112347"}],"wp:attachment":[{"href":"https:\/\/www.lasalle.org\/fr\/wp-json\/wp\/v2\/media?parent=79339"}],"curies":[{"name":"wp","href":"https:\/\/api.w.org\/{rel}","templated":true}]}}