{"id":79345,"date":"2021-07-19T11:05:44","date_gmt":"2021-07-19T10:05:44","guid":{"rendered":"https:\/\/www.lasalle.org\/?page_id=79345"},"modified":"2025-07-28T12:44:03","modified_gmt":"2025-07-28T10:44:03","slug":"bienheureux-freres-martyrs-de-madrid-n-1-grinon","status":"publish","type":"page","link":"https:\/\/www.lasalle.org\/fr\/saintete-lasallienne\/bienheureux-freres-martyrs-de-madrid-n-1-grinon\/","title":{"rendered":"Bienheureux Fr\u00e8res Martyrs de Madrid \u2013 Gri\u00f1\u00f3n"},"content":{"rendered":"<div class=\"fusion-fullwidth fullwidth-box fusion-builder-row-1 fusion-flex-container has-pattern-background has-mask-background nonhundred-percent-fullwidth non-hundred-percent-height-scrolling\" style=\"--awb-border-radius-top-left:0px;--awb-border-radius-top-right:0px;--awb-border-radius-bottom-right:0px;--awb-border-radius-bottom-left:0px;--awb-flex-wrap:wrap;\" ><div class=\"fusion-builder-row fusion-row fusion-flex-align-items-flex-start fusion-flex-content-wrap\" style=\"max-width:1248px;margin-left: calc(-4% \/ 2 );margin-right: calc(-4% \/ 2 );\"><div class=\"fusion-layout-column fusion_builder_column fusion-builder-column-0 fusion_builder_column_3_4 3_4 fusion-flex-column\" style=\"--awb-bg-size:cover;--awb-width-large:75%;--awb-margin-top-large:0px;--awb-spacing-right-large:2.56%;--awb-margin-bottom-large:20px;--awb-spacing-left-large:2.56%;--awb-width-medium:75%;--awb-order-medium:0;--awb-spacing-right-medium:2.56%;--awb-spacing-left-medium:2.56%;--awb-width-small:100%;--awb-order-small:0;--awb-spacing-right-small:1.92%;--awb-spacing-left-small:1.92%;\"><div class=\"fusion-column-wrapper fusion-column-has-shadow fusion-flex-justify-content-flex-start fusion-content-layout-column\"><div class=\"fusion-title title fusion-title-1 sep-underline sep-solid fusion-title-text fusion-title-size-two\" style=\"--awb-text-color:var(--awb-custom17);--awb-sep-color:var(--awb-custom17);--awb-font-size:22px;\"><h2 class=\"fusion-title-heading title-heading-left\" style=\"margin:0;font-size:1em;\">Bienheureux Fr\u00e8res Martyrs de Madrid \u2013 Gri\u00f1\u00f3n<\/h2><\/div><div class=\"fusion-text fusion-text-1\"><p>CAUSA <em>Aloisius Orentius Sola Garriga et xxi Socii, necnon Antonius Matheus Salamero<\/em><\/p>\n<p><em>La Cause groupe 23 Martiri:<strong> 21 FSC<\/strong> + 1 Capp. + 1 <\/em><em>la\u00efque.<\/em><\/p>\n<p>A <strong>Gri\u00f1\u00f3n<\/strong>, ville situ\u00e9e \u00e0 quelques kilom\u00e8tres de Madrid, les Fr\u00e8res ont toujours eu leur maison de formation comprenant un Aspirantat, un Noviciat et un Scolasticat. En plus de ces groupes, il y avait un pavillon r\u00e9serv\u00e9 aux Fr\u00e8res \u00e2g\u00e9s ou infirmes.<\/p>\n<p>Lorsque, le 28 juillet 1936, la maison est attaqu\u00e9e par un groupe important de la F.A.I. (Federacion Anarquista Iberica) et de la C.G.T. (Confederacion General de Trabajadores), il ne reste qu&rsquo;une dizaine de religieux, les autres ayant r\u00e9ussi \u00e0 gagner Madrid avant l&rsquo;arriv\u00e9e des sc\u00e9l\u00e9rats. Ils ont ordonn\u00e9 aux personnes pr\u00e9sentes de se rassembler devant la fa\u00e7ade de la chapelle, et pendant qu&rsquo;elles le faisaient, un groupe de miliciens est entr\u00e9 dans la chapelle et a commenc\u00e9 \u00e0 d\u00e9truire les images, le mobilier et les objets sacr\u00e9s. Un employ\u00e9 de la maison, Jos\u00e9 Gorastazu, un homme tr\u00e8s pieux et g\u00e9n\u00e9reux, leur a reproch\u00e9 ce qu&rsquo;ils faisaient.\u00a0 Ils ont r\u00e9pondu par des balles, tuant sur le coup le courageux employ\u00e9.<\/p>\n<p>Fr\u00e8re Angel Gregorio, qui \u00e9tait infirmier, lorsqu&rsquo;ils ont fouill\u00e9 l&rsquo;infirmerie, ils l&rsquo;ont pris pour un employ\u00e9 de l&rsquo;h\u00f4pital qui s&rsquo;occupait des malades. Mais quand il s&rsquo;est rendu compte qu&rsquo;ils \u00e9taient sur le point de tuer ses fr\u00e8res, il leur a dit : \u00ab\u00a0Je suis aussi un religieux\u00a0\u00bb. Ils lui ont ordonn\u00e9 de se tenir dans le groupe devant la chapelle. Sans autre explication, le chef du groupe a ordonn\u00e9 \u00e0 un peloton de tirer. Les Fr\u00e8res sont tomb\u00e9s en tas, transperc\u00e9s par les balles.<\/p>\n<p>Une fois le massacre termin\u00e9, ils sont remont\u00e9s dans les camions dans lesquels ils \u00e9taient arriv\u00e9s. Les corps sont rest\u00e9s \u00e0 l&rsquo;endroit o\u00f9 ils avaient \u00e9t\u00e9 tu\u00e9s. Les habitants de Gri\u00f1on ont \u00e9t\u00e9 constern\u00e9s d&rsquo;apprendre ce qui s&rsquo;\u00e9tait pass\u00e9. Un groupe de personnes de la ville, ainsi que le juge qui a proc\u00e9d\u00e9 \u00e0 l&rsquo;identification, ont creus\u00e9 une tombe et les ont enterr\u00e9s sur la m\u00eame propri\u00e9t\u00e9, la t\u00eate tourn\u00e9e vers la chapelle. Voici leurs noms :<\/p>\n<\/div><div class=\"fusion-builder-row fusion-builder-row-inner fusion-row fusion-flex-align-items-flex-start fusion-flex-content-wrap\" style=\"width:104% !important;max-width:104% !important;margin-left: calc(-4% \/ 2 );margin-right: calc(-4% \/ 2 );\"><div class=\"fusion-layout-column fusion_builder_column_inner fusion-builder-nested-column-0 fusion_builder_column_inner_1_2 1_2 fusion-flex-column\" style=\"--awb-bg-size:cover;--awb-width-large:50%;--awb-margin-top-large:0px;--awb-spacing-right-large:3.84%;--awb-margin-bottom-large:20px;--awb-spacing-left-large:3.84%;--awb-width-medium:50%;--awb-order-medium:0;--awb-spacing-right-medium:3.84%;--awb-spacing-left-medium:3.84%;--awb-width-small:100%;--awb-order-small:0;--awb-spacing-right-small:1.92%;--awb-spacing-left-small:1.92%;\"><div class=\"fusion-column-wrapper fusion-column-has-shadow fusion-flex-justify-content-flex-start fusion-content-layout-column\"><div class=\"fusion-text fusion-text-2\" style=\"--awb-font-size:16px;\"><p><strong>Orencio Luis<\/strong> <br \/>(Antonio Sol\u00e1 Garriga) ans 38 <\/p>\n<p><strong>Fr. Adelberto Ju\u00e1n<\/strong> <br \/>(Vicente Angulo Garc\u00eda) ans 32 \u00a0 \u00a0\u00a0\u00a0\u00a0\u00a0\u00a0<\/p>\n<p><strong>Fr. Alejo Andr\u00e9s<\/strong> <br \/>(Patricio Beobide Cendoya) ans 47 <\/p>\n<p><strong>Fr. Angel Gregorio<\/strong> <br \/>(Germ\u00e1n Arribas Arribas) ans 41 <\/p>\n<p><strong>Fr. Aquilino Javier<\/strong> <br \/>(Celestino Ruiz Alegre) ans 34 \u00a0 \u00a0\u00a0\u00a0\u00a0\u00a0\u00a0<\/p>\n<p><strong>Fr. Arturo Joaqu\u00edn<\/strong> <br \/>(Joaqu\u00edn Oliveras Pujalras) ans 61 \u00a0 \u00a0\u00a0\u00a0\u00a0\u00a0\u00a0<\/p>\n<p><strong>Fr. Benjamin Le\u00f3n<\/strong> <br \/>(Graciliano Ortega Narganes) ans 31 \u00a0 \u00a0\u00a0\u00a0\u00a0\u00a0\u00a0<\/p>\n<p><strong>Fr. Cris\u00f3stomo Albino<\/strong> <br \/>(L\u00e1zaro Ruiz Peral) ans 27 \u00a0 \u00a0\u00a0\u00a0\u00a0\u00a0\u00a0<\/p>\n<p><strong>Fr. Daciano<\/strong> <br \/>(Juan Antonio De Bengor y Larri\u00f1aga) ans 54 \u00a0 \u00a0\u00a0\u00a0\u00a0\u00a0\u00a0<\/p>\n<p><strong>Fr. Floriano F\u00e9lix<\/strong> <br \/>(Emiliano Santamar\u00eda Angulo) ans 37 \u00a0 \u00a0\u00a0\u00a0\u00a0\u00a0\u00a0<\/p>\n<p><strong>Fr. Ismael Ricardo<\/strong> <br \/>(Mart\u00edn Arb\u00e9 Barr\u00f3n) ans 30<\/p>\n<\/div><\/div><\/div><div class=\"fusion-layout-column fusion_builder_column_inner fusion-builder-nested-column-1 fusion_builder_column_inner_1_2 1_2 fusion-flex-column\" style=\"--awb-bg-size:cover;--awb-width-large:50%;--awb-margin-top-large:0px;--awb-spacing-right-large:3.84%;--awb-margin-bottom-large:20px;--awb-spacing-left-large:3.84%;--awb-width-medium:50%;--awb-order-medium:0;--awb-spacing-right-medium:3.84%;--awb-spacing-left-medium:3.84%;--awb-width-small:100%;--awb-order-small:0;--awb-spacing-right-small:1.92%;--awb-spacing-left-small:1.92%;\"><div class=\"fusion-column-wrapper fusion-column-has-shadow fusion-flex-justify-content-flex-start fusion-content-layout-column\"><div class=\"fusion-text fusion-text-3\" style=\"--awb-font-size:16px;\"><p><strong>Fr. Javier Eliseo<\/strong> <br \/>(Evencio Castellano L\u00f3pez) ans 24 \u00a0 \u00a0\u00a0\u00a0\u00a0\u00a0\u00a0<\/p>\n<p><strong>Fr. Jos\u00e9 Alfonso<\/strong> <br \/>(Maximino Serrano S\u00e1iz) ans 49 \u00a0 \u00a0\u00a0\u00a0\u00a0\u00a0\u00a0<\/p>\n<p><strong>Fr. Ju\u00e1n Pablo<\/strong> <br \/>(Gregorio \u00c1lvarez Fern\u00e1ndez) ans 32 \u00a0 \u00a0\u00a0\u00a0\u00a0\u00a0\u00a0<\/p>\n<p><strong>Fr. Mariano Pablo<\/strong> <br \/>(Teodoro P\u00e9rez G\u00f3mez) ans 23 \u00a0 \u00a0\u00a0\u00a0\u00a0\u00a0\u00a0<\/p>\n<p><strong>Fr. Mario F\u00e9lix<\/strong> <br \/>(Manoel Jos\u00e9 de Sousa) ans 75 \u00a0 \u00a0\u00a0\u00a0\u00a0\u00a0\u00a0<\/p>\n<p><strong>Fr. Pablo de la Cruz<\/strong> <br \/>(Saturnino Sanz Sanz) ans 57 \u00a0 \u00a0\u00a0\u00a0\u00a0\u00a0\u00a0<\/p>\n<p><strong>Fr. Sinfronio<\/strong> <br \/>(Manuel Miguel S\u00e1nchez) ans 60 \u00a0 \u00a0\u00a0\u00a0\u00a0\u00a0\u00a0<\/p>\n<p><strong>Fr. Sixto Andr\u00e9s<\/strong> <br \/>(Andr\u00e9s Merino B\u00e1scones) ans 61 \u00a0 \u00a0\u00a0\u00a0\u00a0\u00a0\u00a0<\/p>\n<p><strong>Rev. Antonio Mateo Salamero<\/strong> <br \/>(Aum\u00f4nier) ans 72 \u00a0 \u00a0\u00a0\u00a0\u00a0\u00a0\u00a0<\/p>\n<p><strong>M. Jos\u00e9 Gorostazu Labayen<\/strong> <br \/>(la\u00efque) ans 29 \u00a0 \u00a0<\/p>\n<\/div><\/div><\/div><\/div><div class=\"fusion-separator fusion-full-width-sep\" style=\"align-self: center;margin-left: auto;margin-right: auto;margin-top:15px;margin-bottom:15px;width:100%;\"><div class=\"fusion-separator-border sep-single sep-solid\" style=\"--awb-height:20px;--awb-amount:20px;--awb-sep-color:var(--awb-custom17);border-color:var(--awb-custom17);border-top-width:1px;\"><\/div><\/div><nav class=\"fusion-breadcrumbs fusion-breadcrumbs-1\" style=\"--awb-breadcrumb-sep:&#039;\/&#039;;\" aria-label=\"Breadcrumb\"><ol class=\"awb-breadcrumb-list\"><\/ol><\/nav><\/div><\/div><div class=\"fusion-layout-column fusion_builder_column fusion-builder-column-1 fusion_builder_column_1_4 1_4 fusion-flex-column\" style=\"--awb-bg-size:cover;--awb-width-large:25%;--awb-margin-top-large:0px;--awb-spacing-right-large:7.68%;--awb-margin-bottom-large:20px;--awb-spacing-left-large:7.68%;--awb-width-medium:25%;--awb-order-medium:0;--awb-spacing-right-medium:7.68%;--awb-spacing-left-medium:7.68%;--awb-width-small:100%;--awb-order-small:0;--awb-spacing-right-small:1.92%;--awb-spacing-left-small:1.92%;\"><div class=\"fusion-column-wrapper fusion-column-has-shadow fusion-flex-justify-content-flex-start fusion-content-layout-column\"><div class=\"fusion-title title fusion-title-2 sep-underline sep-solid fusion-title-text fusion-title-size-two\" style=\"--awb-text-color:var(--awb-custom17);--awb-sep-color:var(--awb-custom17);--awb-font-size:22px;\"><h2 class=\"fusion-title-heading title-heading-left\" style=\"margin:0;font-size:1em;\">Dates importantes<\/h2><\/div><ul style=\"--awb-line-height:27.2px;--awb-icon-width:27.2px;--awb-icon-height:27.2px;--awb-icon-margin:11.2px;--awb-content-margin:38.4px;--awb-circlecolor:var(--awb-custom17);--awb-circle-yes-font-size:14.08px;\" class=\"fusion-checklist fusion-checklist-1 fusion-checklist-default type-icons\"><li class=\"fusion-li-item\" style=\"\"><span class=\"icon-wrapper circle-yes\"><i class=\"fusion-li-icon fa-star-half far\" aria-hidden=\"true\"><\/i><\/span><div class=\"fusion-li-item-content\">\n<p><strong>F\u00eate liturgique: 6 novembre<\/strong><\/p>\n<\/div><\/li><li class=\"fusion-li-item\" style=\"\"><span class=\"icon-wrapper circle-yes\"><i class=\"fusion-li-icon fa-star-half far\" aria-hidden=\"true\"><\/i><\/span><div class=\"fusion-li-item-content\">\n<p>13\/10\/2013 : B\u00e9atification (avec d&rsquo;autres pour un total de 506 martyrs)<\/p>\n<\/div><\/li><\/ul><div class=\"fusion-separator fusion-full-width-sep\" style=\"align-self: center;margin-left: auto;margin-right: auto;margin-top:15px;margin-bottom:15px;width:100%;\"><div class=\"fusion-separator-border sep-single sep-solid\" style=\"--awb-height:20px;--awb-amount:20px;--awb-sep-color:var(--awb-custom17);border-color:var(--awb-custom17);border-top-width:1px;\"><\/div><\/div><\/div><\/div><\/div><\/div>\n","protected":false},"excerpt":{"rendered":"","protected":false},"author":9,"featured_media":112334,"parent":10536,"menu_order":0,"comment_status":"closed","ping_status":"closed","template":"","meta":{"_tec_requires_first_save":true,"_monsterinsights_skip_tracking":false,"_monsterinsights_sitenote_active":false,"_monsterinsights_sitenote_note":"","_monsterinsights_sitenote_category":0,"_EventAllDay":false,"_EventTimezone":"","_EventStartDate":"","_EventEndDate":"","_EventStartDateUTC":"","_EventEndDateUTC":"","_EventShowMap":false,"_EventShowMapLink":false,"_EventURL":"","_EventCost":"","_EventCostDescription":"","_EventCurrencySymbol":"","_EventCurrencyCode":"","_EventCurrencyPosition":"","_EventDateTimeSeparator":"","_EventTimeRangeSeparator":"","_EventOrganizerID":[],"_EventVenueID":[],"_OrganizerEmail":"","_OrganizerPhone":"","_OrganizerWebsite":"","_VenueAddress":"","_VenueCity":"","_VenueCountry":"","_VenueProvince":"","_VenueState":"","_VenueZip":"","_VenuePhone":"","_VenueURL":"","_VenueStateProvince":"","_VenueLat":"","_VenueLng":"","_VenueShowMap":false,"_VenueShowMapLink":false,"_tribe_blocks_recurrence_rules":"","_tribe_blocks_recurrence_description":"","_tribe_blocks_recurrence_exclusions":"","footnotes":""},"class_list":["post-79345","page","type-page","status-publish","has-post-thumbnail","hentry"],"_links":{"self":[{"href":"https:\/\/www.lasalle.org\/fr\/wp-json\/wp\/v2\/pages\/79345","targetHints":{"allow":["GET"]}}],"collection":[{"href":"https:\/\/www.lasalle.org\/fr\/wp-json\/wp\/v2\/pages"}],"about":[{"href":"https:\/\/www.lasalle.org\/fr\/wp-json\/wp\/v2\/types\/page"}],"author":[{"embeddable":true,"href":"https:\/\/www.lasalle.org\/fr\/wp-json\/wp\/v2\/users\/9"}],"replies":[{"embeddable":true,"href":"https:\/\/www.lasalle.org\/fr\/wp-json\/wp\/v2\/comments?post=79345"}],"version-history":[{"count":6,"href":"https:\/\/www.lasalle.org\/fr\/wp-json\/wp\/v2\/pages\/79345\/revisions"}],"predecessor-version":[{"id":116652,"href":"https:\/\/www.lasalle.org\/fr\/wp-json\/wp\/v2\/pages\/79345\/revisions\/116652"}],"up":[{"embeddable":true,"href":"https:\/\/www.lasalle.org\/fr\/wp-json\/wp\/v2\/pages\/10536"}],"wp:featuredmedia":[{"embeddable":true,"href":"https:\/\/www.lasalle.org\/fr\/wp-json\/wp\/v2\/media\/112334"}],"wp:attachment":[{"href":"https:\/\/www.lasalle.org\/fr\/wp-json\/wp\/v2\/media?parent=79345"}],"curies":[{"name":"wp","href":"https:\/\/api.w.org\/{rel}","templated":true}]}}