{"id":79353,"date":"2021-07-19T11:10:50","date_gmt":"2021-07-19T10:10:50","guid":{"rendered":"https:\/\/www.lasalle.org\/?page_id=79353"},"modified":"2025-08-06T09:14:03","modified_gmt":"2025-08-06T07:14:03","slug":"bienheureux-freres-martyrs-de-madrid-n-2-sagrado-corazon","status":"publish","type":"page","link":"https:\/\/www.lasalle.org\/fr\/saintete-lasallienne\/bienheureux-freres-martyrs-de-madrid-n-2-sagrado-corazon\/","title":{"rendered":"Bienheureux Fr\u00e8res Martyrs de Madrid \u2013 Sagrado Coraz\u00f3n"},"content":{"rendered":"<div class=\"fusion-fullwidth fullwidth-box fusion-builder-row-1 fusion-flex-container has-pattern-background has-mask-background nonhundred-percent-fullwidth non-hundred-percent-height-scrolling\" style=\"--awb-border-radius-top-left:0px;--awb-border-radius-top-right:0px;--awb-border-radius-bottom-right:0px;--awb-border-radius-bottom-left:0px;--awb-flex-wrap:wrap;\" ><div class=\"fusion-builder-row fusion-row fusion-flex-align-items-flex-start fusion-flex-content-wrap\" style=\"max-width:1248px;margin-left: calc(-4% \/ 2 );margin-right: calc(-4% \/ 2 );\"><div class=\"fusion-layout-column fusion_builder_column fusion-builder-column-0 fusion_builder_column_3_4 3_4 fusion-flex-column\" style=\"--awb-bg-size:cover;--awb-width-large:75%;--awb-margin-top-large:0px;--awb-spacing-right-large:2.56%;--awb-margin-bottom-large:20px;--awb-spacing-left-large:2.56%;--awb-width-medium:75%;--awb-order-medium:0;--awb-spacing-right-medium:2.56%;--awb-spacing-left-medium:2.56%;--awb-width-small:100%;--awb-order-small:0;--awb-spacing-right-small:1.92%;--awb-spacing-left-small:1.92%;\"><div class=\"fusion-column-wrapper fusion-column-has-shadow fusion-flex-justify-content-flex-start fusion-content-layout-column\"><div class=\"fusion-title title fusion-title-1 sep-underline sep-solid fusion-title-text fusion-title-size-two\" style=\"--awb-text-color:var(--awb-custom17);--awb-sep-color:var(--awb-custom17);--awb-font-size:22px;\"><h2 class=\"fusion-title-heading title-heading-left\" style=\"margin:0;font-size:1em;\">Bienheureux Fr\u00e8res Martyrs de Madrid \u2013 Sagrado Coraz\u00f3n<\/h2><\/div><div class=\"fusion-text fusion-text-1\"><p>CAUSA<em> ALBERTUS MARCO ALEMAN necnon AUGUSTINUS MARIA GARCIA TRIBALDOS et XV SOCII<\/em><\/p>\n<p><!-- \/wp:post-content --><\/p>\n<p><!-- wp:paragraph --><\/p>\n<p><em>La Cause groupe 25 Martyrs\u00a0:<\/em> 8 P\u00e8res Carm\u00e9lites et <strong>16 FEC<\/strong><\/p>\n<p><!-- \/wp:paragraph --><\/p>\n<p><!-- wp:paragraph --><\/p>\n<p>8 Fr\u00e8res inclus dans ce processus faisaient partie de la Communaut\u00e9 de l&rsquo;Editorial Bru\u00f1o, la maison d&rsquo;\u00e9dition espagnole qui imprimait des manuels scolaires compos\u00e9s par des Fr\u00e8res pour leurs \u00e9coles et qui souvent, en raison de leur valeur, \u00e9taient aussi utilis\u00e9s dans les \u00e9coles publiques.<\/p>\n<p><!-- \/wp:paragraph --><\/p>\n<p><!-- wp:paragraph --><\/p>\n<p>Le 30 juillet 1936, un groupe de miliciens communistes s&rsquo;est pr\u00e9sent\u00e9 \u00e0 la maison sous pr\u00e9texte de devoir l&rsquo;inspecter parce que des armes et de l&rsquo;argent y \u00e9taient cach\u00e9s. Apr\u00e8s l&rsquo;interrogatoire, ils ont mis les Fr\u00e8res dans un camion et les ont emmen\u00e9s dans un quartier de Madrid appel\u00e9 Casa de Campo o\u00f9 ils ont \u00e9t\u00e9 abattus.<\/p>\n<p><!-- \/wp:paragraph --><\/p>\n<p><!-- wp:paragraph --><\/p>\n<p>Les 8 autres Fr\u00e8res appartenaient \u00e0 diverses autres \u00e9coles de Madrid. Ils ont \u00e9t\u00e9 traqu\u00e9s et ont connu le m\u00eame sort que leurs fr\u00e8res.<\/p>\n<\/div><div class=\"fusion-builder-row fusion-builder-row-inner fusion-row fusion-flex-align-items-flex-start fusion-flex-content-wrap\" style=\"width:104% !important;max-width:104% !important;margin-left: calc(-4% \/ 2 );margin-right: calc(-4% \/ 2 );\"><div class=\"fusion-layout-column fusion_builder_column_inner fusion-builder-nested-column-0 fusion_builder_column_inner_1_2 1_2 fusion-flex-column\" style=\"--awb-bg-size:cover;--awb-width-large:50%;--awb-margin-top-large:0px;--awb-spacing-right-large:3.84%;--awb-margin-bottom-large:20px;--awb-spacing-left-large:3.84%;--awb-width-medium:50%;--awb-order-medium:0;--awb-spacing-right-medium:3.84%;--awb-spacing-left-medium:3.84%;--awb-width-small:100%;--awb-order-small:0;--awb-spacing-right-small:1.92%;--awb-spacing-left-small:1.92%;\"><div class=\"fusion-column-wrapper fusion-column-has-shadow fusion-flex-justify-content-flex-start fusion-content-layout-column\"><div class=\"fusion-text fusion-text-2\" style=\"--awb-font-size:16px;\"><p><strong>Fr . Agust\u00edn Mar\u00eda<\/strong> <br \/>(EugenioGarc\u00eda Tribaldos) 59 ans<\/p>\n<p><strong>Fr . Anastasio Pedro<\/strong><br \/>(Pedro Bruch Cortec\u00e1ns) 67 ans<\/p>\n<p><strong>Fr . Anselmo Pablo<\/strong> <br \/>(Miguel Solas Del Val) 46 ans<\/p>\n<p><strong>Fr . Braulio Carlos<\/strong> <br \/>(Ju\u00e1n Lucas Manzanares) 23 ans<\/p>\n<p><strong>Fr . Braulio Jos\u00e9<\/strong> <br \/>(Alejandro Gonz\u00e1lez Blanco) 46 ans<\/p>\n<p><strong>Fr . Cris\u00f3logo<\/strong> <br \/>(Ju\u00e1n Sanz y Palanca) 56 ans<\/p>\n<p><strong>Fr . Eleuterio Rom\u00e1n<\/strong> <br \/>(Eleuterio Mancho L\u00f3pez) 38 ans<\/p>\n<p><strong>Fr . Esteban Vicente<\/strong> <br \/>(Luis Herrero Arnillas) 53 ans<\/p>\n<\/div><\/div><\/div><div class=\"fusion-layout-column fusion_builder_column_inner fusion-builder-nested-column-1 fusion_builder_column_inner_1_2 1_2 fusion-flex-column\" style=\"--awb-bg-size:cover;--awb-width-large:50%;--awb-margin-top-large:0px;--awb-spacing-right-large:3.84%;--awb-margin-bottom-large:20px;--awb-spacing-left-large:3.84%;--awb-width-medium:50%;--awb-order-medium:0;--awb-spacing-right-medium:3.84%;--awb-spacing-left-medium:3.84%;--awb-width-small:100%;--awb-order-small:0;--awb-spacing-right-small:1.92%;--awb-spacing-left-small:1.92%;\"><div class=\"fusion-column-wrapper fusion-column-has-shadow fusion-flex-justify-content-flex-start fusion-content-layout-column\"><div class=\"fusion-text fusion-text-3\" style=\"--awb-font-size:16px;\"><p><strong>Fr. Ireneo Jacinto<\/strong> <br \/>(Joaqu\u00edn Rodr\u00edguez Bueno) 26 ans<\/p>\n<p><strong>Fr. Juni\u00e1n Alberto<\/strong> <br \/>(Alberto Jos\u00e9 Larraz\u00e1bal Michelena) 43 ans<\/p>\n<p><strong>Fr. Luis Victorio<\/strong> <br \/>(Eusebio Angulo Ayala) 42 ans<\/p>\n<p><strong>Fr. Norberto Jos\u00e9<\/strong> <br \/>(Pablo D\u00edaz de Z\u00e1rate) 44 ans<\/p>\n<p><strong>Fr. Oseas<\/strong> <br \/>(Guillermo \u00c1lvarez Quemada) 46 ans<\/p>\n<p><strong>Fr. Rogaciano<\/strong> <br \/>(Ignacio Gonz\u00e1lez Calzada) 51 ans<\/p>\n<p><strong>Fr. Vidal Ernesto<\/strong> <br \/>(Ramiro Fr\u00edas Garc\u00eda) 30 ans<\/p>\n<p><strong>Fr. Virginio Pedro<\/strong> <br \/>(Vicente L\u00f3pez y L\u00f3pez) 51 ans<\/p>\n<\/div><\/div><\/div><\/div><div class=\"fusion-separator fusion-full-width-sep\" style=\"align-self: center;margin-left: auto;margin-right: auto;margin-top:15px;margin-bottom:15px;width:100%;\"><div class=\"fusion-separator-border sep-single sep-solid\" style=\"--awb-height:20px;--awb-amount:20px;--awb-sep-color:var(--awb-custom17);border-color:var(--awb-custom17);border-top-width:1px;\"><\/div><\/div><nav class=\"fusion-breadcrumbs fusion-breadcrumbs-1\" style=\"--awb-breadcrumb-sep:&#039;\/&#039;;\" aria-label=\"Breadcrumb\"><ol class=\"awb-breadcrumb-list\"><\/ol><\/nav><\/div><\/div><div class=\"fusion-layout-column fusion_builder_column fusion-builder-column-1 fusion_builder_column_1_4 1_4 fusion-flex-column\" style=\"--awb-bg-size:cover;--awb-width-large:25%;--awb-margin-top-large:0px;--awb-spacing-right-large:7.68%;--awb-margin-bottom-large:20px;--awb-spacing-left-large:7.68%;--awb-width-medium:25%;--awb-order-medium:0;--awb-spacing-right-medium:7.68%;--awb-spacing-left-medium:7.68%;--awb-width-small:100%;--awb-order-small:0;--awb-spacing-right-small:1.92%;--awb-spacing-left-small:1.92%;\"><div class=\"fusion-column-wrapper fusion-column-has-shadow fusion-flex-justify-content-flex-start fusion-content-layout-column\"><div class=\"fusion-title title fusion-title-2 sep-underline sep-solid fusion-title-text fusion-title-size-two\" style=\"--awb-text-color:var(--awb-custom17);--awb-sep-color:var(--awb-custom17);--awb-font-size:22px;\"><h2 class=\"fusion-title-heading title-heading-left\" style=\"margin:0;font-size:1em;\">Dates importantes<\/h2><\/div><ul style=\"--awb-line-height:27.2px;--awb-icon-width:27.2px;--awb-icon-height:27.2px;--awb-icon-margin:11.2px;--awb-content-margin:38.4px;--awb-circlecolor:var(--awb-custom17);--awb-circle-yes-font-size:14.08px;\" class=\"fusion-checklist fusion-checklist-1 fusion-checklist-default type-icons\"><li class=\"fusion-li-item\" style=\"\"><span class=\"icon-wrapper circle-yes\"><i class=\"fusion-li-icon fa-star-half far\" aria-hidden=\"true\"><\/i><\/span><div class=\"fusion-li-item-content\"><div class=\"fusion-li-item-content\">\r\n<p><strong>F\u00eate liturgique: 6 novembre<\/strong><\/p>\r\n<\/div><\/div><\/li><li class=\"fusion-li-item\" style=\"\"><span class=\"icon-wrapper circle-yes\"><i class=\"fusion-li-icon fa-star-half far\" aria-hidden=\"true\"><\/i><\/span><div class=\"fusion-li-item-content\"><p>13\/10\/2013 : B\u00e9atification (avec d\u2019autres pour un total de 506 martyrs)<\/p><\/div><\/li><\/ul><div class=\"fusion-separator fusion-full-width-sep\" style=\"align-self: center;margin-left: auto;margin-right: auto;margin-top:15px;margin-bottom:15px;width:100%;\"><div class=\"fusion-separator-border sep-single sep-solid\" style=\"--awb-height:20px;--awb-amount:20px;--awb-sep-color:var(--awb-custom17);border-color:var(--awb-custom17);border-top-width:1px;\"><\/div><\/div><\/div><\/div><\/div><\/div>","protected":false},"excerpt":{"rendered":"","protected":false},"author":9,"featured_media":112334,"parent":10536,"menu_order":0,"comment_status":"closed","ping_status":"closed","template":"","meta":{"_tec_requires_first_save":true,"_monsterinsights_skip_tracking":false,"_monsterinsights_sitenote_active":false,"_monsterinsights_sitenote_note":"","_monsterinsights_sitenote_category":0,"_EventAllDay":false,"_EventTimezone":"","_EventStartDate":"","_EventEndDate":"","_EventStartDateUTC":"","_EventEndDateUTC":"","_EventShowMap":false,"_EventShowMapLink":false,"_EventURL":"","_EventCost":"","_EventCostDescription":"","_EventCurrencySymbol":"","_EventCurrencyCode":"","_EventCurrencyPosition":"","_EventDateTimeSeparator":"","_EventTimeRangeSeparator":"","_EventOrganizerID":[],"_EventVenueID":[],"_OrganizerEmail":"","_OrganizerPhone":"","_OrganizerWebsite":"","_VenueAddress":"","_VenueCity":"","_VenueCountry":"","_VenueProvince":"","_VenueState":"","_VenueZip":"","_VenuePhone":"","_VenueURL":"","_VenueStateProvince":"","_VenueLat":"","_VenueLng":"","_VenueShowMap":false,"_VenueShowMapLink":false,"_tribe_blocks_recurrence_rules":"","_tribe_blocks_recurrence_description":"","_tribe_blocks_recurrence_exclusions":"","footnotes":""},"class_list":["post-79353","page","type-page","status-publish","has-post-thumbnail","hentry"],"_links":{"self":[{"href":"https:\/\/www.lasalle.org\/fr\/wp-json\/wp\/v2\/pages\/79353","targetHints":{"allow":["GET"]}}],"collection":[{"href":"https:\/\/www.lasalle.org\/fr\/wp-json\/wp\/v2\/pages"}],"about":[{"href":"https:\/\/www.lasalle.org\/fr\/wp-json\/wp\/v2\/types\/page"}],"author":[{"embeddable":true,"href":"https:\/\/www.lasalle.org\/fr\/wp-json\/wp\/v2\/users\/9"}],"replies":[{"embeddable":true,"href":"https:\/\/www.lasalle.org\/fr\/wp-json\/wp\/v2\/comments?post=79353"}],"version-history":[{"count":5,"href":"https:\/\/www.lasalle.org\/fr\/wp-json\/wp\/v2\/pages\/79353\/revisions"}],"predecessor-version":[{"id":116985,"href":"https:\/\/www.lasalle.org\/fr\/wp-json\/wp\/v2\/pages\/79353\/revisions\/116985"}],"up":[{"embeddable":true,"href":"https:\/\/www.lasalle.org\/fr\/wp-json\/wp\/v2\/pages\/10536"}],"wp:featuredmedia":[{"embeddable":true,"href":"https:\/\/www.lasalle.org\/fr\/wp-json\/wp\/v2\/media\/112334"}],"wp:attachment":[{"href":"https:\/\/www.lasalle.org\/fr\/wp-json\/wp\/v2\/media?parent=79353"}],"curies":[{"name":"wp","href":"https:\/\/api.w.org\/{rel}","templated":true}]}}