{"id":79358,"date":"2021-07-19T11:25:24","date_gmt":"2021-07-19T10:25:24","guid":{"rendered":"https:\/\/www.lasalle.org\/?page_id=79358"},"modified":"2025-08-06T09:52:05","modified_gmt":"2025-08-06T07:52:05","slug":"bienheureux-freres-martyrs-de-tarragona","status":"publish","type":"page","link":"https:\/\/www.lasalle.org\/fr\/saintete-lasallienne\/bienheureux-freres-martyrs-de-tarragona\/","title":{"rendered":"Bienheureux Freres Martyrs de Tarragona"},"content":{"rendered":"<div class=\"fusion-fullwidth fullwidth-box fusion-builder-row-1 fusion-flex-container has-pattern-background has-mask-background nonhundred-percent-fullwidth non-hundred-percent-height-scrolling\" style=\"--awb-border-radius-top-left:0px;--awb-border-radius-top-right:0px;--awb-border-radius-bottom-right:0px;--awb-border-radius-bottom-left:0px;--awb-flex-wrap:wrap;\" ><div class=\"fusion-builder-row fusion-row fusion-flex-align-items-flex-start fusion-flex-content-wrap\" style=\"max-width:1248px;margin-left: calc(-4% \/ 2 );margin-right: calc(-4% \/ 2 );\"><div class=\"fusion-layout-column fusion_builder_column fusion-builder-column-0 fusion_builder_column_3_4 3_4 fusion-flex-column\" style=\"--awb-bg-size:cover;--awb-width-large:75%;--awb-margin-top-large:0px;--awb-spacing-right-large:2.56%;--awb-margin-bottom-large:20px;--awb-spacing-left-large:2.56%;--awb-width-medium:75%;--awb-order-medium:0;--awb-spacing-right-medium:2.56%;--awb-spacing-left-medium:2.56%;--awb-width-small:100%;--awb-order-small:0;--awb-spacing-right-small:1.92%;--awb-spacing-left-small:1.92%;\"><div class=\"fusion-column-wrapper fusion-column-has-shadow fusion-flex-justify-content-flex-start fusion-content-layout-column\"><div class=\"fusion-title title fusion-title-1 sep-underline sep-solid fusion-title-text fusion-title-size-two\" style=\"--awb-text-color:var(--awb-custom17);--awb-sep-color:var(--awb-custom17);--awb-font-size:22px;\"><h2 class=\"fusion-title-heading title-heading-left\" style=\"margin:0;font-size:1em;\">Bienheureux Freres Martyrs de Tarragona<\/h2><\/div><div class=\"fusion-text fusion-text-1\"><p>CAUSA <em>EMMANUEL BORRAS FERRE et CXLVI SOCII<\/em><\/p>\n<p><!-- \/wp:post-content --><\/p>\n<p><!-- wp:paragraph --><\/p>\n<p><em>La Cause groupe 147 Martiri\u00a0:<\/em> 1 \u00e9v\u00eaque, 66 pr\u0207tres, 2 s\u00e9minaristes, <strong>39 FEC<\/strong>, 7 P\u00e8res Carm\u00e9lites, 7 P\u00e8res Clar\u00e9tiens, 1 P\u00e8re Capucin, 4 terziaires Carm\u00e9lites et 20 Moines de Montserrat.<\/p>\n<p><!-- \/wp:paragraph --><\/p>\n<p><!-- wp:paragraph --><\/p>\n<p>C&rsquo;\u00e9tait le dernier processus dioc\u00e9sain dans lequel les Fr\u00e8res des Ecoles Chr\u00e9tiennes \u00e9taient inclus.<\/p>\n<p><!-- \/wp:paragraph --><\/p>\n<p><!-- wp:paragraph --><\/p>\n<p>La phase dioc\u00e9saine a commenc\u00e9 le 28 avril 1952 et s&rsquo;est termin\u00e9e le 2 juillet 1959. Au cours des 354 sessions, pas moins de 984 t\u00e9moins ont \u00e9t\u00e9 interrog\u00e9s. La Positio est compos\u00e9e de 4 volumes avec un total de 3450 pages.<\/p>\n<p><!-- \/wp:paragraph --><\/p>\n<p><!-- wp:paragraph --><\/p>\n<p>Les Fr\u00e8res regroup\u00e9s dans le proc\u00e8s canonique c\u00e9l\u00e9br\u00e9 \u00e0 Tarragone appartenaient \u00e0 diff\u00e9rentes \u00e9coles, non seulement de la ville mais aussi des environs, et ils ont \u00e9t\u00e9 martyris\u00e9s dans des circonstances et \u00e0 des jours diff\u00e9rents. Lorsque la pers\u00e9cution devint f\u00e9roce et qu&rsquo;il ne fut plus possible de vivre en s\u00e9curit\u00e9 dans les \u00e9coles, les Fr\u00e8res furent contraints de se r\u00e9fugier o\u00f9 bon leur semblait. Le danger d&rsquo;\u00eatre reconnu et d\u00e9nonc\u00e9 aux Comit\u00e9s \u00e9tait toujours pr\u00e9sent. C&rsquo;est ce qui est arriv\u00e9 \u00e0 six Fr\u00e8res qui s&rsquo;\u00e9taient r\u00e9fugi\u00e9s \u00e0 l&rsquo;H\u00f4tel Nacional de Tarragone : ils ont \u00e9t\u00e9 d\u00e9couverts et abattus avec le propri\u00e9taire de l&rsquo;h\u00f4tel qui les avait accueillis et ne les avait pas d\u00e9nonc\u00e9s. Un sort encore plus pitoyable a frapp\u00e9 deux autres fr\u00e8res de la communaut\u00e9 de Cambrils, l&rsquo;un malade et l&rsquo;autre infirmier. Lorsqu&rsquo;ils sont arriv\u00e9s dans un endroit isol\u00e9, ils ont ordonn\u00e9 \u00e0 un nouveau membre du Comit\u00e9 r\u00e9volutionnaire de proc\u00e9der \u00e0 leur mise \u00e0 mort. Il avait \u00e9t\u00e9 employ\u00e9 dans la maison des Fr\u00e8res, connaissait bien les deux, et a refus\u00e9. Lorsqu&rsquo;on l&rsquo;a menac\u00e9 de le fusiller en m\u00eame temps que les deux autres, il a ex\u00e9cut\u00e9 l&rsquo;ordre en tremblant, au milieu des rires et des impr\u00e9cations des personnes pr\u00e9sentes.<\/p>\n<p><!-- \/wp:paragraph --><\/p>\n<p><!-- wp:paragraph --><\/p>\n<p>Beaucoup d&rsquo;autres Fr\u00e8res \u00e9taient rassembl\u00e9 ici et l\u00e0, avec des pr\u00eatres, d&rsquo;autres religieux et des catholiques la\u00efcs, sur le vieux bateau \u00ab\u00a0Rio Segre\u00a0\u00bb, d&rsquo;o\u00f9, par petits groupes, ils \u00e9taient envoy\u00e9s au peloton d&rsquo;ex\u00e9cution, qui avait g\u00e9n\u00e9ralement lieu loin des t\u00e9moins inopportuns. Voici les noms des 39 fr\u00e8res :<\/p>\n<\/div><div class=\"fusion-builder-row fusion-builder-row-inner fusion-row fusion-flex-align-items-flex-start fusion-flex-content-wrap\" style=\"width:104% !important;max-width:104% !important;margin-left: calc(-4% \/ 2 );margin-right: calc(-4% \/ 2 );\"><div class=\"fusion-layout-column fusion_builder_column_inner fusion-builder-nested-column-0 fusion_builder_column_inner_1_3 1_3 fusion-flex-column\" style=\"--awb-bg-size:cover;--awb-width-large:33.333333333333%;--awb-margin-top-large:0px;--awb-spacing-right-large:5.76%;--awb-margin-bottom-large:20px;--awb-spacing-left-large:5.76%;--awb-width-medium:33.333333333333%;--awb-order-medium:0;--awb-spacing-right-medium:5.76%;--awb-spacing-left-medium:5.76%;--awb-width-small:100%;--awb-order-small:0;--awb-spacing-right-small:1.92%;--awb-spacing-left-small:1.92%;\"><div class=\"fusion-column-wrapper fusion-column-has-shadow fusion-flex-justify-content-flex-start fusion-content-layout-column\"><div class=\"fusion-text fusion-text-2\" style=\"--awb-font-size:16px;\"><p><strong>Fr. Agapito Modesto<\/strong> <br \/>(Modesto Pamplona Falguera) 29 ans<\/p>\n<p><strong>Fr. Alberto Joaqu\u00edn<\/strong> <br \/>(Alberto Linares de La Pinta) 23 ans<\/p>\n<p><strong>Fr. Alejandro Antonio<\/strong> <br \/>(Alejandro Arraya Caballero) 28 ans<\/p>\n<p><strong>Fr. Alejandro Juan<\/strong> <br \/>(Fermin Gellida Cornelles) 47 ans<\/p>\n<p><strong>Fr. Alfeo Bernab\u00e9<\/strong> <br \/>(Bernab\u00e9 Nu\u00f1es Alonso) 34 ans<\/p>\n<p><strong>Fr. Anastasio Lucas<\/strong> <br \/>(Lucas Mart\u00edn Puente) 28 ans<\/p>\n<p><strong>Fr. Andr\u00e9s Sergio<\/strong> <br \/>(Andr\u00e9s Pradaz Lahoz) 28 ans<\/p>\n<p><strong>Fr. Angel Amado<\/strong> <br \/>(Aejandro P\u00e9rez Fierro) 31 ans<\/p>\n<p><strong>Fr. Anselmo F\u00e9lix<\/strong> <br \/>(Modesto Godo Buscat\u00f3) 57 ans<\/p>\n<p><strong>Fr. Antonio Gil<\/strong> <br \/>(Alejandro Gil Monforte) 33 ans<\/p>\n<p><strong>Fr. Ar\u00edstides Marcos<\/strong> <br \/>(Pedro Cano Cebri\u00e1n) 30 ans<\/p>\n<p><strong>Fr. Arnoldo Cirilo<\/strong> <br \/>(Juan Font Taulat) 46 ans<\/p>\n<p><strong>Fr. Augusto Mar\u00eda<\/strong> <br \/>(Miguel Arsenio Merino) 41 ans<\/p>\n<\/div><\/div><\/div><div class=\"fusion-layout-column fusion_builder_column_inner fusion-builder-nested-column-1 fusion_builder_column_inner_1_3 1_3 fusion-flex-column\" style=\"--awb-bg-size:cover;--awb-width-large:33.333333333333%;--awb-margin-top-large:0px;--awb-spacing-right-large:5.76%;--awb-margin-bottom-large:20px;--awb-spacing-left-large:5.76%;--awb-width-medium:33.333333333333%;--awb-order-medium:0;--awb-spacing-right-medium:5.76%;--awb-spacing-left-medium:5.76%;--awb-width-small:100%;--awb-order-small:0;--awb-spacing-right-small:1.92%;--awb-spacing-left-small:1.92%;\"><div class=\"fusion-column-wrapper fusion-column-has-shadow fusion-flex-justify-content-flex-start fusion-content-layout-column\"><div class=\"fusion-text fusion-text-3\" style=\"--awb-font-size:16px;\"><p><strong>Fr. Benildo Jos\u00e9<\/strong> <br \/>(Francisco Casademunt Ribas) 64 ans<\/p>\n<p><strong>Fr. Benito Juan<\/strong> <br \/>(Juan Bautista Urgell Coma) 30 ans<\/p>\n<p><strong>Fr. Buenaventura P\u00edo<\/strong> <br \/>(P\u00edo Ruiz De La Torre) 27 ans<\/p>\n<p><strong>Fr. Claudio Jos\u00e9<\/strong> <br \/>(Manuel Mateo Calvo) 27 ans<\/p>\n<p><strong>Fr. Clemente Adolfo<\/strong> <br \/>(Juan Clemente Vea Balaguer) 38 ans<\/p>\n<p><strong>Fr. Clemente Faustino<\/strong> <br \/>(Germ\u00e1n Jos\u00e9 Fern\u00e1ndez S\u00e1enz) 21 ans<\/p>\n<p><strong>Fr. Daniel Antonino<\/strong> <br \/>(Nicolas Rueda Barriocanal) 42 ans<\/p>\n<p><strong>Fr. Eladio Vicente<\/strong> <br \/>(Ces\u00e1reo Espa\u00f1a Ortiz) 50 ans<\/p>\n<p><strong>Fr. El\u00edas Paulino<\/strong> <br \/>(Javier Pradas Vidal) 40 ans<\/p>\n<p><strong>Fr. ElmoMiguel<\/strong> <br \/>(Pedro Sistema Torrent) 68 ans<\/p>\n<p><strong>Fr. Exuperio Alberto<\/strong> <br \/>(Miguel Alberto Flos) 55 ans<\/p>\n<p><strong>Fr. Fausto Luis<\/strong> <br \/>(Jos\u00e9 Mar\u00eda Tolaguera Oliva) 32 ans<\/p>\n<p><strong>Fr. F\u00e9lix Adriano<\/strong> <br \/>(Francisco Vicente Edo) 33 ans<\/p>\n<\/div><\/div><\/div><div class=\"fusion-layout-column fusion_builder_column_inner fusion-builder-nested-column-2 fusion_builder_column_inner_1_3 1_3 fusion-flex-column\" style=\"--awb-bg-size:cover;--awb-width-large:33.333333333333%;--awb-margin-top-large:0px;--awb-spacing-right-large:5.76%;--awb-margin-bottom-large:20px;--awb-spacing-left-large:5.76%;--awb-width-medium:33.333333333333%;--awb-order-medium:0;--awb-spacing-right-medium:5.76%;--awb-spacing-left-medium:5.76%;--awb-width-small:100%;--awb-order-small:0;--awb-spacing-right-small:1.92%;--awb-spacing-left-small:1.92%;\"><div class=\"fusion-column-wrapper fusion-column-has-shadow fusion-flex-justify-content-flex-start fusion-content-layout-column\"><div class=\"fusion-text fusion-text-4\" style=\"--awb-font-size:16px;\"><p><strong>Hno. Fulberto Jaime<\/strong> <br \/>(Jaime Jard\u00ed Vernet) 35 ans<\/p>\n<p><strong>Hno. Gilberto de Jes\u00fas<\/strong> <br \/>(Jos\u00e9 Boschdemont Mitjavila) 56 ans<\/p>\n<p><strong>Hno. Honorio Sebasti\u00e1n<\/strong> <br \/>(Sebasti\u00e1n Obeso Alario) 25 ans<\/p>\n<p><strong>Hno. Hugo Bernab\u00e9 <\/strong><br \/>(Francisco Trull\u00e9n Gilisbart) 41 ans<\/p>\n<p><strong>Hno. Jacinto Jorge<\/strong> <br \/>(Jos\u00e9 Comprub\u00ed Corrub\u00ed) 48 ans<\/p>\n<p><strong>Hno. Jenaro<\/strong> <br \/>(Mariano Navarro Blasco) 32 ans<\/p>\n<p><strong>Hno. Justino Gabriel<\/strong> <br \/>(Gabriel Albiol Plou) 26 ans<\/p>\n<p><strong>Hno. Leoncio Joaqu\u00edn<\/strong> <br \/>(Joaquin Pallerola Feu) 44 ans<\/p>\n<p><strong>Hno. Luis Alberto<\/strong> <br \/>(Ildefonso Alberto Flos) 56 ans<\/p>\n<p><strong>Hno. Mag\u00edn Pedro<\/strong> <br \/>(Francisco Javier Salla Salt\u00f3) 20 ans<\/p>\n<p><strong>Hno. Marciano Pascual<\/strong> <br \/>(Pascual Escu\u00edn Ferrer) 29 ans<\/p>\n<p><strong>Hno. Nicol\u00e1s Adriano<\/strong> <br \/>(Juan P\u00e9rez Rodrigo) 22 ans<\/p>\n<p><strong>Hno. Rafael Jos\u00e9<\/strong> <br \/>(Patricio Gellida Llorach) 65 ans<\/p>\n<\/div><\/div><\/div><\/div><div class=\"fusion-separator fusion-full-width-sep\" style=\"align-self: center;margin-left: auto;margin-right: auto;margin-top:15px;margin-bottom:15px;width:100%;\"><div class=\"fusion-separator-border sep-single sep-solid\" style=\"--awb-height:20px;--awb-amount:20px;--awb-sep-color:var(--awb-custom17);border-color:var(--awb-custom17);border-top-width:1px;\"><\/div><\/div><nav class=\"fusion-breadcrumbs fusion-breadcrumbs-1\" style=\"--awb-breadcrumb-sep:&#039;\/&#039;;\" aria-label=\"Breadcrumb\"><ol class=\"awb-breadcrumb-list\"><\/ol><\/nav><\/div><\/div><div class=\"fusion-layout-column fusion_builder_column fusion-builder-column-1 fusion_builder_column_1_4 1_4 fusion-flex-column\" style=\"--awb-bg-size:cover;--awb-width-large:25%;--awb-margin-top-large:0px;--awb-spacing-right-large:7.68%;--awb-margin-bottom-large:20px;--awb-spacing-left-large:7.68%;--awb-width-medium:25%;--awb-order-medium:0;--awb-spacing-right-medium:7.68%;--awb-spacing-left-medium:7.68%;--awb-width-small:100%;--awb-order-small:0;--awb-spacing-right-small:1.92%;--awb-spacing-left-small:1.92%;\"><div class=\"fusion-column-wrapper fusion-column-has-shadow fusion-flex-justify-content-flex-start fusion-content-layout-column\"><div class=\"fusion-title title fusion-title-2 sep-underline sep-solid fusion-title-text fusion-title-size-two\" style=\"--awb-text-color:var(--awb-custom17);--awb-sep-color:var(--awb-custom17);--awb-font-size:22px;\"><h2 class=\"fusion-title-heading title-heading-left\" style=\"margin:0;font-size:1em;\">Dates importantes<\/h2><\/div><ul style=\"--awb-line-height:27.2px;--awb-icon-width:27.2px;--awb-icon-height:27.2px;--awb-icon-margin:11.2px;--awb-content-margin:38.4px;--awb-circlecolor:var(--awb-custom17);--awb-circle-yes-font-size:14.08px;\" class=\"fusion-checklist fusion-checklist-1 fusion-checklist-default type-icons\"><li class=\"fusion-li-item\" style=\"\"><span class=\"icon-wrapper circle-yes\"><i class=\"fusion-li-icon fa-star-half far\" aria-hidden=\"true\"><\/i><\/span><div class=\"fusion-li-item-content\">\r\n<p><strong>F\u00eate liturgique: 6 novembre<\/strong><\/p>\r\n<\/div><\/li><li class=\"fusion-li-item\" style=\"\"><span class=\"icon-wrapper circle-yes\"><i class=\"fusion-li-icon fa-star-half far\" aria-hidden=\"true\"><\/i><\/span><div class=\"fusion-li-item-content\">\r\n<p>13\/10\/2013 : B\u00e9atification (avec d&rsquo;autres pour un total de 506 martyrs)<\/p>\r\n<\/div><\/li><\/ul><div class=\"fusion-separator fusion-full-width-sep\" style=\"align-self: center;margin-left: auto;margin-right: auto;margin-top:15px;margin-bottom:15px;width:100%;\"><div class=\"fusion-separator-border sep-single sep-solid\" style=\"--awb-height:20px;--awb-amount:20px;--awb-sep-color:var(--awb-custom17);border-color:var(--awb-custom17);border-top-width:1px;\"><\/div><\/div><\/div><\/div><\/div><\/div>","protected":false},"excerpt":{"rendered":"","protected":false},"author":9,"featured_media":112321,"parent":10536,"menu_order":0,"comment_status":"closed","ping_status":"closed","template":"","meta":{"_tec_requires_first_save":true,"_monsterinsights_skip_tracking":false,"_monsterinsights_sitenote_active":false,"_monsterinsights_sitenote_note":"","_monsterinsights_sitenote_category":0,"_EventAllDay":false,"_EventTimezone":"","_EventStartDate":"","_EventEndDate":"","_EventStartDateUTC":"","_EventEndDateUTC":"","_EventShowMap":false,"_EventShowMapLink":false,"_EventURL":"","_EventCost":"","_EventCostDescription":"","_EventCurrencySymbol":"","_EventCurrencyCode":"","_EventCurrencyPosition":"","_EventDateTimeSeparator":"","_EventTimeRangeSeparator":"","_EventOrganizerID":[],"_EventVenueID":[],"_OrganizerEmail":"","_OrganizerPhone":"","_OrganizerWebsite":"","_VenueAddress":"","_VenueCity":"","_VenueCountry":"","_VenueProvince":"","_VenueState":"","_VenueZip":"","_VenuePhone":"","_VenueURL":"","_VenueStateProvince":"","_VenueLat":"","_VenueLng":"","_VenueShowMap":false,"_VenueShowMapLink":false,"_tribe_blocks_recurrence_rules":"","_tribe_blocks_recurrence_description":"","_tribe_blocks_recurrence_exclusions":"","footnotes":""},"class_list":["post-79358","page","type-page","status-publish","has-post-thumbnail","hentry"],"_links":{"self":[{"href":"https:\/\/www.lasalle.org\/fr\/wp-json\/wp\/v2\/pages\/79358","targetHints":{"allow":["GET"]}}],"collection":[{"href":"https:\/\/www.lasalle.org\/fr\/wp-json\/wp\/v2\/pages"}],"about":[{"href":"https:\/\/www.lasalle.org\/fr\/wp-json\/wp\/v2\/types\/page"}],"author":[{"embeddable":true,"href":"https:\/\/www.lasalle.org\/fr\/wp-json\/wp\/v2\/users\/9"}],"replies":[{"embeddable":true,"href":"https:\/\/www.lasalle.org\/fr\/wp-json\/wp\/v2\/comments?post=79358"}],"version-history":[{"count":5,"href":"https:\/\/www.lasalle.org\/fr\/wp-json\/wp\/v2\/pages\/79358\/revisions"}],"predecessor-version":[{"id":117009,"href":"https:\/\/www.lasalle.org\/fr\/wp-json\/wp\/v2\/pages\/79358\/revisions\/117009"}],"up":[{"embeddable":true,"href":"https:\/\/www.lasalle.org\/fr\/wp-json\/wp\/v2\/pages\/10536"}],"wp:featuredmedia":[{"embeddable":true,"href":"https:\/\/www.lasalle.org\/fr\/wp-json\/wp\/v2\/media\/112321"}],"wp:attachment":[{"href":"https:\/\/www.lasalle.org\/fr\/wp-json\/wp\/v2\/media?parent=79358"}],"curies":[{"name":"wp","href":"https:\/\/api.w.org\/{rel}","templated":true}]}}