{"id":82877,"date":"2022-01-04T12:11:48","date_gmt":"2022-01-04T11:11:48","guid":{"rendered":"https:\/\/www.lasalle.org\/?page_id=82877"},"modified":"2022-01-04T12:11:49","modified_gmt":"2022-01-04T11:11:49","slug":"blog","status":"publish","type":"page","link":"https:\/\/www.lasalle.org\/fr\/blog\/","title":{"rendered":"BLOG"},"content":{"rendered":"<div class=\"fusion-fullwidth fullwidth-box fusion-builder-row-1 fusion-flex-container nonhundred-percent-fullwidth non-hundred-percent-height-scrolling\" style=\"--awb-border-radius-top-left:0px;--awb-border-radius-top-right:0px;--awb-border-radius-bottom-right:0px;--awb-border-radius-bottom-left:0px;--awb-flex-wrap:wrap;\" ><div class=\"fusion-builder-row fusion-row fusion-flex-align-items-flex-start fusion-flex-content-wrap\" style=\"max-width:1248px;margin-left: calc(-4% \/ 2 );margin-right: calc(-4% \/ 2 );\"><div class=\"fusion-layout-column fusion_builder_column fusion-builder-column-0 fusion_builder_column_1_1 1_1 fusion-flex-column\" style=\"--awb-bg-size:cover;--awb-width-large:100%;--awb-margin-top-large:0px;--awb-spacing-right-large:1.92%;--awb-margin-bottom-large:20px;--awb-spacing-left-large:1.92%;--awb-width-medium:100%;--awb-order-medium:0;--awb-spacing-right-medium:1.92%;--awb-spacing-left-medium:1.92%;--awb-width-small:100%;--awb-order-small:0;--awb-spacing-right-small:1.92%;--awb-spacing-left-small:1.92%;\"><div class=\"fusion-column-wrapper fusion-column-has-shadow fusion-flex-justify-content-flex-start fusion-content-layout-column\"><div class=\"fusion-blog-shortcode fusion-blog-shortcode-1 fusion-blog-archive fusion-blog-layout-medium-alternate fusion-blog-infinite\"><div class=\"fusion-posts-container fusion-posts-container-infinite fusion-posts-container-load-more fusion-no-meta-info fusion-blog-rollover\" data-pages=\"2\"><article id=\"blog-1-post-93625\" class=\"fusion-post-medium-alternate post-93625 post type-post status-publish format-standard has-post-thumbnail hentry category-blog-fr\">\n<div class=\"fusion-date-and-formats\"><div class=\"fusion-date-box updated\"><span class=\"fusion-date\">26<\/span><span class=\"fusion-month-year\">05, 2023<\/span><\/div><div class=\"fusion-format-box\"><i class=\"awb-icon-pen\" aria-hidden=\"true\"><\/i><\/div><\/div>\t<style type=\"text\/css\">\n\t\t\n\t\t\n\t\t\n\t\t\n\t\t\t<\/style>\n\n\n\t\t\t<div class=\"fusion-flexslider flexslider fusion-flexslider-loading fusion-post-slideshow\" style=\"\">\n\t\t<ul class=\"slides\">\n\t\t\t\n\t\t\t\t\t\t\t\t\t\t\t\t\t\t<li><div  class=\"fusion-image-wrapper fusion-image-size-fixed\" aria-haspopup=\"true\">\n\t\t\t\t<img decoding=\"async\" width=\"320\" height=\"202\" src=\"https:\/\/www.lasalle.org\/wp-content\/uploads\/2023\/05\/FR-320x202.jpg\" class=\"attachment-blog-medium size-blog-medium wp-post-image\" alt=\"\" srcset=\"https:\/\/www.lasalle.org\/wp-content\/uploads\/2023\/05\/FR-320x202.jpg 320w, https:\/\/www.lasalle.org\/wp-content\/uploads\/2023\/05\/FR-700x441.jpg 700w\" sizes=\"(max-width: 320px) 100vw, 320px\" \/><div class=\"fusion-rollover\">\n\t<div class=\"fusion-rollover-content\">\n\n\t\t\t\t\t\t\t\t\t\t\t\t\t\t<a class=\"fusion-rollover-link\" href=\"https:\/\/www.lasalle.org\/fr\/soyons-le-changement-que-nous-voulons-projet-levain\/\">Blog &#8211; Soyons le changement que nous voulons \/ Projet Levain<\/a>\n\t\t\t\n\t\t\t\t\t\t\t\t\n\t\t\n\t\t\t\t\t\t\t\t\n\t\t\t\t\t\t\t\t\n\t\t\n\t\t\t\t\t\t<a class=\"fusion-link-wrapper\" href=\"https:\/\/www.lasalle.org\/fr\/soyons-le-changement-que-nous-voulons-projet-levain\/\" aria-label=\"Blog &#8211; Soyons le changement que nous voulons \/ Projet Levain\"><\/a>\n\t<\/div>\n<\/div>\n<\/div>\n<\/li>\n\t\t\t\n\t\t\t\n\t\t\t\t\t\t\t\t\t\t\t\t\t\t\t\t\t\t\t\t\t\t\t\t\t\t\t\t\t\t\t\t\t\t\t\t\t\t\t\t\t\t\t\t\t\t\t\t\t\t\t\t\t\t\t\t\t\t\t\t\t\t\t\t\t\t\t\t<\/ul>\n\t<\/div>\n\t<div class=\"fusion-post-content post-content\"><h2 class=\"blog-shortcode-post-title entry-title\"><a href=\"https:\/\/www.lasalle.org\/fr\/soyons-le-changement-que-nous-voulons-projet-levain\/\">Blog &#8211; Soyons le changement que nous voulons \/ Projet Levain<\/a><\/h2><div class=\"fusion-post-content-container\"><p> Levain, le projet que le Conseil g\u00e9n\u00e9ral a mis entre nos mains, promet d\u2019\u00eatre un chemin de p\u00e8lerinage, ins\u00e9r\u00e9 dans l\u2019itin\u00e9raire de notre Institut. Il contient la feuille de [...]<\/p><\/div><\/div><div class=\"fusion-clearfix\"><\/div><\/article>\n<article id=\"blog-1-post-93431\" class=\"fusion-post-medium-alternate post-93431 post type-post status-publish format-standard has-post-thumbnail hentry category-blog-fr category-commission-de-la-formation category-parc-fr\">\n<div class=\"fusion-date-and-formats\"><div class=\"fusion-date-box updated\"><span class=\"fusion-date\">22<\/span><span class=\"fusion-month-year\">05, 2023<\/span><\/div><div class=\"fusion-format-box\"><i class=\"awb-icon-pen\" aria-hidden=\"true\"><\/i><\/div><\/div>\t<style type=\"text\/css\">\n\t\t\n\t\t\n\t\t\n\t\t\n\t\t\t<\/style>\n\n\n\t\t\t<div class=\"fusion-flexslider flexslider fusion-flexslider-loading fusion-post-slideshow\" style=\"\">\n\t\t<ul class=\"slides\">\n\t\t\t\n\t\t\t\t\t\t\t\t\t\t\t\t\t\t<li><div  class=\"fusion-image-wrapper fusion-image-size-fixed\" aria-haspopup=\"true\">\n\t\t\t\t<img decoding=\"async\" width=\"320\" height=\"202\" src=\"https:\/\/www.lasalle.org\/wp-content\/uploads\/2023\/05\/FR-1-320x202.png\" class=\"attachment-blog-medium size-blog-medium wp-post-image\" alt=\"\" srcset=\"https:\/\/www.lasalle.org\/wp-content\/uploads\/2023\/05\/FR-1-320x202.png 320w, https:\/\/www.lasalle.org\/wp-content\/uploads\/2023\/05\/FR-1-700x441.png 700w\" sizes=\"(max-width: 320px) 100vw, 320px\" \/><div class=\"fusion-rollover\">\n\t<div class=\"fusion-rollover-content\">\n\n\t\t\t\t\t\t\t\t\t\t\t\t\t\t<a class=\"fusion-rollover-link\" href=\"https:\/\/www.lasalle.org\/fr\/blog-reflexion-sur-mes-visites-aux-maisons-de-formation-initiale-en-asie\/\">Blog &#8211; R\u00e9flexion sur mes visites aux maisons de formation initiale en Asie<\/a>\n\t\t\t\n\t\t\t\t\t\t\t\t\n\t\t\n\t\t\t\t\t\t\t\t\n\t\t\t\t\t\t\t\t\n\t\t\n\t\t\t\t\t\t<a class=\"fusion-link-wrapper\" href=\"https:\/\/www.lasalle.org\/fr\/blog-reflexion-sur-mes-visites-aux-maisons-de-formation-initiale-en-asie\/\" aria-label=\"Blog &#8211; R\u00e9flexion sur mes visites aux maisons de formation initiale en Asie\"><\/a>\n\t<\/div>\n<\/div>\n<\/div>\n<\/li>\n\t\t\t\n\t\t\t\n\t\t\t\t\t\t\t\t\t\t\t\t\t\t\t\t\t\t\t\t\t\t\t\t\t\t\t\t\t\t\t\t\t\t\t\t\t\t\t\t\t\t\t\t\t\t\t\t\t\t\t\t\t\t\t\t\t\t\t\t\t\t\t\t\t\t\t\t<\/ul>\n\t<\/div>\n\t<div class=\"fusion-post-content post-content\"><h2 class=\"blog-shortcode-post-title entry-title\"><a href=\"https:\/\/www.lasalle.org\/fr\/blog-reflexion-sur-mes-visites-aux-maisons-de-formation-initiale-en-asie\/\">Blog &#8211; R\u00e9flexion sur mes visites aux maisons de formation initiale en Asie<\/a><\/h2><div class=\"fusion-post-content-container\"><p> Lorsque j'ai visit\u00e9 les maisons de formation situ\u00e9es dans nos \u00e9coles en Tha\u00eflande et au Pakistan du 3 au 7 janvier 2023 et du 15 au 21 janvier 2023, [...]<\/p><\/div><\/div><div class=\"fusion-clearfix\"><\/div><\/article>\n<article id=\"blog-1-post-93298\" class=\"fusion-post-medium-alternate post-93298 post type-post status-publish format-standard has-post-thumbnail hentry category-blog-fr category-parc-fr\">\n<div class=\"fusion-date-and-formats\"><div class=\"fusion-date-box updated\"><span class=\"fusion-date\">17<\/span><span class=\"fusion-month-year\">05, 2023<\/span><\/div><div class=\"fusion-format-box\"><i class=\"awb-icon-pen\" aria-hidden=\"true\"><\/i><\/div><\/div>\t<style type=\"text\/css\">\n\t\t\n\t\t\n\t\t\n\t\t\n\t\t\t<\/style>\n\n\n\t\t\t<div class=\"fusion-flexslider flexslider fusion-flexslider-loading fusion-post-slideshow\" style=\"\">\n\t\t<ul class=\"slides\">\n\t\t\t\n\t\t\t\t\t\t\t\t\t\t\t\t\t\t<li><div  class=\"fusion-image-wrapper fusion-image-size-fixed\" aria-haspopup=\"true\">\n\t\t\t\t<img decoding=\"async\" width=\"320\" height=\"202\" src=\"https:\/\/www.lasalle.org\/wp-content\/uploads\/2023\/05\/FR-320x202.png\" class=\"attachment-blog-medium size-blog-medium wp-post-image\" alt=\"\" srcset=\"https:\/\/www.lasalle.org\/wp-content\/uploads\/2023\/05\/FR-320x202.png 320w, https:\/\/www.lasalle.org\/wp-content\/uploads\/2023\/05\/FR-700x441.png 700w\" sizes=\"(max-width: 320px) 100vw, 320px\" \/><div class=\"fusion-rollover\">\n\t<div class=\"fusion-rollover-content\">\n\n\t\t\t\t\t\t\t\t\t\t\t\t\t\t<a class=\"fusion-rollover-link\" href=\"https:\/\/www.lasalle.org\/fr\/blog-sinspirer-du-vietnam\/\">Blog &#8211; S\u2019inspirer du Vietnam<\/a>\n\t\t\t\n\t\t\t\t\t\t\t\t\n\t\t\n\t\t\t\t\t\t\t\t\n\t\t\t\t\t\t\t\t\n\t\t\n\t\t\t\t\t\t<a class=\"fusion-link-wrapper\" href=\"https:\/\/www.lasalle.org\/fr\/blog-sinspirer-du-vietnam\/\" aria-label=\"Blog &#8211; S\u2019inspirer du Vietnam\"><\/a>\n\t<\/div>\n<\/div>\n<\/div>\n<\/li>\n\t\t\t\n\t\t\t\n\t\t\t\t\t\t\t\t\t\t\t\t\t\t\t\t\t\t\t\t\t\t\t\t\t\t\t\t\t\t\t\t\t\t\t\t\t\t\t\t\t\t\t\t\t\t\t\t\t\t\t\t\t\t\t\t\t\t\t\t\t\t\t\t\t\t\t\t<\/ul>\n\t<\/div>\n\t<div class=\"fusion-post-content post-content\"><h2 class=\"blog-shortcode-post-title entry-title\"><a href=\"https:\/\/www.lasalle.org\/fr\/blog-sinspirer-du-vietnam\/\">Blog &#8211; S\u2019inspirer du Vietnam<\/a><\/h2><div class=\"fusion-post-content-container\"><p> Lorsque Fr\u00e8re Armin et moi sommes all\u00e9s au Vietnam, fin 2022 et d\u00e9but 2023, nous avons \u00e9t\u00e9 \u00e9tonn\u00e9s de la grande r\u00e9sistance des Fr\u00e8res qui sont dans ce pays [...]<\/p><\/div><\/div><div class=\"fusion-clearfix\"><\/div><\/article>\n<article id=\"blog-1-post-83170\" class=\"fusion-post-medium-alternate post-83170 post type-post status-publish format-standard has-post-thumbnail hentry category-blog-fr category-nouvelles\">\n<div class=\"fusion-date-and-formats\"><div class=\"fusion-date-box updated\"><span class=\"fusion-date\">4<\/span><span class=\"fusion-month-year\">01, 2022<\/span><\/div><div class=\"fusion-format-box\"><i class=\"awb-icon-pen\" aria-hidden=\"true\"><\/i><\/div><\/div>\t<style type=\"text\/css\">\n\t\t\n\t\t\n\t\t\n\t\t\n\t\t\t<\/style>\n\n\n\t\t\t<div class=\"fusion-flexslider flexslider fusion-flexslider-loading fusion-post-slideshow\" style=\"\">\n\t\t<ul class=\"slides\">\n\t\t\t\n\t\t\t\t\t\t\t\t\t\t\t\t\t\t<li><div  class=\"fusion-image-wrapper fusion-image-size-fixed\" aria-haspopup=\"true\">\n\t\t\t\t<img decoding=\"async\" width=\"320\" height=\"202\" src=\"https:\/\/www.lasalle.org\/wp-content\/uploads\/2022\/01\/cover_tabatinga_fr-320x202.jpg\" class=\"attachment-blog-medium size-blog-medium wp-post-image\" alt=\"\" srcset=\"https:\/\/www.lasalle.org\/wp-content\/uploads\/2022\/01\/cover_tabatinga_fr-320x202.jpg 320w, https:\/\/www.lasalle.org\/wp-content\/uploads\/2022\/01\/cover_tabatinga_fr-700x441.jpg 700w\" sizes=\"(max-width: 320px) 100vw, 320px\" \/><div class=\"fusion-rollover\">\n\t<div class=\"fusion-rollover-content\">\n\n\t\t\t\t\t\t\t\t\t\t\t\t\t\t<a class=\"fusion-rollover-link\" href=\"https:\/\/www.lasalle.org\/fr\/blog-6\/\">Blog 6<\/a>\n\t\t\t\n\t\t\t\t\t\t\t\t\n\t\t\n\t\t\t\t\t\t\t\t\n\t\t\t\t\t\t\t\t\n\t\t\n\t\t\t\t\t\t<a class=\"fusion-link-wrapper\" href=\"https:\/\/www.lasalle.org\/fr\/blog-6\/\" aria-label=\"Blog 6\"><\/a>\n\t<\/div>\n<\/div>\n<\/div>\n<\/li>\n\t\t\t\n\t\t\t\n\t\t\t\t\t\t\t\t\t\t\t\t\t\t\t\t\t\t\t\t\t\t\t\t\t\t\t\t\t\t\t\t\t\t\t\t\t\t\t\t\t\t\t\t\t\t\t\t\t\t\t\t\t\t\t\t\t\t\t\t\t\t\t\t\t\t\t\t<\/ul>\n\t<\/div>\n\t<div class=\"fusion-post-content post-content\"><h2 class=\"blog-shortcode-post-title entry-title\"><a href=\"https:\/\/www.lasalle.org\/fr\/blog-6\/\">Blog 6<\/a><\/h2><div class=\"fusion-post-content-container\"><p> La R\u00e9gion Lasallienne d'Am\u00e9rique Latine - RELAL - est pr\u00e9sente \u00e0 la triple fronti\u00e8re entre le Br\u00e9sil, la Colombie et le P\u00e9rou, par sa Communaut\u00e9 de Tabatinga. C\u2019est un [...]<\/p><\/div><\/div><div class=\"fusion-clearfix\"><\/div><\/article>\n<article id=\"blog-1-post-79779\" class=\"fusion-post-medium-alternate post-79779 post type-post status-publish format-standard has-post-thumbnail hentry category-blog-fr\">\n<div class=\"fusion-date-and-formats\"><div class=\"fusion-date-box updated\"><span class=\"fusion-date\">20<\/span><span class=\"fusion-month-year\">09, 2021<\/span><\/div><div class=\"fusion-format-box\"><i class=\"awb-icon-pen\" aria-hidden=\"true\"><\/i><\/div><\/div>\t<style type=\"text\/css\">\n\t\t\n\t\t\n\t\t\n\t\t\n\t\t\t<\/style>\n\n\n\t\t\t<div class=\"fusion-flexslider flexslider fusion-flexslider-loading fusion-post-slideshow\" style=\"\">\n\t\t<ul class=\"slides\">\n\t\t\t\n\t\t\t\t\t\t\t\t\t\t\t\t\t\t<li><div  class=\"fusion-image-wrapper fusion-image-size-fixed\" aria-haspopup=\"true\">\n\t\t\t\t<img decoding=\"async\" width=\"320\" height=\"180\" src=\"https:\/\/www.lasalle.org\/wp-content\/uploads\/2021\/09\/cover_blog5_fr.jpg\" class=\"attachment-blog-medium size-blog-medium wp-post-image\" alt=\"\" srcset=\"https:\/\/www.lasalle.org\/wp-content\/uploads\/2021\/09\/cover_blog5_fr-300x169.jpg 300w, https:\/\/www.lasalle.org\/wp-content\/uploads\/2021\/09\/cover_blog5_fr-768x432.jpg 768w, https:\/\/www.lasalle.org\/wp-content\/uploads\/2021\/09\/cover_blog5_fr-1536x864.jpg 1536w, https:\/\/www.lasalle.org\/wp-content\/uploads\/2021\/09\/cover_blog5_fr-1800x1013.jpg 1800w, https:\/\/www.lasalle.org\/wp-content\/uploads\/2021\/09\/cover_blog5_fr.jpg 1920w\" sizes=\"(max-width: 320px) 100vw, 320px\" \/><div class=\"fusion-rollover\">\n\t<div class=\"fusion-rollover-content\">\n\n\t\t\t\t\t\t\t\t\t\t\t\t\t\t<a class=\"fusion-rollover-link\" href=\"https:\/\/www.lasalle.org\/fr\/blog-5\/\">Blog 5<\/a>\n\t\t\t\n\t\t\t\t\t\t\t\t\n\t\t\n\t\t\t\t\t\t\t\t\n\t\t\t\t\t\t\t\t\n\t\t\n\t\t\t\t\t\t<a class=\"fusion-link-wrapper\" href=\"https:\/\/www.lasalle.org\/fr\/blog-5\/\" aria-label=\"Blog 5\"><\/a>\n\t<\/div>\n<\/div>\n<\/div>\n<\/li>\n\t\t\t\n\t\t\t\n\t\t\t\t\t\t\t\t\t\t\t\t\t\t\t\t\t\t\t\t\t\t\t\t\t\t\t\t\t\t\t\t\t\t\t\t\t\t\t\t\t\t\t\t\t\t\t\t\t\t\t\t\t\t\t\t\t\t\t\t\t\t\t\t\t\t\t\t<\/ul>\n\t<\/div>\n\t<div class=\"fusion-post-content post-content\"><h2 class=\"blog-shortcode-post-title entry-title\"><a href=\"https:\/\/www.lasalle.org\/fr\/blog-5\/\">Blog 5<\/a><\/h2><div class=\"fusion-post-content-container\"><p>De par sa nature, la cat\u00e9ch\u00e8se est un acte eccl\u00e9sial n\u00e9 de l\u2019envoi missionnaire du Seigneur. Son l\u2019objectif, comme son nom l\u2019indique, est de faire r\u00e9sonner continuellement dans le c\u0153ur [...]<\/p><\/div><\/div><div class=\"fusion-clearfix\"><\/div><\/article>\n<article id=\"blog-1-post-78967\" class=\"fusion-post-medium-alternate post-78967 post type-post status-publish format-standard has-post-thumbnail hentry category-blog-fr category-nouvelles\">\n<div class=\"fusion-date-and-formats\"><div class=\"fusion-date-box updated\"><span class=\"fusion-date\">14<\/span><span class=\"fusion-month-year\">07, 2021<\/span><\/div><div class=\"fusion-format-box\"><i class=\"awb-icon-pen\" aria-hidden=\"true\"><\/i><\/div><\/div>\t<style type=\"text\/css\">\n\t\t\n\t\t\n\t\t\n\t\t\n\t\t\t<\/style>\n\n\n\t\t\t<div class=\"fusion-flexslider flexslider fusion-flexslider-loading fusion-post-slideshow\" style=\"\">\n\t\t<ul class=\"slides\">\n\t\t\t\n\t\t\t\t\t\t\t\t\t\t\t\t\t\t<li><div  class=\"fusion-image-wrapper fusion-image-size-fixed\" aria-haspopup=\"true\">\n\t\t\t\t<img decoding=\"async\" width=\"320\" height=\"180\" src=\"https:\/\/www.lasalle.org\/wp-content\/uploads\/2021\/07\/cover_esperienze_fr.jpg\" class=\"attachment-blog-medium size-blog-medium wp-post-image\" alt=\"\" srcset=\"https:\/\/www.lasalle.org\/wp-content\/uploads\/2021\/07\/cover_esperienze_fr-300x169.jpg 300w, https:\/\/www.lasalle.org\/wp-content\/uploads\/2021\/07\/cover_esperienze_fr-768x432.jpg 768w, https:\/\/www.lasalle.org\/wp-content\/uploads\/2021\/07\/cover_esperienze_fr-1536x864.jpg 1536w, https:\/\/www.lasalle.org\/wp-content\/uploads\/2021\/07\/cover_esperienze_fr-1800x1013.jpg 1800w, https:\/\/www.lasalle.org\/wp-content\/uploads\/2021\/07\/cover_esperienze_fr.jpg 1920w\" sizes=\"(max-width: 320px) 100vw, 320px\" \/><div class=\"fusion-rollover\">\n\t<div class=\"fusion-rollover-content\">\n\n\t\t\t\t\t\t\t\t\t\t\t\t\t\t<a class=\"fusion-rollover-link\" href=\"https:\/\/www.lasalle.org\/fr\/experiences-de-palestine-colombie-mexique\/\">Exp\u00e9riences de Palestine &#8211; Colombie &#8211; Mexique<\/a>\n\t\t\t\n\t\t\t\t\t\t\t\t\n\t\t\n\t\t\t\t\t\t\t\t\n\t\t\t\t\t\t\t\t\n\t\t\n\t\t\t\t\t\t<a class=\"fusion-link-wrapper\" href=\"https:\/\/www.lasalle.org\/fr\/experiences-de-palestine-colombie-mexique\/\" aria-label=\"Exp\u00e9riences de Palestine &#8211; Colombie &#8211; Mexique\"><\/a>\n\t<\/div>\n<\/div>\n<\/div>\n<\/li>\n\t\t\t\n\t\t\t\n\t\t\t\t\t\t\t\t\t\t\t\t\t\t\t\t\t\t\t\t\t\t\t\t\t\t\t\t\t\t\t\t\t\t\t\t\t\t\t\t\t\t\t\t\t\t\t\t\t\t\t\t\t\t\t\t\t\t\t\t\t\t\t\t\t\t\t\t<\/ul>\n\t<\/div>\n\t<div class=\"fusion-post-content post-content\"><h2 class=\"blog-shortcode-post-title entry-title\"><a href=\"https:\/\/www.lasalle.org\/fr\/experiences-de-palestine-colombie-mexique\/\">Exp\u00e9riences de Palestine &#8211; Colombie &#8211; Mexique<\/a><\/h2><div class=\"fusion-post-content-container\"><p>PalestineEn raison de la pand\u00e9mie de la Covid et de ses cons\u00e9quences qui ont entra\u00een\u00e9 la fermeture des \u00e9coles et des Universit\u00e9s \u00e0 l'enseignement en face \u00e0 face, les \u00e9tudiants [...]<\/p><\/div><\/div><div class=\"fusion-clearfix\"><\/div><\/article>\n<\/div><div class=\"fusion-infinite-scroll-trigger\"><\/div><div class=\"pagination infinite-scroll clearfix\" style=\"display:none;\"><span class=\"current\">1<\/span><a href=\"https:\/\/www.lasalle.org\/fr\/wp-json\/wp\/v2\/pages\/82877\/page\/2\/\" class=\"inactive\">2<\/a><a class=\"pagination-next\" rel=\"next\" href=\"https:\/\/www.lasalle.org\/fr\/wp-json\/wp\/v2\/pages\/82877\/page\/2\/\"><span class=\"page-text\">Next<\/span><span class=\"page-next\"><\/span><\/a><\/div><div class=\"fusion-clearfix\"><\/div><button class=\"fusion-load-more-button fusion-blog-button fusion-clearfix\">Charger plus nouvelles<\/button><\/div><\/div><\/div><\/div><\/div>\n","protected":false},"excerpt":{"rendered":"","protected":false},"author":8,"featured_media":0,"parent":0,"menu_order":0,"comment_status":"closed","ping_status":"closed","template":"","meta":{"_tec_requires_first_save":true,"_monsterinsights_skip_tracking":false,"_monsterinsights_sitenote_active":false,"_monsterinsights_sitenote_note":"","_monsterinsights_sitenote_category":0,"_EventAllDay":false,"_EventTimezone":"","_EventStartDate":"","_EventEndDate":"","_EventStartDateUTC":"","_EventEndDateUTC":"","_EventShowMap":false,"_EventShowMapLink":false,"_EventURL":"","_EventCost":"","_EventCostDescription":"","_EventCurrencySymbol":"","_EventCurrencyCode":"","_EventCurrencyPosition":"","_EventDateTimeSeparator":"","_EventTimeRangeSeparator":"","_EventOrganizerID":[],"_EventVenueID":[],"_OrganizerEmail":"","_OrganizerPhone":"","_OrganizerWebsite":"","_VenueAddress":"","_VenueCity":"","_VenueCountry":"","_VenueProvince":"","_VenueState":"","_VenueZip":"","_VenuePhone":"","_VenueURL":"","_VenueStateProvince":"","_VenueLat":"","_VenueLng":"","_VenueShowMap":false,"_VenueShowMapLink":false,"_tribe_blocks_recurrence_rules":"","_tribe_blocks_recurrence_description":"","_tribe_blocks_recurrence_exclusions":"","footnotes":""},"class_list":["post-82877","page","type-page","status-publish","hentry"],"_links":{"self":[{"href":"https:\/\/www.lasalle.org\/fr\/wp-json\/wp\/v2\/pages\/82877","targetHints":{"allow":["GET"]}}],"collection":[{"href":"https:\/\/www.lasalle.org\/fr\/wp-json\/wp\/v2\/pages"}],"about":[{"href":"https:\/\/www.lasalle.org\/fr\/wp-json\/wp\/v2\/types\/page"}],"author":[{"embeddable":true,"href":"https:\/\/www.lasalle.org\/fr\/wp-json\/wp\/v2\/users\/8"}],"replies":[{"embeddable":true,"href":"https:\/\/www.lasalle.org\/fr\/wp-json\/wp\/v2\/comments?post=82877"}],"version-history":[{"count":2,"href":"https:\/\/www.lasalle.org\/fr\/wp-json\/wp\/v2\/pages\/82877\/revisions"}],"predecessor-version":[{"id":82879,"href":"https:\/\/www.lasalle.org\/fr\/wp-json\/wp\/v2\/pages\/82877\/revisions\/82879"}],"wp:attachment":[{"href":"https:\/\/www.lasalle.org\/fr\/wp-json\/wp\/v2\/media?parent=82877"}],"curies":[{"name":"wp","href":"https:\/\/api.w.org\/{rel}","templated":true}]}}