{"id":85331,"date":"2022-03-21T15:54:11","date_gmt":"2022-03-21T14:54:11","guid":{"rendered":"https:\/\/www.lasalle.org\/?page_id=85331"},"modified":"2022-04-06T09:47:38","modified_gmt":"2022-04-06T08:47:38","slug":"synode","status":"publish","type":"page","link":"https:\/\/www.lasalle.org\/fr\/synode\/","title":{"rendered":"Synode"},"content":{"rendered":"<div class=\"fusion-fullwidth fullwidth-box fusion-builder-row-1 fusion-flex-container nonhundred-percent-fullwidth non-hundred-percent-height-scrolling\" style=\"--awb-border-radius-top-left:0px;--awb-border-radius-top-right:0px;--awb-border-radius-bottom-right:0px;--awb-border-radius-bottom-left:0px;--awb-flex-wrap:wrap;\" ><div class=\"fusion-builder-row fusion-row fusion-flex-align-items-flex-start fusion-flex-content-wrap\" style=\"max-width:1248px;margin-left: calc(-4% \/ 2 );margin-right: calc(-4% \/ 2 );\"><div class=\"fusion-layout-column fusion_builder_column fusion-builder-column-0 fusion_builder_column_1_1 1_1 fusion-flex-column\" style=\"--awb-bg-size:cover;--awb-width-large:100%;--awb-margin-top-large:0px;--awb-spacing-right-large:1.92%;--awb-margin-bottom-large:0px;--awb-spacing-left-large:1.92%;--awb-width-medium:100%;--awb-spacing-right-medium:1.92%;--awb-spacing-left-medium:1.92%;--awb-width-small:100%;--awb-spacing-right-small:1.92%;--awb-spacing-left-small:1.92%;\"><div class=\"fusion-column-wrapper fusion-flex-justify-content-flex-start fusion-content-layout-column\"><div class=\"fusion-separator fusion-full-width-sep\" style=\"align-self: center;margin-left: auto;margin-right: auto;width:100%;\"><div class=\"fusion-separator-border sep-single sep-solid\" style=\"--awb-height:20px;--awb-amount:20px;border-color:#e0dede;border-top-width:1px;\"><\/div><\/div><div class=\"fusion-text fusion-text-1\" style=\"--awb-text-transform:none;\"><p><img decoding=\"async\" class=\"alignright wp-image-85936 size-medium\" src=\"https:\/\/www.lasalle.org\/wp-content\/uploads\/2022\/04\/MG_1068-300x268.jpg\" alt=\"\" width=\"300\" height=\"268\" srcset=\"https:\/\/www.lasalle.org\/wp-content\/uploads\/2022\/04\/MG_1068-200x178.jpg 200w, https:\/\/www.lasalle.org\/wp-content\/uploads\/2022\/04\/MG_1068-300x268.jpg 300w, https:\/\/www.lasalle.org\/wp-content\/uploads\/2022\/04\/MG_1068-400x357.jpg 400w, https:\/\/www.lasalle.org\/wp-content\/uploads\/2022\/04\/MG_1068.jpg 600w\" sizes=\"(max-width: 300px) 100vw, 300px\" \/>Nous sommes reconnaissants aux nombreux districts qui ont partag\u00e9 des exemples de leur collaboration au processus synodal avec leur \u00c9glise locale et leurs dioc\u00e8ses.\u00a0 La notion de synodalit\u00e9 n&rsquo;est pas \u00e9trang\u00e8re \u00e0 notre charisme.\u00a0 D\u00e8s nos origines, nous avons \u00e9t\u00e9 synodaux ; en assembl\u00e9e et en chapitre, ensemble et par association, nous avons discern\u00e9 les besoins \u00e9ducatifs des pauvres et de la classe ouvri\u00e8re. En outre, comme le conseiller g\u00e9n\u00e9ral Fr\u00e8re Rafa Matas l&rsquo;a partag\u00e9 dans son rapport, l&rsquo;initiative actuelle du Pape Fran\u00e7ois \u00ab\u00a0devrait nous aider \u00e0 faire un pas de plus dans notre association avec les la\u00efcs. C&rsquo;est une occasion de r\u00e9fl\u00e9chir et de proposer comment nos communaut\u00e9s \u00e9ducatives locales peuvent mettre en \u0153uvre et\/ou accompagner la naissance et le d\u00e9veloppement de communaut\u00e9s de foi parmi tous les Lasalliens\u00a0\u00bb.<\/p>\n<h6>Traduit avec www.DeepL.com\/Translator (version gratuite)<\/h6>\n<\/div><div class=\"fusion-separator fusion-full-width-sep\" style=\"align-self: center;margin-left: auto;margin-right: auto;width:100%;\"><div class=\"fusion-separator-border sep-single sep-solid\" style=\"--awb-height:20px;--awb-amount:20px;border-color:#e0dede;border-top-width:1px;\"><\/div><\/div>\n<div class=\"table-1\">\n<table width=\"100%\">\n<thead>\n<tr>\n<th style=\"text-align: center;\" align=\"left\"><a href=\"https:\/\/drive.google.com\/drive\/folders\/1Y0YWWsgdHiusWQeaD46-ahomu4cCggBB?usp=sharing\" target=\"_blank\" rel=\"noopener\"><img decoding=\"async\" class=\"alignnone size-full wp-image-85806\" src=\"https:\/\/www.lasalle.org\/wp-content\/uploads\/2022\/04\/fam_lasalliana_fr.png\" alt=\"\" width=\"210\" height=\"170\" srcset=\"https:\/\/www.lasalle.org\/wp-content\/uploads\/2022\/04\/fam_lasalliana_fr-177x142.png 177w, https:\/\/www.lasalle.org\/wp-content\/uploads\/2022\/04\/fam_lasalliana_fr-200x162.png 200w, https:\/\/www.lasalle.org\/wp-content\/uploads\/2022\/04\/fam_lasalliana_fr.png 210w\" sizes=\"(max-width: 210px) 100vw, 210px\" \/><\/a><\/th>\n<th style=\"text-align: center;\" align=\"left\"><a href=\"https:\/\/drive.google.com\/drive\/folders\/1svE5s0nM3jEJLLKpUv-LmauC8j-aEC8B?usp=sharing\" target=\"_blank\" rel=\"noopener\"><img decoding=\"async\" class=\"alignnone size-full wp-image-85810\" src=\"https:\/\/www.lasalle.org\/wp-content\/uploads\/2022\/04\/recursos_fr.png\" alt=\"\" width=\"210\" height=\"170\" srcset=\"https:\/\/www.lasalle.org\/wp-content\/uploads\/2022\/04\/recursos_fr-177x142.png 177w, https:\/\/www.lasalle.org\/wp-content\/uploads\/2022\/04\/recursos_fr-200x162.png 200w, https:\/\/www.lasalle.org\/wp-content\/uploads\/2022\/04\/recursos_fr.png 210w\" sizes=\"(max-width: 210px) 100vw, 210px\" \/><\/a><\/th>\n<th style=\"text-align: center;\" align=\"left\"><a href=\"https:\/\/drive.google.com\/drive\/folders\/1rdYoa-kuMzUgBbTyVt8zve4PVB5gYc99?usp=sharing\" target=\"_blank\" rel=\"noopener\"><img decoding=\"async\" class=\"alignnone size-full wp-image-85815\" src=\"https:\/\/www.lasalle.org\/wp-content\/uploads\/2022\/04\/experiencias_fr.png\" alt=\"\" width=\"210\" height=\"170\" srcset=\"https:\/\/www.lasalle.org\/wp-content\/uploads\/2022\/04\/experiencias_fr-177x142.png 177w, https:\/\/www.lasalle.org\/wp-content\/uploads\/2022\/04\/experiencias_fr-200x162.png 200w, https:\/\/www.lasalle.org\/wp-content\/uploads\/2022\/04\/experiencias_fr.png 210w\" sizes=\"(max-width: 210px) 100vw, 210px\" \/><\/a><\/th>\n<th style=\"text-align: center;\" align=\"left\"><a href=\"https:\/\/www.lasalle.org\/fr\/synode\/sinode-liens\/\" target=\"_blank\" rel=\"noopener\"><img decoding=\"async\" class=\"alignnone size-full wp-image-85569\" src=\"https:\/\/www.lasalle.org\/wp-content\/uploads\/2022\/03\/liens.png\" alt=\"\" width=\"210\" height=\"170\" srcset=\"https:\/\/www.lasalle.org\/wp-content\/uploads\/2022\/03\/liens-177x142.png 177w, https:\/\/www.lasalle.org\/wp-content\/uploads\/2022\/03\/liens-200x162.png 200w, https:\/\/www.lasalle.org\/wp-content\/uploads\/2022\/03\/liens.png 210w\" sizes=\"(max-width: 210px) 100vw, 210px\" \/><\/a><\/th>\n<\/tr>\n<\/thead>\n<\/table>\n<\/div>\n<\/div><\/div><\/div><\/div>\n","protected":false},"excerpt":{"rendered":"","protected":false},"author":9,"featured_media":85338,"parent":0,"menu_order":0,"comment_status":"closed","ping_status":"closed","template":"","meta":{"_tec_requires_first_save":true,"_monsterinsights_skip_tracking":false,"_monsterinsights_sitenote_active":false,"_monsterinsights_sitenote_note":"","_monsterinsights_sitenote_category":0,"_EventAllDay":false,"_EventTimezone":"","_EventStartDate":"","_EventEndDate":"","_EventStartDateUTC":"","_EventEndDateUTC":"","_EventShowMap":false,"_EventShowMapLink":false,"_EventURL":"","_EventCost":"","_EventCostDescription":"","_EventCurrencySymbol":"","_EventCurrencyCode":"","_EventCurrencyPosition":"","_EventDateTimeSeparator":"","_EventTimeRangeSeparator":"","_EventOrganizerID":[],"_EventVenueID":[],"_OrganizerEmail":"","_OrganizerPhone":"","_OrganizerWebsite":"","_VenueAddress":"","_VenueCity":"","_VenueCountry":"","_VenueProvince":"","_VenueState":"","_VenueZip":"","_VenuePhone":"","_VenueURL":"","_VenueStateProvince":"","_VenueLat":"","_VenueLng":"","_VenueShowMap":false,"_VenueShowMapLink":false,"_tribe_blocks_recurrence_rules":"","_tribe_blocks_recurrence_description":"","_tribe_blocks_recurrence_exclusions":"","footnotes":""},"class_list":["post-85331","page","type-page","status-publish","has-post-thumbnail","hentry"],"_links":{"self":[{"href":"https:\/\/www.lasalle.org\/fr\/wp-json\/wp\/v2\/pages\/85331","targetHints":{"allow":["GET"]}}],"collection":[{"href":"https:\/\/www.lasalle.org\/fr\/wp-json\/wp\/v2\/pages"}],"about":[{"href":"https:\/\/www.lasalle.org\/fr\/wp-json\/wp\/v2\/types\/page"}],"author":[{"embeddable":true,"href":"https:\/\/www.lasalle.org\/fr\/wp-json\/wp\/v2\/users\/9"}],"replies":[{"embeddable":true,"href":"https:\/\/www.lasalle.org\/fr\/wp-json\/wp\/v2\/comments?post=85331"}],"version-history":[{"count":5,"href":"https:\/\/www.lasalle.org\/fr\/wp-json\/wp\/v2\/pages\/85331\/revisions"}],"predecessor-version":[{"id":85945,"href":"https:\/\/www.lasalle.org\/fr\/wp-json\/wp\/v2\/pages\/85331\/revisions\/85945"}],"wp:featuredmedia":[{"embeddable":true,"href":"https:\/\/www.lasalle.org\/fr\/wp-json\/wp\/v2\/media\/85338"}],"wp:attachment":[{"href":"https:\/\/www.lasalle.org\/fr\/wp-json\/wp\/v2\/media?parent=85331"}],"curies":[{"name":"wp","href":"https:\/\/api.w.org\/{rel}","templated":true}]}}