{"id":10823,"date":"2018-12-10T14:03:23","date_gmt":"2018-12-10T14:03:23","guid":{"rendered":"http:\/\/lasalle.vl20054.dinaserver.com\/san-giovanni-battista-de-la-salle\/"},"modified":"2025-11-24T11:05:54","modified_gmt":"2025-11-24T10:05:54","slug":"san-giovanni-battista-de-la-salle","status":"publish","type":"page","link":"https:\/\/www.lasalle.org\/it\/santita-lasalliana\/san-giovanni-battista-de-la-salle\/","title":{"rendered":"San Giovanni Battista de La Salle"},"content":{"rendered":"<div class=\"fusion-fullwidth fullwidth-box fusion-builder-row-1 fusion-flex-container has-pattern-background has-mask-background nonhundred-percent-fullwidth non-hundred-percent-height-scrolling\" style=\"--awb-border-radius-top-left:0px;--awb-border-radius-top-right:0px;--awb-border-radius-bottom-right:0px;--awb-border-radius-bottom-left:0px;--awb-flex-wrap:wrap;\" ><div class=\"fusion-builder-row fusion-row fusion-flex-align-items-flex-start fusion-flex-content-wrap\" style=\"max-width:1248px;margin-left: calc(-4% \/ 2 );margin-right: calc(-4% \/ 2 );\"><div class=\"fusion-layout-column fusion_builder_column fusion-builder-column-0 fusion_builder_column_3_4 3_4 fusion-flex-column\" style=\"--awb-bg-size:cover;--awb-width-large:75%;--awb-margin-top-large:0px;--awb-spacing-right-large:2.56%;--awb-margin-bottom-large:20px;--awb-spacing-left-large:2.56%;--awb-width-medium:75%;--awb-order-medium:0;--awb-spacing-right-medium:2.56%;--awb-spacing-left-medium:2.56%;--awb-width-small:100%;--awb-order-small:0;--awb-spacing-right-small:1.92%;--awb-spacing-left-small:1.92%;\"><div class=\"fusion-column-wrapper fusion-column-has-shadow fusion-flex-justify-content-flex-start fusion-content-layout-column\"><div class=\"fusion-title title fusion-title-1 sep-underline sep-solid fusion-title-text fusion-title-size-two\" style=\"--awb-text-color:var(--awb-custom17);--awb-sep-color:var(--awb-custom17);--awb-font-size:22px;\"><h2 class=\"fusion-title-heading title-heading-left\" style=\"margin:0;font-size:1em;\">San Giovanni Battista de La Salle<\/h2><\/div><div class=\"fusion-title title fusion-title-2 fusion-sep-none fusion-title-text fusion-title-size-two\" style=\"--awb-text-color:var(--awb-custom17);--awb-sep-color:var(--awb-custom17);--awb-font-size:20px;\"><h2 class=\"fusion-title-heading title-heading-left\" style=\"margin:0;font-size:1em;\"><p class=\"wp-block-heading\">Fondatore dell\u2019Istituto dei Fratelli delle Scuole Cristiane,\u00a0Patrono degli Educatori Cristiani<\/p><\/h2><\/div><div class=\"fusion-text fusion-text-1\"><p><img decoding=\"async\" class=\"wp-image-50306 alignright\" src=\"https:\/\/www.lasalle.org\/wp-content\/uploads\/2019\/07\/canonico-1.jpg\" alt=\"\" width=\"205\" height=\"300\" srcset=\"https:\/\/www.lasalle.org\/wp-content\/uploads\/2019\/07\/canonico-1-205x300.jpg 205w, https:\/\/www.lasalle.org\/wp-content\/uploads\/2019\/07\/canonico-1.jpg 546w\" sizes=\"(max-width: 205px) 100vw, 205px\" \/>Nacque in un mondo molto diverso dal nostro. Primogenito di genitori facoltosi vissuti in Francia circa 300 anni fa, Giovanni Battista De La Salle nacque a Reims, ricevette la tonsura all'et\u00e0 di undici anni e a sedici divenne Canonico della Cattedrale di Reims.<\/p>\n<p><!-- \/wp:post-content --><\/p>\n<p><!-- wp:paragraph --><\/p>\n<p>Alla morte dei suoi genitori, pur avendo dovuto assumersi l'onere dell'amministrazione del patrimonio familiare, complet\u00f2 gli studi di Teologia e fu ordinato sacerdote il 9 Aprile 1678. Due anni dopo ottenne il dottorato in Teologia. In quello stesso periodo, si impegn\u00f2 con un gruppo di giovani uomini di modesta estrazione sociale e culturale, nel tentativo di istituire scuole per ragazzi poveri.<\/p>\n<p><!-- \/wp:paragraph --><\/p>\n<p><!-- wp:image  --><\/p>\n<div class=\"wp-block-image\">\n<figure class=\"alignleft is-resized\"><img decoding=\"async\" class=\"wp-image-50311\" src=\"https:\/\/www.lasalle.org\/wp-content\/uploads\/2019\/07\/018-LA-SALLE-et-M-707x1024.jpg\" alt=\"\" width=\"207\" height=\"300\" srcset=\"https:\/\/www.lasalle.org\/wp-content\/uploads\/2019\/07\/018-LA-SALLE-et-M-207x300.jpg 207w, https:\/\/www.lasalle.org\/wp-content\/uploads\/2019\/07\/018-LA-SALLE-et-M-707x1024.jpg 707w, https:\/\/www.lasalle.org\/wp-content\/uploads\/2019\/07\/018-LA-SALLE-et-M-768x1113.jpg 768w, https:\/\/www.lasalle.org\/wp-content\/uploads\/2019\/07\/018-LA-SALLE-et-M.jpg 800w\" sizes=\"(max-width: 207px) 100vw, 207px\" \/><\/figure>\n<\/div>\n<p><!-- \/wp:image --><\/p>\n<p><!-- wp:paragraph --><\/p>\n<p>All'epoca solo pochi vivevano nel lusso, mentre la maggioranza era nell'indigenza; il popolo viveva miseramente nelle campagne o in squallidi tuguri nei centri urbani. Pochi privilegiati potevano mandare i loro figli a scuola e i giovani avevano, in genere, poche speranze per il futuro. Spinto dalla constatazione della triste condizione dei poveri che sembravano cos\u00ec \"lontani dalla salvezza\" in questo mondo come nell'altro, Giovanni Battista De La Salle decise di mettere le sue qualit\u00e0 e la sua cultura superiore al servizio dei giovani \"cos\u00ec spesso abbandonati a se stessi e lasciati crescere privi di cure\".<\/p>\n<p><!-- \/wp:paragraph --><\/p>\n<p><!-- wp:paragraph --><\/p>\n<p>Per meglio realizzare il suo intendimento, abbandon\u00f2 la casa paterna, si un\u00ec ai maestri, rinunci\u00f2 al rango di Canonico e al suo patrimonio e form\u00f2 una comunit\u00e0 che divenne nota col nome di <strong>Fratelli delle Scuole Cristiane<\/strong>.<\/p>\n<\/div><div class=\"fusion-text fusion-text-2\"><p><img decoding=\"async\" class=\"wp-image-50317 alignright\" src=\"https:\/\/www.lasalle.org\/wp-content\/uploads\/2019\/07\/quadro_voti.jpg\" alt=\"\" width=\"198\" height=\"373\" \/>L'opera di De La Salle fu contrastata dalle autorit\u00e0 ecclesiastiche che si opponevano alla creazione di una <strong>nuova forma di vita religiosa, una comunit\u00e0 di laici consacrati che gestivano scuole gratuite<\/strong> <strong>\"insieme e per associazione\"<\/strong>. I metodi innovativi e l'insistenza sulla gratuit\u00e0 dell'insegnamento per tutti, indipendentemente dalle possibilit\u00e0 economiche degli studenti, suscitarono l'ostilit\u00e0 degli ambienti didattici del tempo.<\/p>\n<p><!-- \/wp:paragraph --><\/p>\n<p><!-- wp:paragraph --><\/p>\n<p>Ci\u00f2 nonostante, De La Salle e i suoi Fratelli riuscirono a creare una rete di scuole di qualit\u00e0 diffuse in tutta la Francia. In queste scuole, l'istruzione veniva impartita in francese, gli studenti erano raggruppati per capacit\u00e0 e profitto, c'era integrazione tra istruzione religiosa e discipline di studio, gli insegnanti erano ben preparati e consapevoli della loro vocazione e missione educativa, alla quale anche i genitori degli alunni erano chiamati a partecipare.<\/p>\n<p><!-- \/wp:paragraph --><\/p>\n<p><!-- wp:paragraph --><\/p>\n<p>Inoltre, De La Salle fu all'avanguardia nella sperimentazione di programmi per la formazione dei docenti laici, di corsi domenicali per giovani studenti lavoratori e realizz\u00f2, in Francia, uno dei primi istituti per il recupero dei carcerati. Consumato dagli stenti e dalle fatiche, mor\u00ec a Saint Yon, vicino Rouen, il Venerd\u00ec Santo del 1719, poche settimane prima del suo sessantottesimo compleanno.<\/p>\n<p><!-- \/wp:paragraph --><\/p>\n<p><!-- wp:image  --><\/p>\n<div class=\"wp-block-image\">\n<figure class=\"alignleft is-resized\"><img decoding=\"async\" class=\"wp-image-50323\" src=\"https:\/\/www.lasalle.org\/wp-content\/uploads\/2019\/07\/MG_9294.jpg\" alt=\"\" width=\"250\" height=\"167\" srcset=\"https:\/\/www.lasalle.org\/wp-content\/uploads\/2019\/07\/MG_9294-300x200.jpg 300w, https:\/\/www.lasalle.org\/wp-content\/uploads\/2019\/07\/MG_9294-768x512.jpg 768w, https:\/\/www.lasalle.org\/wp-content\/uploads\/2019\/07\/MG_9294.jpg 1000w\" sizes=\"(max-width: 250px) 100vw, 250px\" \/><\/figure>\n<\/div>\n<p><!-- \/wp:image --><\/p>\n<p><!-- wp:paragraph --><\/p>\n<p>Giovanni Battista De La Salle fu pioniere nella fondazione di scuole di formazione per insegnanti, scuole di recupero per carcerati, scuole professionali, scuole superiori di Lingue Moderne, Arti e Scienze. La sua opera si diffuse rapidamente in Francia e, dopo la sua morte, continu\u00f2 a diffondersi nel mondo. Nel 1900, Giovanni Battista De La Salle fu proclamato Santo.<\/p>\n<p><!-- \/wp:paragraph --><\/p>\n<p><!-- wp:image  --><\/p>\n<div class=\"wp-block-image\">\n<figure class=\"alignright is-resized\"><img decoding=\"async\" class=\"wp-image-50333\" src=\"https:\/\/www.lasalle.org\/wp-content\/uploads\/2019\/07\/LaSalle_Caffaro_002.jpg\" alt=\"\" width=\"144\" height=\"250\" srcset=\"https:\/\/www.lasalle.org\/wp-content\/uploads\/2019\/07\/LaSalle_Caffaro_002-173x300.jpg 173w, https:\/\/www.lasalle.org\/wp-content\/uploads\/2019\/07\/LaSalle_Caffaro_002.jpg 575w\" sizes=\"(max-width: 144px) 100vw, 144px\" \/><\/figure>\n<\/div>\n<p><!-- \/wp:image --><\/p>\n<p><!-- wp:paragraph --><\/p>\n<p>Nel 1950, per la santit\u00e0 della sua vita e la forza dei suoi scritti, fu dichiarato <strong>Santo Patrono di tutti coloro che operano nel campo dell'educazione<\/strong>. Egli seppe indicare agli altri un modo nuovo di insegnare e assistere i giovani, incoraggi\u00f2 a rispondere con la compassione a errori e debolezze, a rassicurare, rafforzare, curare. Attualmente, nel mondo, le scuole lasalliane sono presenti in circa <strong><a href=\"https:\/\/www.lasalle.org\/it\/nel-mondo\/\">79 paesi<\/a><\/strong>.<\/p>\n<\/div><div class=\"fusion-separator fusion-full-width-sep\" style=\"align-self: center;margin-left: auto;margin-right: auto;margin-top:15px;margin-bottom:15px;width:100%;\"><div class=\"fusion-separator-border sep-single sep-solid\" style=\"--awb-height:20px;--awb-amount:20px;--awb-sep-color:var(--awb-custom17);border-color:var(--awb-custom17);border-top-width:1px;\"><\/div><\/div><nav class=\"fusion-breadcrumbs fusion-breadcrumbs-1\" style=\"--awb-breadcrumb-sep:&#039;\/&#039;;\" aria-label=\"Breadcrumb\"><ol class=\"awb-breadcrumb-list\"><\/ol><\/nav><\/div><\/div><div class=\"fusion-layout-column fusion_builder_column fusion-builder-column-1 fusion_builder_column_1_4 1_4 fusion-flex-column\" style=\"--awb-bg-size:cover;--awb-width-large:25%;--awb-margin-top-large:0px;--awb-spacing-right-large:7.68%;--awb-margin-bottom-large:20px;--awb-spacing-left-large:7.68%;--awb-width-medium:25%;--awb-order-medium:0;--awb-spacing-right-medium:7.68%;--awb-spacing-left-medium:7.68%;--awb-width-small:100%;--awb-order-small:0;--awb-spacing-right-small:1.92%;--awb-spacing-left-small:1.92%;\"><div class=\"fusion-column-wrapper fusion-column-has-shadow fusion-flex-justify-content-flex-start fusion-content-layout-column\"><div class=\"fusion-title title fusion-title-3 sep-underline sep-solid fusion-title-text fusion-title-size-two\" style=\"--awb-text-color:var(--awb-custom17);--awb-sep-color:var(--awb-custom17);--awb-font-size:22px;\"><h2 class=\"fusion-title-heading title-heading-left\" style=\"margin:0;font-size:1em;\">Date importanti<\/h2><\/div><ul style=\"--awb-line-height:27.2px;--awb-icon-width:27.2px;--awb-icon-height:27.2px;--awb-icon-margin:11.2px;--awb-content-margin:38.4px;--awb-circlecolor:var(--awb-custom17);--awb-circle-yes-font-size:14.08px;\" class=\"fusion-checklist fusion-checklist-1 fusion-checklist-default type-icons\"><li class=\"fusion-li-item\" style=\"\"><span class=\"icon-wrapper circle-yes\"><i class=\"fusion-li-icon fa-star-half far\" aria-hidden=\"true\"><\/i><\/span><div class=\"fusion-li-item-content\">\r\n<p>Nato a Reims in Francia il 30 aprile 1651<\/p>\r\n<\/div><\/li><li class=\"fusion-li-item\" style=\"\"><span class=\"icon-wrapper circle-yes\"><i class=\"fusion-li-icon fa-star-half far\" aria-hidden=\"true\"><\/i><\/span><div class=\"fusion-li-item-content\">\r\n<p>Ordinato Sacerdote il 9 aprile 1678<\/p>\r\n<\/div><\/li><li class=\"fusion-li-item\" style=\"\"><span class=\"icon-wrapper circle-yes\"><i class=\"fusion-li-icon fa-star-half far\" aria-hidden=\"true\"><\/i><\/span><div class=\"fusion-li-item-content\">\r\n<p>Morto il 7 aprile 1719<\/p>\r\n<\/div><\/li><li class=\"fusion-li-item\" style=\"\"><span class=\"icon-wrapper circle-yes\"><i class=\"fusion-li-icon fa-star-half far\" aria-hidden=\"true\"><\/i><\/span><div class=\"fusion-li-item-content\">\r\n<p>Beatificato il 19 febbraio 1888<\/p>\r\n<\/div><\/li><li class=\"fusion-li-item\" style=\"\"><span class=\"icon-wrapper circle-yes\"><i class=\"fusion-li-icon fa-star-half far\" aria-hidden=\"true\"><\/i><\/span><div class=\"fusion-li-item-content\">\r\n<p>Canonizzato il 24 maggio 1900<\/p>\r\n<\/div><\/li><li class=\"fusion-li-item\" style=\"\"><span class=\"icon-wrapper circle-yes\"><i class=\"fusion-li-icon fa-star-half far\" aria-hidden=\"true\"><\/i><\/span><div class=\"fusion-li-item-content\">\r\n<p>Proclamato Patrono degli insegnanti il 15 maggio 1950<\/p>\r\n<\/div><\/li><li class=\"fusion-li-item\" style=\"\"><span class=\"icon-wrapper circle-yes\"><i class=\"fusion-li-icon fa-star-half far\" aria-hidden=\"true\"><\/i><\/span><div class=\"fusion-li-item-content\">\r\n<p><strong>Memoria liturgica: 7 aprile<\/strong><\/p>\r\n<\/div><\/li><li class=\"fusion-li-item\" style=\"\"><span class=\"icon-wrapper circle-yes\"><i class=\"fusion-li-icon fa-star-half far\" aria-hidden=\"true\"><\/i><\/span><div class=\"fusion-li-item-content\">\r\n<p><strong>Festa nell&#8217;Istituto: 15 maggio<\/strong><\/p>\r\n<\/div><\/li><\/ul><div class=\"fusion-separator fusion-full-width-sep\" style=\"align-self: center;margin-left: auto;margin-right: auto;margin-top:15px;margin-bottom:15px;width:100%;\"><\/div><div class=\"fusion-title title fusion-title-4 sep-underline sep-solid fusion-title-text fusion-title-size-two\" style=\"--awb-text-color:var(--awb-custom17);--awb-sep-color:var(--awb-custom17);--awb-font-size:22px;\"><h2 class=\"fusion-title-heading title-heading-left\" style=\"margin:0;font-size:1em;\">Testi<\/h2><\/div><ul style=\"--awb-line-height:27.2px;--awb-icon-width:27.2px;--awb-icon-height:27.2px;--awb-icon-margin:11.2px;--awb-content-margin:38.4px;--awb-circlecolor:var(--awb-custom17);--awb-circle-yes-font-size:14.08px;\" class=\"fusion-checklist fusion-checklist-2 fusion-checklist-default type-icons\"><li class=\"fusion-li-item\" style=\"\"><span class=\"icon-wrapper circle-yes\"><i class=\"fusion-li-icon fa-file-alt far\" aria-hidden=\"true\"><\/i><\/span><div class=\"fusion-li-item-content\">\r\n<p><a href=\"https:\/\/www.lasalle.org\/it\/pubblicazioni\/scritti-del-fondatore\/\">Opere di San Giovanni Battista de La Salle<\/a><\/p>\r\n<\/div><\/li><li class=\"fusion-li-item\" style=\"\"><span class=\"icon-wrapper circle-yes\"><i class=\"fusion-li-icon fa-file-pdf far\" aria-hidden=\"true\"><\/i><\/span><div class=\"fusion-li-item-content\">\r\n<p><a href=\"https:\/\/www.lasalle.org\/wp-content\/uploads\/2019\/09\/26-gennaio-TRASLAZIONE-Reliquie-SGBDLS.pdf\" target=\"_blank\" rel=\"noreferrer noopener\">26 gennaio \u2013 TRASLAZIONE Reliquie SGBDLS<\/a><\/p>\r\n<\/div><\/li><li class=\"fusion-li-item\" style=\"\"><span class=\"icon-wrapper circle-yes\"><i class=\"fusion-li-icon fa-file-pdf far\" aria-hidden=\"true\"><\/i><\/span><div class=\"fusion-li-item-content\">\r\n<p><a href=\"https:\/\/www.lasalle.org\/wp-content\/uploads\/2019\/09\/15-maggio-SAN-GIOVANNI-BATTISTA-de-LA-SALLE.pdf\" target=\"_blank\" rel=\"noreferrer noopener\">15 maggio \u2013 SAN GIOVANNI BATTISTA de LA SALLE<\/a><\/p>\r\n<\/div><\/li><li class=\"fusion-li-item\" style=\"\"><span class=\"icon-wrapper circle-yes\"><i class=\"fusion-li-icon fa-file-pdf far\" aria-hidden=\"true\"><\/i><\/span><div class=\"fusion-li-item-content\">\r\n<p><a href=\"https:\/\/www.lasalle.org\/wp-content\/uploads\/2019\/09\/17-novembre-DEDICAZIONE-della-CHIESA-di-SAN-GIOVANNI-BATTISTA-DE-LA-SALLE.pdf\" target=\"_blank\" rel=\"noreferrer noopener\">17 novembre \u2013 DEDICAZIONE della CHIESA di SAN GIOVANNI BATTISTA DE LA SALLE<\/a><\/p>\r\n<\/div><\/li><\/ul><div class=\"fusion-separator fusion-full-width-sep\" style=\"align-self: center;margin-left: auto;margin-right: auto;margin-top:15px;margin-bottom:15px;width:100%;\"><\/div><div class=\"fusion-title title fusion-title-5 sep-underline sep-solid fusion-title-text fusion-title-size-two\" style=\"--awb-text-color:var(--awb-custom17);--awb-sep-color:var(--awb-custom17);--awb-font-size:22px;\"><h2 class=\"fusion-title-heading title-heading-left\" style=\"margin:0;font-size:1em;\">In relazione<\/h2><\/div><ul style=\"--awb-line-height:27.2px;--awb-icon-width:27.2px;--awb-icon-height:27.2px;--awb-icon-margin:11.2px;--awb-content-margin:38.4px;--awb-circlecolor:var(--awb-custom17);--awb-circle-yes-font-size:14.08px;\" class=\"fusion-checklist fusion-checklist-3 fusion-checklist-default type-icons\"><li class=\"fusion-li-item\" style=\"\"><span class=\"icon-wrapper circle-yes\"><i class=\"fusion-li-icon fa-file-alt far\" aria-hidden=\"true\"><\/i><\/span><div class=\"fusion-li-item-content\">\r\n<p><a href=\"https:\/\/www.lasalle.org\/it\/casa-generalizia\/museo-la-salle\/\">Museo La Salle<\/a><\/p>\r\n<\/div><\/li><li class=\"fusion-li-item\" style=\"\"><span class=\"icon-wrapper circle-yes\"><i class=\"fusion-li-icon fa-file-alt far\" aria-hidden=\"true\"><\/i><\/span><div class=\"fusion-li-item-content\">\r\n<p><a href=\"https:\/\/www.lasalle.org\/it\/casa-generalizia\/santuario-de-la-salle\/\">Santuario di San Giovanni Battista de La Salle<\/a><\/p>\r\n<\/div><\/li><\/ul><div class=\"fusion-separator fusion-full-width-sep\" style=\"align-self: center;margin-left: auto;margin-right: auto;margin-top:15px;margin-bottom:15px;width:100%;\"><\/div><div class=\"fusion-title title fusion-title-6 sep-underline sep-solid fusion-title-text fusion-title-size-two\" style=\"--awb-text-color:var(--awb-custom17);--awb-sep-color:var(--awb-custom17);--awb-font-size:22px;\"><h2 class=\"fusion-title-heading title-heading-left\" style=\"margin:0;font-size:1em;\">Foto e immagini<\/h2><\/div><ul style=\"--awb-line-height:27.2px;--awb-icon-width:27.2px;--awb-icon-height:27.2px;--awb-icon-margin:11.2px;--awb-content-margin:38.4px;--awb-circlecolor:var(--awb-custom17);--awb-circle-yes-font-size:14.08px;\" class=\"fusion-checklist fusion-checklist-4 fusion-checklist-default type-icons\"><li class=\"fusion-li-item\" style=\"\"><span class=\"icon-wrapper circle-yes\"><i class=\"fusion-li-icon fa-file-image far\" aria-hidden=\"true\"><\/i><\/span><div class=\"fusion-li-item-content\">\r\n<p><a href=\"https:\/\/goo.gl\/photos\/etUAFR923oqj465a7\" target=\"_blank\" rel=\"noopener\">Immagini<\/a><\/p>\r\n<\/div><\/li><li class=\"fusion-li-item\" style=\"\"><span class=\"icon-wrapper circle-yes\"><i class=\"fusion-li-icon fa-file-image far\" aria-hidden=\"true\"><\/i><\/span><div class=\"fusion-li-item-content\">\r\n<p><a href=\"https:\/\/photos.google.com\/u\/2\/share\/AF1QipPXGk2C3rTg-GYz6MZQEwVrIroC5lRsjWmoboAf1BbYTXzqVPKu6qMjoD6-xHh2hA?key=LTVkcEZKcVZkMlFfbkdxeDZQMHJnOVF6czhuYU5B\" target=\"_blank\" rel=\"noreferrer noopener\" aria-label=\"Iconografia (abre en una nueva pesta\u00f1a)\">Iconografia<\/a><\/p>\r\n<\/div><\/li><li class=\"fusion-li-item\" style=\"\"><span class=\"icon-wrapper circle-yes\"><i class=\"fusion-li-icon fa-flickr fab\" aria-hidden=\"true\"><\/i><\/span><div class=\"fusion-li-item-content\">\r\n<p><a href=\"https:\/\/www.flickr.com\/photos\/lasalle_org\/albums\/72157684347630376\/\">Iconografia lasalliana fondamentale<\/a><\/p>\r\n<\/div><\/li><li class=\"fusion-li-item\" style=\"\"><span class=\"icon-wrapper circle-yes\"><i class=\"fusion-li-icon fa-flickr fab\" aria-hidden=\"true\"><\/i><\/span><div class=\"fusion-li-item-content\">\r\n<p><a href=\"https:\/\/www.flickr.com\/photos\/lasalle_org\/albums\/72157680379991984\" target=\"_blank\" rel=\"noreferrer noopener\">De La Salle<\/a><\/p>\r\n<\/div><\/li><li class=\"fusion-li-item\" style=\"\"><span class=\"icon-wrapper circle-yes\"><i class=\"fusion-li-icon fa-flickr fab\" aria-hidden=\"true\"><\/i><\/span><div class=\"fusion-li-item-content\">\r\n<p><a href=\"https:\/\/www.flickr.com\/photos\/lasalle_org\/albums\/72157680834817935\/\" target=\"_blank\" rel=\"noopener\">Mostra 80 anni della traslazione delle Reliquie a Roma<\/a><\/p>\r\n<\/div><\/li><li class=\"fusion-li-item\" style=\"\"><span class=\"icon-wrapper circle-yes\"><i class=\"fusion-li-icon fa-flickr fab\" aria-hidden=\"true\"><\/i><\/span><div class=\"fusion-li-item-content\">\r\n<p><a href=\"https:\/\/www.flickr.com\/photos\/lasalle_org\/albums\/72157680379550054\/\" target=\"_blank\" rel=\"noopener\">Patrono degli Educatori<\/a><\/p>\r\n<\/div><\/li><li class=\"fusion-li-item\" style=\"\"><span class=\"icon-wrapper circle-yes\"><i class=\"fusion-li-icon fa-flickr fab\" aria-hidden=\"true\"><\/i><\/span><div class=\"fusion-li-item-content\">\r\n<p><a href=\"https:\/\/www.flickr.com\/photos\/lasalle_org\/albums\/72177720326416824\" target=\"_blank\" rel=\"noopener\">Santuario De La Salle<\/a><\/p>\r\n<\/div><\/li><\/ul><div class=\"fusion-separator fusion-full-width-sep\" style=\"align-self: center;margin-left: auto;margin-right: auto;margin-top:15px;margin-bottom:15px;width:100%;\"><\/div><div class=\"fusion-title title fusion-title-7 sep-underline sep-solid fusion-title-text fusion-title-size-two\" style=\"--awb-text-color:var(--awb-custom17);--awb-sep-color:var(--awb-custom17);--awb-font-size:22px;\"><h2 class=\"fusion-title-heading title-heading-left\" style=\"margin:0;font-size:1em;\">Video<\/h2><\/div><ul style=\"--awb-line-height:27.2px;--awb-icon-width:27.2px;--awb-icon-height:27.2px;--awb-icon-margin:11.2px;--awb-content-margin:38.4px;--awb-circlecolor:var(--awb-custom17);--awb-circle-yes-font-size:14.08px;\" class=\"fusion-checklist fusion-checklist-5 fusion-checklist-default type-icons\"><li class=\"fusion-li-item\" style=\"\"><span class=\"icon-wrapper circle-yes\"><i class=\"fusion-li-icon fa-youtube fab\" aria-hidden=\"true\"><\/i><\/span><div class=\"fusion-li-item-content\">\r\n<p><a href=\"https:\/\/www.youtube.com\/watch?v=Ikqk-fmLpVg&amp;list=PL01F6549EBDB00699&amp;pp=gAQB\" target=\"_blank\" rel=\"noopener\">Playlist De La Salle<\/a><\/p>\r\n<\/div><\/li><li class=\"fusion-li-item\" style=\"\"><span class=\"icon-wrapper circle-yes\"><i class=\"fusion-li-icon fa-youtube fab\" aria-hidden=\"true\"><\/i><\/span><div class=\"fusion-li-item-content\">\r\n<p><a href=\"https:\/\/www.youtube.com\/watch?v=G9mlfIBEcx0&amp;list=PLZJGg-lyLV4MUvkYYyIP2y8m0Ow5lCJJE&amp;pp=gAQB0gcJCV8EOCosWNin\" target=\"_blank\" rel=\"noopener\">Playlist #300LaSalle<\/a><\/p>\r\n<\/div><\/li><\/ul><div class=\"fusion-separator fusion-full-width-sep\" style=\"align-self: center;margin-left: auto;margin-right: auto;margin-top:15px;margin-bottom:15px;width:100%;\"><div class=\"fusion-separator-border sep-single sep-solid\" style=\"--awb-height:20px;--awb-amount:20px;--awb-sep-color:var(--awb-custom17);border-color:var(--awb-custom17);border-top-width:1px;\"><\/div><\/div><\/div><\/div><\/div><\/div>","protected":false},"excerpt":{"rendered":"","protected":false},"author":13,"featured_media":83926,"parent":10826,"menu_order":0,"comment_status":"closed","ping_status":"closed","template":"","meta":{"_tec_requires_first_save":true,"_monsterinsights_skip_tracking":false,"_monsterinsights_sitenote_active":false,"_monsterinsights_sitenote_note":"","_monsterinsights_sitenote_category":0,"_EventAllDay":false,"_EventTimezone":"","_EventStartDate":"","_EventEndDate":"","_EventStartDateUTC":"","_EventEndDateUTC":"","_EventShowMap":false,"_EventShowMapLink":false,"_EventURL":"","_EventCost":"","_EventCostDescription":"","_EventCurrencySymbol":"","_EventCurrencyCode":"","_EventCurrencyPosition":"","_EventDateTimeSeparator":"","_EventTimeRangeSeparator":"","_EventOrganizerID":[],"_EventVenueID":[],"_OrganizerEmail":"","_OrganizerPhone":"","_OrganizerWebsite":"","_VenueAddress":"","_VenueCity":"","_VenueCountry":"","_VenueProvince":"","_VenueState":"","_VenueZip":"","_VenuePhone":"","_VenueURL":"","_VenueStateProvince":"","_VenueLat":"","_VenueLng":"","_VenueShowMap":false,"_VenueShowMapLink":false,"_tribe_blocks_recurrence_rules":"","_tribe_blocks_recurrence_description":"","_tribe_blocks_recurrence_exclusions":"","footnotes":""},"class_list":["post-10823","page","type-page","status-publish","has-post-thumbnail","hentry"],"_links":{"self":[{"href":"https:\/\/www.lasalle.org\/it\/wp-json\/wp\/v2\/pages\/10823","targetHints":{"allow":["GET"]}}],"collection":[{"href":"https:\/\/www.lasalle.org\/it\/wp-json\/wp\/v2\/pages"}],"about":[{"href":"https:\/\/www.lasalle.org\/it\/wp-json\/wp\/v2\/types\/page"}],"author":[{"embeddable":true,"href":"https:\/\/www.lasalle.org\/it\/wp-json\/wp\/v2\/users\/13"}],"replies":[{"embeddable":true,"href":"https:\/\/www.lasalle.org\/it\/wp-json\/wp\/v2\/comments?post=10823"}],"version-history":[{"count":5,"href":"https:\/\/www.lasalle.org\/it\/wp-json\/wp\/v2\/pages\/10823\/revisions"}],"predecessor-version":[{"id":121291,"href":"https:\/\/www.lasalle.org\/it\/wp-json\/wp\/v2\/pages\/10823\/revisions\/121291"}],"up":[{"embeddable":true,"href":"https:\/\/www.lasalle.org\/it\/wp-json\/wp\/v2\/pages\/10826"}],"wp:featuredmedia":[{"embeddable":true,"href":"https:\/\/www.lasalle.org\/it\/wp-json\/wp\/v2\/media\/83926"}],"wp:attachment":[{"href":"https:\/\/www.lasalle.org\/it\/wp-json\/wp\/v2\/media?parent=10823"}],"curies":[{"name":"wp","href":"https:\/\/api.w.org\/{rel}","templated":true}]}}