{"id":10831,"date":"2018-12-10T14:04:08","date_gmt":"2018-12-10T14:04:08","guid":{"rendered":"http:\/\/lasalle.vl20054.dinaserver.com\/santo-salomone-leclercq\/"},"modified":"2025-11-24T11:20:37","modified_gmt":"2025-11-24T10:20:37","slug":"santo-salomone-leclercq","status":"publish","type":"page","link":"https:\/\/www.lasalle.org\/it\/santita-lasalliana\/santo-salomone-leclercq\/","title":{"rendered":"San Salomone Leclercq"},"content":{"rendered":"<div class=\"fusion-fullwidth fullwidth-box fusion-builder-row-1 fusion-flex-container has-pattern-background has-mask-background nonhundred-percent-fullwidth non-hundred-percent-height-scrolling\" style=\"--awb-border-radius-top-left:0px;--awb-border-radius-top-right:0px;--awb-border-radius-bottom-right:0px;--awb-border-radius-bottom-left:0px;--awb-flex-wrap:wrap;\" ><div class=\"fusion-builder-row fusion-row fusion-flex-align-items-flex-start fusion-flex-content-wrap\" style=\"max-width:1248px;margin-left: calc(-4% \/ 2 );margin-right: calc(-4% \/ 2 );\"><div class=\"fusion-layout-column fusion_builder_column fusion-builder-column-0 fusion_builder_column_3_4 3_4 fusion-flex-column\" style=\"--awb-bg-size:cover;--awb-width-large:75%;--awb-margin-top-large:0px;--awb-spacing-right-large:2.56%;--awb-margin-bottom-large:20px;--awb-spacing-left-large:2.56%;--awb-width-medium:75%;--awb-order-medium:0;--awb-spacing-right-medium:2.56%;--awb-spacing-left-medium:2.56%;--awb-width-small:100%;--awb-order-small:0;--awb-spacing-right-small:1.92%;--awb-spacing-left-small:1.92%;\"><div class=\"fusion-column-wrapper fusion-column-has-shadow fusion-flex-justify-content-flex-start fusion-content-layout-column\"><div class=\"fusion-title title fusion-title-1 sep-underline sep-solid fusion-title-text fusion-title-size-two\" style=\"--awb-text-color:var(--awb-custom17);--awb-sep-color:var(--awb-custom17);--awb-font-size:22px;\"><h2 class=\"fusion-title-heading title-heading-left\" style=\"margin:0;font-size:1em;\">San Salomone Leclercq<\/h2><\/div><div class=\"fusion-text fusion-text-1\"><div class=\"wp-block-image\">\n<figure class=\"alignright is-resized\"><img decoding=\"async\" class=\"wp-image-2635\" src=\"https:\/\/www.lasalle.org\/wp-content\/uploads\/2018\/11\/salomn_leclercq.png\" alt=\"\" width=\"182\" height=\"245\" srcset=\"https:\/\/www.lasalle.org\/wp-content\/uploads\/2018\/11\/salomn_leclercq-223x300.png 223w, https:\/\/www.lasalle.org\/wp-content\/uploads\/2018\/11\/salomn_leclercq.png 364w\" sizes=\"(max-width: 182px) 100vw, 182px\" \/><\/figure>\n<\/div>\n<p><!-- \/wp:post-content --><\/p>\n<p><!-- wp:paragraph --><\/p>\n<p>\u00c9 il primo martire dei Fratelli delle scuole cristiane, trucidato nel 1792, durante quella rivoluzione francese che identific\u00f2 nella Chiesa un nemico da combattere. La testimonianza cristiana di Fratel Salomone Leclercq incrocia gli anni dilaniati da feroci sollevazioni popolari, i pi\u00f9 turbolenti che la Francia abbia mai attraversato. La sua storia ha inizio a Boulogne-sur-Mer e approda a Caracas, in Venezuela, dove nel 2007 \u00e8 avvenuto il miracolo decisivo per farlo uscire dall'ambito limitato del suo istituto dopo che nel 1926 Papa Pio XI lo aveva beatificato insieme ad altri 190 compagni.<\/p>\n<p><!-- \/wp:paragraph --><\/p>\n<p><!-- wp:paragraph --><\/p>\n<p>Fratel Salomone Leclercq (al secolo Guglielmo Nicola Ludovi\u00adco) nacque a Boulogne-sur-Mer (Francia, Diocesi di Arras, suffraga\u00adnea di Lille) il 14 novembre 1745. Suo padre era commerciante nella Citt\u00e0 Bassa, animata dalle attivit\u00e0 portuali. A differenza dei suoi quat\u00adtro fratelli, Nicola frequent\u00f2 la scuola ad indirizzo commerciale che i Fratelli delle Scuole Cristiane dirigevano in citt\u00e0. Questa circostanza, unita all'educazione cristiana che riceveva in famiglia, prepar\u00f2 il ter\u00adreno alla sua futura vocazione.<\/p>\n<p><!-- \/wp:paragraph --><\/p>\n<p><!-- wp:paragraph --><\/p>\n<p>I piani del padre erano quelli di preparare il figlio a succedergli nel lavoro. Infatti, appena Nicola termin\u00f2 i corsi scolastici, lo pose a lavorare presso un commerciante nelle vicinanze di Boulogne e successivamente lo invi\u00f2 a Parigi alle dipendenze di un altro suo amico commerciante. L'ambiente che frequentava, soprattutto a Parigi, non piaceva a Nicola. Cos\u00ec, ritornato a Boulogne, espose al padre i motivi del suo disagio e gli manifest\u00f2 il desiderio di seguire l'esempio dei suoi antichi maestri.<\/p>\n<p><!-- \/wp:paragraph --><\/p>\n<p><!-- wp:paragraph --><\/p>\n<p>II 25 marzo del 1767 entr\u00f2 nel noviziato di Saint-Yon a Rouen. Pronunci\u00f2 i voti nel 1769 e nel settembre del 1770 fu inviato ad inse\u00adgnare a Mar\u00e9ville. Emise la Professione Perpetua nel 1772.<\/p>\n<p><!-- \/wp:paragraph --><\/p>\n<p><!-- wp:paragraph --><\/p>\n<p>Lo stesso anno fu nominato aiutante di Fr. Lothaire, Direttore del noviziato di Mar\u00e9ville, e l'anno successivo fu destinato ad assumerne la direzione. Nel 1777 fu nominato \"procuratore\" di quella grande casa. Rimase in quest'incarico soltanto tre anni, perch\u00e9 nel 1780 fu inviato ad insegnare matematica nello Scolasticato che fu aperto a Melun. Al compimento dei 15 anni di professione perpetua ri\u00adchiesti dalle Regole, partecip\u00f2 al Capitolo Generale del 1787. Fu no\u00adminato Segretario del Capitolo, al termine del quale fu chiamato a svolgere la stessa funzione alle dirette dipendenze del Fratello Supe\u00adriore Generale.<\/p>\n<p><!-- \/wp:paragraph --><\/p>\n<p><!-- wp:paragraph --><\/p>\n<p>Arrivarono gli anni turbinosi e violenti della Rivoluzione. Nel 1791, quando i Fratelli e lo stesso Superiore Generale furono obbligati ad abbandonare la casa situata in Rue Neuve, nella speranza che pas\u00adsasse la bufera, rimase soltanto lui a custodirla. Anche se vestiva ci\u00advilmente, non dovette passare inosservato, forse perch\u00e9 frequentava le chiese nelle quali celebravano i sacerdoti che non avevano prestato giuramento o forse la sua dedizione al servizio dell'Istituto e l'affetto per la Chiesa fedele al Papa avevano gi\u00e0 attirato su di lui l'attenzione dei nemici della Chiesa.<\/p>\n<p><!-- \/wp:paragraph --><\/p>\n<p><!-- wp:paragraph --><\/p>\n<p>II 15 agosto 1792 le guardie invasero la casa dei Fratelli di Rue Neuve e arrestarono quell'unico religioso che era rimasto a custodirla, Fratel Salomone. Lo condussero prigioniero al convento dei Carmeli\u00adtani. Dopo qualche giorno venne barbaramente giustiziato nel giardino, teatro di uno dei pi\u00f9 terribili eccidi avvenuti durante quegli anni terri\u00adbili: 166 tra sacerdoti e religiosi, imprigionati per aver rifiutato di giu\u00adrare la Costituzione civile del clero, furono l\u00ec massacrati senza alcun giudizio e i loro corpi gettati nel pozzo del giardino. Era i12 settembre 1792. Pochi giorni prima di morire, Fratel Salomone cos\u00ec scriveva ad una delle sue sorelle: \"Soffriamo con gioia e con ringraziamento per le croci e le afflizioni che ci sono inviate. Da parte mia non sono degno di soffrire per Lui, dal momento che finora non ho sperimentato nulla di cattivo, mentre vi sono tanti confessori della fede in difficolt\u00e0\".<\/p>\n<p><!-- \/wp:paragraph --><\/p>\n<p><!-- wp:paragraph --><\/p>\n<p>Il Processo Informativo Ordinario dei Servi di Dio <em>\"Ioannis\u00ad Mariae du Lau, archiepiscopus Arelatensis, Francisci-Josephi de la Rochefoucauld, episcopi Bellovacensis, Petri-Ludovici de la Rochefoucauld, episcopi Santonensis, et Sociorum, in odium fidei Parisiis mense Septembri 1792 interemptorum\" <\/em>ebbe inizio nella diocesi di Parigi il 14 marzo 1901 quando il cardinale Francois-Marie\u00adBenjamin Richard de la Vergne costitu\u00ec il tribunale diocesano, che concluse i suoi lavori il 5 febbraio 1906. Trasferito a Roma, il Processo ebbe termine nel 1916. Il 12 luglio di quell'anno fu emanato il Decreto <em>\"super non cultu\"; <\/em>dal 1924 al 1926 si susseguirono le Congregazioni <em>\"super martyrio\" <\/em>e finalmente i1 4 ottobre il Processo si concluse con la Congregazione del <em>\"Tuto\". <\/em>La Beatificazione di questo gruppo di 191 Martiri ebbe luogo il 17 ottobre 1926. Fratel Salomone occupa il 57\u00b0 posto dei martiri elencati nella lista della bolla <em>Teterrima ac miseranda seditio <\/em>con la quale Pio XI li beatific\u00f2.<\/p>\n<p><!-- \/wp:paragraph --><\/p>\n<p><!-- wp:paragraph --><\/p>\n<p>In vista della Canonizzazione fu presentato alla Congregazione delle Cause dei Santi il presunto caso miracoloso di una bambina di cinque anni del Vene\u00adzuela, morsa al piede sinistro da un animale che all'inizio non fu identificato. Peggiorando rapidamente, la bambina fu portata al Pron\u00adto Soccorso di una Clinica di Caracas, dove la situazione fu cosi de\u00adscritta: \"due lesioni di entrata sul piede sinistro, caratteristiche del morso di serpente, ecchimosi ascendente del membro inferiore sini\u00adstro fino all'inguine e al gluteo con segni di infiammazione, alta temperatura, colore rosso e violaceo e variazioni che suggeriscono una compromissione della circolazione e che precedono la necrosi, assenza del polso pedidio\".<\/p>\n<p><!-- \/wp:paragraph --><\/p>\n<p><!-- wp:paragraph --><\/p>\n<p>Ci si preparava all'amputazione della gamba, nella speranza di limitare i danni ed evitare conseguenze molto pi\u00f9 gravi. Inaspettata\u00admente l'evoluzione volse al meglio, i valori ritornarono normali e non ci fu necessit\u00e0 di amputazione, tanto che la bambina il giorno 11 settembre fu dimessa completamente sana. Controlli clinici successi\u00advi hanno rilevato condizioni fisiche normali e assenza di esiti con completa integrit\u00e0 anatomo-funzionale dell'arto inferiore.<\/p>\n<p><!-- \/wp:paragraph --><\/p>\n<p><!-- wp:paragraph --><\/p>\n<p>Questa speciale grazia fu attribuita immediatamente al Beato Fratel Salomone, di cui tutti gli abitanti di Sabaneta di El Hatillo sono devotissimi.<\/p>\n<p><!-- \/wp:paragraph --><\/p>\n<p><!-- wp:image  --><\/p>\n<div class=\"wp-block-image\">\n<figure class=\"alignleft is-resized\"><img decoding=\"async\" src=\"https:\/\/www.lasalle.org\/wp-content\/uploads\/2019\/07\/rochefort.png\" alt=\"La imagen tiene un atributo ALT vac\u00c3\u00ado; su nombre de archivo es rochefort.png\" width=\"204\" height=\"250\" \/><\/figure>\n<\/div>\n<p><!-- \/wp:image --><\/p>\n<p><!-- wp:paragraph --><\/p>\n<p>Separata la Causa del Beato da quella dei suoi Compagni, l'Inchiesta diocesana ebbe inizio il 19 gennaio nella diocesi di Cara\u00adcas e si concluse il 29 settembre del 2011. Il 6 luglio 2012 si ebbe il Decreto di Validit\u00e0 dell'Inchiesta diocesana <em>\"super miro\" <\/em>e il 3 mar\u00adzo 2016 la Consulta medica si pronunzi\u00f2 per l'inspiegabilit\u00e0 scientifica del caso.<\/p>\n<p><!-- \/wp:paragraph --><\/p>\n<p><!-- wp:paragraph --><\/p>\n<p>Il Congresso Peculiare dei Consultori Teologi si svolse il 5 aprile 2016; la Sessione Ordinaria dei Cardinali e dei Vescovi, il 3 maggio successivo. Tutte e due le Commissioni giudicarono la guarigione come un vero miracolo.<\/p>\n<p><!-- \/wp:paragraph --><\/p>\n<p><!-- wp:paragraph --><\/p>\n<p>Il 10 maggio il Santo Padre Francesco autorizz\u00f2 la Congregazione delle Cause dei Santi a promulgare il Decreto sul miracolo.<\/p>\n<p><!-- \/wp:paragraph --><\/p>\n<p><!-- wp:paragraph --><\/p>\n<p>La canonizzazione \u00e8 stata celebrata domenica 16 ottobre 2016.<\/p>\n<p><!-- \/wp:paragraph --><\/p>\n<p><!-- wp:paragraph --><\/p>\n<p>La sua festa si celebra il 2 settembre; vi \u00e8 stata unita quella dei <strong><a href=\"http:\/\/www.lasalle.org\/it\/santita-lasalliana\/beati-martiri-di-rochefort\/\">Fratelli martiri dei pontoni di Rochefort<\/a><\/strong>, morti due o tre anni pi\u00f9 tardi.<\/p>\n<\/div><div class=\"fusion-separator fusion-full-width-sep\" style=\"align-self: center;margin-left: auto;margin-right: auto;margin-top:15px;margin-bottom:15px;width:100%;\"><div class=\"fusion-separator-border sep-single sep-solid\" style=\"--awb-height:20px;--awb-amount:20px;--awb-sep-color:var(--awb-custom17);border-color:var(--awb-custom17);border-top-width:1px;\"><\/div><\/div><nav class=\"fusion-breadcrumbs fusion-breadcrumbs-1\" style=\"--awb-breadcrumb-sep:&#039;\/&#039;;\" aria-label=\"Breadcrumb\"><ol class=\"awb-breadcrumb-list\"><\/ol><\/nav><\/div><\/div><div class=\"fusion-layout-column fusion_builder_column fusion-builder-column-1 fusion_builder_column_1_4 1_4 fusion-flex-column\" style=\"--awb-bg-size:cover;--awb-width-large:25%;--awb-margin-top-large:0px;--awb-spacing-right-large:7.68%;--awb-margin-bottom-large:20px;--awb-spacing-left-large:7.68%;--awb-width-medium:25%;--awb-order-medium:0;--awb-spacing-right-medium:7.68%;--awb-spacing-left-medium:7.68%;--awb-width-small:100%;--awb-order-small:0;--awb-spacing-right-small:1.92%;--awb-spacing-left-small:1.92%;\"><div class=\"fusion-column-wrapper fusion-column-has-shadow fusion-flex-justify-content-flex-start fusion-content-layout-column\"><div class=\"fusion-title title fusion-title-2 sep-underline sep-solid fusion-title-text fusion-title-size-two\" style=\"--awb-text-color:var(--awb-custom17);--awb-sep-color:var(--awb-custom17);--awb-font-size:22px;\"><h2 class=\"fusion-title-heading title-heading-left\" style=\"margin:0;font-size:1em;\">Date importanti<\/h2><\/div><ul style=\"--awb-line-height:27.2px;--awb-icon-width:27.2px;--awb-icon-height:27.2px;--awb-icon-margin:11.2px;--awb-content-margin:38.4px;--awb-circlecolor:var(--awb-custom17);--awb-circle-yes-font-size:14.08px;\" class=\"fusion-checklist fusion-checklist-1 fusion-checklist-default type-icons\"><li class=\"fusion-li-item\" style=\"\"><span class=\"icon-wrapper circle-yes\"><i class=\"fusion-li-icon fa-star-half far\" aria-hidden=\"true\"><\/i><\/span><div class=\"fusion-li-item-content\">\r\n<p><strong>Memoria liturgica: 2 settembre<\/strong><\/p>\r\n<\/div><\/li><li class=\"fusion-li-item\" style=\"\"><span class=\"icon-wrapper circle-yes\"><i class=\"fusion-li-icon fa-star-half far\" aria-hidden=\"true\"><\/i><\/span><div class=\"fusion-li-item-content\">Nato a Boulogne, Francia, il 14 novembre 1745<\/div><\/li><li class=\"fusion-li-item\" style=\"\"><span class=\"icon-wrapper circle-yes\"><i class=\"fusion-li-icon fa-star-half far\" aria-hidden=\"true\"><\/i><\/span><div class=\"fusion-li-item-content\">\r\n<p>Entrato nel noviziato il 25 marzo 1767<\/p>\r\n<\/div><\/li><li class=\"fusion-li-item\" style=\"\"><span class=\"icon-wrapper circle-yes\"><i class=\"fusion-li-icon fa-star-half far\" aria-hidden=\"true\"><\/i><\/span><div class=\"fusion-li-item-content\">\r\n<p>Martirizzato il 2 settembre 1792<\/p>\r\n<\/div><\/li><li class=\"fusion-li-item\" style=\"\"><span class=\"icon-wrapper circle-yes\"><i class=\"fusion-li-icon fa-star-half far\" aria-hidden=\"true\"><\/i><\/span><div class=\"fusion-li-item-content\">\r\n<p>Beatificato il 17 ottobre 1926<\/p>\r\n<\/div><\/li><li class=\"fusion-li-item\" style=\"\"><span class=\"icon-wrapper circle-yes\"><i class=\"fusion-li-icon fa-star-half far\" aria-hidden=\"true\"><\/i><\/span><div class=\"fusion-li-item-content\">\r\n<p>16\/10\/2016: Canonizzazione<\/p>\r\n<\/div><\/li><\/ul><div class=\"fusion-separator fusion-full-width-sep\" style=\"align-self: center;margin-left: auto;margin-right: auto;margin-top:15px;margin-bottom:15px;width:100%;\"><\/div><div class=\"fusion-title title fusion-title-3 sep-underline sep-solid fusion-title-text fusion-title-size-two\" style=\"--awb-text-color:var(--awb-custom17);--awb-sep-color:var(--awb-custom17);--awb-font-size:22px;\"><h2 class=\"fusion-title-heading title-heading-left\" style=\"margin:0;font-size:1em;\">Risorse<\/h2><\/div><ul style=\"--awb-line-height:27.2px;--awb-icon-width:27.2px;--awb-icon-height:27.2px;--awb-icon-margin:11.2px;--awb-content-margin:38.4px;--awb-circlecolor:var(--awb-custom17);--awb-circle-yes-font-size:14.08px;\" class=\"fusion-checklist fusion-checklist-2 fusion-checklist-default type-icons\"><li class=\"fusion-li-item\" style=\"\"><span class=\"icon-wrapper circle-yes\"><i class=\"fusion-li-icon fa-file-pdf far\" aria-hidden=\"true\"><\/i><\/span><div class=\"fusion-li-item-content\">\r\n<p><a href=\"https:\/\/www.lasalle.org\/wp-content\/uploads\/2019\/09\/01-FUMETTO-italiano.pdf\" target=\"_blank\" rel=\"noreferrer noopener\">Brochure \u2013 piccola biografia<\/a><\/p>\r\n<\/div><\/li><li class=\"fusion-li-item\" style=\"\"><span class=\"icon-wrapper circle-yes\"><i class=\"fusion-li-icon fa-file-image far\" aria-hidden=\"true\"><\/i><\/span><div class=\"fusion-li-item-content\">\r\n<p><a href=\"https:\/\/goo.gl\/photos\/qbziUrDaQrKxo5kb8\" target=\"_blank\" rel=\"noreferrer noopener\" aria-label=\"Imagenes St. Salomon Leclercq (abre en una nueva pesta\u00f1a)\">Immagni<\/a><\/p>\r\n<\/div><\/li><li class=\"fusion-li-item\" style=\"\"><span class=\"icon-wrapper circle-yes\"><i class=\"fusion-li-icon fa-file-image far\" aria-hidden=\"true\"><\/i><\/span><div class=\"fusion-li-item-content\">\r\n<p><a href=\"https:\/\/goo.gl\/photos\/C58m3EJ3YKvYXYMS6\" target=\"_blank\" rel=\"noreferrer noopener\" aria-label=\"BB. Fr\u00e8res victimes de la R\u00e9volution fran\u00e7aise (abre en una nueva pesta\u00f1a)\">Immagini &#8211; Beati Martiri Rochefort<\/a><\/p>\r\n<\/div><\/li><li class=\"fusion-li-item\" style=\"\"><span class=\"icon-wrapper circle-yes\"><i class=\"fusion-li-icon fa-flickr fab\" aria-hidden=\"true\"><\/i><\/span><div class=\"fusion-li-item-content\">\r\n<p><a href=\"https:\/\/www.flickr.com\/photos\/lasalle_org\/albums\/72157675224321446\" target=\"_blank\" rel=\"noreferrer noopener\" aria-label=\"Canonisation du F. Salomon - Chiesa San Luigi dei Francesi (abre en una nueva pesta\u00f1a)\">Canonizzazione di Fr. Salomon \u2013 Chiesa San Luigi dei Francesi<\/a><\/p>\r\n<\/div><\/li><li class=\"fusion-li-item\" style=\"\"><span class=\"icon-wrapper circle-yes\"><i class=\"fusion-li-icon fa-flickr fab\" aria-hidden=\"true\"><\/i><\/span><div class=\"fusion-li-item-content\">\r\n<p><a href=\"https:\/\/www.flickr.com\/photos\/lasalle_org\/albums\/72157673997226932\" target=\"_blank\" rel=\"noreferrer noopener\">Canonizzazione di Fr. Salomon \u2013 S. Messa e Te Deum<\/a><\/p>\r\n<\/div><\/li><li class=\"fusion-li-item\" style=\"\"><span class=\"icon-wrapper circle-yes\"><i class=\"fusion-li-icon fa-file-pdf far\" aria-hidden=\"true\"><\/i><\/span><div class=\"fusion-li-item-content\">\r\n<p><a href=\"https:\/\/www.lasalle.org\/wp-content\/uploads\/2019\/09\/2-settembre-Beati-SALOMONE-RUGGERO-e-Compagni-Martiri.pdf\" target=\"_blank\" rel=\"noreferrer noopener\">2 settembre \u2013 Testo liturgico<\/a><br \/>approvato dalla Congregazione per il Culto Divino e la Disciplina dei Sacramenti<\/p>\r\n<\/div><\/li><\/ul><div class=\"fusion-separator fusion-full-width-sep\" style=\"align-self: center;margin-left: auto;margin-right: auto;margin-top:15px;margin-bottom:15px;width:100%;\"><div class=\"fusion-separator-border sep-single sep-solid\" style=\"--awb-height:20px;--awb-amount:20px;--awb-sep-color:var(--awb-custom17);border-color:var(--awb-custom17);border-top-width:1px;\"><\/div><\/div><div class=\"fusion-builder-row fusion-builder-row-inner fusion-row fusion-flex-align-items-flex-start fusion-flex-content-wrap\" style=\"width:104% !important;max-width:104% !important;margin-left: calc(-4% \/ 2 );margin-right: calc(-4% \/ 2 );\"><div class=\"fusion-layout-column fusion_builder_column_inner fusion-builder-nested-column-0 fusion_builder_column_inner_1_1 1_1 fusion-flex-column\" style=\"--awb-bg-size:cover;--awb-width-large:100%;--awb-margin-top-large:0px;--awb-spacing-right-large:1.92%;--awb-margin-bottom-large:20px;--awb-spacing-left-large:1.92%;--awb-width-medium:100%;--awb-order-medium:0;--awb-spacing-right-medium:1.92%;--awb-spacing-left-medium:1.92%;--awb-width-small:100%;--awb-order-small:0;--awb-spacing-right-small:1.92%;--awb-spacing-left-small:1.92%;\" data-scroll-devices=\"small-visibility,medium-visibility,large-visibility\"><div class=\"fusion-column-wrapper fusion-column-has-shadow fusion-flex-justify-content-flex-start fusion-content-layout-column\"><div class=\"fusion-video fusion-youtube\" style=\"--awb-max-width:600px;--awb-max-height:360px;--awb-align-self:center;--awb-width:100%;\"><div class=\"video-shortcode\"><div class=\"fluid-width-video-wrapper\" style=\"padding-top:60%;\" ><iframe title=\"YouTube video player 1\" src=\"https:\/\/www.youtube.com\/embed\/h7TIldqjlQs?wmode=transparent&autoplay=0\" width=\"600\" height=\"360\" allowfullscreen allow=\"autoplay; clipboard-write; encrypted-media; gyroscope; picture-in-picture;\"><\/iframe><\/div><\/div><\/div><\/div><\/div><div class=\"fusion-layout-column fusion_builder_column_inner fusion-builder-nested-column-1 fusion_builder_column_inner_1_1 1_1 fusion-flex-column\" style=\"--awb-bg-size:cover;--awb-width-large:100%;--awb-margin-top-large:0px;--awb-spacing-right-large:1.92%;--awb-margin-bottom-large:20px;--awb-spacing-left-large:1.92%;--awb-width-medium:100%;--awb-order-medium:0;--awb-spacing-right-medium:1.92%;--awb-spacing-left-medium:1.92%;--awb-width-small:100%;--awb-order-small:0;--awb-spacing-right-small:1.92%;--awb-spacing-left-small:1.92%;\" data-scroll-devices=\"small-visibility,medium-visibility,large-visibility\"><div class=\"fusion-column-wrapper fusion-column-has-shadow fusion-flex-justify-content-flex-start fusion-content-layout-column\"><div class=\"fusion-video fusion-youtube\" style=\"--awb-max-width:600px;--awb-max-height:360px;--awb-align-self:center;--awb-width:100%;\"><div class=\"video-shortcode\"><div class=\"fluid-width-video-wrapper\" style=\"padding-top:60%;\" ><iframe title=\"YouTube video player 2\" src=\"https:\/\/www.youtube.com\/embed\/P1M_F_iJSCk?wmode=transparent&autoplay=0\" width=\"600\" height=\"360\" allowfullscreen allow=\"autoplay; clipboard-write; encrypted-media; gyroscope; picture-in-picture;\"><\/iframe><\/div><\/div><\/div><\/div><\/div><div class=\"fusion-layout-column fusion_builder_column_inner fusion-builder-nested-column-2 fusion_builder_column_inner_1_1 1_1 fusion-flex-column\" style=\"--awb-bg-size:cover;--awb-width-large:100%;--awb-margin-top-large:0px;--awb-spacing-right-large:1.92%;--awb-margin-bottom-large:20px;--awb-spacing-left-large:1.92%;--awb-width-medium:100%;--awb-order-medium:0;--awb-spacing-right-medium:1.92%;--awb-spacing-left-medium:1.92%;--awb-width-small:100%;--awb-order-small:0;--awb-spacing-right-small:1.92%;--awb-spacing-left-small:1.92%;\" data-scroll-devices=\"small-visibility,medium-visibility,large-visibility\"><div class=\"fusion-column-wrapper fusion-column-has-shadow fusion-flex-justify-content-flex-start fusion-content-layout-column\"><div class=\"fusion-video fusion-youtube\" style=\"--awb-max-width:600px;--awb-max-height:360px;--awb-align-self:center;--awb-width:100%;\"><div class=\"video-shortcode\"><div class=\"fluid-width-video-wrapper\" style=\"padding-top:60%;\" ><iframe title=\"YouTube video player 3\" src=\"https:\/\/www.youtube.com\/embed\/mQqSepZM7qg?wmode=transparent&autoplay=0\" width=\"600\" height=\"360\" allowfullscreen allow=\"autoplay; clipboard-write; encrypted-media; gyroscope; picture-in-picture;\"><\/iframe><\/div><\/div><\/div><\/div><\/div><\/div><div class=\"fusion-separator fusion-full-width-sep\" style=\"align-self: center;margin-left: auto;margin-right: auto;margin-top:15px;margin-bottom:15px;width:100%;\"><div class=\"fusion-separator-border sep-single sep-solid\" style=\"--awb-height:20px;--awb-amount:20px;--awb-sep-color:var(--awb-custom17);border-color:var(--awb-custom17);border-top-width:1px;\"><\/div><\/div><\/div><\/div><\/div><\/div>","protected":false},"excerpt":{"rendered":"","protected":false},"author":13,"featured_media":112114,"parent":10826,"menu_order":0,"comment_status":"open","ping_status":"closed","template":"","meta":{"_tec_requires_first_save":true,"_monsterinsights_skip_tracking":false,"_monsterinsights_sitenote_active":false,"_monsterinsights_sitenote_note":"","_monsterinsights_sitenote_category":0,"_EventAllDay":false,"_EventTimezone":"","_EventStartDate":"","_EventEndDate":"","_EventStartDateUTC":"","_EventEndDateUTC":"","_EventShowMap":false,"_EventShowMapLink":false,"_EventURL":"","_EventCost":"","_EventCostDescription":"","_EventCurrencySymbol":"","_EventCurrencyCode":"","_EventCurrencyPosition":"","_EventDateTimeSeparator":"","_EventTimeRangeSeparator":"","_EventOrganizerID":[],"_EventVenueID":[],"_OrganizerEmail":"","_OrganizerPhone":"","_OrganizerWebsite":"","_VenueAddress":"","_VenueCity":"","_VenueCountry":"","_VenueProvince":"","_VenueState":"","_VenueZip":"","_VenuePhone":"","_VenueURL":"","_VenueStateProvince":"","_VenueLat":"","_VenueLng":"","_VenueShowMap":false,"_VenueShowMapLink":false,"_tribe_blocks_recurrence_rules":"","_tribe_blocks_recurrence_description":"","_tribe_blocks_recurrence_exclusions":"","footnotes":""},"class_list":["post-10831","page","type-page","status-publish","has-post-thumbnail","hentry"],"_links":{"self":[{"href":"https:\/\/www.lasalle.org\/it\/wp-json\/wp\/v2\/pages\/10831","targetHints":{"allow":["GET"]}}],"collection":[{"href":"https:\/\/www.lasalle.org\/it\/wp-json\/wp\/v2\/pages"}],"about":[{"href":"https:\/\/www.lasalle.org\/it\/wp-json\/wp\/v2\/types\/page"}],"author":[{"embeddable":true,"href":"https:\/\/www.lasalle.org\/it\/wp-json\/wp\/v2\/users\/13"}],"replies":[{"embeddable":true,"href":"https:\/\/www.lasalle.org\/it\/wp-json\/wp\/v2\/comments?post=10831"}],"version-history":[{"count":5,"href":"https:\/\/www.lasalle.org\/it\/wp-json\/wp\/v2\/pages\/10831\/revisions"}],"predecessor-version":[{"id":121298,"href":"https:\/\/www.lasalle.org\/it\/wp-json\/wp\/v2\/pages\/10831\/revisions\/121298"}],"up":[{"embeddable":true,"href":"https:\/\/www.lasalle.org\/it\/wp-json\/wp\/v2\/pages\/10826"}],"wp:featuredmedia":[{"embeddable":true,"href":"https:\/\/www.lasalle.org\/it\/wp-json\/wp\/v2\/media\/112114"}],"wp:attachment":[{"href":"https:\/\/www.lasalle.org\/it\/wp-json\/wp\/v2\/media?parent=10831"}],"curies":[{"name":"wp","href":"https:\/\/api.w.org\/{rel}","templated":true}]}}