{"id":10834,"date":"2018-12-10T14:04:08","date_gmt":"2018-12-10T14:04:08","guid":{"rendered":"http:\/\/lasalle.vl20054.dinaserver.com\/beati-martiri-d-almeria\/"},"modified":"2025-07-28T09:31:57","modified_gmt":"2025-07-28T07:31:57","slug":"beati-martiri-d-almeria","status":"publish","type":"page","link":"https:\/\/www.lasalle.org\/it\/santita-lasalliana\/beati-martiri-d-almeria\/","title":{"rendered":"Beati Martiri d&#8217; Almer\u00eda"},"content":{"rendered":"<div class=\"fusion-fullwidth fullwidth-box fusion-builder-row-1 fusion-flex-container has-pattern-background has-mask-background nonhundred-percent-fullwidth non-hundred-percent-height-scrolling\" style=\"--awb-border-radius-top-left:0px;--awb-border-radius-top-right:0px;--awb-border-radius-bottom-right:0px;--awb-border-radius-bottom-left:0px;--awb-flex-wrap:wrap;\" ><div class=\"fusion-builder-row fusion-row fusion-flex-align-items-flex-start fusion-flex-content-wrap\" style=\"max-width:1248px;margin-left: calc(-4% \/ 2 );margin-right: calc(-4% \/ 2 );\"><div class=\"fusion-layout-column fusion_builder_column fusion-builder-column-0 fusion_builder_column_3_4 3_4 fusion-flex-column\" style=\"--awb-bg-size:cover;--awb-width-large:75%;--awb-margin-top-large:0px;--awb-spacing-right-large:2.56%;--awb-margin-bottom-large:20px;--awb-spacing-left-large:2.56%;--awb-width-medium:75%;--awb-order-medium:0;--awb-spacing-right-medium:2.56%;--awb-spacing-left-medium:2.56%;--awb-width-small:100%;--awb-order-small:0;--awb-spacing-right-small:1.92%;--awb-spacing-left-small:1.92%;\"><div class=\"fusion-column-wrapper fusion-column-has-shadow fusion-flex-justify-content-flex-start fusion-content-layout-column\"><div class=\"fusion-title title fusion-title-1 sep-underline sep-solid fusion-title-text fusion-title-size-two\" style=\"--awb-text-color:var(--awb-custom17);--awb-sep-color:var(--awb-custom17);--awb-font-size:22px;\"><h2 class=\"fusion-title-heading title-heading-left\" style=\"margin:0;font-size:1em;\">Beati Fratelli Martiri d&#8217;Almer\u00eda<\/h2><\/div><div class=\"fusion-text fusion-text-1\"><p><img decoding=\"async\" class=\"alignright size-medium wp-image-8409\" src=\"https:\/\/www.lasalle.org\/wp-content\/uploads\/2018\/12\/almeria-223x300.png\" alt=\"\" width=\"223\" height=\"300\" srcset=\"https:\/\/www.lasalle.org\/wp-content\/uploads\/2018\/12\/almeria-223x300.png 223w, https:\/\/www.lasalle.org\/wp-content\/uploads\/2018\/12\/almeria.png 364w\" sizes=\"(max-width: 223px) 100vw, 223px\" \/>CAUSA DIDACUS VENTAJA MILAN\u2026ET SOCII<\/p>\n<p>La Causa comprende 2 vescovi (Didacus Ventaja Mil\u00e1n e Emmanuel Medina Olmos) e 7 FSC.<\/p>\n<p>Nel 1936 la citt\u00e0 di Almer\u00eda contava 19 Fratelli delle Scuole Cristiane: 15 prestavano la loro opera al Collegio San Jos\u00e9 e 4 alla Scuola di Las Chocillas.<\/p>\n<p>Sette furono scelti da Dio per essere glorificati con la palma del martirio. Morirono in due circostanze e date diverse dell\u2019anno 1936, ma allo stesso modo: trasportati su una camionetta nel territorio di Tabernas, in localit\u00e0 \u201cVenta de los Yesos\u201d, dove c\u2019erano pozzi asciutti e abbandonati, furono uccisi e gettati dentro.<\/p>\n<p>Si tratta dei Fratelli:<\/p>\n<\/div><div class=\"fusion-text fusion-text-2\"><p><strong><img decoding=\"async\" class=\"alignleft\" src=\"https:\/\/www.lasalle.org\/wp-content\/uploads\/2019\/07\/edmigio.png\" alt=\"La imagen tiene un atributo ALT vac\u00c3\u00ado; su nombre de archivo es edmigio.png\" width=\"60\" height=\"86\" \/>Fr. Edmigio<\/strong>\u00a0(Isidoro Primo Rodr\u00edguez), di anni 55<br \/>\nNato a Adalia, Spagna, il 4 aprile 1881<br \/>\nEntrato nel noviziato l\u20198 ottobre 1898<\/p>\n<\/div><div class=\"fusion-text fusion-text-3\"><p><strong><img decoding=\"async\" class=\"alignleft\" src=\"https:\/\/www.lasalle.org\/wp-content\/uploads\/2019\/07\/amalio.png\" alt=\"La imagen tiene un atributo ALT vac\u00c3\u00ado; su nombre de archivo es amalio.png\" width=\"60\" height=\"86\" \/>Fr. Amalio<\/strong>\u00a0(Justo Zariquiegui Mendoza), di anni 50<br \/>\nNato a Salinas de Oro, Spagna, il 6 agosto 1886<br \/>\nEntrato nel noviziato il 13 settembre 1902.<\/p>\n<\/div><div class=\"fusion-text fusion-text-4\"><p><strong><img decoding=\"async\" class=\"alignleft\" src=\"https:\/\/www.lasalle.org\/wp-content\/uploads\/2019\/07\/vbernardo.png\" alt=\"La imagen tiene un atributo ALT vac\u00c3\u00ado; su nombre de archivo es vbernardo.png\" width=\"60\" height=\"86\" \/>Fr. Valerio Bernardo<\/strong>\u00a0(Marciano Herrero Mart\u00ednez), di anni 27<br \/>\nNato a Porquera, Spagna,, l\u201911 luglio 1909<br \/>\nEntrato nel noviziato il 1\u00b0 febbraio 1926<\/p>\n<\/div><div class=\"fusion-text fusion-text-5\"><p><strong><img decoding=\"async\" class=\"alignleft\" src=\"https:\/\/www.lasalle.org\/wp-content\/uploads\/2019\/07\/tjoaquin.png\" alt=\"La imagen tiene un atributo ALT vac\u00c3\u00ado; su nombre de archivo es tjoaquin.png\" width=\"60\" height=\"86\" \/>Fr. Teodomiro Joaqu\u00edn<\/strong>\u00a0(Adri\u00e1n S\u00e1iz S\u00e1iz), di anni 29<br \/>\nNato a Puentedey, Spagna, l\u20198 settembre 1907<br \/>\nEntrato nel noviziato il 15 agosto 1923<\/p>\n<\/div><div class=\"fusion-text fusion-text-6\"><p><strong><img decoding=\"async\" class=\"alignleft\" src=\"https:\/\/www.lasalle.org\/wp-content\/uploads\/2019\/07\/ericardo.png\" alt=\"La imagen tiene un atributo ALT vac\u00c3\u00ado; su nombre de archivo es ericardo.png\" width=\"60\" height=\"86\" \/>Fr. Evencio Ricardo<\/strong>\u00a0(Eusebio Alonso Uyarra), di anni 29<br \/>\nNato a Viloria, Spagna, il 5 marzo 1907<br \/>\nEntrato nel noviziato il 2 febbraio 1923<\/p>\n<\/div><div class=\"fusion-text fusion-text-7\"><p><strong><img decoding=\"async\" class=\"alignleft\" src=\"https:\/\/www.lasalle.org\/wp-content\/uploads\/2019\/07\/amaria.png\" alt=\"La imagen tiene un atributo ALT vac\u00c3\u00ado; su nombre de archivo es amaria.png\" width=\"60\" height=\"86\" \/>Fr. Aurelio Mar\u00eda<\/strong>\u00a0(Bienvenido Villal\u00f3n Acebr\u00f3n), di anni 46<br \/>\nnato a Zafra de Z\u00e1ncara, Spagna, il 22 marzo 1890<br \/>\nEntrato nel noviziato il 22 agosto 190<\/p>\n<\/div><div class=\"fusion-text fusion-text-8\"><p><strong><img decoding=\"async\" class=\"alignleft\" src=\"https:\/\/www.lasalle.org\/wp-content\/uploads\/2019\/07\/jcecilio.png\" alt=\"La imagen tiene un atributo ALT vac\u00c3\u00ado; su nombre de archivo es jcecilio.png\" width=\"60\" height=\"86\" \/>Fr. Jos\u00e9 Cecilio<\/strong>\u00a0(Bonifacio Rodr\u00edguez Gonz\u00e1lez), di anni 51<br \/>\nNato (in La Molina de Ubierna, Espa\u00f1a) il 14 maggio 1885<br \/>\nEntrato nel noviziato il 21 novembre 1901<\/p>\n<\/div><div class=\"fusion-separator fusion-full-width-sep\" style=\"align-self: center;margin-left: auto;margin-right: auto;margin-top:15px;margin-bottom:15px;width:100%;\"><div class=\"fusion-separator-border sep-single sep-solid\" style=\"--awb-height:20px;--awb-amount:20px;--awb-sep-color:var(--awb-custom17);border-color:var(--awb-custom17);border-top-width:1px;\"><\/div><\/div><nav class=\"fusion-breadcrumbs fusion-breadcrumbs-1\" style=\"--awb-breadcrumb-sep:&#039;\/&#039;;\" aria-label=\"Breadcrumb\"><ol class=\"awb-breadcrumb-list\"><\/ol><\/nav><\/div><\/div><div class=\"fusion-layout-column fusion_builder_column fusion-builder-column-1 fusion_builder_column_1_4 1_4 fusion-flex-column\" style=\"--awb-bg-size:cover;--awb-width-large:25%;--awb-margin-top-large:0px;--awb-spacing-right-large:7.68%;--awb-margin-bottom-large:20px;--awb-spacing-left-large:7.68%;--awb-width-medium:25%;--awb-order-medium:0;--awb-spacing-right-medium:7.68%;--awb-spacing-left-medium:7.68%;--awb-width-small:100%;--awb-order-small:0;--awb-spacing-right-small:1.92%;--awb-spacing-left-small:1.92%;\"><div class=\"fusion-column-wrapper fusion-column-has-shadow fusion-flex-justify-content-flex-start fusion-content-layout-column\"><div class=\"fusion-title title fusion-title-2 sep-underline sep-solid fusion-title-text fusion-title-size-two\" style=\"--awb-text-color:var(--awb-custom17);--awb-sep-color:var(--awb-custom17);--awb-font-size:22px;\"><h2 class=\"fusion-title-heading title-heading-left\" style=\"margin:0;font-size:1em;\">Date importanti<\/h2><\/div><ul style=\"--awb-line-height:27.2px;--awb-icon-width:27.2px;--awb-icon-height:27.2px;--awb-icon-margin:11.2px;--awb-content-margin:38.4px;--awb-circlecolor:var(--awb-custom17);--awb-circle-yes-font-size:14.08px;\" class=\"fusion-checklist fusion-checklist-1 fusion-checklist-default type-icons\"><li class=\"fusion-li-item\" style=\"\"><span class=\"icon-wrapper circle-yes\"><i class=\"fusion-li-icon fa-star-half far\" aria-hidden=\"true\"><\/i><\/span><div class=\"fusion-li-item-content\">\n<p><strong>Memoria liturgica: 6 novembre<\/strong><\/p>\n<\/div><\/li><li class=\"fusion-li-item\" style=\"\"><span class=\"icon-wrapper circle-yes\"><i class=\"fusion-li-icon fa-star-half far\" aria-hidden=\"true\"><\/i><\/span><div class=\"fusion-li-item-content\">\n<p>10\/10\/1993: Beatificazione \u2013 S.S. Giovanni Paolo Il<\/p>\n<\/div><\/li><\/ul><div class=\"fusion-title title fusion-title-3 sep-underline sep-solid fusion-title-text fusion-title-size-two\" style=\"--awb-text-color:var(--awb-custom17);--awb-sep-color:var(--awb-custom17);--awb-font-size:22px;\"><h2 class=\"fusion-title-heading title-heading-left\" style=\"margin:0;font-size:1em;\">Risorse<\/h2><\/div><ul style=\"--awb-line-height:27.2px;--awb-icon-width:27.2px;--awb-icon-height:27.2px;--awb-icon-margin:11.2px;--awb-content-margin:38.4px;--awb-circlecolor:var(--awb-custom17);--awb-circle-yes-font-size:14.08px;\" class=\"fusion-checklist fusion-checklist-2 fusion-checklist-default type-icons\"><li class=\"fusion-li-item\" style=\"\"><span class=\"icon-wrapper circle-yes\"><i class=\"fusion-li-icon fa-file-image far\" aria-hidden=\"true\"><\/i><\/span><div class=\"fusion-li-item-content\">\n<p><a href=\"https:\/\/goo.gl\/photos\/KefTsVMPDPkpNKht8\" target=\"_blank\" rel=\"noreferrer noopener\">Immagini<\/a><\/p>\n<\/div><\/li><\/ul><div class=\"fusion-separator fusion-full-width-sep\" style=\"align-self: center;margin-left: auto;margin-right: auto;margin-top:15px;margin-bottom:15px;width:100%;\"><div class=\"fusion-separator-border sep-single sep-solid\" style=\"--awb-height:20px;--awb-amount:20px;--awb-sep-color:var(--awb-custom17);border-color:var(--awb-custom17);border-top-width:1px;\"><\/div><\/div><\/div><\/div><\/div><\/div>\n","protected":false},"excerpt":{"rendered":"","protected":false},"author":13,"featured_media":112245,"parent":10826,"menu_order":0,"comment_status":"open","ping_status":"closed","template":"","meta":{"_tec_requires_first_save":true,"_monsterinsights_skip_tracking":false,"_monsterinsights_sitenote_active":false,"_monsterinsights_sitenote_note":"","_monsterinsights_sitenote_category":0,"_EventAllDay":false,"_EventTimezone":"","_EventStartDate":"","_EventEndDate":"","_EventStartDateUTC":"","_EventEndDateUTC":"","_EventShowMap":false,"_EventShowMapLink":false,"_EventURL":"","_EventCost":"","_EventCostDescription":"","_EventCurrencySymbol":"","_EventCurrencyCode":"","_EventCurrencyPosition":"","_EventDateTimeSeparator":"","_EventTimeRangeSeparator":"","_EventOrganizerID":[],"_EventVenueID":[],"_OrganizerEmail":"","_OrganizerPhone":"","_OrganizerWebsite":"","_VenueAddress":"","_VenueCity":"","_VenueCountry":"","_VenueProvince":"","_VenueState":"","_VenueZip":"","_VenuePhone":"","_VenueURL":"","_VenueStateProvince":"","_VenueLat":"","_VenueLng":"","_VenueShowMap":false,"_VenueShowMapLink":false,"_tribe_blocks_recurrence_rules":"","_tribe_blocks_recurrence_description":"","_tribe_blocks_recurrence_exclusions":"","footnotes":""},"class_list":["post-10834","page","type-page","status-publish","has-post-thumbnail","hentry"],"_links":{"self":[{"href":"https:\/\/www.lasalle.org\/it\/wp-json\/wp\/v2\/pages\/10834","targetHints":{"allow":["GET"]}}],"collection":[{"href":"https:\/\/www.lasalle.org\/it\/wp-json\/wp\/v2\/pages"}],"about":[{"href":"https:\/\/www.lasalle.org\/it\/wp-json\/wp\/v2\/types\/page"}],"author":[{"embeddable":true,"href":"https:\/\/www.lasalle.org\/it\/wp-json\/wp\/v2\/users\/13"}],"replies":[{"embeddable":true,"href":"https:\/\/www.lasalle.org\/it\/wp-json\/wp\/v2\/comments?post=10834"}],"version-history":[{"count":5,"href":"https:\/\/www.lasalle.org\/it\/wp-json\/wp\/v2\/pages\/10834\/revisions"}],"predecessor-version":[{"id":116548,"href":"https:\/\/www.lasalle.org\/it\/wp-json\/wp\/v2\/pages\/10834\/revisions\/116548"}],"up":[{"embeddable":true,"href":"https:\/\/www.lasalle.org\/it\/wp-json\/wp\/v2\/pages\/10826"}],"wp:featuredmedia":[{"embeddable":true,"href":"https:\/\/www.lasalle.org\/it\/wp-json\/wp\/v2\/media\/112245"}],"wp:attachment":[{"href":"https:\/\/www.lasalle.org\/it\/wp-json\/wp\/v2\/media?parent=10834"}],"curies":[{"name":"wp","href":"https:\/\/api.w.org\/{rel}","templated":true}]}}