{"id":10840,"date":"2018-12-10T14:04:08","date_gmt":"2018-12-10T14:04:08","guid":{"rendered":"http:\/\/lasalle.vl20054.dinaserver.com\/san-jaime-hilario-barbal\/"},"modified":"2025-07-25T15:17:28","modified_gmt":"2025-07-25T13:17:28","slug":"san-jaime-hilario-barbal","status":"publish","type":"page","link":"https:\/\/www.lasalle.org\/it\/santita-lasalliana\/san-jaime-hilario-barbal\/","title":{"rendered":"San Jaime Hilario Barbal"},"content":{"rendered":"<div class=\"fusion-fullwidth fullwidth-box fusion-builder-row-1 fusion-flex-container has-pattern-background has-mask-background nonhundred-percent-fullwidth non-hundred-percent-height-scrolling\" style=\"--awb-border-radius-top-left:0px;--awb-border-radius-top-right:0px;--awb-border-radius-bottom-right:0px;--awb-border-radius-bottom-left:0px;--awb-flex-wrap:wrap;\" ><div class=\"fusion-builder-row fusion-row fusion-flex-align-items-flex-start fusion-flex-content-wrap\" style=\"max-width:1248px;margin-left: calc(-4% \/ 2 );margin-right: calc(-4% \/ 2 );\"><div class=\"fusion-layout-column fusion_builder_column fusion-builder-column-0 fusion_builder_column_3_4 3_4 fusion-flex-column\" style=\"--awb-bg-size:cover;--awb-width-large:75%;--awb-margin-top-large:0px;--awb-spacing-right-large:2.56%;--awb-margin-bottom-large:20px;--awb-spacing-left-large:2.56%;--awb-width-medium:75%;--awb-order-medium:0;--awb-spacing-right-medium:2.56%;--awb-spacing-left-medium:2.56%;--awb-width-small:100%;--awb-order-small:0;--awb-spacing-right-small:1.92%;--awb-spacing-left-small:1.92%;\"><div class=\"fusion-column-wrapper fusion-column-has-shadow fusion-flex-justify-content-flex-start fusion-content-layout-column\"><div class=\"fusion-title title fusion-title-1 sep-underline sep-solid fusion-title-text fusion-title-size-two\" style=\"--awb-text-color:var(--awb-custom17);--awb-sep-color:var(--awb-custom17);--awb-font-size:22px;\"><h2 class=\"fusion-title-heading title-heading-left\" style=\"margin:0;font-size:1em;\">San Jaime Hilario Barbal<\/h2><\/div><div class=\"fusion-text fusion-text-1\"><p><!-- \/wp:post-content --><\/p>\n<p><!-- wp:image  --><\/p>\n<div class=\"wp-block-image\">\n<figure class=\"alignright is-resized\"><img decoding=\"async\" class=\"wp-image-2629\" src=\"https:\/\/www.lasalle.org\/wp-content\/uploads\/2018\/11\/jaime_hilario.png\" alt=\"\" width=\"182\" height=\"245\" srcset=\"https:\/\/www.lasalle.org\/wp-content\/uploads\/2018\/11\/jaime_hilario-223x300.png 223w, https:\/\/www.lasalle.org\/wp-content\/uploads\/2018\/11\/jaime_hilario.png 364w\" sizes=\"(max-width: 182px) 100vw, 182px\" \/><\/figure>\n<\/div>\n<p><!-- \/wp:image --><\/p>\n<p><!-- wp:paragraph --><\/p>\n<p><em>CAUSA JACOBUS HILARIUS -Tarraconen.<\/em><\/p>\n<p><em>La Causa comprende soltanto questo Fratello<\/em><\/p>\n<p><!-- \/wp:paragraph --><\/p>\n<p><!-- wp:paragraph --><\/p>\n<p>La morte eroica e drammatica di questo religioso dest\u00f2 meraviglia e spavento negli stessi componenti il picchetto incaricato della fucilazione. Poich\u00e9 il Fratello rimase in piedi dopo una prima scarica e anche dopo una seconda, gli uccisori gettarono i fucili e fuggirono spaventati.<\/p>\n<p><img decoding=\"async\" class=\"alignleft size-thumbnail wp-image-116527\" src=\"https:\/\/www.lasalle.org\/wp-content\/uploads\/2025\/07\/icona_turon-150x150.jpg\" alt=\"\" width=\"150\" height=\"150\" srcset=\"https:\/\/www.lasalle.org\/wp-content\/uploads\/2025\/07\/icona_turon-66x66.jpg 66w, https:\/\/www.lasalle.org\/wp-content\/uploads\/2025\/07\/icona_turon-150x150.jpg 150w, https:\/\/www.lasalle.org\/wp-content\/uploads\/2025\/07\/icona_turon.jpg 200w\" sizes=\"(max-width: 150px) 100vw, 150px\" \/>Il comandante, pieno d'ira, si avvicin\u00f2 al Fratello e gli scaric\u00f2 sul volto tutte le pallottole della sua pistola. Aveva 36 anni.<\/p>\n<p><!-- \/wp:paragraph --><\/p>\n<p><!-- wp:paragraph --><\/p>\n<p>Fratel Jaime Hilario fu beatificato insieme agli 8 Fratelli di Tur\u00f3n e al loro cappellano unicamente perch\u00e9 la sua Causa termin\u00f2 nello stesso periodo ed era della stessa Congregazione.<\/p>\n<\/div><div class=\"fusion-separator fusion-full-width-sep\" style=\"align-self: center;margin-left: auto;margin-right: auto;margin-top:15px;margin-bottom:15px;width:100%;\"><div class=\"fusion-separator-border sep-single sep-solid\" style=\"--awb-height:20px;--awb-amount:20px;--awb-sep-color:var(--awb-custom17);border-color:var(--awb-custom17);border-top-width:1px;\"><\/div><\/div><nav class=\"fusion-breadcrumbs fusion-breadcrumbs-1\" style=\"--awb-breadcrumb-sep:&#039;\/&#039;;\" aria-label=\"Breadcrumb\"><ol class=\"awb-breadcrumb-list\"><\/ol><\/nav><\/div><\/div><div class=\"fusion-layout-column fusion_builder_column fusion-builder-column-1 fusion_builder_column_1_4 1_4 fusion-flex-column\" style=\"--awb-bg-size:cover;--awb-width-large:25%;--awb-margin-top-large:0px;--awb-spacing-right-large:7.68%;--awb-margin-bottom-large:20px;--awb-spacing-left-large:7.68%;--awb-width-medium:25%;--awb-order-medium:0;--awb-spacing-right-medium:7.68%;--awb-spacing-left-medium:7.68%;--awb-width-small:100%;--awb-order-small:0;--awb-spacing-right-small:1.92%;--awb-spacing-left-small:1.92%;\"><div class=\"fusion-column-wrapper fusion-column-has-shadow fusion-flex-justify-content-flex-start fusion-content-layout-column\"><div class=\"fusion-title title fusion-title-2 sep-underline sep-solid fusion-title-text fusion-title-size-two\" style=\"--awb-text-color:var(--awb-custom17);--awb-sep-color:var(--awb-custom17);--awb-font-size:22px;\"><h2 class=\"fusion-title-heading title-heading-left\" style=\"margin:0;font-size:1em;\">Date importanti<\/h2><\/div><ul style=\"--awb-line-height:27.2px;--awb-icon-width:27.2px;--awb-icon-height:27.2px;--awb-icon-margin:11.2px;--awb-content-margin:38.4px;--awb-circlecolor:var(--awb-custom17);--awb-circle-yes-font-size:14.08px;\" class=\"fusion-checklist fusion-checklist-1 fusion-checklist-default type-icons\"><li class=\"fusion-li-item\" style=\"\"><span class=\"icon-wrapper circle-yes\"><i class=\"fusion-li-icon fa-star-half far\" aria-hidden=\"true\"><\/i><\/span><div class=\"fusion-li-item-content\">\r\n<p><strong>Memoria liturgica: 9 ottobre<\/strong><\/p>\r\n<\/div><\/li><li class=\"fusion-li-item\" style=\"\"><span class=\"icon-wrapper circle-yes\"><i class=\"fusion-li-icon fa-star-half far\" aria-hidden=\"true\"><\/i><\/span><div class=\"fusion-li-item-content\">\r\n<p>Beatificazione: 29\/4\/1990 &#8211; S.S. Giovanni Paolo Il<\/p>\r\n<\/div><\/li><li class=\"fusion-li-item\" style=\"\"><span class=\"icon-wrapper circle-yes\"><i class=\"fusion-li-icon fa-star-half far\" aria-hidden=\"true\"><\/i><\/span><div class=\"fusion-li-item-content\">\r\n<p>Canonizzazione: 21\/11\/1999 &#8211; S.S. Giovanni Paolo Il<\/p>\r\n<\/div><\/li><\/ul><div class=\"fusion-separator fusion-full-width-sep\" style=\"align-self: center;margin-left: auto;margin-right: auto;margin-top:10px;margin-bottom:10px;width:100%;\"><\/div><div class=\"fusion-title title fusion-title-3 sep-underline sep-solid fusion-title-text fusion-title-size-two\" style=\"--awb-text-color:var(--awb-custom17);--awb-sep-color:var(--awb-custom17);--awb-font-size:22px;\"><h2 class=\"fusion-title-heading title-heading-left\" style=\"margin:0;font-size:1em;\">In relazione<\/h2><\/div><ul style=\"--awb-line-height:27.2px;--awb-icon-width:27.2px;--awb-icon-height:27.2px;--awb-icon-margin:11.2px;--awb-content-margin:38.4px;--awb-circlecolor:var(--awb-custom17);--awb-circle-yes-font-size:14.08px;\" class=\"fusion-checklist fusion-checklist-2 fusion-checklist-default type-icons\"><li class=\"fusion-li-item\" style=\"\"><span class=\"icon-wrapper circle-yes\"><i class=\"fusion-li-icon fa-file-alt far\" aria-hidden=\"true\"><\/i><\/span><div class=\"fusion-li-item-content\">\r\n<p><a href=\"http:\/\/www.lasalle.org\/it\/santita-lasalliana\/santi-martiri-di-turon\/\">Santi Martiri di Tur\u00f3n<\/a>\u00a01934 (9 Ottobre)<\/p>\r\n<\/div><\/li><\/ul><div class=\"fusion-separator fusion-full-width-sep\" style=\"align-self: center;margin-left: auto;margin-right: auto;margin-top:10px;margin-bottom:10px;width:100%;\"><\/div><div class=\"fusion-title title fusion-title-4 sep-underline sep-solid fusion-title-text fusion-title-size-two\" style=\"--awb-text-color:var(--awb-custom17);--awb-sep-color:var(--awb-custom17);--awb-font-size:22px;\"><h2 class=\"fusion-title-heading title-heading-left\" style=\"margin:0;font-size:1em;\">Risorse<\/h2><\/div><ul style=\"--awb-line-height:27.2px;--awb-icon-width:27.2px;--awb-icon-height:27.2px;--awb-icon-margin:11.2px;--awb-content-margin:38.4px;--awb-circlecolor:var(--awb-custom17);--awb-circle-yes-font-size:14.08px;\" class=\"fusion-checklist fusion-checklist-3 fusion-checklist-default type-icons\"><li class=\"fusion-li-item\" style=\"\"><span class=\"icon-wrapper circle-yes\"><i class=\"fusion-li-icon fa-file-pdf far\" aria-hidden=\"true\"><\/i><\/span><div class=\"fusion-li-item-content\">\r\n<p><a href=\"https:\/\/www.lasalle.org\/wp-content\/uploads\/2019\/09\/9-ottobre-SS.-CIRILLO-GIACOMO-e-COMPAGNI-Martiri.pdf\" target=\"_blank\" rel=\"noopener\">9 ottobre \u2013 Testo liturgico<\/a><br \/>approvato dalla Congregazione per il Culto Divino e la Disciplina dei Sacramenti.<\/p>\r\n<\/div><\/li><li class=\"fusion-li-item\" style=\"\"><span class=\"icon-wrapper circle-yes\"><i class=\"fusion-li-icon fa-file-image far\" aria-hidden=\"true\"><\/i><\/span><div class=\"fusion-li-item-content\">\r\n<p><a href=\"https:\/\/goo.gl\/photos\/dj9ovTYdf9YSoQ9b8\" target=\"_blank\" rel=\"noreferrer noopener\">Immagini San Jaime Hilario Barbal<\/a><\/p>\r\n<\/div><\/li><li class=\"fusion-li-item\" style=\"\"><span class=\"icon-wrapper circle-yes\"><i class=\"fusion-li-icon fa-flickr fab\" aria-hidden=\"true\"><\/i><\/span><div class=\"fusion-li-item-content\">\r\n<p><a href=\"https:\/\/www.flickr.com\/photos\/lasalle_org\/albums\/72177720314187468\/\" target=\"_blank\" rel=\"noopener\">Beatificazione Martiri Tur\u00f3n e Jaime Hilario<\/a>\u00a0(29 aprile 1990)<\/p>\r\n<\/div><\/li><li class=\"fusion-li-item\" style=\"\"><span class=\"icon-wrapper circle-yes\"><i class=\"fusion-li-icon fa-flickr fab\" aria-hidden=\"true\"><\/i><\/span><div class=\"fusion-li-item-content\">\r\n<p><a href=\"https:\/\/www.flickr.com\/photos\/lasalle_org\/albums\/72177720314176536\/\" target=\"_blank\" rel=\"noopener\">Canonizazione Martiri Tur\u00f3n e Jaime Hilario<\/a>\u00a0(21 novembre 1999)<\/p>\r\n<\/div><\/li><\/ul><div class=\"fusion-separator fusion-full-width-sep\" style=\"align-self: center;margin-left: auto;margin-right: auto;margin-top:15px;margin-bottom:15px;width:100%;\"><div class=\"fusion-separator-border sep-single sep-solid\" style=\"--awb-height:20px;--awb-amount:20px;--awb-sep-color:var(--awb-custom17);border-color:var(--awb-custom17);border-top-width:1px;\"><\/div><\/div><\/div><\/div><\/div><\/div>","protected":false},"excerpt":{"rendered":"","protected":false},"author":13,"featured_media":112232,"parent":10826,"menu_order":0,"comment_status":"open","ping_status":"closed","template":"","meta":{"_tec_requires_first_save":true,"_monsterinsights_skip_tracking":false,"_monsterinsights_sitenote_active":false,"_monsterinsights_sitenote_note":"","_monsterinsights_sitenote_category":0,"_EventAllDay":false,"_EventTimezone":"","_EventStartDate":"","_EventEndDate":"","_EventStartDateUTC":"","_EventEndDateUTC":"","_EventShowMap":false,"_EventShowMapLink":false,"_EventURL":"","_EventCost":"","_EventCostDescription":"","_EventCurrencySymbol":"","_EventCurrencyCode":"","_EventCurrencyPosition":"","_EventDateTimeSeparator":"","_EventTimeRangeSeparator":"","_EventOrganizerID":[],"_EventVenueID":[],"_OrganizerEmail":"","_OrganizerPhone":"","_OrganizerWebsite":"","_VenueAddress":"","_VenueCity":"","_VenueCountry":"","_VenueProvince":"","_VenueState":"","_VenueZip":"","_VenuePhone":"","_VenueURL":"","_VenueStateProvince":"","_VenueLat":"","_VenueLng":"","_VenueShowMap":false,"_VenueShowMapLink":false,"_tribe_blocks_recurrence_rules":"","_tribe_blocks_recurrence_description":"","_tribe_blocks_recurrence_exclusions":"","footnotes":""},"class_list":["post-10840","page","type-page","status-publish","has-post-thumbnail","hentry"],"_links":{"self":[{"href":"https:\/\/www.lasalle.org\/it\/wp-json\/wp\/v2\/pages\/10840","targetHints":{"allow":["GET"]}}],"collection":[{"href":"https:\/\/www.lasalle.org\/it\/wp-json\/wp\/v2\/pages"}],"about":[{"href":"https:\/\/www.lasalle.org\/it\/wp-json\/wp\/v2\/types\/page"}],"author":[{"embeddable":true,"href":"https:\/\/www.lasalle.org\/it\/wp-json\/wp\/v2\/users\/13"}],"replies":[{"embeddable":true,"href":"https:\/\/www.lasalle.org\/it\/wp-json\/wp\/v2\/comments?post=10840"}],"version-history":[{"count":6,"href":"https:\/\/www.lasalle.org\/it\/wp-json\/wp\/v2\/pages\/10840\/revisions"}],"predecessor-version":[{"id":116531,"href":"https:\/\/www.lasalle.org\/it\/wp-json\/wp\/v2\/pages\/10840\/revisions\/116531"}],"up":[{"embeddable":true,"href":"https:\/\/www.lasalle.org\/it\/wp-json\/wp\/v2\/pages\/10826"}],"wp:featuredmedia":[{"embeddable":true,"href":"https:\/\/www.lasalle.org\/it\/wp-json\/wp\/v2\/media\/112232"}],"wp:attachment":[{"href":"https:\/\/www.lasalle.org\/it\/wp-json\/wp\/v2\/media?parent=10840"}],"curies":[{"name":"wp","href":"https:\/\/api.w.org\/{rel}","templated":true}]}}