{"id":10842,"date":"2018-12-10T14:04:08","date_gmt":"2018-12-10T14:04:08","guid":{"rendered":"http:\/\/lasalle.vl20054.dinaserver.com\/santi-martiri-di-turon\/"},"modified":"2025-07-25T13:35:33","modified_gmt":"2025-07-25T11:35:33","slug":"santi-martiri-di-turon","status":"publish","type":"page","link":"https:\/\/www.lasalle.org\/it\/santita-lasalliana\/santi-martiri-di-turon\/","title":{"rendered":"Santi Martiri di Tur\u00f3n (Asturie)"},"content":{"rendered":"<div class=\"fusion-fullwidth fullwidth-box fusion-builder-row-1 fusion-flex-container has-pattern-background has-mask-background nonhundred-percent-fullwidth non-hundred-percent-height-scrolling\" style=\"--awb-border-radius-top-left:0px;--awb-border-radius-top-right:0px;--awb-border-radius-bottom-right:0px;--awb-border-radius-bottom-left:0px;--awb-flex-wrap:wrap;\" ><div class=\"fusion-builder-row fusion-row fusion-flex-align-items-flex-start fusion-flex-content-wrap\" style=\"max-width:1248px;margin-left: calc(-4% \/ 2 );margin-right: calc(-4% \/ 2 );\"><div class=\"fusion-layout-column fusion_builder_column fusion-builder-column-0 fusion_builder_column_3_4 3_4 fusion-flex-column\" style=\"--awb-bg-size:cover;--awb-width-large:75%;--awb-margin-top-large:0px;--awb-spacing-right-large:2.56%;--awb-margin-bottom-large:20px;--awb-spacing-left-large:2.56%;--awb-width-medium:75%;--awb-order-medium:0;--awb-spacing-right-medium:2.56%;--awb-spacing-left-medium:2.56%;--awb-width-small:100%;--awb-order-small:0;--awb-spacing-right-small:1.92%;--awb-spacing-left-small:1.92%;\"><div class=\"fusion-column-wrapper fusion-column-has-shadow fusion-flex-justify-content-flex-start fusion-content-layout-column\"><div class=\"fusion-title title fusion-title-1 sep-underline sep-solid fusion-title-text fusion-title-size-two\" style=\"--awb-text-color:var(--awb-custom17);--awb-sep-color:var(--awb-custom17);--awb-font-size:22px;\"><h2 class=\"fusion-title-heading title-heading-left\" style=\"margin:0;font-size:1em;\">Santi Fratelli Martiri di Tur\u00f3n (Asturie)<\/h2><\/div><div class=\"fusion-text fusion-text-1\"><div class=\"wp-block-image\">\n<figure class=\"alignright is-resized\"><img decoding=\"async\" class=\"wp-image-2632\" src=\"https:\/\/www.lasalle.org\/wp-content\/uploads\/2018\/11\/mart_turon.png\" alt=\"\" width=\"182\" height=\"245\" srcset=\"https:\/\/www.lasalle.org\/wp-content\/uploads\/2018\/11\/mart_turon-223x300.png 223w, https:\/\/www.lasalle.org\/wp-content\/uploads\/2018\/11\/mart_turon.png 364w\" sizes=\"(max-width: 182px) 100vw, 182px\" \/><\/figure>\n<\/div>\n<p><!-- \/wp:post-content --><\/p>\n<p><!-- wp:paragraph --><\/p>\n<p><em>CAUSA CYRILLUS BERTRAN et VII SOCI\/ necnon INNOCENTIUS AB IMMACOLATA<\/em><\/p>\n<p><em>La Causa comprende <strong>8 FSC <\/strong>e 1 religioso Passionista.<\/em><\/p>\n<p><!-- \/wp:paragraph --><\/p>\n<p><!-- wp:paragraph --><\/p>\n<p>I Fratelli di questa scuola furono le prime vittime in ordine di tempo, massacrati a Tur\u00f3n, villaggio minerario delle Asturie, nel 1934, insieme al loro cappellano, di fronte alla scuola frequentata anche dai figli di qualcuno dei loro carnefici.<\/p>\n<p>Era l&#8217;inizio dell&#8217;uragano che si sarebbe scatenato venti mesi dopo in tutta la nazione. Questi Fratelli morirono giovani, impavidi di fronte alla morte, sicuri che nella morte avrebbero trovato la vita, quella eterna. Sono i Fratelli:<\/p>\n<p><!-- \/wp:paragraph --><\/p>\n<p><!-- wp:paragraph --><\/p>\n<\/div><div class=\"fusion-text fusion-text-2\"><p><strong><img decoding=\"async\" class=\"alignleft\" src=\"https:\/\/www.lasalle.org\/wp-content\/uploads\/2019\/07\/cirilobertran.png\" alt=\"La imagen tiene un atributo ALT vac\u00c3\u00ado; su nombre de archivo es cirilobertran.png\" width=\"47\" height=\"73\" \/>San Cirilo Bertr\u00e1n<\/strong>\u00a0(Jos\u00e9 Sanz Tejedor),\u00a0<em>Direttore della Comunit\u00e0<\/em>, di anni 46<br \/>Nato a Lerma (Burgos), Spagna, il 20 marzo 1888<br \/>Entrado en el Noviciado il 23 ottobre 1906<\/p>\n<\/div><div class=\"fusion-text fusion-text-3\"><p><strong><img decoding=\"async\" class=\"alignleft\" src=\"https:\/\/www.lasalle.org\/wp-content\/uploads\/2019\/07\/marcianojose.png\" alt=\"La imagen tiene un atributo ALT vac\u00c3\u00ado; su nombre de archivo es marcianojose.png\" width=\"49\" height=\"73\" \/>San Marciano Jos\u00e9<\/strong>\u00a0(Filomeno L\u00f3pez y L\u00f3pez), di anni 34<br \/>Nato a El Pedregal (Guadalajara), Spagna, il 15 novembre 1900<br \/>Entrado en el Noviciado il 20 settembre 1916<\/p>\n<\/div><div class=\"fusion-text fusion-text-4\"><p><strong><img decoding=\"async\" class=\"alignleft\" src=\"https:\/\/www.lasalle.org\/wp-content\/uploads\/2019\/07\/julianalfredo.png\" alt=\"La imagen tiene un atributo ALT vac\u00c3\u00ado; su nombre de archivo es julianalfredo.png\" width=\"47\" height=\"72\" \/>San Juli\u00e1n Alfredo<\/strong>\u00a0(Vilfrido Fern\u00e1ndez Zapico), di anni 32<br \/>Nato a Cifuentes de Rueda (Le\u00f3n), Spagna, il 24 dicembre 1903<br \/>Entrado en el Noviciado il 4 febbraio 1926<\/p>\n<\/div><div class=\"fusion-text fusion-text-5\"><p><strong><img decoding=\"async\" class=\"alignleft\" src=\"https:\/\/www.lasalle.org\/wp-content\/uploads\/2019\/07\/victorianopio01.png\" alt=\"La imagen tiene un atributo ALT vac\u00c3\u00ado; su nombre de archivo es victorianopio01.png\" width=\"47\" height=\"71\" \/>San Victoriano P\u00edo<\/strong>\u00a0(Claudio Bernab\u00e9 Cano), di anni 29<br \/>Nato a San Millan de Lora (Borgos), Spagna, il 7 de luglio de 1905<br \/>Entrado en el Noviciado il 30 agosto 1921<\/p>\n<\/div><div class=\"fusion-text fusion-text-6\"><p><strong><img decoding=\"async\" class=\"alignleft\" src=\"https:\/\/www.lasalle.org\/wp-content\/uploads\/2019\/07\/benjaminjulian.png\" alt=\"La imagen tiene un atributo ALT vac\u00c3\u00ado; su nombre de archivo es benjaminjulian.png\" width=\"51\" height=\"75\" \/>San Benjam\u00edn Juli\u00e1n<\/strong>\u00a0(Vicente Alonso Andr\u00e9s), di anni 26<br \/>Nato a Jamarillo de la Fuente (Burgos), Spagna, il 27 ottobre 1908<br \/>Entrado en el Noviciado il 29 agosto 1924<\/p>\n<\/div><div class=\"fusion-text fusion-text-7\"><p><strong><img decoding=\"async\" class=\"alignleft\" src=\"https:\/\/www.lasalle.org\/wp-content\/uploads\/2019\/07\/augustoandres.png\" alt=\"La imagen tiene un atributo ALT vac\u00c3\u00ado; su nombre de archivo es augustoandres.png\" width=\"49\" height=\"70\" \/>San Augusto Andr\u00e9s<\/strong>\u00a0(Rom\u00e1n Mart\u00edn Fern\u00e1ndez), di anni 24<br \/>Nato a Santander, Spagna, il 6 maggio 1910<br \/>Entrado en el Noviciado il 3 febbraio 1926<\/p>\n<\/div><div class=\"fusion-text fusion-text-8\"><p><strong><img decoding=\"async\" class=\"alignleft\" src=\"https:\/\/www.lasalle.org\/wp-content\/uploads\/2019\/07\/benitodejesus.png\" alt=\"La imagen tiene un atributo ALT vac\u00c3\u00ado; su nombre de archivo es benitodejesus.png\" width=\"50\" height=\"72\" \/>San Benito de Jes\u00fas<\/strong>\u00a0(H\u00e9ctor Valdivieso S\u00e1ez), 1\u00ba santo argentino, di anni 24<br \/>Nato a Buenos Aires, Argentine, il 31 ottobre 1910<br \/>Entrado en el Noviciado il 7 agosto 1926<\/p>\n<\/div><div class=\"fusion-text fusion-text-9\"><p><strong><img decoding=\"async\" class=\"alignleft\" src=\"https:\/\/www.lasalle.org\/wp-content\/uploads\/2019\/07\/anicetoadolfo.png\" alt=\"La imagen tiene un atributo ALT vac\u00c3\u00ado; su nombre de archivo es anicetoadolfo.png\" width=\"48\" height=\"71\" \/>San Anicet Adolfo<\/strong>\u00a0(Manuel Seco Guti\u00e9rrez), di anni 22<br \/>Nato a Celada Marlantes (Santander), Spagna, il 4 ottobre 1912<br \/>Entrado en el Noviciado il 6 settembre 1928<\/p>\n<\/div><div class=\"fusion-text fusion-text-10\"><p><img decoding=\"async\" class=\"alignleft\" src=\"https:\/\/www.lasalle.org\/wp-content\/uploads\/2019\/07\/pinocencio.png\" alt=\"La imagen tiene un atributo ALT vac\u00c3\u00ado; su nombre de archivo es pinocencio.png\" width=\"49\" height=\"74\" \/><a href=\"http:\/\/www.passiochristi.org\/san-inocencio-canoura\/?lang=es\"><strong>San Inocencio de la Immaculada, CP<\/strong><\/a>\u00a0(Manuel Canoure Arnau), di anni 47<br \/>Nato a Cecilia del Valle de Oro (Lugo), Spagna, il 10 marzo 1887<br \/>Ordinato sacerdote il 20 settembre 1920<\/p>\n<\/div><div class=\"fusion-separator fusion-full-width-sep\" style=\"align-self: center;margin-left: auto;margin-right: auto;margin-top:15px;margin-bottom:15px;width:100%;\"><div class=\"fusion-separator-border sep-single sep-solid\" style=\"--awb-height:20px;--awb-amount:20px;--awb-sep-color:var(--awb-custom17);border-color:var(--awb-custom17);border-top-width:1px;\"><\/div><\/div><nav class=\"fusion-breadcrumbs fusion-breadcrumbs-1\" style=\"--awb-breadcrumb-sep:&#039;\/&#039;;\" aria-label=\"Breadcrumb\"><ol class=\"awb-breadcrumb-list\"><\/ol><\/nav><\/div><\/div><div class=\"fusion-layout-column fusion_builder_column fusion-builder-column-1 fusion_builder_column_1_4 1_4 fusion-flex-column\" style=\"--awb-bg-size:cover;--awb-width-large:25%;--awb-margin-top-large:0px;--awb-spacing-right-large:7.68%;--awb-margin-bottom-large:20px;--awb-spacing-left-large:7.68%;--awb-width-medium:25%;--awb-order-medium:0;--awb-spacing-right-medium:7.68%;--awb-spacing-left-medium:7.68%;--awb-width-small:100%;--awb-order-small:0;--awb-spacing-right-small:1.92%;--awb-spacing-left-small:1.92%;\"><div class=\"fusion-column-wrapper fusion-column-has-shadow fusion-flex-justify-content-flex-start fusion-content-layout-column\"><div class=\"fusion-title title fusion-title-2 sep-underline sep-solid fusion-title-text fusion-title-size-two\" style=\"--awb-text-color:var(--awb-custom17);--awb-sep-color:var(--awb-custom17);--awb-font-size:22px;\"><h2 class=\"fusion-title-heading title-heading-left\" style=\"margin:0;font-size:1em;\">Date importanti<\/h2><\/div><ul style=\"--awb-line-height:27.2px;--awb-icon-width:27.2px;--awb-icon-height:27.2px;--awb-icon-margin:11.2px;--awb-content-margin:38.4px;--awb-circlecolor:var(--awb-custom17);--awb-circle-yes-font-size:14.08px;\" class=\"fusion-checklist fusion-checklist-1 fusion-checklist-default type-icons\"><li class=\"fusion-li-item\" style=\"\"><span class=\"icon-wrapper circle-yes\"><i class=\"fusion-li-icon fa-star-half far\" aria-hidden=\"true\"><\/i><\/span><div class=\"fusion-li-item-content\">\r\n<p><strong>Memoria liturgica: 9 ottobre<\/strong><\/p>\r\n<\/div><\/li><li class=\"fusion-li-item\" style=\"\"><span class=\"icon-wrapper circle-yes\"><i class=\"fusion-li-icon fa-star-half far\" aria-hidden=\"true\"><\/i><\/span><div class=\"fusion-li-item-content\">\r\n<p>Martirizzati in Spagna il 9 ottobre 1934<\/p>\r\n<\/div><\/li><li class=\"fusion-li-item\" style=\"\"><span class=\"icon-wrapper circle-yes\"><i class=\"fusion-li-icon fa-star-half far\" aria-hidden=\"true\"><\/i><\/span><div class=\"fusion-li-item-content\">\r\n<p>Beatificazione: 29\/04\/1990 \u2013 S.S.Giovanni Paolo II<\/p>\r\n<\/div><\/li><li class=\"fusion-li-item\" style=\"\"><span class=\"icon-wrapper circle-yes\"><i class=\"fusion-li-icon fa-star-half far\" aria-hidden=\"true\"><\/i><\/span><div class=\"fusion-li-item-content\">\r\n<p>Canonizzazione: 21\/11\/1999 \u2013 S.S. Giovanni Paolo Il<\/p>\r\n<\/div><\/li><\/ul><div class=\"fusion-separator fusion-full-width-sep\" style=\"align-self: center;margin-left: auto;margin-right: auto;margin-top:15px;margin-bottom:15px;width:100%;\"><\/div><div class=\"fusion-title title fusion-title-3 sep-underline sep-solid fusion-title-text fusion-title-size-two\" style=\"--awb-text-color:var(--awb-custom17);--awb-sep-color:var(--awb-custom17);--awb-font-size:22px;\"><h2 class=\"fusion-title-heading title-heading-left\" style=\"margin:0;font-size:1em;\">In relazione<\/h2><\/div><ul style=\"--awb-line-height:27.2px;--awb-icon-width:27.2px;--awb-icon-height:27.2px;--awb-icon-margin:11.2px;--awb-content-margin:38.4px;--awb-circlecolor:var(--awb-custom17);--awb-circle-yes-font-size:14.08px;\" class=\"fusion-checklist fusion-checklist-2 fusion-checklist-default type-icons\"><li class=\"fusion-li-item\" style=\"\"><span class=\"icon-wrapper circle-yes\"><i class=\"fusion-li-icon fa-file-alt far\" aria-hidden=\"true\"><\/i><\/span><div class=\"fusion-li-item-content\">\r\n<p><a href=\"http:\/\/www.lasalle.org\/it\/santita-lasalliana\/san-jaime-hilario-barbal\/\">San Jaime Hilario Barbal<\/a>\u00a01898-1937 <br \/>(9 Ottobre)<\/p>\r\n<\/div><\/li><li class=\"fusion-li-item\" style=\"\"><span class=\"icon-wrapper circle-yes\"><i class=\"fusion-li-icon fa-file-image far\" aria-hidden=\"true\"><\/i><\/span><div class=\"fusion-li-item-content\">\r\n<p><a href=\"https:\/\/goo.gl\/photos\/dj9ovTYdf9YSoQ9b8\" target=\"_blank\" rel=\"noreferrer noopener\">Immagini &#8211; S. Jaime Hilario Barbal<\/a><\/p>\r\n<\/div><\/li><\/ul><div class=\"fusion-separator fusion-full-width-sep\" style=\"align-self: center;margin-left: auto;margin-right: auto;margin-top:15px;margin-bottom:15px;width:100%;\"><\/div><div class=\"fusion-title title fusion-title-4 sep-underline sep-solid fusion-title-text fusion-title-size-two\" style=\"--awb-text-color:var(--awb-custom17);--awb-sep-color:var(--awb-custom17);--awb-font-size:22px;\"><h2 class=\"fusion-title-heading title-heading-left\" style=\"margin:0;font-size:1em;\">Risorse<\/h2><\/div><ul style=\"--awb-line-height:27.2px;--awb-icon-width:27.2px;--awb-icon-height:27.2px;--awb-icon-margin:11.2px;--awb-content-margin:38.4px;--awb-circlecolor:var(--awb-custom17);--awb-circle-yes-font-size:14.08px;\" class=\"fusion-checklist fusion-checklist-3 fusion-checklist-default type-icons\"><li class=\"fusion-li-item\" style=\"\"><span class=\"icon-wrapper circle-yes\"><i class=\"fusion-li-icon fa-file-pdf far\" aria-hidden=\"true\"><\/i><\/span><div class=\"fusion-li-item-content\">\r\n<p><a href=\"https:\/\/www.lasalle.org\/wp-content\/uploads\/2019\/09\/9-ottobre-SS.-CIRILLO-GIACOMO-e-COMPAGNI-Martiri.pdf\">9 ottobre \u2013 Testo liturgico<\/a><br \/>approvato dalla Congregazione per il Culto Divino e la Disciplina dei Sacramenti.<\/p>\r\n<\/div><\/li><li class=\"fusion-li-item\" style=\"\"><span class=\"icon-wrapper circle-yes\"><i class=\"fusion-li-icon fa-file-image far\" aria-hidden=\"true\"><\/i><\/span><div class=\"fusion-li-item-content\">\r\n<p><a href=\"https:\/\/goo.gl\/photos\/iJderVQr7GnUkD3t8\" target=\"_blank\" rel=\"noreferrer noopener\">Immagini \u2013 SS. Cirilo Bertr\u00e1n y comps.<\/a><\/p>\r\n<\/div><\/li><li class=\"fusion-li-item\" style=\"\"><span class=\"icon-wrapper circle-yes\"><i class=\"fusion-li-icon fa-flickr fab\" aria-hidden=\"true\"><\/i><\/span><div class=\"fusion-li-item-content\"><a href=\"https:\/\/www.flickr.com\/photos\/lasalle_org\/albums\/72177720314187468\/\" target=\"_blank\" rel=\"noopener\">Beatificazione Martiri Tur\u00f3n e Jaime Hilario<\/a> <br \/>(29 aprile 1990)<\/div><\/li><li class=\"fusion-li-item\" style=\"\"><span class=\"icon-wrapper circle-yes\"><i class=\"fusion-li-icon fa-flickr fab\" aria-hidden=\"true\"><\/i><\/span><div class=\"fusion-li-item-content\">\r\n<p><a href=\"https:\/\/www.flickr.com\/photos\/lasalle_org\/albums\/72177720314176536\/\" target=\"_blank\" rel=\"noopener\">Canonizazione Martiri Tur\u00f3n e Jaime Hilario<\/a>\u00a0<br \/>(21 novembre 1999)<\/p>\r\n<\/div><\/li><\/ul><div class=\"fusion-separator fusion-full-width-sep\" style=\"align-self: center;margin-left: auto;margin-right: auto;margin-top:15px;margin-bottom:15px;width:100%;\"><div class=\"fusion-separator-border sep-single sep-solid\" style=\"--awb-height:20px;--awb-amount:20px;--awb-sep-color:var(--awb-custom17);border-color:var(--awb-custom17);border-top-width:1px;\"><\/div><\/div><div class=\"awb-gallery-wrapper awb-gallery-wrapper-1 button-span-no\" style=\"--more-btn-alignment:center;\"><div style=\"margin:-5px;--awb-bordersize:0px;\" class=\"fusion-gallery fusion-gallery-container fusion-grid-1 fusion-columns-total-1 fusion-gallery-layout-grid fusion-gallery-1\"><div style=\"padding:5px;\" class=\"fusion-grid-column fusion-gallery-column fusion-gallery-column-1 hover-type-none\"><div class=\"fusion-gallery-image\"><a href=\"https:\/\/www.lasalle.org\/wp-content\/uploads\/2019\/07\/Udien_0001.jpg\" rel=\"noreferrer\" data-rel=\"iLightbox[gallery_image_1]\" class=\"fusion-lightbox\" target=\"_self\"><img decoding=\"async\" src=\"https:\/\/www.lasalle.org\/wp-content\/uploads\/2019\/07\/Udien_0001.jpg\" width=\"3496\" height=\"2384\" alt=\"\" title=\"Udien_0001\" aria-label=\"Udien_0001\" class=\"img-responsive wp-image-51028\" srcset=\"https:\/\/www.lasalle.org\/wp-content\/uploads\/2019\/07\/Udien_0001-300x205.jpg 300w, https:\/\/www.lasalle.org\/wp-content\/uploads\/2019\/07\/Udien_0001-768x524.jpg 768w, https:\/\/www.lasalle.org\/wp-content\/uploads\/2019\/07\/Udien_0001-1024x698.jpg 1024w, https:\/\/www.lasalle.org\/wp-content\/uploads\/2019\/07\/Udien_0001.jpg 3496w\" sizes=\"(max-width: 3496px) 100vw, 3496px\" \/><\/a><\/div><\/div><div class=\"clearfix\"><\/div><\/div><\/div><div class=\"fusion-text fusion-text-11\" style=\"--awb-font-size:14px;\"><p class=\"has-text-align-center has-small-font-size\" style=\"text-align: center;\">I Fratelli Thomas Johnson e Rodolfo Meoli consegnano una reliquia di San H\u00e9ctor Valdivieso (primo santo argentino) a Sua Santit\u00e0 Papa Francesco.<\/p>\n<p style=\"text-align: center;\">\n<\/div><div class=\"fusion-separator fusion-full-width-sep\" style=\"align-self: center;margin-left: auto;margin-right: auto;margin-top:15px;margin-bottom:15px;width:100%;\"><div class=\"fusion-separator-border sep-single sep-solid\" style=\"--awb-height:20px;--awb-amount:20px;--awb-sep-color:var(--awb-custom17);border-color:var(--awb-custom17);border-top-width:1px;\"><\/div><\/div><\/div><\/div><\/div><\/div>","protected":false},"excerpt":{"rendered":"","protected":false},"author":13,"featured_media":112180,"parent":10826,"menu_order":0,"comment_status":"open","ping_status":"closed","template":"","meta":{"_tec_requires_first_save":true,"_monsterinsights_skip_tracking":false,"_monsterinsights_sitenote_active":false,"_monsterinsights_sitenote_note":"","_monsterinsights_sitenote_category":0,"_EventAllDay":false,"_EventTimezone":"","_EventStartDate":"","_EventEndDate":"","_EventStartDateUTC":"","_EventEndDateUTC":"","_EventShowMap":false,"_EventShowMapLink":false,"_EventURL":"","_EventCost":"","_EventCostDescription":"","_EventCurrencySymbol":"","_EventCurrencyCode":"","_EventCurrencyPosition":"","_EventDateTimeSeparator":"","_EventTimeRangeSeparator":"","_EventOrganizerID":[],"_EventVenueID":[],"_OrganizerEmail":"","_OrganizerPhone":"","_OrganizerWebsite":"","_VenueAddress":"","_VenueCity":"","_VenueCountry":"","_VenueProvince":"","_VenueState":"","_VenueZip":"","_VenuePhone":"","_VenueURL":"","_VenueStateProvince":"","_VenueLat":"","_VenueLng":"","_VenueShowMap":false,"_VenueShowMapLink":false,"_tribe_blocks_recurrence_rules":"","_tribe_blocks_recurrence_description":"","_tribe_blocks_recurrence_exclusions":"","footnotes":""},"class_list":["post-10842","page","type-page","status-publish","has-post-thumbnail","hentry"],"_links":{"self":[{"href":"https:\/\/www.lasalle.org\/it\/wp-json\/wp\/v2\/pages\/10842","targetHints":{"allow":["GET"]}}],"collection":[{"href":"https:\/\/www.lasalle.org\/it\/wp-json\/wp\/v2\/pages"}],"about":[{"href":"https:\/\/www.lasalle.org\/it\/wp-json\/wp\/v2\/types\/page"}],"author":[{"embeddable":true,"href":"https:\/\/www.lasalle.org\/it\/wp-json\/wp\/v2\/users\/13"}],"replies":[{"embeddable":true,"href":"https:\/\/www.lasalle.org\/it\/wp-json\/wp\/v2\/comments?post=10842"}],"version-history":[{"count":5,"href":"https:\/\/www.lasalle.org\/it\/wp-json\/wp\/v2\/pages\/10842\/revisions"}],"predecessor-version":[{"id":116453,"href":"https:\/\/www.lasalle.org\/it\/wp-json\/wp\/v2\/pages\/10842\/revisions\/116453"}],"up":[{"embeddable":true,"href":"https:\/\/www.lasalle.org\/it\/wp-json\/wp\/v2\/pages\/10826"}],"wp:featuredmedia":[{"embeddable":true,"href":"https:\/\/www.lasalle.org\/it\/wp-json\/wp\/v2\/media\/112180"}],"wp:attachment":[{"href":"https:\/\/www.lasalle.org\/it\/wp-json\/wp\/v2\/media?parent=10842"}],"curies":[{"name":"wp","href":"https:\/\/api.w.org\/{rel}","templated":true}]}}