{"id":10843,"date":"2018-12-10T14:04:08","date_gmt":"2018-12-10T14:04:08","guid":{"rendered":"http:\/\/lasalle.vl20054.dinaserver.com\/ven-adolfo-chatillon-theophanius-leo\/"},"modified":"2025-07-24T15:06:46","modified_gmt":"2025-07-24T13:06:46","slug":"ven-adolfo-chatillon","status":"publish","type":"page","link":"https:\/\/www.lasalle.org\/it\/santita-lasalliana\/ven-adolfo-chatillon\/","title":{"rendered":"Ven. Adolfo Ch\u00e2tillon (Th\u00e9ophanius-L\u00e9o)"},"content":{"rendered":"<div class=\"fusion-fullwidth fullwidth-box fusion-builder-row-1 fusion-flex-container has-pattern-background has-mask-background nonhundred-percent-fullwidth non-hundred-percent-height-scrolling\" style=\"--awb-border-radius-top-left:0px;--awb-border-radius-top-right:0px;--awb-border-radius-bottom-right:0px;--awb-border-radius-bottom-left:0px;--awb-flex-wrap:wrap;\" ><div class=\"fusion-builder-row fusion-row fusion-flex-align-items-flex-start fusion-flex-content-wrap\" style=\"max-width:1248px;margin-left: calc(-4% \/ 2 );margin-right: calc(-4% \/ 2 );\"><div class=\"fusion-layout-column fusion_builder_column fusion-builder-column-0 fusion_builder_column_3_4 3_4 fusion-flex-column\" style=\"--awb-bg-size:cover;--awb-width-large:75%;--awb-margin-top-large:0px;--awb-spacing-right-large:2.56%;--awb-margin-bottom-large:20px;--awb-spacing-left-large:2.56%;--awb-width-medium:75%;--awb-order-medium:0;--awb-spacing-right-medium:2.56%;--awb-spacing-left-medium:2.56%;--awb-width-small:100%;--awb-order-small:0;--awb-spacing-right-small:1.92%;--awb-spacing-left-small:1.92%;\"><div class=\"fusion-column-wrapper fusion-column-has-shadow fusion-flex-justify-content-flex-start fusion-content-layout-column\"><div class=\"fusion-title title fusion-title-1 sep-underline sep-solid fusion-title-text fusion-title-size-two\" style=\"--awb-text-color:var(--awb-custom17);--awb-sep-color:var(--awb-custom17);--awb-font-size:22px;\"><h2 class=\"fusion-title-heading title-heading-left\" style=\"margin:0;font-size:1em;\">Venerabile Fr. Adolfo Ch\u00e2tillon (Th\u00e9ophanius-L\u00e9o)<\/h2><\/div><div class=\"fusion-text fusion-text-1\"><div class=\"wp-block-image\">\n<figure class=\"alignright is-resized\"><img decoding=\"async\" src=\"http:\/\/www.lasalle.org\/wp-content\/uploads\/2018\/12\/adolphe_chatillon.jpg\" alt=\"La imagen tiene un atributo ALT vac\u00c3\u00ado; su nombre de archivo es adolphe_chatillon.jpg\" width=\"192\" height=\"231\" \/><\/figure>\n<\/div>\n<p><!-- \/wp:post-content --><\/p>\n<p><!-- wp:paragraph --><\/p>\n<p>Adolphe Chatillon \u00e8 nato a Nicolet, in Qu\u00e9bec, il 31 ottobre 1871. E\u2019 cresciuto da genitori convinti cristiani: Octave Hardy-Chatillon e Alma Alexandre. Oltre a d\u2019Adolphe, fratello delle scuole cristiane, la famiglia ha donato alla Chiesa Edmond, prete secolare e Robert, Oblato di Maria Immacolata. \u00c9douard, sposo di J. Desaulniers, ha cresciuto una famiglia di 5 figli. Octavie sposata ad Honorius Ricard, medico, ha allevato una felice discendenza.<\/p>\n<p><!-- \/wp:paragraph --><\/p>\n<p><!-- wp:paragraph --><\/p>\n<p>Adolphe Chatillon \u00e8 nato a Nicolet, in Qu\u00e9bec, il 31 ottobre 1871. E\u2019 cresciuto da genitori convinti cristiani: Octave Hardy-Chatillon e Alma Alexandre. Oltre a d\u2019Adolphe, fratello delle scuole cristiane, la famiglia ha donato alla Chiesa Edmond, prete secolare e Robert, Oblato di Maria Immacolata. \u00c9douard, sposo di J. Desaulniers, ha cresciuto una famiglia di 5 figli. Octavie sposata ad Honorius Ricard, medico, ha allevato una felice discendenza.<\/p>\n<p><!-- \/wp:paragraph --><\/p>\n<p><!-- wp:paragraph --><\/p>\n<p>Orfano a 9 anni, Adolphe fu messo in convitto alla Baie-du-Febvre, poi a Yamachiche. A 13 anni nel febbraio 1884, si present\u00f2 al Piccolo Noviziato di Montr\u00e9al per diventare Fratello. Il 26 luglio 1887, inizi\u00f2 il noviziato con il nome di Fratel Th\u00e9ophanius-L\u00e9o.<\/p>\n<\/div><div class=\"accordian fusion-accordian\" style=\"--awb-border-size:1px;--awb-icon-size:16px;--awb-content-font-size:20px;--awb-icon-alignment:left;--awb-hover-color:#f9f9fb;--awb-border-color:#e2e2e2;--awb-background-color:#ffffff;--awb-divider-color:#e0dede;--awb-divider-hover-color:#e0dede;--awb-icon-color:#ffffff;--awb-title-color:#0056b3;--awb-content-color:#082b4c;--awb-icon-box-color:#333333;--awb-toggle-hover-accent-color:var(--awb-custom17);--awb-title-font-family:&quot;Open Sans&quot;;--awb-title-font-weight:400;--awb-title-font-style:normal;--awb-title-font-size:18px;--awb-content-font-family:&quot;PT Sans&quot;;--awb-content-font-style:normal;--awb-content-font-weight:regular;\"><div class=\"panel-group fusion-toggle-icon-boxed\" id=\"accordion-10843-1\"><div class=\"fusion-panel panel-default panel-ac91d082a02aa1205 fusion-toggle-has-divider\" style=\"--awb-title-color:#0056b3;--awb-content-color:#082b4c;\"><div class=\"panel-heading\"><h2 class=\"panel-title toggle\" id=\"toggle_ac91d082a02aa1205\"><a aria-expanded=\"false\" aria-controls=\"ac91d082a02aa1205\" role=\"button\" data-toggle=\"collapse\" data-parent=\"#accordion-10843-1\" data-target=\"#ac91d082a02aa1205\" href=\"#ac91d082a02aa1205\"><span class=\"fusion-toggle-icon-wrapper\" aria-hidden=\"true\"><i class=\"fa-fusion-box active-icon awb-icon-minus\" aria-hidden=\"true\"><\/i><i class=\"fa-fusion-box inactive-icon awb-icon-plus\" aria-hidden=\"true\"><\/i><\/span><span class=\"fusion-toggle-heading\">Professore generoso<\/span><\/a><\/h2><\/div><div id=\"ac91d082a02aa1205\" class=\"panel-collapse collapse \" aria-labelledby=\"toggle_ac91d082a02aa1205\"><div class=\"panel-body toggle-content fusion-clearfix\">\r\n<p>I talenti e la dedizione del giovane professore presto attrassero l\u2019attenzione dei Superiori. Ingegnoso a svolgere il proprio insegnamento vivace ed accattivante. Volentieri si soffermava ad aiutare quelli che avevano delle difficolt\u00e0. Con particolare cura rendeva gradito l\u2019insegnamento del catechismo.<\/p>\r\n<\/div><\/div><\/div><div class=\"fusion-panel panel-default panel-0a619b534638efe65 fusion-toggle-has-divider\" style=\"--awb-title-color:#0056b3;--awb-content-color:#082b4c;\"><div class=\"panel-heading\"><h2 class=\"panel-title toggle\" id=\"toggle_0a619b534638efe65\"><a aria-expanded=\"false\" aria-controls=\"0a619b534638efe65\" role=\"button\" data-toggle=\"collapse\" data-parent=\"#accordion-10843-1\" data-target=\"#0a619b534638efe65\" href=\"#0a619b534638efe65\"><span class=\"fusion-toggle-icon-wrapper\" aria-hidden=\"true\"><i class=\"fa-fusion-box active-icon awb-icon-minus\" aria-hidden=\"true\"><\/i><i class=\"fa-fusion-box inactive-icon awb-icon-plus\" aria-hidden=\"true\"><\/i><\/span><span class=\"fusion-toggle-heading\">Amorevolezza verso i giovani<\/span><\/a><\/h2><\/div><div id=\"0a619b534638efe65\" class=\"panel-collapse collapse \" aria-labelledby=\"toggle_0a619b534638efe65\"><div class=\"panel-body toggle-content fusion-clearfix\">\r\n<p>\u00c0 Lachine, nel 1904, invitato a supplire il direttore che godeva di buon ascendente presso il personale docente e gli allievi, il suo tatto si esplic\u00f2 nell\u2019affrontare il difficile compito. Nel 1907, ricevette un mandato per dirigere la scuola Sainte-Cun\u00e9gonde, a Montr\u00e9al. Dall\u2019inizio dell\u2019anno manifest\u00f2 entusiasmo e dedizione per i giovani. La sua semplicit\u00e0 e l\u2019affabilit\u00e0 conquistarono la simpatia di tutti. La bont\u00e0 era l\u2019espressione del suo gran cuore. Aveva scelto come divisa\u00a0<em>\u00ab Donare felicit\u00e0 per diventare migliori \u00ab.\u00a0\u00a0<\/em>Tre mesi dopo l\u2019arrivo a Sainte-Cun\u00e9gonde, una grave malattia lo afferr\u00f2. Sembrava imminente la fine. Fervorose preghiere elevate dalla sua cerchia gli ridonarono la salute. Ma lui dovette allontanarsi da coloro che gli erano cari e adattarsi ad una prolungata convalescenza.<\/p>\r\n<\/div><\/div><\/div><div class=\"fusion-panel panel-default panel-2cdc19da1606c9f66 fusion-toggle-has-divider\" style=\"--awb-title-color:#0056b3;--awb-content-color:#082b4c;\"><div class=\"panel-heading\"><h2 class=\"panel-title toggle\" id=\"toggle_2cdc19da1606c9f66\"><a aria-expanded=\"false\" aria-controls=\"2cdc19da1606c9f66\" role=\"button\" data-toggle=\"collapse\" data-parent=\"#accordion-10843-1\" data-target=\"#2cdc19da1606c9f66\" href=\"#2cdc19da1606c9f66\"><span class=\"fusion-toggle-icon-wrapper\" aria-hidden=\"true\"><i class=\"fa-fusion-box active-icon awb-icon-minus\" aria-hidden=\"true\"><\/i><i class=\"fa-fusion-box inactive-icon awb-icon-plus\" aria-hidden=\"true\"><\/i><\/span><span class=\"fusion-toggle-heading\">Formazione dei giovani religiosi<\/span><\/a><\/h2><\/div><div id=\"2cdc19da1606c9f66\" class=\"panel-collapse collapse \" aria-labelledby=\"toggle_2cdc19da1606c9f66\"><div class=\"panel-body toggle-content fusion-clearfix\">\r\n<p>Fratel Th\u00e9ophanius dedic\u00f2 questa lunga convalescenza impartendo lezioni di canto e liturgia ai novizi. Premessa che lo avrebbe maturato ad assumere, quattro anni pi\u00f9 tardi, la direzione del noviziato\u00a0<em>\u00ab La mia missione presso questi giovani \u00e8 di aiutarli a formarsi. Io sono qui per insegnare quale sia il loro comportamento. Mio compito: indurli ad agire responsabilmente e di persona,<\/em>\u00a0<em>senza dipendere da aiuti altrui.\u00a0<\/em>E diceva chiaro:\u00a0<em>\u00abNel corso del vostro noviziato un\u2019idea forte,<\/em>\u00a0<em>salda di tutte le energie della vostra anima deve dominare. Eccola:\u00a0<\/em>\u00ab Voglio essere l\u2019amico di Ges\u00f9, figlio di Maria, l\u2019eroe delle anime. \u00ab Perfetta armonia tra le parole e le azioni. Tale impegno di formazione religiosa non ammetteva soste. Vi si consacr\u00f2 per 12 anni cosecutivi: 1912-1923; a cui si possono aggiungere gli anni dal 1908 al 1912 del suo direttorato.<\/p>\r\n<p>Nel 1923 fu inviato a visitare le case di formazione dell\u2019America del Nord. Compito appesantito dalla lunghezza dei viaggi e dagli attacchi subdoli della malattia che lo avrebbe portato alla fine.<\/p>\r\n<\/div><\/div><\/div><div class=\"fusion-panel panel-default panel-d462911742051264b fusion-toggle-has-divider\" style=\"--awb-title-color:#0056b3;--awb-content-color:#082b4c;\"><div class=\"panel-heading\"><h2 class=\"panel-title toggle\" id=\"toggle_d462911742051264b\"><a aria-expanded=\"false\" aria-controls=\"d462911742051264b\" role=\"button\" data-toggle=\"collapse\" data-parent=\"#accordion-10843-1\" data-target=\"#d462911742051264b\" href=\"#d462911742051264b\"><span class=\"fusion-toggle-icon-wrapper\" aria-hidden=\"true\"><i class=\"fa-fusion-box active-icon awb-icon-minus\" aria-hidden=\"true\"><\/i><i class=\"fa-fusion-box inactive-icon awb-icon-plus\" aria-hidden=\"true\"><\/i><\/span><span class=\"fusion-toggle-heading\">Malattia edificante<\/span><\/a><\/h2><\/div><div id=\"d462911742051264b\" class=\"panel-collapse collapse \" aria-labelledby=\"toggle_d462911742051264b\"><div class=\"panel-body toggle-content fusion-clearfix\">\r\n<p>Nel novembre 1928, Fr\u00e8re Th\u00e9ophanius in Belgio al Capitolo generale della sua comunit\u00e0 come presidente della commissione incaricata di studiare l\u2019osservanza delle Regole. A causa di un cancro intestinale, sub\u00ec un grande affaticamento. Lo si condusse a Parigi per essere sottoposto ad un impegnativo intervento, ma che non produsse l\u2019effetto sperato.All\u2019inizio del marzo 1929, si sentiva di rischiare il ritorno\u00a0<em>en paquebot<\/em>, accompagnato da una brava infermiera, per ritrovare il suo ambiente di vita: \u00abMont-De-La-Salle\u00bb. Lungo tutto il tempo di durata della malattia, fu un paziente, fedele orante, coraggioso e sorridente. Ci si accostava al suo letto come in pellegrinaggio. Tanto che la camera era diventata simile ad un oratorio da cui si usciva migliori. Si spense serenamente la domenica 28 aprile 1929, circondato dai suoi.<\/p>\r\n<\/div><\/div><\/div><div class=\"fusion-panel panel-default panel-4875ab08b2944680c fusion-toggle-has-divider\" style=\"--awb-title-color:#0056b3;--awb-content-color:#082b4c;\"><div class=\"panel-heading\"><h2 class=\"panel-title toggle\" id=\"toggle_4875ab08b2944680c\"><a aria-expanded=\"false\" aria-controls=\"4875ab08b2944680c\" role=\"button\" data-toggle=\"collapse\" data-parent=\"#accordion-10843-1\" data-target=\"#4875ab08b2944680c\" href=\"#4875ab08b2944680c\"><span class=\"fusion-toggle-icon-wrapper\" aria-hidden=\"true\"><i class=\"fa-fusion-box active-icon awb-icon-minus\" aria-hidden=\"true\"><\/i><i class=\"fa-fusion-box inactive-icon awb-icon-plus\" aria-hidden=\"true\"><\/i><\/span><span class=\"fusion-toggle-heading\"> La sua influenza<\/span><\/a><\/h2><\/div><div id=\"4875ab08b2944680c\" class=\"panel-collapse collapse \" aria-labelledby=\"toggle_4875ab08b2944680c\"><div class=\"panel-body toggle-content fusion-clearfix\">\r\n<p>Dopo la dipartita di Fr\u00e8re Th\u00e9ophanius molte persone si sono sentite gratificate da favori di cui alcuni anche notevoli. Fr\u00e8re Th\u00e9ophanius-L\u00e9o ha vissuto pi\u00f9 della met\u00e0 della sua vita con i giovani. Tutti, giovani e non, si augurano e sperano di essere gioiosi beneficiari della sua intercessione<br \/>presso Dio.<\/p>\r\n<p>Il processo diocesano in vista dell\u2019introduzione della sua causa a Roma \u00e8 terminatoil 31 marzo 1990. La \u00ab\u00a0<em>Positio<\/em>\u00a0\u00ab, documento che illustrer\u00e0 e dimostrer\u00e0 l\u2019eroicit\u00e0 delle virt\u00f9, \u00e8 pronto per essere presentato alla\u00a0<em>Congregazione dei Santi.<\/em> Dio conceda, per intercessione del suo servo Th\u00e9ophanius-L\u00e9o Chatillon, un miracolo che affretterebbe la sua beatificazione.\u00a0<em>(d\u2019apr\u00e8s F. G\u00e9rard Champagne, f.\u00e9.c.)<\/em><\/p>\r\n<\/div><\/div><\/div><div class=\"fusion-panel panel-default panel-5fe2314eddade8029 fusion-toggle-has-divider\" style=\"--awb-title-color:#0056b3;--awb-content-color:#082b4c;\"><div class=\"panel-heading\"><h2 class=\"panel-title toggle\" id=\"toggle_5fe2314eddade8029\"><a aria-expanded=\"false\" aria-controls=\"5fe2314eddade8029\" role=\"button\" data-toggle=\"collapse\" data-parent=\"#accordion-10843-1\" data-target=\"#5fe2314eddade8029\" href=\"#5fe2314eddade8029\"><span class=\"fusion-toggle-icon-wrapper\" aria-hidden=\"true\"><i class=\"fa-fusion-box active-icon awb-icon-minus\" aria-hidden=\"true\"><\/i><i class=\"fa-fusion-box inactive-icon awb-icon-plus\" aria-hidden=\"true\"><\/i><\/span><span class=\"fusion-toggle-heading\">Preghiera per la beatificazione del Venerabile Fratel Adolphe Chatillon<\/span><\/a><\/h2><\/div><div id=\"5fe2314eddade8029\" class=\"panel-collapse collapse \" aria-labelledby=\"toggle_5fe2314eddade8029\"><div class=\"panel-body toggle-content fusion-clearfix\">\r\n<p style=\"text-align: center;\">O Dio, fonte di ogni santit\u00e0, che hai promesso di esaltare gli umili e i piccoli,<br \/>accetta le preghiere che offriamo per la gloria del tuo Servo\u00a0Adolphe Chatillon.<\/p>\r\n<p style=\"text-align: center;\">Se questo \u00e8 un Tuo desiderio e per la Tua gloria, elargisci le grazie in favore<br \/>delle anime che T\u2019invocano per sua intercessione<\/p>\r\n<p style=\"text-align: center;\">(citare l\u2019intenzione),<\/p>\r\n<p style=\"text-align: center;\">e concedi inoltre di vedere un giorno riconosciute nella Chiesa,<br \/>le virt\u00f9 di quest\u2019apostolo del Cuore di Ges\u00f9 e grande devoto della Vergine Maria.<\/p>\r\n<p style=\"text-align: center;\">(Autorizzazione di Monsignor Paul Gr\u00e9gorie, Arcivescovo di Montreal, N.P. 15\/1987)<\/p>\r\n<\/div><\/div><\/div><\/div><\/div><div class=\"fusion-separator fusion-full-width-sep\" style=\"align-self: center;margin-left: auto;margin-right: auto;margin-top:15px;margin-bottom:15px;width:100%;\"><div class=\"fusion-separator-border sep-single sep-solid\" style=\"--awb-height:20px;--awb-amount:20px;--awb-sep-color:var(--awb-custom17);border-color:var(--awb-custom17);border-top-width:1px;\"><\/div><\/div><nav class=\"fusion-breadcrumbs fusion-breadcrumbs-1\" style=\"--awb-breadcrumb-sep:&#039;\/&#039;;\" aria-label=\"Breadcrumb\"><ol class=\"awb-breadcrumb-list\"><\/ol><\/nav><\/div><\/div><div class=\"fusion-layout-column fusion_builder_column fusion-builder-column-1 fusion_builder_column_1_4 1_4 fusion-flex-column\" style=\"--awb-bg-size:cover;--awb-width-large:25%;--awb-margin-top-large:0px;--awb-spacing-right-large:7.68%;--awb-margin-bottom-large:20px;--awb-spacing-left-large:7.68%;--awb-width-medium:25%;--awb-order-medium:0;--awb-spacing-right-medium:7.68%;--awb-spacing-left-medium:7.68%;--awb-width-small:100%;--awb-order-small:0;--awb-spacing-right-small:1.92%;--awb-spacing-left-small:1.92%;\"><div class=\"fusion-column-wrapper fusion-column-has-shadow fusion-flex-justify-content-flex-start fusion-content-layout-column\"><div class=\"fusion-title title fusion-title-2 sep-underline sep-solid fusion-title-text fusion-title-size-two\" style=\"--awb-text-color:var(--awb-custom17);--awb-sep-color:var(--awb-custom17);--awb-font-size:22px;\"><h2 class=\"fusion-title-heading title-heading-left\" style=\"margin:0;font-size:1em;\">Date importanti<\/h2><\/div><ul style=\"--awb-line-height:27.2px;--awb-icon-width:27.2px;--awb-icon-height:27.2px;--awb-icon-margin:11.2px;--awb-content-margin:38.4px;--awb-circlecolor:var(--awb-custom17);--awb-circle-yes-font-size:14.08px;\" class=\"fusion-checklist fusion-checklist-1 fusion-checklist-default type-icons\"><li class=\"fusion-li-item\" style=\"\"><span class=\"icon-wrapper circle-yes\"><i class=\"fusion-li-icon fa-star-half far\" aria-hidden=\"true\"><\/i><\/span><div class=\"fusion-li-item-content\">\r\n<p>Nato a Nicolet, Qu\u00e9bec, il 31 ottobre 1871<\/p>\r\n<\/div><\/li><li class=\"fusion-li-item\" style=\"\"><span class=\"icon-wrapper circle-yes\"><i class=\"fusion-li-icon fa-star-half far\" aria-hidden=\"true\"><\/i><\/span><div class=\"fusion-li-item-content\">\r\n<p>Morto il 28 aprile 1929<\/p>\r\n<\/div><\/li><\/ul><div class=\"fusion-separator fusion-full-width-sep\" style=\"align-self: center;margin-left: auto;margin-right: auto;margin-top:15px;margin-bottom:15px;width:100%;\"><\/div><div class=\"fusion-title title fusion-title-3 sep-underline sep-solid fusion-title-text fusion-title-size-two\" style=\"--awb-text-color:var(--awb-custom17);--awb-sep-color:var(--awb-custom17);--awb-font-size:22px;\"><h2 class=\"fusion-title-heading title-heading-left\" style=\"margin:0;font-size:1em;\">Risorse<\/h2><\/div><ul style=\"--awb-line-height:27.2px;--awb-icon-width:27.2px;--awb-icon-height:27.2px;--awb-icon-margin:11.2px;--awb-content-margin:38.4px;--awb-circlecolor:var(--awb-custom17);--awb-circle-yes-font-size:14.08px;\" class=\"fusion-checklist fusion-checklist-2 fusion-checklist-default type-icons\"><li class=\"fusion-li-item\" style=\"\"><span class=\"icon-wrapper circle-yes\"><i class=\"fusion-li-icon fa-file-image far\" aria-hidden=\"true\"><\/i><\/span><div class=\"fusion-li-item-content\">\r\n<p><a href=\"https:\/\/goo.gl\/photos\/67z6HFNMdE7BgFEW8\" target=\"_blank\" rel=\"noreferrer noopener\">Immagini<\/a><\/p>\r\n<\/div><\/li><li class=\"fusion-li-item\" style=\"\"><span class=\"icon-wrapper circle-yes\"><i class=\"fusion-li-icon fa-file-pdf far\" aria-hidden=\"true\"><\/i><\/span><div class=\"fusion-li-item-content\">\r\n<p><a href=\"https:\/\/www.lasalle.org\/wp-content\/uploads\/2019\/07\/theophnouv.pdf\" target=\"_blank\" rel=\"noopener\">Fr\u00e8re Th\u00e9ophanius-L\u00e9o<\/a> (francese)<\/p>\r\n<\/div><\/li><\/ul><div class=\"fusion-separator fusion-full-width-sep\" style=\"align-self: center;margin-left: auto;margin-right: auto;margin-top:15px;margin-bottom:15px;width:100%;\"><div class=\"fusion-separator-border sep-single sep-solid\" style=\"--awb-height:20px;--awb-amount:20px;--awb-sep-color:var(--awb-custom17);border-color:var(--awb-custom17);border-top-width:1px;\"><\/div><\/div><div class=\"fusion-text fusion-text-2\" style=\"--awb-font-size:16px;\"><p>Le persone che ricevono grazie, favori o guarigioni per intercessione di Fratel Th\u00e9ophanius-L\u00e9o sono pregati di comunicarli a:<br \/>Fr\u00e8re Yvon Larente, vice-postulateur<br \/>5714, avenue Darlington Montr\u00e9al<br \/>(Qu\u00e9bec) H3S 2H7<\/p>\n<p>A questo stesso indirizzo si posso chiedere immagini, bollettini e depliant sul Fratello\u00a0 Th\u00e9ophanius-L\u00e9o<\/p>\n<\/div><div class=\"fusion-separator fusion-full-width-sep\" style=\"align-self: center;margin-left: auto;margin-right: auto;margin-top:15px;margin-bottom:15px;width:100%;\"><div class=\"fusion-separator-border sep-single sep-solid\" style=\"--awb-height:20px;--awb-amount:20px;--awb-sep-color:var(--awb-custom17);border-color:var(--awb-custom17);border-top-width:1px;\"><\/div><\/div><\/div><\/div><\/div><\/div>","protected":false},"excerpt":{"rendered":"","protected":false},"author":13,"featured_media":112398,"parent":10826,"menu_order":0,"comment_status":"open","ping_status":"closed","template":"","meta":{"_tec_requires_first_save":true,"_monsterinsights_skip_tracking":false,"_monsterinsights_sitenote_active":false,"_monsterinsights_sitenote_note":"","_monsterinsights_sitenote_category":0,"_EventAllDay":false,"_EventTimezone":"","_EventStartDate":"","_EventEndDate":"","_EventStartDateUTC":"","_EventEndDateUTC":"","_EventShowMap":false,"_EventShowMapLink":false,"_EventURL":"","_EventCost":"","_EventCostDescription":"","_EventCurrencySymbol":"","_EventCurrencyCode":"","_EventCurrencyPosition":"","_EventDateTimeSeparator":"","_EventTimeRangeSeparator":"","_EventOrganizerID":[],"_EventVenueID":[],"_OrganizerEmail":"","_OrganizerPhone":"","_OrganizerWebsite":"","_VenueAddress":"","_VenueCity":"","_VenueCountry":"","_VenueProvince":"","_VenueState":"","_VenueZip":"","_VenuePhone":"","_VenueURL":"","_VenueStateProvince":"","_VenueLat":"","_VenueLng":"","_VenueShowMap":false,"_VenueShowMapLink":false,"_tribe_blocks_recurrence_rules":"","_tribe_blocks_recurrence_description":"","_tribe_blocks_recurrence_exclusions":"","footnotes":""},"class_list":["post-10843","page","type-page","status-publish","has-post-thumbnail","hentry"],"_links":{"self":[{"href":"https:\/\/www.lasalle.org\/it\/wp-json\/wp\/v2\/pages\/10843","targetHints":{"allow":["GET"]}}],"collection":[{"href":"https:\/\/www.lasalle.org\/it\/wp-json\/wp\/v2\/pages"}],"about":[{"href":"https:\/\/www.lasalle.org\/it\/wp-json\/wp\/v2\/types\/page"}],"author":[{"embeddable":true,"href":"https:\/\/www.lasalle.org\/it\/wp-json\/wp\/v2\/users\/13"}],"replies":[{"embeddable":true,"href":"https:\/\/www.lasalle.org\/it\/wp-json\/wp\/v2\/comments?post=10843"}],"version-history":[{"count":2,"href":"https:\/\/www.lasalle.org\/it\/wp-json\/wp\/v2\/pages\/10843\/revisions"}],"predecessor-version":[{"id":116295,"href":"https:\/\/www.lasalle.org\/it\/wp-json\/wp\/v2\/pages\/10843\/revisions\/116295"}],"up":[{"embeddable":true,"href":"https:\/\/www.lasalle.org\/it\/wp-json\/wp\/v2\/pages\/10826"}],"wp:featuredmedia":[{"embeddable":true,"href":"https:\/\/www.lasalle.org\/it\/wp-json\/wp\/v2\/media\/112398"}],"wp:attachment":[{"href":"https:\/\/www.lasalle.org\/it\/wp-json\/wp\/v2\/media?parent=10843"}],"curies":[{"name":"wp","href":"https:\/\/api.w.org\/{rel}","templated":true}]}}