{"id":10846,"date":"2018-12-10T14:04:08","date_gmt":"2018-12-10T14:04:08","guid":{"rendered":"http:\/\/lasalle.vl20054.dinaserver.com\/fr-santiago-miller\/"},"modified":"2025-07-24T11:46:30","modified_gmt":"2025-07-24T09:46:30","slug":"fr-santiago-miller","status":"publish","type":"page","link":"https:\/\/www.lasalle.org\/it\/santita-lasalliana\/fr-santiago-miller\/","title":{"rendered":"Beato James Miller"},"content":{"rendered":"<div class=\"fusion-fullwidth fullwidth-box fusion-builder-row-1 fusion-flex-container has-pattern-background has-mask-background nonhundred-percent-fullwidth non-hundred-percent-height-scrolling\" style=\"--awb-border-radius-top-left:0px;--awb-border-radius-top-right:0px;--awb-border-radius-bottom-right:0px;--awb-border-radius-bottom-left:0px;--awb-flex-wrap:wrap;\" ><div class=\"fusion-builder-row fusion-row fusion-flex-align-items-flex-start fusion-flex-content-wrap\" style=\"max-width:1248px;margin-left: calc(-4% \/ 2 );margin-right: calc(-4% \/ 2 );\"><div class=\"fusion-layout-column fusion_builder_column fusion-builder-column-0 fusion_builder_column_3_4 3_4 fusion-flex-column\" style=\"--awb-bg-size:cover;--awb-width-large:75%;--awb-margin-top-large:0px;--awb-spacing-right-large:2.56%;--awb-margin-bottom-large:20px;--awb-spacing-left-large:2.56%;--awb-width-medium:75%;--awb-order-medium:0;--awb-spacing-right-medium:2.56%;--awb-spacing-left-medium:2.56%;--awb-width-small:100%;--awb-order-small:0;--awb-spacing-right-small:1.92%;--awb-spacing-left-small:1.92%;\"><div class=\"fusion-column-wrapper fusion-column-has-shadow fusion-flex-justify-content-flex-start fusion-content-layout-column\"><div class=\"fusion-title title fusion-title-1 sep-underline sep-solid fusion-title-text fusion-title-size-two\" style=\"--awb-text-color:var(--awb-custom17);--awb-sep-color:var(--awb-custom17);--awb-font-size:22px;\"><h2 class=\"fusion-title-heading title-heading-left\" style=\"margin:0;font-size:1em;\">Beato James <em>Santiago<\/em> Miller<\/h2><\/div><div class=\"fusion-text fusion-text-1\"><p>Fratello delle Scuole Cristiane, fu martirizzato il 13 febbraio 1982, a 37 anni di et\u00e0 in Huehuetenango, Guatemala.<\/p>\n<p><!-- \/wp:post-content --><\/p>\n<p><!-- wp:image  --><\/p>\n<div class=\"wp-block-image\">\n<figure class=\"alignleft is-resized\"><img decoding=\"async\" src=\"https:\/\/www.lasalle.org\/wp-content\/uploads\/2019\/12\/Beato-Santiago-Miller-768x1024.jpg\" alt=\"La imagen tiene un atributo ALT vac\u00edo; su nombre de archivo es Beato-Santiago-Miller-768x1024.jpg\" width=\"192\" height=\"256\" \/><\/figure>\n<\/div>\n<p><!-- \/wp:image --><\/p>\n<p><!-- wp:paragraph --><\/p>\n<p>Fratel James era nato in una famiglia di allevatori nei pressi di Stevens Point, Wisconsin, Stati Uniti d'America il 21 settembre 1944. Frequent\u00f2 la piccola scuola elementare vicino casa e poi la Pacelli High School nella citt\u00e0 di Stevens Point, dove incontr\u00f2 per la prima volta i Fratelli delle Scuole Cristiane. Nel settembre 1959 entrava nel noviziato minore del Missouri. Dopo tre anni fu ammesso al noviziato, e nell'agosto del 1962 ricevette l'abito di Fratello e il nome religioso di Fratel Leo-William. In seguito, come la maggior parte dei Fratelli, avrebbe utilizzato di nuovo il suo nome di battesimo.<\/p>\n<p><!-- \/wp:paragraph --><\/p>\n<p><!-- wp:paragraph --><\/p>\n<p>Fu destinalo per tre anni alla Scuola secondaria Cretin a St. Paolo, Minnesota, dove, oltre all'insegnamento della lingua spagnola, dell'inglese e della religione si occupava della manutenzione della scuola e allenava una squadra di furba degli alunni.<\/p>\n<p><!-- \/wp:paragraph --><\/p>\n<p><!-- wp:paragraph --><\/p>\n<p>Nell'agosto del 1969, dopo l'emissione dei voti perpetui, fu inviato alla scuola missionaria dei Fratelli in Bluefields, Nicaragua. Vi rimase fino a quando fu trasferito a Puerto Cabezas, sempre in Nicaragua, nel 1974, dove fu direttore. Sotto la sua direzione la scuola pass\u00f2 da 300 a 800 studenti. Accett\u00f2 anche il compito di dirigere e supervisionare la costruzione di dieci nuove scuole rurali. I superiori religiosi tuttavia gli ordinarono di lasciare il Nicaragua nel luglio 1979, al tempo della rivoluzione sandinista. Temevano che il fatto di aver lavorato sotto il governo di Somoza, avrebbe potuto causargli de rischi.<\/p>\n<p><!-- \/wp:paragraph --><\/p>\n<p><!-- wp:image  --><\/p>\n<div class=\"wp-block-image\">\n<figure class=\"alignright is-resized\"><img decoding=\"async\" src=\"https:\/\/www.lasalle.org\/wp-content\/uploads\/2019\/07\/0-001.jpg\" alt=\"La imagen tiene un atributo ALT vac\u00c3\u00ado; su nombre de archivo es 0-001.jpg\" width=\"199\" height=\"200\" \/><\/figure>\n<\/div>\n<p><!-- \/wp:image --><\/p>\n<p><!-- wp:paragraph --><\/p>\n<p>Cos\u00ec dovette rientrare negli Stati Uniti, dove insegn\u00f2 di nuovo a Cretin nell'autunno del 1979 e poi partecip\u00f2 al corso di rinnovamento a Sangre de Cristo (New Mexico) nel 1980.<br \/>Nel gennaio del 1981 fu mandato di nuovo in missione, per\u00f2 in Guatemala. Insegnava nella scuola secondaria di Huehuetenango e lavorava anche nel Centro Indigeno, dove studiavano e apprendevano l'agricoltura i giovani indios maya delle zone rurali.<\/p>\n<p><!-- \/wp:paragraph --><\/p>\n<p><!-- wp:paragraph --><\/p>\n<p>Era passato appena un anno quando, nel pomeriggio del 13 febbraio 1982, ricevette vari colpi sparati da tre uomini con il volto coperto. Mor\u00ec all'istante. I tentativi di identificare gli assassini non hanno avuto successo. Dopo l'ufficio funebre in Guatemala e a St. Paul, Minnesota, fu sepolto nel cimitero parrocchiale di Polonia, Wisconsin, USA.<\/p>\n<\/div><div class=\"accordian fusion-accordian\" style=\"--awb-border-size:1px;--awb-icon-size:16px;--awb-content-font-size:20px;--awb-icon-alignment:left;--awb-hover-color:#f9f9fb;--awb-border-color:#e2e2e2;--awb-background-color:#ffffff;--awb-divider-color:#e0dede;--awb-divider-hover-color:#e0dede;--awb-icon-color:#ffffff;--awb-title-color:#0056b3;--awb-content-color:#082b4c;--awb-icon-box-color:#333333;--awb-toggle-hover-accent-color:var(--awb-custom17);--awb-title-font-family:&quot;Open Sans&quot;;--awb-title-font-weight:400;--awb-title-font-style:normal;--awb-title-font-size:20px;--awb-content-font-family:&quot;PT Sans&quot;;--awb-content-font-style:normal;--awb-content-font-weight:regular;\"><div class=\"panel-group fusion-toggle-icon-boxed\" id=\"accordion-10846-1\"><div class=\"fusion-panel panel-default panel-522ccca04cd166691 fusion-toggle-has-divider\" style=\"--awb-title-color:#0056b3;--awb-content-color:#082b4c;\"><div class=\"panel-heading\"><h2 class=\"panel-title toggle\" id=\"toggle_522ccca04cd166691\"><a aria-expanded=\"false\" aria-controls=\"522ccca04cd166691\" role=\"button\" data-toggle=\"collapse\" data-parent=\"#accordion-10846-1\" data-target=\"#522ccca04cd166691\" href=\"#522ccca04cd166691\"><span class=\"fusion-toggle-icon-wrapper\" aria-hidden=\"true\"><i class=\"fa-fusion-box active-icon awb-icon-minus\" aria-hidden=\"true\"><\/i><i class=\"fa-fusion-box inactive-icon awb-icon-plus\" aria-hidden=\"true\"><\/i><\/span><span class=\"fusion-toggle-heading\">Carattere e personalit\u00e0<\/span><\/a><\/h2><\/div><div id=\"522ccca04cd166691\" class=\"panel-collapse collapse \" aria-labelledby=\"toggle_522ccca04cd166691\"><div class=\"panel-body toggle-content fusion-clearfix\">\r\n<p>I suoi scritti e le dichiarazioni rilasciate nei suoi confronti, prima e dopo la sua morte, ci mostrano il suo carattere e la sua personalit\u00e0. Prima di lasciare la scuola Pacelli per andare al noviziato minore, i Fratelli che lo conoscevano hanno scritto che \"<em>aveva grande generosit\u00e0, piet\u00e0, onest\u00e0, obbedienza ed era molto pulito e ordinato, non fumava, si accostava ai sacramenti ogni settimana, andava molto d'accordo cin i suoi compagni di classe e dedicava due ore a settimana alle faccende di casa<\/em>\".<\/p>\r\n<p><!-- \/wp:paragraph -->\r\n\r\n<!-- wp:image  --><\/p>\r\n<div class=\"wp-block-image\">\r\n<figure class=\"alignleft is-resized\"><img decoding=\"async\" src=\"https:\/\/www.lasalle.org\/wp-content\/uploads\/2019\/07\/Scan10066.jpg\" alt=\"La imagen tiene un atributo ALT vac\u00c3\u00ado; su nombre de archivo es Scan10066.jpg\" width=\"180\" height=\"224\" \/><\/figure>\r\n<\/div>\r\n<p><!-- \/wp:image -->\r\n\r\n<!-- wp:paragraph --><\/p>\r\n<p>Uno dei suoi insegnanti della Scolasticato lo descrive con entusiasmo: \"<em>personalit\u00e0 attraente e socievole, amichevole, nulla di falso in lui; attraeva la gente per la sua immediatezza, era molto intelligente e anche molto semplice<\/em>\". Le osservazioni della comunit\u00e0 nella la discussione che precedette i suoi voti perpetui parlano anch'esse di generosit\u00e0, di influenza positiva e di forte desiderio di lavorare nelle missioni. Quello che era stato suo direttore di Scolasticato e a Cretin, sua prima comunit\u00e0, lo ricorda come \"<em>intelligente, anche se non un intellettuale, gioviale, di facile relazione, che preferiva il lavoro fisico allo sport, di profonda fede e di amore per la sua vocazione religiosa, anche se tendeva ad arrivare tardi a scuola e alle preghiere di comunit\u00e0<\/em>\".<\/p>\r\n<p><!-- \/wp:paragraph -->\r\n\r\n<!-- wp:paragraph --><\/p>\r\n<p>Andando in Nicaragua, il suo vivo desiderio di lavorare in un progetto missionario fu finalmente appagato. Scrivendo dal Nicaragua diceva di sentirsi molto soddisfatto nel lavorare con i pi\u00f9 poveri. Rispondendo alla domanda se avesse paura nel sentire le tante sparatorie che si verificano da quelle parti, scriveva: \"<em>Paura? Non avrei pensato mai di poter pregare con tanto fervore, come quando vado a letto<\/em>\". In una delle sue ultime lettere scritta prima di morire, mostra quanto era cosciente della situazione in Guatemala e le possibili conseguenze che potevano scaturirne per lui. Cos\u00ec scriveva nel gennaio del 1982: \"<em>Personalmente sono stanco di tutta questa violenza, ma vado avanti sentendomi profondamente impegnato con questi poveri che soffrono nell'America centrale\u2026 Cristo \u00e8 perseguitato a causa della nostra opzione per i poveri. Consapevoli dei molti pericoli e difficolt\u00e0, continuiamo a lavorare con fede e speranza e con fiducia nella provvidenza di Dio<\/em>\". . E pi\u00f9 avanti: \"<em>Sono un Fratello delle Scuole Cristiane da quasi 20 anni, e il mio impegno in questa vocazione cresce sempre di pi\u00f9 da quando lavoro in America Centrale. Chiedo a Dio la grazia e la forza di servirlo fedelmente tra i poveri e gli oppressi del Guatemala. Lascio la mia vita alla sua provvidenza e mi affido a Lui<\/em>\".\u00a0 Mor\u00ec un mese dopo aver scritto queste parole.<\/p>\r\n<p><!-- \/wp:paragraph -->\r\n\r\n<!-- wp:image  --><\/p>\r\n<div class=\"wp-block-image\">\r\n<figure class=\"alignright is-resized\"><img decoding=\"async\" src=\"https:\/\/www.lasalle.org\/wp-content\/uploads\/2019\/07\/millerjames.jpg\" alt=\"La imagen tiene un atributo ALT vac\u00c3\u00ado; su nombre de archivo es millerjames.jpg\" width=\"168\" height=\"250\" \/><\/figure>\r\n<\/div>\r\n<p><!-- \/wp:image -->\r\n\r\n<!-- wp:paragraph --><\/p>\r\n<p>Ogni anno, dal giorno dell'assassinio di Fratel James Miller in Guatemala, la Commissione Giustizia e Pace della diocesi di La Crosse, organizza, in collaborazione con i Fratelli delle Scuole Cristiane del Distretto del Midwest, nell'anniversario della sua morte, una cerimonia alla quale partecipano i suoi fratelli, le sorelle e altri parenti. Si compie cos\u00ec l'auspicio di Fratel Cyril Litecky, a quel tempo Provinciale di Fratel James, che poco dopo la sua morte scrisse che era importante non dimenticare Fratello James Miller. \"<em>Quello per cui visse e per cui mor\u00ec, \u00e8 il messaggio evangelico di libert\u00e0, pace, giustizia e verit\u00e0 <\/em>\".<\/p>\r\n<p><!-- \/wp:paragraph -->\r\n\r\n<!-- wp:paragraph \/-->\r\n\r\n<!-- wp:paragraph --><\/p>\r\n<p>Il 5 settembre del 2009 inizi\u00f2 nella diocesi di Huehuetenango (Guatemala) l'Inchiesta per il riconoscimento del suo \"martirio\". L'Inchiesta ha avuto processi rogatoriali nelle diocesi di Chicago e di La Crosse (USA). Con l'inizio dell'Inchiesta canonica Fratel James \u00e8 divenuto <strong>Servo di Dio.<\/strong><\/p>\r\n<\/div><\/div><\/div><\/div><\/div><div class=\"fusion-text fusion-text-2\"><p><div class=\"video-shortcode\"><iframe title=\"Blessed James Miller | Beato Santiago Miller | Bienheureux James Miller\" width=\"1200\" height=\"675\" src=\"https:\/\/www.youtube.com\/embed\/MfVwDm7ww6Q?feature=oembed\" frameborder=\"0\" allow=\"accelerometer; autoplay; clipboard-write; encrypted-media; gyroscope; picture-in-picture; web-share\" referrerpolicy=\"strict-origin-when-cross-origin\" allowfullscreen><\/iframe><\/div><\/p>\n<\/div><div class=\"fusion-separator fusion-full-width-sep\" style=\"align-self: center;margin-left: auto;margin-right: auto;margin-top:15px;margin-bottom:15px;width:100%;\"><div class=\"fusion-separator-border sep-single sep-solid\" style=\"--awb-height:20px;--awb-amount:20px;--awb-sep-color:var(--awb-custom17);border-color:var(--awb-custom17);border-top-width:1px;\"><\/div><\/div><nav class=\"fusion-breadcrumbs fusion-breadcrumbs-1\" style=\"--awb-breadcrumb-sep:&#039;\/&#039;;\" aria-label=\"Breadcrumb\"><ol class=\"awb-breadcrumb-list\"><\/ol><\/nav><\/div><\/div><div class=\"fusion-layout-column fusion_builder_column fusion-builder-column-1 fusion_builder_column_1_4 1_4 fusion-flex-column\" style=\"--awb-bg-size:cover;--awb-width-large:25%;--awb-margin-top-large:0px;--awb-spacing-right-large:7.68%;--awb-margin-bottom-large:20px;--awb-spacing-left-large:7.68%;--awb-width-medium:25%;--awb-order-medium:0;--awb-spacing-right-medium:7.68%;--awb-spacing-left-medium:7.68%;--awb-width-small:100%;--awb-order-small:0;--awb-spacing-right-small:1.92%;--awb-spacing-left-small:1.92%;\"><div class=\"fusion-column-wrapper fusion-column-has-shadow fusion-flex-justify-content-flex-start fusion-content-layout-column\"><div class=\"fusion-title title fusion-title-2 sep-underline sep-solid fusion-title-text fusion-title-size-two\" style=\"--awb-text-color:var(--awb-custom17);--awb-sep-color:var(--awb-custom17);--awb-font-size:22px;\"><h2 class=\"fusion-title-heading title-heading-left\" style=\"margin:0;font-size:1em;\">Date importanti<\/h2><\/div><ul style=\"--awb-line-height:27.2px;--awb-icon-width:27.2px;--awb-icon-height:27.2px;--awb-icon-margin:11.2px;--awb-content-margin:38.4px;--awb-circlecolor:var(--awb-custom17);--awb-circle-yes-font-size:14.08px;\" class=\"fusion-checklist fusion-checklist-1 fusion-checklist-default type-icons\"><li class=\"fusion-li-item\" style=\"\"><span class=\"icon-wrapper circle-yes\"><i class=\"fusion-li-icon fa-star-half far\" aria-hidden=\"true\"><\/i><\/span><div class=\"fusion-li-item-content\">\r\n<p><strong>Memoria liturgica: 13 febbraio<\/strong><\/p>\r\n<\/div><\/li><li class=\"fusion-li-item\" style=\"\"><span class=\"icon-wrapper circle-yes\"><i class=\"fusion-li-icon fa-star-half far\" aria-hidden=\"true\"><\/i><\/span><div class=\"fusion-li-item-content\">\r\n<p>Nato a Stevens Point, Wisconsin, USA, il 21 settembre 1944<\/p>\r\n<\/div><\/li><li class=\"fusion-li-item\" style=\"\"><span class=\"icon-wrapper circle-yes\"><i class=\"fusion-li-icon fa-star-half far\" aria-hidden=\"true\"><\/i><\/span><div class=\"fusion-li-item-content\">\r\n<p>Nel settembre 1959 \u00e8 entrato nel Noviziato minore<\/p>\r\n<\/div><\/li><li class=\"fusion-li-item\" style=\"\"><span class=\"icon-wrapper circle-yes\"><i class=\"fusion-li-icon fa-star-half far\" aria-hidden=\"true\"><\/i><\/span><div class=\"fusion-li-item-content\">\r\n<p>Nell&#8217;agosto 1962 entra nel Noviziato e riceve l&#8217;abito<\/p>\r\n<\/div><\/li><li class=\"fusion-li-item\" style=\"\"><span class=\"icon-wrapper circle-yes\"><i class=\"fusion-li-icon fa-star-half far\" aria-hidden=\"true\"><\/i><\/span><div class=\"fusion-li-item-content\">\r\n<p>Agosto 1969: voti perpetui<\/p>\r\n<\/div><\/li><li class=\"fusion-li-item\" style=\"\"><span class=\"icon-wrapper circle-yes\"><i class=\"fusion-li-icon fa-star-half far\" aria-hidden=\"true\"><\/i><\/span><div class=\"fusion-li-item-content\">\r\n<p>Martirizzato il 13 febbraio 1982<\/p>\r\n<\/div><\/li><li class=\"fusion-li-item\" style=\"\"><span class=\"icon-wrapper circle-yes\"><i class=\"fusion-li-icon fa-star-half far\" aria-hidden=\"true\"><\/i><\/span><div class=\"fusion-li-item-content\">\r\n<p>Beatificato il 7 dicembre 2019<\/p>\r\n<\/div><\/li><\/ul><div class=\"fusion-separator fusion-full-width-sep\" style=\"align-self: center;margin-left: auto;margin-right: auto;margin-top:15px;margin-bottom:15px;width:100%;\"><\/div><div class=\"fusion-title title fusion-title-3 sep-underline sep-solid fusion-title-text fusion-title-size-two\" style=\"--awb-text-color:var(--awb-custom17);--awb-sep-color:var(--awb-custom17);--awb-font-size:22px;\"><h2 class=\"fusion-title-heading title-heading-left\" style=\"margin:0;font-size:1em;\">Risorse<\/h2><\/div><ul style=\"--awb-line-height:27.2px;--awb-icon-width:27.2px;--awb-icon-height:27.2px;--awb-icon-margin:11.2px;--awb-content-margin:38.4px;--awb-circlecolor:var(--awb-custom17);--awb-circle-yes-font-size:14.08px;\" class=\"fusion-checklist fusion-checklist-2 fusion-checklist-default type-icons\"><li class=\"fusion-li-item\" style=\"\"><span class=\"icon-wrapper circle-yes\"><i class=\"fusion-li-icon fa-file-image far\" aria-hidden=\"true\"><\/i><\/span><div class=\"fusion-li-item-content\">\r\n<p><a href=\"https:\/\/goo.gl\/photos\/iR4jjDhBKjzXYokf8\" target=\"_blank\" rel=\"noreferrer noopener\">Immagini<\/a><\/p>\r\n<\/div><\/li><li class=\"fusion-li-item\" style=\"\"><span class=\"icon-wrapper circle-yes\"><i class=\"fusion-li-icon fa-file-powerpoint far\" aria-hidden=\"true\"><\/i><\/span><div class=\"fusion-li-item-content\">\r\n<p><a href=\"https:\/\/www.lasalle.org\/wp-content\/uploads\/2020\/02\/jamesmiller_it.pptx\" target=\"_blank\" rel=\"noreferrer noopener\">Fratel James Miller\u00a0(1944\u00a0 \u2013 1982)<\/a><\/p>\r\n<\/div><\/li><li class=\"fusion-li-item\" style=\"\"><span class=\"icon-wrapper circle-yes\"><i class=\"fusion-li-icon fa-file-pdf far\" aria-hidden=\"true\"><\/i><\/span><div class=\"fusion-li-item-content\">\r\n<p><a href=\"https:\/\/www.lasalle.org\/wp-content\/uploads\/2020\/02\/BEATIFICATION-HOMILY_James-Miller_it-1.pdf\" target=\"_blank\" rel=\"noreferrer noopener\">Omelia di beatificazione<br \/><\/a>Cardinale Jos\u00e9 Luis Lacunza Maestroju\u00e1n, OAR<\/p>\r\n<\/div><\/li><\/ul><div class=\"fusion-separator fusion-full-width-sep\" style=\"align-self: center;margin-left: auto;margin-right: auto;margin-top:15px;margin-bottom:15px;width:100%;\"><\/div><div class=\"fusion-title title fusion-title-4 sep-underline sep-solid fusion-title-text fusion-title-size-two\" style=\"--awb-text-color:var(--awb-custom17);--awb-sep-color:var(--awb-custom17);--awb-font-size:22px;\"><h2 class=\"fusion-title-heading title-heading-left\" style=\"margin:0;font-size:1em;\">Inno al Beato Fratel James Miller<\/h2><\/div><ul style=\"--awb-line-height:27.2px;--awb-icon-width:27.2px;--awb-icon-height:27.2px;--awb-icon-margin:11.2px;--awb-content-margin:38.4px;--awb-circlecolor:var(--awb-custom17);--awb-circle-yes-font-size:14.08px;\" class=\"fusion-checklist fusion-checklist-3 fusion-checklist-default type-icons\"><li class=\"fusion-li-item\" style=\"\"><span class=\"icon-wrapper circle-yes\"><i class=\"fusion-li-icon fa-file-pdf far\" aria-hidden=\"true\"><\/i><\/span><div class=\"fusion-li-item-content\">\r\n<p><a href=\"https:\/\/www.lasalle.org\/wp-content\/uploads\/2020\/09\/INNO-it.pdf\" target=\"_blank\" rel=\"noreferrer noopener\">Inno<\/a><\/p>\r\n<\/div><\/li><\/ul><div class=\"fusion-text fusion-text-3\" style=\"--awb-font-size:14px;\"><p>Inno composto da Fr. Mario Chiarapini. <br \/>L\u2019adattamento nelle altre lingue \u00e8 stato fatto da Fr. John Guasconi (inglese), Fr. Nicolas Capelle (francese) e Fr. Jos\u00e9 Mart\u00ednez (spagnolo).<\/p>\n<\/div><div class=\"fusion-separator fusion-full-width-sep\" style=\"align-self: center;margin-left: auto;margin-right: auto;margin-top:15px;margin-bottom:15px;width:100%;\"><div class=\"fusion-separator-border sep-single sep-solid\" style=\"--awb-height:20px;--awb-amount:20px;--awb-sep-color:var(--awb-custom17);border-color:var(--awb-custom17);border-top-width:1px;\"><\/div><\/div><div class=\"awb-gallery-wrapper awb-gallery-wrapper-1 button-span-no\" style=\"--more-btn-alignment:center;\"><div style=\"margin:-5px;--awb-bordersize:0px;\" class=\"fusion-gallery fusion-gallery-container fusion-grid-1 fusion-columns-total-1 fusion-gallery-layout-grid fusion-gallery-1\"><div style=\"padding:5px;\" class=\"fusion-grid-column fusion-gallery-column fusion-gallery-column-1 hover-type-zoomin\"><div class=\"fusion-gallery-image\"><a href=\"https:\/\/www.lasalle.org\/wp-content\/uploads\/2019\/07\/mil_0001.jpg\" rel=\"noreferrer\" data-rel=\"iLightbox[gallery_image_1]\" class=\"fusion-lightbox\" target=\"_self\"><img decoding=\"async\" src=\"https:\/\/www.lasalle.org\/wp-content\/uploads\/2019\/07\/mil_0001.jpg\" width=\"800\" height=\"730\" alt=\"\" title=\"mil_0001\" aria-label=\"mil_0001\" class=\"img-responsive wp-image-50873\" srcset=\"https:\/\/www.lasalle.org\/wp-content\/uploads\/2019\/07\/mil_0001-300x274.jpg 300w, https:\/\/www.lasalle.org\/wp-content\/uploads\/2019\/07\/mil_0001-768x701.jpg 768w, https:\/\/www.lasalle.org\/wp-content\/uploads\/2019\/07\/mil_0001.jpg 800w\" sizes=\"(max-width: 800px) 100vw, 800px\" \/><\/a><\/div><\/div><div class=\"clearfix\"><\/div><\/div><\/div><div class=\"fusion-separator fusion-full-width-sep\" style=\"align-self: center;margin-left: auto;margin-right: auto;margin-top:15px;margin-bottom:15px;width:100%;\"><div class=\"fusion-separator-border sep-single sep-solid\" style=\"--awb-height:20px;--awb-amount:20px;--awb-sep-color:var(--awb-custom17);border-color:var(--awb-custom17);border-top-width:1px;\"><\/div><\/div><\/div><\/div><\/div><\/div>","protected":false},"excerpt":{"rendered":"","protected":false},"author":13,"featured_media":112168,"parent":10826,"menu_order":0,"comment_status":"open","ping_status":"closed","template":"","meta":{"_tec_requires_first_save":true,"_monsterinsights_skip_tracking":false,"_monsterinsights_sitenote_active":false,"_monsterinsights_sitenote_note":"","_monsterinsights_sitenote_category":0,"_EventAllDay":false,"_EventTimezone":"","_EventStartDate":"","_EventEndDate":"","_EventStartDateUTC":"","_EventEndDateUTC":"","_EventShowMap":false,"_EventShowMapLink":false,"_EventURL":"","_EventCost":"","_EventCostDescription":"","_EventCurrencySymbol":"","_EventCurrencyCode":"","_EventCurrencyPosition":"","_EventDateTimeSeparator":"","_EventTimeRangeSeparator":"","_EventOrganizerID":[],"_EventVenueID":[],"_OrganizerEmail":"","_OrganizerPhone":"","_OrganizerWebsite":"","_VenueAddress":"","_VenueCity":"","_VenueCountry":"","_VenueProvince":"","_VenueState":"","_VenueZip":"","_VenuePhone":"","_VenueURL":"","_VenueStateProvince":"","_VenueLat":"","_VenueLng":"","_VenueShowMap":false,"_VenueShowMapLink":false,"_tribe_blocks_recurrence_rules":"","_tribe_blocks_recurrence_description":"","_tribe_blocks_recurrence_exclusions":"","footnotes":""},"class_list":["post-10846","page","type-page","status-publish","has-post-thumbnail","hentry"],"_links":{"self":[{"href":"https:\/\/www.lasalle.org\/it\/wp-json\/wp\/v2\/pages\/10846","targetHints":{"allow":["GET"]}}],"collection":[{"href":"https:\/\/www.lasalle.org\/it\/wp-json\/wp\/v2\/pages"}],"about":[{"href":"https:\/\/www.lasalle.org\/it\/wp-json\/wp\/v2\/types\/page"}],"author":[{"embeddable":true,"href":"https:\/\/www.lasalle.org\/it\/wp-json\/wp\/v2\/users\/13"}],"replies":[{"embeddable":true,"href":"https:\/\/www.lasalle.org\/it\/wp-json\/wp\/v2\/comments?post=10846"}],"version-history":[{"count":5,"href":"https:\/\/www.lasalle.org\/it\/wp-json\/wp\/v2\/pages\/10846\/revisions"}],"predecessor-version":[{"id":116228,"href":"https:\/\/www.lasalle.org\/it\/wp-json\/wp\/v2\/pages\/10846\/revisions\/116228"}],"up":[{"embeddable":true,"href":"https:\/\/www.lasalle.org\/it\/wp-json\/wp\/v2\/pages\/10826"}],"wp:featuredmedia":[{"embeddable":true,"href":"https:\/\/www.lasalle.org\/it\/wp-json\/wp\/v2\/media\/112168"}],"wp:attachment":[{"href":"https:\/\/www.lasalle.org\/it\/wp-json\/wp\/v2\/media?parent=10846"}],"curies":[{"name":"wp","href":"https:\/\/api.w.org\/{rel}","templated":true}]}}