{"id":10894,"date":"2018-12-10T08:53:56","date_gmt":"2018-12-10T08:53:56","guid":{"rendered":"http:\/\/lasalle.vl20054.dinaserver.com\/temi-lasalliani\/"},"modified":"2025-07-16T09:30:33","modified_gmt":"2025-07-16T07:30:33","slug":"temi-lasalliani","status":"publish","type":"page","link":"https:\/\/www.lasalle.org\/it\/pubblicazioni\/temi-lasalliani\/","title":{"rendered":"Temi Lasalliani"},"content":{"rendered":"<div class=\"fusion-fullwidth fullwidth-box fusion-builder-row-1 fusion-flex-container has-pattern-background has-mask-background nonhundred-percent-fullwidth non-hundred-percent-height-scrolling\" style=\"--awb-border-radius-top-left:0px;--awb-border-radius-top-right:0px;--awb-border-radius-bottom-right:0px;--awb-border-radius-bottom-left:0px;--awb-flex-wrap:wrap;\" ><div class=\"fusion-builder-row fusion-row fusion-flex-align-items-flex-start fusion-flex-content-wrap\" style=\"max-width:1248px;margin-left: calc(-4% \/ 2 );margin-right: calc(-4% \/ 2 );\"><div class=\"fusion-layout-column fusion_builder_column fusion-builder-column-0 fusion_builder_column_3_4 3_4 fusion-flex-column\" style=\"--awb-bg-size:cover;--awb-width-large:75%;--awb-margin-top-large:0px;--awb-spacing-right-large:2.56%;--awb-margin-bottom-large:20px;--awb-spacing-left-large:2.56%;--awb-width-medium:75%;--awb-order-medium:0;--awb-spacing-right-medium:2.56%;--awb-spacing-left-medium:2.56%;--awb-width-small:100%;--awb-order-small:0;--awb-spacing-right-small:1.92%;--awb-spacing-left-small:1.92%;\"><div class=\"fusion-column-wrapper fusion-column-has-shadow fusion-flex-justify-content-flex-start fusion-content-layout-column\"><div class=\"fusion-title title fusion-title-1 sep-underline sep-solid fusion-title-text fusion-title-size-two\" style=\"--awb-text-color:var(--awb-custom17);--awb-sep-color:var(--awb-custom17);--awb-font-size:22px;\"><h2 class=\"fusion-title-heading title-heading-left\" style=\"margin:0;font-size:1em;\">Temi Lasalliani<\/h2><\/div><div class=\"fusion-text fusion-text-1\"><p>Tre importanti volumi pubblicati, i primi due nel 1993 e il terzo nel 1996 (282 p. e 321 p. il terzo), 99 parole o espressioni presentate: come erano comprese all&#8217;epoca del Fondatore e come possono aiutare a fornire una solida base al pensiero lasalliano di oggi. Un numero significativo di autori ha contribuito a questa pubblicazione. \u00c8 presentato in un formato che va dalle quattro alle venti pagine quando il tema lo richiede. Il quarto volume \u00e8 in preparazione.<\/p>\n<p><!-- \/wp:post-content --><\/p>\n<p><!-- wp:paragraph --><\/p>\n<p>L&#8217;elenco dei temi in corso di studio viene presentato in base ai volumi in cui compaiono.<\/p>\n<\/div><div class=\"fusion-title title fusion-title-2 fusion-sep-none fusion-title-text fusion-title-size-two\" style=\"--awb-text-color:var(--awb-custom17);--awb-sep-color:var(--awb-custom17);--awb-font-size:20px;\"><h2 class=\"fusion-title-heading title-heading-left\" style=\"margin:0;font-size:1em;\">Temi Lasalliani<\/h2><\/div><div class=\"fusion-builder-row fusion-builder-row-inner fusion-row fusion-flex-align-items-flex-start fusion-flex-content-wrap\" style=\"width:104% !important;max-width:104% !important;margin-left: calc(-4% \/ 2 );margin-right: calc(-4% \/ 2 );\"><div class=\"fusion-layout-column fusion_builder_column_inner fusion-builder-nested-column-0 fusion_builder_column_inner_1_3 1_3 fusion-flex-column\" style=\"--awb-bg-size:cover;--awb-width-large:33.333333333333%;--awb-margin-top-large:0px;--awb-spacing-right-large:5.76%;--awb-margin-bottom-large:20px;--awb-spacing-left-large:5.76%;--awb-width-medium:33.333333333333%;--awb-order-medium:0;--awb-spacing-right-medium:5.76%;--awb-spacing-left-medium:5.76%;--awb-width-small:100%;--awb-order-small:0;--awb-spacing-right-small:1.92%;--awb-spacing-left-small:1.92%;\"><div class=\"fusion-column-wrapper fusion-column-has-shadow fusion-flex-justify-content-flex-start fusion-content-layout-column\"><div class=\"fusion-text fusion-text-2\"><p>1.\u00a0\u00a0\u00a0 Action de Dieu<br \/>2.\u00a0\u00a0\u00a0 Amour-Charit\u00e9<br \/>3.\u00a0\u00a0\u00a0 Anges gardiens<br \/>4.\u00a0\u00a0\u00a0 Ap\u00f4tre<br \/>5.\u00a0\u00a0\u00a0 Artisans<br \/>6.\u00a0\u00a0\u00a0 Association<br \/>7.\u00a0\u00a0\u00a0 Biens\u00e9ance et Civilit\u00e9 chr\u00e9tienne<br \/>8.\u00a0\u00a0\u00a0 Bont\u00e9-Tendresse<br \/>9.\u00a0\u00a0\u00a0 Cantiques spirituels<br \/>10.\u00a0\u00a0\u00a0 Cat\u00e9chisme<\/p>\n<\/div><\/div><\/div><div class=\"fusion-layout-column fusion_builder_column_inner fusion-builder-nested-column-1 fusion_builder_column_inner_1_3 1_3 fusion-flex-column\" style=\"--awb-bg-size:cover;--awb-width-large:33.333333333333%;--awb-margin-top-large:0px;--awb-spacing-right-large:5.76%;--awb-margin-bottom-large:20px;--awb-spacing-left-large:5.76%;--awb-width-medium:33.333333333333%;--awb-order-medium:0;--awb-spacing-right-medium:5.76%;--awb-spacing-left-medium:5.76%;--awb-width-small:100%;--awb-order-small:0;--awb-spacing-right-small:1.92%;--awb-spacing-left-small:1.92%;\"><div class=\"fusion-column-wrapper fusion-column-has-shadow fusion-flex-justify-content-flex-start fusion-content-layout-column\"><div class=\"fusion-text fusion-text-3\"><p>11. Chr\u00e9tien<br \/>12. C\u0153ur-Toucher les c\u0153urs<br \/>13. Commandements de Dieu et de l\u2019\u00c9glise<br \/>14. Cons\u00e9cration<br \/>15. Conseils \u00e9vang\u00e9liques<br \/>16. Consolation-Ti\u00e9deur-S\u00e9cheresse 17. Conversation<br \/>18. Conversion<br \/>19. Correction<br \/>20. Devoirs d\u2019un Chr\u00e9tien<\/p>\n<\/div><\/div><\/div><div class=\"fusion-layout-column fusion_builder_column_inner fusion-builder-nested-column-2 fusion_builder_column_inner_1_3 1_3 fusion-flex-column\" style=\"--awb-bg-size:cover;--awb-width-large:33.333333333333%;--awb-margin-top-large:0px;--awb-spacing-right-large:5.76%;--awb-margin-bottom-large:20px;--awb-spacing-left-large:5.76%;--awb-width-medium:33.333333333333%;--awb-order-medium:0;--awb-spacing-right-medium:5.76%;--awb-spacing-left-medium:5.76%;--awb-width-small:100%;--awb-order-small:0;--awb-spacing-right-small:1.92%;--awb-spacing-left-small:1.92%;\"><div class=\"fusion-column-wrapper fusion-column-has-shadow fusion-flex-justify-content-flex-start fusion-content-layout-column\"><div class=\"fusion-text fusion-text-4\"><p>21.\u00a0\u00a0\u00a0 D\u00e9votion mariale<br \/>22.\u00a0\u00a0\u00a0 Disciples<br \/>23.\u00a0\u00a0\u00a0 Douceur<br \/>24.\u00a0\u00a0\u00a0 \u00c9ducation-\u00c9lever<br \/>25.\u00a0\u00a0\u00a0 \u00c9glise<br \/>26.\u00a0\u00a0\u00a0 Enfant-\u00c9colier-Disciple<br \/>27.\u00a0\u00a0\u00a0 Esprit du Christianisme<br \/>28.\u00a0\u00a0\u00a0 Esprit du Monde<br \/>29.\u00a0\u00a0\u00a0 \u00c9tat<br \/>30.\u00a0\u00a0\u00a0 Exemple-\u00c9dification<br \/>31.\u00a0\u00a0\u00a0 Exercices<br \/>32.\u00a0\u00a0\u00a0 Fid\u00e9lit\u00e9-Pers\u00e9v\u00e9rance<\/p>\n<\/div><\/div><\/div><\/div><div class=\"fusion-title title fusion-title-3 fusion-sep-none fusion-title-text fusion-title-size-two\" style=\"--awb-text-color:var(--awb-custom17);--awb-sep-color:var(--awb-custom17);--awb-font-size:20px;\"><h2 class=\"fusion-title-heading title-heading-left\" style=\"margin:0;font-size:1em;\">Temi Lasalliani<\/h2><\/div><div class=\"fusion-builder-row fusion-builder-row-inner fusion-row fusion-flex-align-items-flex-start fusion-flex-content-wrap\" style=\"width:104% !important;max-width:104% !important;margin-left: calc(-4% \/ 2 );margin-right: calc(-4% \/ 2 );\"><div class=\"fusion-layout-column fusion_builder_column_inner fusion-builder-nested-column-3 fusion_builder_column_inner_1_3 1_3 fusion-flex-column\" style=\"--awb-bg-size:cover;--awb-width-large:33.333333333333%;--awb-margin-top-large:0px;--awb-spacing-right-large:5.76%;--awb-margin-bottom-large:20px;--awb-spacing-left-large:5.76%;--awb-width-medium:33.333333333333%;--awb-order-medium:0;--awb-spacing-right-medium:5.76%;--awb-spacing-left-medium:5.76%;--awb-width-small:100%;--awb-order-small:0;--awb-spacing-right-small:1.92%;--awb-spacing-left-small:1.92%;\"><div class=\"fusion-column-wrapper fusion-column-has-shadow fusion-flex-justify-content-flex-start fusion-content-layout-column\"><div class=\"fusion-text fusion-text-5\"><p>33.\u00a0\u00a0 \u00a0Foi-Esprit de foi<br \/>34.\u00a0\u00a0 \u00a0Formation<br \/>35.\u00a0\u00a0 \u00a0Fr\u00e8res des \u00c9coles chr\u00e9tiennes<br \/>36.\u00a0\u00a0 \u00a0Habit des Fr\u00e8res<br \/>37.\u00a0\u00a0 \u00a0Incarnation<br \/>38.\u00a0\u00a0 \u00a0Inspiration (Mouvement de l\u2019Esprit)<br \/>39.\u00a0\u00a0 \u00a0Joie<br \/>40.\u00a0\u00a0 \u00a0Justice<br \/>41.\u00a0\u00a0 \u00a0Ma\u00eetre chr\u00e9tien<br \/>42.\u00a0\u00a0 \u00a0Mission<br \/>43.\u00a0\u00a0 \u00a0Monde-Relation avec le Monde<br \/>44.\u00a0\u00a0 \u00a0Mortification<\/p>\n<\/div><\/div><\/div><div class=\"fusion-layout-column fusion_builder_column_inner fusion-builder-nested-column-4 fusion_builder_column_inner_1_3 1_3 fusion-flex-column\" style=\"--awb-bg-size:cover;--awb-width-large:33.333333333333%;--awb-margin-top-large:0px;--awb-spacing-right-large:5.76%;--awb-margin-bottom-large:20px;--awb-spacing-left-large:5.76%;--awb-width-medium:33.333333333333%;--awb-order-medium:0;--awb-spacing-right-medium:5.76%;--awb-spacing-left-medium:5.76%;--awb-width-small:100%;--awb-order-small:0;--awb-spacing-right-small:1.92%;--awb-spacing-left-small:1.92%;\"><div class=\"fusion-column-wrapper fusion-column-has-shadow fusion-flex-justify-content-flex-start fusion-content-layout-column\"><div class=\"fusion-text fusion-text-6\"><p>45. Myst\u00e8re<br \/>46. Noviciat<br \/>47. \u0152uvre de Dieu<br \/>48. Parents<br \/>49. Pauvres 50. P\u00e9nitent<br \/>51. R\u00e9flexion<br \/>52. R\u00e8gle-R\u00e9gularit\u00e9<br \/>53. Relation Ma\u00eetre-\u00c9l\u00e8ve<br \/>54. Renoncement-D\u00e9tachement<br \/>55. R\u00e9novation<\/p>\n<\/div><\/div><\/div><div class=\"fusion-layout-column fusion_builder_column_inner fusion-builder-nested-column-5 fusion_builder_column_inner_1_3 1_3 fusion-flex-column\" style=\"--awb-bg-size:cover;--awb-width-large:33.333333333333%;--awb-margin-top-large:0px;--awb-spacing-right-large:5.76%;--awb-margin-bottom-large:20px;--awb-spacing-left-large:5.76%;--awb-width-medium:33.333333333333%;--awb-order-medium:0;--awb-spacing-right-medium:5.76%;--awb-spacing-left-medium:5.76%;--awb-width-small:100%;--awb-order-small:0;--awb-spacing-right-small:1.92%;--awb-spacing-left-small:1.92%;\"><div class=\"fusion-column-wrapper fusion-column-has-shadow fusion-flex-justify-content-flex-start fusion-content-layout-column\"><div class=\"fusion-text fusion-text-7\"><p>56.\u00a0\u00a0\u00a0 Retraite<br \/>57.\u00a0\u00a0\u00a0 Sacrements<br \/>58.\u00a0\u00a0\u00a0 Saints<br \/>59.\u00a0\u00a0\u00a0 Salut<br \/>60.\u00a0\u00a0\u00a0 Silence<br \/>61.\u00a0\u00a0\u00a0 Simple attention (Contemplation)<br \/>62.\u00a0\u00a0\u00a0 Solitude<br \/>63.\u00a0\u00a0\u00a0 V\u00e9rit\u00e9<br \/>64.\u00a0\u00a0\u00a0 Vigilance<br \/>65.\u00a0\u00a0\u00a0 V\u0153ux<\/p>\n<\/div><\/div><\/div><\/div><div class=\"fusion-title title fusion-title-4 fusion-sep-none fusion-title-text fusion-title-size-two\" style=\"--awb-text-color:var(--awb-custom17);--awb-sep-color:var(--awb-custom17);--awb-font-size:20px;\"><h2 class=\"fusion-title-heading title-heading-left\" style=\"margin:0;font-size:1em;\">Temi Lasalliani<\/h2><\/div><div class=\"fusion-builder-row fusion-builder-row-inner fusion-row fusion-flex-align-items-flex-start fusion-flex-content-wrap\" style=\"width:104% !important;max-width:104% !important;margin-left: calc(-4% \/ 2 );margin-right: calc(-4% \/ 2 );\"><div class=\"fusion-layout-column fusion_builder_column_inner fusion-builder-nested-column-6 fusion_builder_column_inner_1_3 1_3 fusion-flex-column\" style=\"--awb-bg-size:cover;--awb-width-large:33.333333333333%;--awb-margin-top-large:0px;--awb-spacing-right-large:5.76%;--awb-margin-bottom-large:20px;--awb-spacing-left-large:5.76%;--awb-width-medium:33.333333333333%;--awb-order-medium:0;--awb-spacing-right-medium:5.76%;--awb-spacing-left-medium:5.76%;--awb-width-small:100%;--awb-order-small:0;--awb-spacing-right-small:1.92%;--awb-spacing-left-small:1.92%;\"><div class=\"fusion-column-wrapper fusion-column-has-shadow fusion-flex-justify-content-flex-start fusion-content-layout-column\"><div class=\"fusion-text fusion-text-8\"><p>66.\u00a0\u00a0\u00a0 Abandon \u00e0 la Providence<br \/>67.\u00a0\u00a0\u00a0 C\u00e9l\u00e9brer<br \/>68.\u00a0\u00a0\u00a0 Chastet\u00e9<br \/>69.\u00a0\u00a0\u00a0 Communaut\u00e9, Soci\u00e9t\u00e9, Institut<br \/>70.\u00a0\u00a0\u00a0 Conduite<br \/>71.\u00a0\u00a0\u00a0 Conduite des \u00c9coles chr\u00e9tiennes<br \/>72.\u00a0\u00a0\u00a0 Devoirs-Obligations<br \/>73.\u00a0\u00a0\u00a0 D\u00e9votion et D\u00e9votions<br \/>74.\u00a0\u00a0\u00a0 D\u00e9votion \u00e0 Saint Joseph<br \/>75.\u00a0\u00a0\u00a0 Dieu<br \/>76.\u00a0\u00a0\u00a0 Directeur<\/p>\n<\/div><\/div><\/div><div class=\"fusion-layout-column fusion_builder_column_inner fusion-builder-nested-column-7 fusion_builder_column_inner_1_3 1_3 fusion-flex-column\" style=\"--awb-bg-size:cover;--awb-width-large:33.333333333333%;--awb-margin-top-large:0px;--awb-spacing-right-large:5.76%;--awb-margin-bottom-large:20px;--awb-spacing-left-large:5.76%;--awb-width-medium:33.333333333333%;--awb-order-medium:0;--awb-spacing-right-medium:5.76%;--awb-spacing-left-medium:5.76%;--awb-width-small:100%;--awb-order-small:0;--awb-spacing-right-small:1.92%;--awb-spacing-left-small:1.92%;\"><div class=\"fusion-column-wrapper fusion-column-has-shadow fusion-flex-justify-content-flex-start fusion-content-layout-column\"><div class=\"fusion-text fusion-text-9\"><p>77. \u00c9cole<br \/>78. Emploi<br \/>79. Gratuit\u00e9<br \/>80. Humilit\u00e9<br \/>81. Imitation du Christ<br \/>82. Instruction-Instruire les enfants <br \/>83. Lire en fran\u00e7ais<br \/>84. Messe<br \/>85. Minist\u00e8re<br \/>86. Modestie<br \/>87. Ob\u00e9issance<br \/>88. Paix<\/p>\n<\/div><\/div><\/div><div class=\"fusion-layout-column fusion_builder_column_inner fusion-builder-nested-column-8 fusion_builder_column_inner_1_3 1_3 fusion-flex-column\" style=\"--awb-bg-size:cover;--awb-width-large:33.333333333333%;--awb-margin-top-large:0px;--awb-spacing-right-large:5.76%;--awb-margin-bottom-large:20px;--awb-spacing-left-large:5.76%;--awb-width-medium:33.333333333333%;--awb-order-medium:0;--awb-spacing-right-medium:5.76%;--awb-spacing-left-medium:5.76%;--awb-width-small:100%;--awb-order-small:0;--awb-spacing-right-small:1.92%;--awb-spacing-left-small:1.92%;\"><div class=\"fusion-column-wrapper fusion-column-has-shadow fusion-flex-justify-content-flex-start fusion-content-layout-column\"><div class=\"fusion-text fusion-text-10\"><p>89.\u00a0\u00a0\u00a0 P\u00e9ch\u00e9<br \/>90.\u00a0\u00a0\u00a0 Pi\u00e9t\u00e9<br \/>91.\u00a0\u00a0\u00a0 Pri\u00e8re<br \/>92.\u00a0\u00a0\u00a0 R\u00e9compense du Ma\u00eetre<br \/>93.\u00a0\u00a0\u00a0 R\u00e9demption<br \/>94.\u00a0\u00a0\u00a0 Religieux<br \/>95.\u00a0\u00a0\u00a0 Souffrance<br \/>96.\u00a0\u00a0\u00a0 Stabilit\u00e9<br \/>97.\u00a0\u00a0\u00a0 Union entre les Fr\u00e8res<br \/>98.\u00a0\u00a0\u00a0 Vertus du Ma\u00eetre<br \/>99.\u00a0\u00a0\u00a0 Z\u00e8le<\/p>\n<\/div><\/div><\/div><\/div><div class=\"fusion-separator fusion-full-width-sep\" style=\"align-self: center;margin-left: auto;margin-right: auto;margin-top:15px;margin-bottom:15px;width:100%;\"><div class=\"fusion-separator-border sep-single sep-solid\" style=\"--awb-height:20px;--awb-amount:20px;--awb-sep-color:var(--awb-custom17);border-color:var(--awb-custom17);border-top-width:1px;\"><\/div><\/div><nav class=\"fusion-breadcrumbs fusion-breadcrumbs-1\" style=\"--awb-breadcrumb-sep:&#039;\/&#039;;\" aria-label=\"Breadcrumb\"><ol class=\"awb-breadcrumb-list\"><\/ol><\/nav><\/div><\/div><div class=\"fusion-layout-column fusion_builder_column fusion-builder-column-1 fusion_builder_column_1_4 1_4 fusion-flex-column\" style=\"--awb-bg-size:cover;--awb-width-large:25%;--awb-margin-top-large:0px;--awb-spacing-right-large:7.68%;--awb-margin-bottom-large:20px;--awb-spacing-left-large:7.68%;--awb-width-medium:25%;--awb-order-medium:0;--awb-spacing-right-medium:7.68%;--awb-spacing-left-medium:7.68%;--awb-width-small:100%;--awb-order-small:0;--awb-spacing-right-small:1.92%;--awb-spacing-left-small:1.92%;\"><div class=\"fusion-column-wrapper fusion-column-has-shadow fusion-flex-justify-content-flex-start fusion-content-layout-column\"><div class=\"fusion-title title fusion-title-5 sep-underline sep-solid fusion-title-text fusion-title-size-two\" style=\"--awb-text-color:var(--awb-custom17);--awb-sep-color:var(--awb-custom17);--awb-font-size:22px;\"><h2 class=\"fusion-title-heading title-heading-left\" style=\"margin:0;font-size:1em;\">In relazione<\/h2><\/div><ul style=\"--awb-line-height:27.2px;--awb-icon-width:27.2px;--awb-icon-height:27.2px;--awb-icon-margin:11.2px;--awb-content-margin:38.4px;--awb-circlecolor:var(--awb-custom17);--awb-circle-yes-font-size:14.08px;\" class=\"fusion-checklist fusion-checklist-1 fusion-checklist-default type-icons\"><li class=\"fusion-li-item\" style=\"\"><span class=\"icon-wrapper circle-yes\"><i class=\"fusion-li-icon fa-file-alt far\" aria-hidden=\"true\"><\/i><\/span><div class=\"fusion-li-item-content\">\r\n<p><a href=\"https:\/\/www.lasalle.org\/it\/pubblicazioni\/cahier-lasallien\/\">Cahiers lasalliens (<em>Quaderni Lasalliani<\/em>)<\/a><\/p>\r\n<\/div><\/li><li class=\"fusion-li-item\" style=\"\"><span class=\"icon-wrapper circle-yes\"><i class=\"fusion-li-icon fa-file-alt far\" aria-hidden=\"true\"><\/i><\/span><div class=\"fusion-li-item-content\">\r\n<p><a href=\"https:\/\/www.lasalle.org\/it\/pubblicazioni\/saggi-lasalliani\/\">Saggi Lasalliani<\/a><\/p>\r\n<\/div><\/li><li class=\"fusion-li-item\" style=\"\"><span class=\"icon-wrapper circle-yes\"><i class=\"fusion-li-icon fa-file-alt far\" aria-hidden=\"true\"><\/i><\/span><div class=\"fusion-li-item-content\">\r\n<p><a href=\"https:\/\/www.lasalle.org\/it\/pubblicazioni\/studi-lasalliani\/\">Studi Lasalliani<\/a><\/p>\r\n<\/div><\/li><\/ul><div class=\"fusion-separator fusion-full-width-sep\" style=\"align-self: center;margin-left: auto;margin-right: auto;margin-top:15px;margin-bottom:15px;width:100%;\"><div class=\"fusion-separator-border sep-single sep-solid\" style=\"--awb-height:20px;--awb-amount:20px;--awb-sep-color:var(--awb-custom17);border-color:var(--awb-custom17);border-top-width:1px;\"><\/div><\/div><\/div><\/div><\/div><\/div>","protected":false},"excerpt":{"rendered":"","protected":false},"author":13,"featured_media":113239,"parent":11063,"menu_order":0,"comment_status":"open","ping_status":"closed","template":"","meta":{"_tec_requires_first_save":true,"_monsterinsights_skip_tracking":false,"_monsterinsights_sitenote_active":false,"_monsterinsights_sitenote_note":"","_monsterinsights_sitenote_category":0,"_EventAllDay":false,"_EventTimezone":"","_EventStartDate":"","_EventEndDate":"","_EventStartDateUTC":"","_EventEndDateUTC":"","_EventShowMap":false,"_EventShowMapLink":false,"_EventURL":"","_EventCost":"","_EventCostDescription":"","_EventCurrencySymbol":"","_EventCurrencyCode":"","_EventCurrencyPosition":"","_EventDateTimeSeparator":"","_EventTimeRangeSeparator":"","_EventOrganizerID":[],"_EventVenueID":[],"_OrganizerEmail":"","_OrganizerPhone":"","_OrganizerWebsite":"","_VenueAddress":"","_VenueCity":"","_VenueCountry":"","_VenueProvince":"","_VenueState":"","_VenueZip":"","_VenuePhone":"","_VenueURL":"","_VenueStateProvince":"","_VenueLat":"","_VenueLng":"","_VenueShowMap":false,"_VenueShowMapLink":false,"_tribe_blocks_recurrence_rules":"","_tribe_blocks_recurrence_description":"","_tribe_blocks_recurrence_exclusions":"","footnotes":""},"class_list":["post-10894","page","type-page","status-publish","has-post-thumbnail","hentry"],"_links":{"self":[{"href":"https:\/\/www.lasalle.org\/it\/wp-json\/wp\/v2\/pages\/10894","targetHints":{"allow":["GET"]}}],"collection":[{"href":"https:\/\/www.lasalle.org\/it\/wp-json\/wp\/v2\/pages"}],"about":[{"href":"https:\/\/www.lasalle.org\/it\/wp-json\/wp\/v2\/types\/page"}],"author":[{"embeddable":true,"href":"https:\/\/www.lasalle.org\/it\/wp-json\/wp\/v2\/users\/13"}],"replies":[{"embeddable":true,"href":"https:\/\/www.lasalle.org\/it\/wp-json\/wp\/v2\/comments?post=10894"}],"version-history":[{"count":5,"href":"https:\/\/www.lasalle.org\/it\/wp-json\/wp\/v2\/pages\/10894\/revisions"}],"predecessor-version":[{"id":114996,"href":"https:\/\/www.lasalle.org\/it\/wp-json\/wp\/v2\/pages\/10894\/revisions\/114996"}],"up":[{"embeddable":true,"href":"https:\/\/www.lasalle.org\/it\/wp-json\/wp\/v2\/pages\/11063"}],"wp:featuredmedia":[{"embeddable":true,"href":"https:\/\/www.lasalle.org\/it\/wp-json\/wp\/v2\/media\/113239"}],"wp:attachment":[{"href":"https:\/\/www.lasalle.org\/it\/wp-json\/wp\/v2\/media?parent=10894"}],"curies":[{"name":"wp","href":"https:\/\/api.w.org\/{rel}","templated":true}]}}