{"id":10897,"date":"2018-12-10T14:08:32","date_gmt":"2018-12-10T14:08:32","guid":{"rendered":"http:\/\/lasalle.vl20054.dinaserver.com\/studi-lasalliani\/"},"modified":"2025-06-20T10:29:58","modified_gmt":"2025-06-20T08:29:58","slug":"studi-lasalliani","status":"publish","type":"page","link":"https:\/\/www.lasalle.org\/it\/pubblicazioni\/studi-lasalliani\/","title":{"rendered":"Studi Lasalliani"},"content":{"rendered":"<div class=\"fusion-fullwidth fullwidth-box fusion-builder-row-1 fusion-flex-container has-pattern-background has-mask-background nonhundred-percent-fullwidth non-hundred-percent-height-scrolling\" style=\"--awb-border-radius-top-left:0px;--awb-border-radius-top-right:0px;--awb-border-radius-bottom-right:0px;--awb-border-radius-bottom-left:0px;--awb-flex-wrap:wrap;\" ><div class=\"fusion-builder-row fusion-row fusion-flex-align-items-flex-start fusion-flex-content-wrap\" style=\"max-width:1248px;margin-left: calc(-4% \/ 2 );margin-right: calc(-4% \/ 2 );\"><div class=\"fusion-layout-column fusion_builder_column fusion-builder-column-0 fusion_builder_column_3_4 3_4 fusion-flex-column\" style=\"--awb-bg-size:cover;--awb-width-large:75%;--awb-margin-top-large:0px;--awb-spacing-right-large:2.56%;--awb-margin-bottom-large:20px;--awb-spacing-left-large:2.56%;--awb-width-medium:75%;--awb-order-medium:0;--awb-spacing-right-medium:2.56%;--awb-spacing-left-medium:2.56%;--awb-width-small:100%;--awb-order-small:0;--awb-spacing-right-small:1.92%;--awb-spacing-left-small:1.92%;\"><div class=\"fusion-column-wrapper fusion-column-has-shadow fusion-flex-justify-content-flex-start fusion-content-layout-column\"><div class=\"fusion-title title fusion-title-1 sep-underline sep-solid fusion-title-text fusion-title-size-two\" style=\"--awb-text-color:var(--awb-custom17);--awb-sep-color:var(--awb-custom17);--awb-font-size:22px;\"><h2 class=\"fusion-title-heading title-heading-left\" style=\"margin:0;font-size:1em;\">Studi Lasalliani<\/h2><\/div><div class=\"fusion-text fusion-text-1\"><p><strong><em>Questa collezione, non periodica, promuove l\u2019approfondimento e la diffusione della tradizione vivente di San Giovanni Battista de La Salle, in grado di coprire diverse aree del mondo lasalliano: l\u2019istruzione e la catechesi, l\u2019educazione e la spiritualit\u00e0, della societ\u00e0 e della chiesa, storia e interrogativi ..<\/em><\/strong><\/p>\n<\/div><div class=\"fusion-builder-row fusion-builder-row-inner fusion-row fusion-flex-align-items-flex-start fusion-flex-content-wrap\" style=\"width:104% !important;max-width:104% !important;margin-left: calc(-4% \/ 2 );margin-right: calc(-4% \/ 2 );\"><div class=\"fusion-layout-column fusion_builder_column_inner fusion-builder-nested-column-0 fusion_builder_column_inner_1_3 1_3 fusion-flex-column\" style=\"--awb-bg-size:cover;--awb-width-large:33.333333333333%;--awb-margin-top-large:0px;--awb-spacing-right-large:5.76%;--awb-margin-bottom-large:20px;--awb-spacing-left-large:5.76%;--awb-width-medium:33.333333333333%;--awb-order-medium:0;--awb-spacing-right-medium:5.76%;--awb-spacing-left-medium:5.76%;--awb-width-small:100%;--awb-order-small:0;--awb-spacing-right-small:1.92%;--awb-spacing-left-small:1.92%;\"><div class=\"fusion-column-wrapper fusion-column-has-shadow fusion-flex-justify-content-flex-start fusion-content-layout-column\"><div style=\"text-align:center;\"><a class=\"fusion-button button-flat button-large button-default fusion-button-default button-1 fusion-button-default-span fusion-button-default-type\" target=\"_self\" href=\"https:\/\/www.lasalle.org\/fr\/publications\/etudes-lasalliennes\/\"><span class=\"fusion-button-text awb-button__text awb-button__text--default\">\u00c9tudes Lasalliennes<\/span><\/a><\/div><\/div><\/div><div class=\"fusion-layout-column fusion_builder_column_inner fusion-builder-nested-column-1 fusion_builder_column_inner_1_3 1_3 fusion-flex-column\" style=\"--awb-bg-size:cover;--awb-width-large:33.333333333333%;--awb-margin-top-large:0px;--awb-spacing-right-large:5.76%;--awb-margin-bottom-large:20px;--awb-spacing-left-large:5.76%;--awb-width-medium:33.333333333333%;--awb-order-medium:0;--awb-spacing-right-medium:5.76%;--awb-spacing-left-medium:5.76%;--awb-width-small:100%;--awb-order-small:0;--awb-spacing-right-small:1.92%;--awb-spacing-left-small:1.92%;\"><div class=\"fusion-column-wrapper fusion-column-has-shadow fusion-flex-justify-content-flex-start fusion-content-layout-column\"><div style=\"text-align:center;\"><a class=\"fusion-button button-flat button-large button-default fusion-button-default button-2 fusion-button-default-span fusion-button-default-type\" target=\"_self\" href=\"https:\/\/www.lasalle.org\/en\/publicaciones\/lasallian-studies\/\"><span class=\"fusion-button-text awb-button__text awb-button__text--default\">Lasallian Studies<\/span><\/a><\/div><\/div><\/div><div class=\"fusion-layout-column fusion_builder_column_inner fusion-builder-nested-column-2 fusion_builder_column_inner_1_3 1_3 fusion-flex-column\" style=\"--awb-bg-size:cover;--awb-width-large:33.333333333333%;--awb-margin-top-large:0px;--awb-spacing-right-large:5.76%;--awb-margin-bottom-large:20px;--awb-spacing-left-large:5.76%;--awb-width-medium:33.333333333333%;--awb-order-medium:0;--awb-spacing-right-medium:5.76%;--awb-spacing-left-medium:5.76%;--awb-width-small:100%;--awb-order-small:0;--awb-spacing-right-small:1.92%;--awb-spacing-left-small:1.92%;\"><div class=\"fusion-column-wrapper fusion-column-has-shadow fusion-flex-justify-content-flex-start fusion-content-layout-column\"><div style=\"text-align:center;\"><a class=\"fusion-button button-flat button-large button-default fusion-button-default button-3 fusion-button-default-span fusion-button-default-type\" target=\"_self\" href=\"https:\/\/www.lasalle.org\/publicaciones\/estudios-lasalianos\/\"><span class=\"fusion-button-text awb-button__text awb-button__text--default\">Estudios Lasalianos<\/span><\/a><\/div><\/div><\/div><\/div><ul style=\"--awb-line-height:27.2px;--awb-icon-width:27.2px;--awb-icon-height:27.2px;--awb-icon-margin:11.2px;--awb-content-margin:38.4px;--awb-circlecolor:var(--awb-custom17);--awb-circle-yes-font-size:14.08px;\" class=\"fusion-checklist fusion-checklist-1 fusion-checklist-default type-icons\"><li class=\"fusion-li-item\" style=\"\"><span class=\"icon-wrapper circle-yes\"><i class=\"fusion-li-icon fa-file far\" aria-hidden=\"true\"><\/i><\/span><div class=\"fusion-li-item-content\">\n<p><strong>Studi Lasalliani 1<\/strong><br \/>\nGeorges RIGAULT, Les temps de la s\u00e9cularisation, 1904-1914, Rome, 1991, 307 pp.<\/p>\n<\/div><\/li><li class=\"fusion-li-item\" style=\"\"><span class=\"icon-wrapper circle-yes\"><i class=\"fusion-li-icon fa-file far\" aria-hidden=\"true\"><\/i><\/span><div class=\"fusion-li-item-content\">\n<p><strong>Studi Lasalliani\u00a02<\/strong><br \/>\nDivers, Les temps de la s\u00e9cularisation, 1904-1914. Notes et R\u00e9flexions, Rome, 1991, 206 pp.<\/p>\n<\/div><\/li><li class=\"fusion-li-item\" style=\"\"><span class=\"icon-wrapper circle-yes\"><i class=\"fusion-li-icon fa-file far\" aria-hidden=\"true\"><\/i><\/span><div class=\"fusion-li-item-content\">\n<p><strong>Studi Lasalliani\u00a03<\/strong><br \/>\nRobert TRONCHOT, FSC, Les temps de la s\u00e9cularisation, 1904-1914. La liquidation des biens de la Congr\u00e9gation des Fr\u00e8res des \u00c9coles chr\u00e9tiennes, Rome, 1992, 272 pp.<\/p>\n<\/div><\/li><li class=\"fusion-li-item\" style=\"\"><span class=\"icon-wrapper circle-yes\"><i class=\"fusion-li-icon fa-file far\" aria-hidden=\"true\"><\/i><\/span><div class=\"fusion-li-item-content\">\n<p><strong>Studi Lasalliani\u00a04<\/strong><br \/>\nPedro Ma GIL, FSC, Tres siglos de identidad lasaliana : la relaci\u00f3n misi\u00f3n-espiritualidad a lo largo de la historia FSC, Rome, 1994, 395 pp. (traducida al ingl\u00e9s, 1998, y al franc\u00e9s, 1999)<\/p>\n<\/div><\/li><li class=\"fusion-li-item\" style=\"\"><span class=\"icon-wrapper circle-yes\"><i class=\"fusion-li-icon fa-file far\" aria-hidden=\"true\"><\/i><\/span><div class=\"fusion-li-item-content\">\n<p><strong>Studi Lasalliani\u00a05<\/strong><br \/>\nHenri B\u00c9DEL, FSC, Iniciaci\u00f3n a la historia del Instituto de los Hermanos de las Escuelas Cristianas, Or\u00edgenes : 1651-1726, Roma, 1998, 207 pp. (original en franc\u00e9s 1994, traducida al ingl\u00e9s 1998)<\/p>\n<\/div><\/li><li class=\"fusion-li-item\" style=\"\"><span class=\"icon-wrapper circle-yes\"><i class=\"fusion-li-icon fa-file far\" aria-hidden=\"true\"><\/i><\/span><div class=\"fusion-li-item-content\">\n<p><strong>Studi Lasalliani 6<br \/>\n<\/strong>Henri B\u00c9DEL, fsc, Iniciaci\u00f3n a la historia del Instituto de los Hermanos de las Escuelas Cristianas, El siglo XVIII: 1726-1804, Roma, 2002, 260 pp. (original en franc\u00e9s 1997, traducida al ingl\u00e9s 1998)<\/p>\n<\/div><\/li><li class=\"fusion-li-item\" style=\"\"><span class=\"icon-wrapper circle-yes\"><i class=\"fusion-li-icon fa-file far\" aria-hidden=\"true\"><\/i><\/span><div class=\"fusion-li-item-content\">\n<p><strong>Studi Lasalliani 7<br \/>\n<\/strong>Bruno ALPAGO, fsc, El Instituto al servicio educativo de los pobres, Roma, 2000, 470 pp. (traducido al franc\u00e9s 2000, y al ingl\u00e9s 2000)<\/p>\n<\/div><\/li><li class=\"fusion-li-item\" style=\"\"><span class=\"icon-wrapper circle-yes\"><i class=\"fusion-li-icon fa-file far\" aria-hidden=\"true\"><\/i><\/span><div class=\"fusion-li-item-content\">\n<p><strong>Studi Lasalliani\u00a08<\/strong><br \/>\nMichel SAUVAGE, FSC, Vie religieuse la\u00efque et vocation de Fr\u00e8re, Rome, 2001, 313 pp. (traduit en espagnol, Colombia 2003, 364 pp.)<\/p>\n<\/div><\/li><li class=\"fusion-li-item\" style=\"\"><span class=\"icon-wrapper circle-yes\"><i class=\"fusion-li-icon fa-file far\" aria-hidden=\"true\"><\/i><\/span><div class=\"fusion-li-item-content\">\n<p><strong>Studi Lasalliani 9<br \/>\n<\/strong>Henri B\u00c9DEL, fsc, Iniciaci\u00f3n a la historia del Instituto de los Hermanos de las Escuelas Cristianas, El siglo XIX: 1805-1875, Roma, 2004, 213 pp. (original en franc\u00e9s 2001, traducido al ingl\u00e9s 2006)<\/p>\n<\/div><\/li><li class=\"fusion-li-item\" style=\"\"><span class=\"icon-wrapper circle-yes\"><i class=\"fusion-li-icon fa-file far\" aria-hidden=\"true\"><\/i><\/span><div class=\"fusion-li-item-content\">\n<p><strong>Studi Lasalliani 10<br \/>\n<\/strong>Michel SAUVAGE, FSC, La Vie religieuse: esprit et structure. Recueil d&#8217;articles. Rome, 2002, 175 pp.<\/p>\n<\/div><\/li><li class=\"fusion-li-item\" style=\"\"><span class=\"icon-wrapper circle-yes\"><i class=\"fusion-li-icon fa-file far\" aria-hidden=\"true\"><\/i><\/span><div class=\"fusion-li-item-content\">\n<p><strong>Studi Lasalliani 11<br \/>\n<\/strong>Henri B\u00c9DEL, FSC, Iniciaci\u00f3n a la historia del Instituto de los Hermanos de las Escuelas Cristianas, Siglos XIX-XX: 1875-1928, Roma, 2006, 300 pp. (original en franc\u00e9s 2004, traducida al ingl\u00e9s 2008)<\/p>\n<\/div><\/li><li class=\"fusion-li-item\" style=\"\"><span class=\"icon-wrapper circle-yes\"><i class=\"fusion-li-icon fa-file far\" aria-hidden=\"true\"><\/i><\/span><div class=\"fusion-li-item-content\">\n<p><strong>Studi Lasalliani\u00a012<\/strong><br \/>\nHenri B\u00c9DEL, FSC, Iniciaci\u00f3n a la historia del Instituto de los Hermanos de las Escuelas Cristianas, Siglo XX: 1928-1946, Roma, 2008, 143 pp. (original en franc\u00e9s 2007, traducido al ingl\u00e9s 2008)<\/p>\n<\/div><\/li><li class=\"fusion-li-item\" style=\"\"><span class=\"icon-wrapper circle-yes\"><i class=\"fusion-li-icon fa-file far\" aria-hidden=\"true\"><\/i><\/span><div class=\"fusion-li-item-content\">\n<p><strong>Studi Lasalliani\u00a013<\/strong><br \/>\nConsejo Internacional de Estudios Lasalianos, El Carisma Lasaliano, Roma, 2005, 278 pp. (original en franc\u00e9s 2005, traducido al ingl\u00e9s 2006)<\/p>\n<\/div><\/li><li class=\"fusion-li-item\" style=\"\"><span class=\"icon-wrapper circle-yes\"><i class=\"fusion-li-icon fa-file far\" aria-hidden=\"true\"><\/i><\/span><div class=\"fusion-li-item-content\">\n<p><strong>Studi Lasalliani 14<br \/>\n<\/strong>Josean VILLALABEITIA, FSC, Consagraci\u00f3n y audacia. La Comisi\u00f3n Internacional de los Votos (1971-1976), Roma, 2007, 318 pp. (s\u00f3lo en espa\u00f1ol)<\/p>\n<\/div><\/li><li class=\"fusion-li-item\" style=\"\"><span class=\"icon-wrapper circle-yes\"><i class=\"fusion-li-icon fa-file far\" aria-hidden=\"true\"><\/i><\/span><div class=\"fusion-li-item-content\">\n<p><strong>Studi Lasalliani 15<br \/>\n<\/strong>Josean VILLALABEITIA, FSC, Un falso dilema, I. \u00bfReligioso o maestro?. Roma, 2008, 286 pp. (s\u00f3lo en espa\u00f1ol)<\/p>\n<\/div><\/li><li class=\"fusion-li-item\" style=\"\"><span class=\"icon-wrapper circle-yes\"><i class=\"fusion-li-icon fa-file far\" aria-hidden=\"true\"><\/i><\/span><div class=\"fusion-li-item-content\">\n<p><strong>Studi Lasalliani\u00a016<\/strong><br \/>\nJosean VILLALABEITIA, FSC, Un falso dilema, II. La respuesta capitular. Roma, 2008, 264 pp. (s\u00f3lo en espa\u00f1ol)<\/p>\n<\/div><\/li><li class=\"fusion-li-item\" style=\"\"><span class=\"icon-wrapper circle-yes\"><i class=\"fusion-li-icon fa-file far\" aria-hidden=\"true\"><\/i><\/span><div class=\"fusion-li-item-content\">\n<p><strong>Studi Lasalliani\u00a017<\/strong><br \/>\nPedro Ma Gil y Diego Mu\u00f1oz Editores, Che la scuola vada sempre bene, Roma 2013<\/p>\n<\/div><\/li><li class=\"fusion-li-item\" style=\"\"><span class=\"icon-wrapper circle-yes\"><i class=\"fusion-li-icon fa-file-pdf far\" aria-hidden=\"true\"><\/i><\/span><div class=\"fusion-li-item-content\">\n<p><strong>Studi Lasalliani\u00a018<\/strong><br \/>\nLa fragile speranza di un testimone. L&#8217;itinerario di Fratel Michel Sauvage (1923-2001).Michel Sauvage y Miguel Campos<br \/>\nCon la collaborazione di\u00a0\u00a0Robert Comte, Paul Grass, Diego Mu\u00f1oz<br \/>\n<a href=\"https:\/\/www.lasalle.org\/wp-content\/uploads\/2019\/09\/Studi-Lasalliani-18.pdf\" target=\"_blank\" rel=\"noreferrer noopener\">Studi Lasalliani 18<\/a><\/p>\n<\/div><\/li><\/ul><div class=\"fusion-separator fusion-full-width-sep\" style=\"align-self: center;margin-left: auto;margin-right: auto;margin-top:15px;margin-bottom:15px;width:100%;\"><div class=\"fusion-separator-border sep-single sep-solid\" style=\"--awb-height:20px;--awb-amount:20px;--awb-sep-color:var(--awb-custom17);border-color:var(--awb-custom17);border-top-width:1px;\"><\/div><\/div><nav class=\"fusion-breadcrumbs fusion-breadcrumbs-1\" style=\"--awb-breadcrumb-sep:&#039;\/&#039;;\" aria-label=\"Breadcrumb\"><ol class=\"awb-breadcrumb-list\"><\/ol><\/nav><\/div><\/div><div class=\"fusion-layout-column fusion_builder_column fusion-builder-column-1 fusion_builder_column_1_4 1_4 fusion-flex-column\" style=\"--awb-bg-size:cover;--awb-width-large:25%;--awb-margin-top-large:0px;--awb-spacing-right-large:7.68%;--awb-margin-bottom-large:20px;--awb-spacing-left-large:7.68%;--awb-width-medium:25%;--awb-order-medium:0;--awb-spacing-right-medium:7.68%;--awb-spacing-left-medium:7.68%;--awb-width-small:100%;--awb-order-small:0;--awb-spacing-right-small:1.92%;--awb-spacing-left-small:1.92%;\"><div class=\"fusion-column-wrapper fusion-column-has-shadow fusion-flex-justify-content-flex-start fusion-content-layout-column\"><div class=\"fusion-title title fusion-title-2 sep-underline sep-solid fusion-title-text fusion-title-size-two\" style=\"--awb-text-color:var(--awb-custom17);--awb-sep-color:var(--awb-custom17);--awb-font-size:22px;\"><h2 class=\"fusion-title-heading title-heading-left\" style=\"margin:0;font-size:1em;\">Ultima pubblicazione<\/h2><\/div><div class=\"fusion-image-element \" style=\"text-align:center;--awb-caption-title-font-family:var(--h2_typography-font-family);--awb-caption-title-font-weight:var(--h2_typography-font-weight);--awb-caption-title-font-style:var(--h2_typography-font-style);--awb-caption-title-size:var(--h2_typography-font-size);--awb-caption-title-transform:var(--h2_typography-text-transform);--awb-caption-title-line-height:var(--h2_typography-line-height);--awb-caption-title-letter-spacing:var(--h2_typography-letter-spacing);\"><span class=\" fusion-imageframe imageframe-none imageframe-1 hover-type-none\"><a class=\"fusion-no-lightbox\" href=\"https:\/\/www.lasalle.org\/wp-content\/uploads\/2019\/09\/Studi-Lasalliani-18.pdf\" target=\"_blank\" aria-label=\"Studi-Lasalliani-18-1\" rel=\"noopener noreferrer\"><img decoding=\"async\" width=\"400\" height=\"601\" src=\"https:\/\/www.lasalle.org\/wp-content\/uploads\/2025\/06\/Studi-Lasalliani-18-1.jpg\" alt class=\"img-responsive wp-image-112979\" srcset=\"https:\/\/www.lasalle.org\/wp-content\/uploads\/2025\/06\/Studi-Lasalliani-18-1-200x301.jpg 200w, https:\/\/www.lasalle.org\/wp-content\/uploads\/2025\/06\/Studi-Lasalliani-18-1.jpg 400w\" sizes=\"(max-width: 640px) 100vw, 400px\" \/><\/a><\/span><\/div><div class=\"fusion-separator fusion-full-width-sep\" style=\"align-self: center;margin-left: auto;margin-right: auto;margin-top:15px;margin-bottom:15px;width:100%;\"><div class=\"fusion-separator-border sep-single sep-solid\" style=\"--awb-height:20px;--awb-amount:20px;--awb-sep-color:var(--awb-custom17);border-color:var(--awb-custom17);border-top-width:1px;\"><\/div><\/div><\/div><\/div><\/div><\/div>\n","protected":false},"excerpt":{"rendered":"","protected":false},"author":13,"featured_media":111681,"parent":11063,"menu_order":0,"comment_status":"open","ping_status":"closed","template":"","meta":{"_tec_requires_first_save":true,"_monsterinsights_skip_tracking":false,"_monsterinsights_sitenote_active":false,"_monsterinsights_sitenote_note":"","_monsterinsights_sitenote_category":0,"_EventAllDay":false,"_EventTimezone":"","_EventStartDate":"","_EventEndDate":"","_EventStartDateUTC":"","_EventEndDateUTC":"","_EventShowMap":false,"_EventShowMapLink":false,"_EventURL":"","_EventCost":"","_EventCostDescription":"","_EventCurrencySymbol":"","_EventCurrencyCode":"","_EventCurrencyPosition":"","_EventDateTimeSeparator":"","_EventTimeRangeSeparator":"","_EventOrganizerID":[],"_EventVenueID":[],"_OrganizerEmail":"","_OrganizerPhone":"","_OrganizerWebsite":"","_VenueAddress":"","_VenueCity":"","_VenueCountry":"","_VenueProvince":"","_VenueState":"","_VenueZip":"","_VenuePhone":"","_VenueURL":"","_VenueStateProvince":"","_VenueLat":"","_VenueLng":"","_VenueShowMap":false,"_VenueShowMapLink":false,"_tribe_blocks_recurrence_rules":"","_tribe_blocks_recurrence_description":"","_tribe_blocks_recurrence_exclusions":"","footnotes":""},"class_list":["post-10897","page","type-page","status-publish","has-post-thumbnail","hentry"],"_links":{"self":[{"href":"https:\/\/www.lasalle.org\/it\/wp-json\/wp\/v2\/pages\/10897","targetHints":{"allow":["GET"]}}],"collection":[{"href":"https:\/\/www.lasalle.org\/it\/wp-json\/wp\/v2\/pages"}],"about":[{"href":"https:\/\/www.lasalle.org\/it\/wp-json\/wp\/v2\/types\/page"}],"author":[{"embeddable":true,"href":"https:\/\/www.lasalle.org\/it\/wp-json\/wp\/v2\/users\/13"}],"replies":[{"embeddable":true,"href":"https:\/\/www.lasalle.org\/it\/wp-json\/wp\/v2\/comments?post=10897"}],"version-history":[{"count":5,"href":"https:\/\/www.lasalle.org\/it\/wp-json\/wp\/v2\/pages\/10897\/revisions"}],"predecessor-version":[{"id":112984,"href":"https:\/\/www.lasalle.org\/it\/wp-json\/wp\/v2\/pages\/10897\/revisions\/112984"}],"up":[{"embeddable":true,"href":"https:\/\/www.lasalle.org\/it\/wp-json\/wp\/v2\/pages\/11063"}],"wp:featuredmedia":[{"embeddable":true,"href":"https:\/\/www.lasalle.org\/it\/wp-json\/wp\/v2\/media\/111681"}],"wp:attachment":[{"href":"https:\/\/www.lasalle.org\/it\/wp-json\/wp\/v2\/media?parent=10897"}],"curies":[{"name":"wp","href":"https:\/\/api.w.org\/{rel}","templated":true}]}}