{"id":10957,"date":"2018-12-10T08:44:38","date_gmt":"2018-12-10T08:44:38","guid":{"rendered":"http:\/\/lasalle.vl20054.dinaserver.com\/comunicazioni-e-tecnologia\/"},"modified":"2021-09-06T11:37:46","modified_gmt":"2021-09-06T10:37:46","slug":"servicio-de-comunicaciones-y-tecnologia","status":"publish","type":"page","link":"https:\/\/www.lasalle.org\/it\/animazione-e-governo\/servicio-de-comunicaciones-y-tecnologia\/","title":{"rendered":"Comunicazioni e Tecnologia"},"content":{"rendered":"\n<p><\/p>\n\n\n\n<p>Il Servizio Comunicazione e Tecnologia tende a dare una risposta alle necessit\u00e0 della Casa Generalizia e della Famiglia Lasalliana\u00a0La comunicazione \u00e8 uno strumento necessario per perseguire gli obiettivi strategici di qualsiasi istituzione. <\/p>\n\n\n\n<blockquote class=\"wp-block-quote has-text-align-center is-style-large is-layout-flow wp-block-quote-is-layout-flow\"><p><em>Come il Verbo \u00e8 venuto in missione incarnandosi in una umanit\u00e0 che si \u00e8 lasciata totalmente assumere, cos\u00ec noi collaboriamo alla missione di Cristo e gli permettiamo di portarla a pieno compimento soprattutto accogliendo Lui, rendendoci spazio della sua presenza e, quindi, continuazione della sua vita nella storia, per dare agli altri la possibilit\u00e0 di incontrarlo.<\/em> <\/p><cite> (CIVCSVA, Il servizio dell\u2019autorit\u00e0 e l\u2019obbedienza, 3a parte, n. 23). <\/cite><\/blockquote>\n\n\n\n<p>\u00c8 pure un modo concreto e reale per compiere la \u00abmissione lasalliana\u00bb. \u00c8 necessario fare, compiere azioni di comunicazione. Ma soprattutto si tratta di compierle in quanto comunicatori, essendo in comunione, mettendosi in relazione con le persone e con il nostro mondo. Noi vogliamo continuare a creando valore nell\u2019istituzione e facendolo conoscere.<\/p>\n\n\n\n<p>Il mondo delle relazioni \u00e8 in continua evoluzione e noi abbiamo bisogno di essere aperti per rispondere con fedelt\u00e0 creativa alla missione. Un piano d\u2019azione ci aiuta a pensare e ad agire in maniera pi\u00f9 cosciente. I centri educativi lasalliani si raggruppano in una rete che intende offrire una formazione integrale e di qualit\u00e0 ai giovani e ai bambini che frequentano le loro classi o gli spazi educativi, migliorando la societ\u00e0 mediante l\u2019educazione. In questa attivit\u00e0 educativa, la priorit\u00e0 \u00e8 riservata ai pi\u00f9 bisognosi.<\/p>\n\n\n\n<p>Durante pi\u00f9 di 300 anni, il La Salle ha guadagnato il pubblico riconoscimento per un\u2019istituzione che offre un servizio educativo di qualit\u00e0 a partire da un modo particolare di organizzarsi e di mettersi in comunicazione mediante una spiritualit\u00e0 integratrice. La nostra immagine corporativa si costruisce attraverso questa storia, il suo lavoro e il modo nel quale l\u2019istituzione \u00e8 percepita attualmente. Con la nostra immagine trasmettiamo non solamente la nostra storia, ma anche la promessa di continuare a generare valore.<\/p>\n\n\n\n<p>La tecnologia \u00e8 uno degli strumenti che ci permettono una migliore conoscenza di quello che ci circonda, una maggiore efficacia ed efficienza nel perseguire gli obiettivi, una pi\u00f9 ampia capacit\u00e0 di comunicazione e un\u2019organizzazione meno gerarchizzata.<\/p>\n\n\n\n<h4 class=\"wp-block-heading\"><strong>Obiettivi<\/strong><\/h4>\n\n\n\n<ol class=\"wp-block-list\"><li> Favorire un ambiente di comunicazione che sia segno della comunicazione fra di noi.<\/li><li>Integrare gli sforzi per la comunicazione nell\u2019ambito del progetto della missione lasalliana, non tanto come una serie di azioni ben eseguite, ma piuttosto come un asse dinamico che percorre trasversalmente tutti gli ambiti della missione.<\/li><li>Proteggere, fortificare e promuovere la visibilit\u00e0 dell\u2019immagine pubblica del La Salle, sia nella sua dimensione interna, sia in quella esterna.<\/li><li>Creare meccanismi di comunicazione che servano a promuovere la continua interazione tra tutti quelli che formano la Famiglia Lasalliana.<\/li><li>Contribuire alla definizione di una cultura istituzionale o corporativa sia nelle relazioni interne, sia in quelle esterne.<\/li><li>Garantire la \u201ccopertura\u201d tecnologica della Casa Generalizia.<br>Sostenere la missione dell\u2019Istituto stabilendo canali di riflessione sulle reciproche implicazioni tra tecnologia, educazione e pastorale. <\/li><\/ol>\n\n\n\n<hr class=\"wp-block-separator\"\/>\n\n\n\n<p><strong> Reti sociali <\/strong><\/p>\n\n\n\n<div class=\"wp-block-image\"><figure class=\"alignleft is-resized\"><a href=\"https:\/\/www.instagram.com\/lasalleorg\/\" target=\"_blank\" rel=\"noreferrer noopener\"><img decoding=\"async\" src=\"https:\/\/www.lasalle.org\/wp-content\/uploads\/2019\/07\/instagram-duck-egg-blue.png\" alt=\"\" class=\"wp-image-49737\" width=\"30\" height=\"30\"\/><\/a><\/figure><\/div>\n\n\n\n<div class=\"wp-block-image\"><figure class=\"alignleft is-resized\"><a href=\"https:\/\/it-it.facebook.com\/lasalleorg\/\" target=\"_blank\" rel=\"noreferrer noopener\"><img decoding=\"async\" src=\"https:\/\/www.lasalle.org\/wp-content\/uploads\/2019\/07\/facebook.png\" alt=\"\" class=\"wp-image-49703\" width=\"30\" height=\"30\"\/><\/a><\/figure><\/div>\n\n\n\n<div class=\"wp-block-image\"><figure class=\"alignleft is-resized\"><a href=\"https:\/\/twitter.com\/lasalleorg\" target=\"_blank\" rel=\"noreferrer noopener\"><img decoding=\"async\" src=\"https:\/\/www.lasalle.org\/wp-content\/uploads\/2019\/07\/twitter-4-duck-egg-blue.png\" alt=\"\" class=\"wp-image-49723\" width=\"30\" height=\"30\"\/><\/a><\/figure><\/div>\n\n\n\n<figure class=\"wp-block-image is-resized\"><a href=\"https:\/\/www.youtube.com\/user\/LaSalleChannel\" target=\"_blank\" rel=\"noreferrer noopener\"><img decoding=\"async\" src=\"https:\/\/www.lasalle.org\/wp-content\/uploads\/2019\/07\/you-tube-duck-egg-blue.png\" alt=\"\" class=\"wp-image-49727\" width=\"30\" height=\"30\"\/><\/a><\/figure>\n\n\n\n<hr class=\"wp-block-separator\"\/>\n\n\n\n<h2 class=\"wp-block-heading\"><\/h2>\n","protected":false},"excerpt":{"rendered":"<p>Il Servizio Comunicazione e Tecnologia tende a dare una risposta  [&#8230;]<\/p>\n","protected":false},"author":13,"featured_media":0,"parent":10853,"menu_order":0,"comment_status":"open","ping_status":"closed","template":"","meta":{"_tec_requires_first_save":true,"_monsterinsights_skip_tracking":false,"_monsterinsights_sitenote_active":false,"_monsterinsights_sitenote_note":"","_monsterinsights_sitenote_category":0,"_EventAllDay":false,"_EventTimezone":"","_EventStartDate":"","_EventEndDate":"","_EventStartDateUTC":"","_EventEndDateUTC":"","_EventShowMap":false,"_EventShowMapLink":false,"_EventURL":"","_EventCost":"","_EventCostDescription":"","_EventCurrencySymbol":"","_EventCurrencyCode":"","_EventCurrencyPosition":"","_EventDateTimeSeparator":"","_EventTimeRangeSeparator":"","_EventOrganizerID":[],"_EventVenueID":[],"_OrganizerEmail":"","_OrganizerPhone":"","_OrganizerWebsite":"","_VenueAddress":"","_VenueCity":"","_VenueCountry":"","_VenueProvince":"","_VenueState":"","_VenueZip":"","_VenuePhone":"","_VenueURL":"","_VenueStateProvince":"","_VenueLat":"","_VenueLng":"","_VenueShowMap":false,"_VenueShowMapLink":false,"_tribe_blocks_recurrence_rules":"","_tribe_blocks_recurrence_description":"","_tribe_blocks_recurrence_exclusions":"","footnotes":""},"class_list":["post-10957","page","type-page","status-publish","hentry"],"_links":{"self":[{"href":"https:\/\/www.lasalle.org\/it\/wp-json\/wp\/v2\/pages\/10957","targetHints":{"allow":["GET"]}}],"collection":[{"href":"https:\/\/www.lasalle.org\/it\/wp-json\/wp\/v2\/pages"}],"about":[{"href":"https:\/\/www.lasalle.org\/it\/wp-json\/wp\/v2\/types\/page"}],"author":[{"embeddable":true,"href":"https:\/\/www.lasalle.org\/it\/wp-json\/wp\/v2\/users\/13"}],"replies":[{"embeddable":true,"href":"https:\/\/www.lasalle.org\/it\/wp-json\/wp\/v2\/comments?post=10957"}],"version-history":[{"count":5,"href":"https:\/\/www.lasalle.org\/it\/wp-json\/wp\/v2\/pages\/10957\/revisions"}],"predecessor-version":[{"id":79592,"href":"https:\/\/www.lasalle.org\/it\/wp-json\/wp\/v2\/pages\/10957\/revisions\/79592"}],"up":[{"embeddable":true,"href":"https:\/\/www.lasalle.org\/it\/wp-json\/wp\/v2\/pages\/10853"}],"wp:attachment":[{"href":"https:\/\/www.lasalle.org\/it\/wp-json\/wp\/v2\/media?parent=10957"}],"curies":[{"name":"wp","href":"https:\/\/api.w.org\/{rel}","templated":true}]}}