{"id":117528,"date":"2025-09-03T15:52:04","date_gmt":"2025-09-03T13:52:04","guid":{"rendered":"https:\/\/www.lasalle.org\/?page_id=117528"},"modified":"2025-12-04T10:05:29","modified_gmt":"2025-12-04T09:05:29","slug":"superiore-generale","status":"publish","type":"page","link":"https:\/\/www.lasalle.org\/it\/animazione-e-governo\/superiore-generale\/","title":{"rendered":"Superiore Generale"},"content":{"rendered":"<div class=\"fusion-fullwidth fullwidth-box fusion-builder-row-1 fusion-flex-container has-pattern-background has-mask-background nonhundred-percent-fullwidth non-hundred-percent-height-scrolling\" style=\"--awb-border-radius-top-left:0px;--awb-border-radius-top-right:0px;--awb-border-radius-bottom-right:0px;--awb-border-radius-bottom-left:0px;--awb-flex-wrap:wrap;\" ><div class=\"fusion-builder-row fusion-row fusion-flex-align-items-flex-start fusion-flex-content-wrap\" style=\"max-width:1248px;margin-left: calc(-4% \/ 2 );margin-right: calc(-4% \/ 2 );\"><div class=\"fusion-layout-column fusion_builder_column fusion-builder-column-0 fusion_builder_column_3_4 3_4 fusion-flex-column\" style=\"--awb-bg-size:cover;--awb-width-large:75%;--awb-margin-top-large:0px;--awb-spacing-right-large:2.56%;--awb-margin-bottom-large:20px;--awb-spacing-left-large:2.56%;--awb-width-medium:75%;--awb-order-medium:0;--awb-spacing-right-medium:2.56%;--awb-spacing-left-medium:2.56%;--awb-width-small:100%;--awb-order-small:0;--awb-spacing-right-small:1.92%;--awb-spacing-left-small:1.92%;\"><div class=\"fusion-column-wrapper fusion-column-has-shadow fusion-flex-justify-content-flex-start fusion-content-layout-column\"><div class=\"fusion-title title fusion-title-1 sep-underline sep-solid fusion-title-text fusion-title-size-two\" style=\"--awb-text-color:var(--awb-custom17);--awb-sep-color:var(--awb-custom17);--awb-font-size:22px;\"><h2 class=\"fusion-title-heading title-heading-left\" style=\"margin:0;font-size:1em;\"><strong>Superiore Generale<\/strong><\/h2><\/div><div class=\"fusion-text fusion-text-1\" style=\"--awb-font-size:22px;--awb-text-color:var(--awb-custom17);\"><p style=\"text-align: center;\"><em><strong>&#8220;Il Fratello Superiore Generale \u00e8 eletto dal Capitolo Generale ed esercita la sua autorit\u00e0 su tutto l&#8217;Istituto secondo le norme del Diritto Canonico e la legislazione dell&#8217;Istituto&#8221;. <\/strong><\/em>(Regola 126)<\/p>\n<\/div><div class=\"fusion-separator fusion-full-width-sep\" style=\"align-self: center;margin-left: auto;margin-right: auto;margin-top:10px;margin-bottom:10px;width:100%;\"><\/div><div class=\"fusion-title title fusion-title-2 fusion-sep-none fusion-title-text fusion-title-size-two\" style=\"--awb-text-color:var(--awb-custom17);--awb-sep-color:var(--awb-custom14);--awb-font-size:20px;\"><h2 class=\"fusion-title-heading title-heading-left\" style=\"margin:0;font-size:1em;\">Il 18 maggio 2022, il 46\u00b0 Capitolo Generale dei Fratelli delle Scuole Cristiane ha eletto Fratel Armin A. Luistro FSC come 28\u00b0 Superiore Generale dell&#8217;Istituto.<\/h2><\/div><div class=\"fusion-separator fusion-full-width-sep\" style=\"align-self: center;margin-left: auto;margin-right: auto;margin-top:5px;margin-bottom:5px;width:100%;\"><\/div><div class=\"fusion-text fusion-text-2\"><p><span style=\"font-weight: 400;\"><img decoding=\"async\" class=\"alignright size-medium wp-image-104225\" src=\"https:\/\/www.lasalle.org\/wp-content\/uploads\/2024\/09\/aluistro-233x300.png\" alt=\"\" width=\"233\" height=\"300\" srcset=\"https:\/\/www.lasalle.org\/wp-content\/uploads\/2024\/09\/aluistro-200x257.png 200w, https:\/\/www.lasalle.org\/wp-content\/uploads\/2024\/09\/aluistro-233x300.png 233w, https:\/\/www.lasalle.org\/wp-content\/uploads\/2024\/09\/aluistro-400x514.png 400w, https:\/\/www.lasalle.org\/wp-content\/uploads\/2024\/09\/aluistro.png 413w\" sizes=\"(max-width: 233px) 100vw, 233px\" \/>Fratel Armin \u00e8 nato il 24 dicembre 1961 a Lipa, nella provincia di Batangas, nelle Filippine. \u00c8 stato studente di La Salle Lipa, dove ha compiuto gli studi elementari e superiori.\u00a0<\/span><\/p>\n<p><span style=\"font-weight: 400;\">\u00c8 entrato nell&#8217;Istituto dei Fratelli delle Scuole Cristiane nell&#8217;aprile 1979 a Manila, mentre studiava all&#8217;Universit\u00e0 De La Salle (DLSU). Ha ricevuto l&#8217;abito religioso nell&#8217;ottobre 1981. Un anno dopo, nell&#8217;ottobre 1982, ha professato i suoi primi voti religiosi. Ha poi completato la sua formazione come srudente a Mandaluyong City nel 1983 e ha emesso la professione perpetua nel maggio 1988.<\/span><\/p>\n<p><span style=\"font-weight: 400;\">Fratel Armin si \u00e8 laureato in Lettere presso la DLSU, dove ha conseguito anche un Master in Educazione Religiosa e Valori. Ha anche conseguito un dottorato in gestione dell&#8217;istruzione presso l&#8217;Universit\u00e0 di St. La Salle a Bacolod, nelle Filippine.<\/span><\/p>\n<p><span style=\"font-weight: 400;\">Ha iniziato la sua professione di insegnante in patria presso La Salle Lipa, dove ha prestato servizio come insegnante di religione, consulente di orientamento e operatore pastorale dal 1983 al 1986. In seguito, dopo aver svolto diversi incarichi e assunto responsabilit\u00e0 in diverse opere lasalliane, \u00e8 stato nominato Visitatore dell&#8217;allora Distretto delle Filippine per il periodo 1997-2003.<\/span><\/p>\n<p><span style=\"font-weight: 400;\">Fratel Armin ha maturato oltre 34 anni di esperienza e leadership nel settore pubblico e privato. Il 26 agosto 2000, Fratel Armin ha co-fondato con Mons. Joseph Suwatan, Vescovo di Manado, l&#8217;Universit\u00e0 Cattolica De La Salle di Manado, ora conosciuta come Universit\u00e0 De La Salle Indonesia.<\/span><\/p>\n<p><span style=\"font-weight: 400;\">\u00c8 stato Ministro dell&#8217;Istruzione del suo Paese dal giugno 2010 al 2016. In precedenza, ha guidato l&#8217;Universit\u00e0 De La Salle, di cui \u00e8 stato presidente dall&#8217;aprile 2004 al giugno 2010.<\/span><\/p>\n<p><span style=\"font-weight: 400;\">Negli anni precedenti \u00e8 stato anche Presidente de La Salle University System e di diverse scuole La Salle. Dal 2017 al 2019 ha assunto la presidenza di La Salle Philippines, la rete di scuole La Salle nel Paese. Nel maggio 2019 \u00e8 stato nominato Fratello Visitatore del Distretto Lasalliano dell&#8217;Asia Orientale (LEAD).<\/span><\/p>\n<p><span style=\"font-weight: 400;\">Nella sua lunga carriera, Fratel Armin \u00e8 stato membro del consiglio di amministrazione della <\/span><i><span style=\"font-weight: 400;\">Philippine Business for Social Progress<\/span><\/i><span style=\"font-weight: 400;\"> (PBSP), la pi\u00f9 grande organizzazione non governativa guidata dalle imprese del Paese. Ha anche ricoperto varie posizioni in altre organizzazioni governative e intergovernative, come il Consiglio consultivo della Commissione Nazionale per la Giovent\u00f9 (NYC), la Commissione Nazionale dell&#8217;UNESCO delle Filippine e l&#8217;Organizzazione dei Ministri dell&#8217;Istruzione del Sud-Est Asiatico (SEAMEO). \u00c8 stato anche membro attivo del <\/span><i><span style=\"font-weight: 400;\">Philippine Council for NGO Certification<\/span><\/i><span style=\"font-weight: 400;\"> (PCNC), della <\/span><i><span style=\"font-weight: 400;\">Knowledge Channel Foundation<\/span><\/i><span style=\"font-weight: 400;\">, della <\/span><i><span style=\"font-weight: 400;\">Philippine Business for Education<\/span><\/i><span style=\"font-weight: 400;\"> (PBEd) e della <\/span><i><span style=\"font-weight: 400;\">Sidhay Foundation for Street Children<\/span><\/i><span style=\"font-weight: 400;\">.<\/span><\/p>\n<p><span style=\"font-weight: 400;\">Come Superiore Generale dell&#8217;Istituto, Fr. Armin \u00e8 membro dell&#8217;Unione dei Superiori Generali di Roma. Il 24 giugno 2025, Papa Leone XIV ha nominato Fratel Armin membro del Dicastero per gli Istituti di Vita Consacrata e le Societ\u00e0 di Vita Apostolica.<\/span><\/p>\n<\/div><div class=\"fusion-separator fusion-full-width-sep\" style=\"align-self: center;margin-left: auto;margin-right: auto;margin-top:15px;margin-bottom:15px;width:100%;\"><div class=\"fusion-separator-border sep-single sep-solid\" style=\"--awb-height:20px;--awb-amount:20px;--awb-sep-color:var(--awb-custom14);border-color:var(--awb-custom14);border-top-width:1px;\"><\/div><\/div><nav class=\"fusion-breadcrumbs fusion-breadcrumbs-1\" style=\"--awb-breadcrumb-sep:&#039;\/&#039;;\" aria-label=\"Breadcrumb\"><ol class=\"awb-breadcrumb-list\"><\/ol><\/nav><\/div><\/div><div class=\"fusion-layout-column fusion_builder_column fusion-builder-column-1 fusion_builder_column_1_4 1_4 fusion-flex-column\" style=\"--awb-bg-size:cover;--awb-width-large:25%;--awb-margin-top-large:0px;--awb-spacing-right-large:7.68%;--awb-margin-bottom-large:20px;--awb-spacing-left-large:7.68%;--awb-width-medium:25%;--awb-order-medium:0;--awb-spacing-right-medium:7.68%;--awb-spacing-left-medium:7.68%;--awb-width-small:100%;--awb-order-small:0;--awb-spacing-right-small:1.92%;--awb-spacing-left-small:1.92%;\"><div class=\"fusion-column-wrapper fusion-column-has-shadow fusion-flex-justify-content-flex-start fusion-content-layout-column\"><div class=\"fusion-title title fusion-title-3 sep-underline sep-solid fusion-title-text fusion-title-size-two\" style=\"--awb-text-color:var(--awb-custom17);--awb-sep-color:var(--awb-custom17);--awb-font-size:22px;\"><h2 class=\"fusion-title-heading title-heading-left\" style=\"margin:0;font-size:1em;\">In relazione<\/h2><\/div><ul style=\"--awb-line-height:27.2px;--awb-icon-width:27.2px;--awb-icon-height:27.2px;--awb-icon-margin:11.2px;--awb-content-margin:38.4px;--awb-circlecolor:var(--awb-custom17);--awb-circle-yes-font-size:14.08px;\" class=\"fusion-checklist fusion-checklist-1 fusion-checklist-default type-icons\"><li class=\"fusion-li-item\" style=\"\"><span class=\"icon-wrapper circle-yes\"><i class=\"fusion-li-icon fa-file-alt far\" aria-hidden=\"true\"><\/i><\/span><div class=\"fusion-li-item-content\">\n<p><a href=\"https:\/\/www.lasalle.org\/it\/animazione-e-governo\/\">Animazione e Governo<\/a><\/p>\n<\/div><\/li><li class=\"fusion-li-item\" style=\"\"><span class=\"icon-wrapper circle-yes\"><i class=\"fusion-li-icon fa-file-alt far\" aria-hidden=\"true\"><\/i><\/span><div class=\"fusion-li-item-content\">\n<p><a href=\"https:\/\/www.lasalle.org\/it\/animazione-e-governo\/superiore-generale\/\">Superiore Generale<\/a><\/p>\n<\/div><\/li><li class=\"fusion-li-item\" style=\"\"><span class=\"icon-wrapper circle-yes\"><i class=\"fusion-li-icon fa-file-alt far\" aria-hidden=\"true\"><\/i><\/span><div class=\"fusion-li-item-content\">\n<p><a href=\"https:\/\/www.lasalle.org\/it\/animazione-e-governo\/vicario-generale\/\">Vicario Generale<\/a><\/p>\n<\/div><\/li><li class=\"fusion-li-item\" style=\"\"><span class=\"icon-wrapper circle-yes\"><i class=\"fusion-li-icon fa-file-alt far\" aria-hidden=\"true\"><\/i><\/span><div class=\"fusion-li-item-content\">\n<p><a href=\"https:\/\/www.lasalle.org\/it\/animazione-e-governo\/consigli\/\">Consigli dell\u2019Istituto<\/a><\/p>\n<\/div><\/li><li class=\"fusion-li-item\" style=\"\"><span class=\"icon-wrapper circle-yes\"><i class=\"fusion-li-icon fa-file-alt far\" aria-hidden=\"true\"><\/i><\/span><div class=\"fusion-li-item-content\">\n<p><a href=\"https:\/\/www.lasalle.org\/it\/animazione-e-governo\/uffici\/\">Uffici<\/a><\/p>\n<\/div><\/li><li class=\"fusion-li-item\" style=\"\"><span class=\"icon-wrapper circle-yes\"><i class=\"fusion-li-icon fa-file-alt far\" aria-hidden=\"true\"><\/i><\/span><div class=\"fusion-li-item-content\">\n<p><a href=\"https:\/\/www.lasalle.org\/it\/animazione-e-governo\/commissioni\/\">Commissioni<\/a><\/p>\n<\/div><\/li><li class=\"fusion-li-item\" style=\"\"><span class=\"icon-wrapper circle-yes\"><i class=\"fusion-li-icon fa-file-alt far\" aria-hidden=\"true\"><\/i><\/span><div class=\"fusion-li-item-content\">\n<p><a href=\"https:\/\/www.lasalle.org\/it\/animazione-e-governo\/servizi-generali\/\">Servizi Generali<\/a><\/p>\n<\/div><\/li><li class=\"fusion-li-item\" style=\"\"><span class=\"icon-wrapper circle-yes\"><i class=\"fusion-li-icon fa-file-alt far\" aria-hidden=\"true\"><\/i><\/span><div class=\"fusion-li-item-content\">\n<p><a href=\"https:\/\/www.lasalle.org\/it\/?page_id=117982&amp;preview=true\">Comitati internazionali<\/a><\/p>\n<\/div><\/li><\/ul>\n<div class=\"fusion-separator fusion-full-width-sep\" style=\"align-self: center;margin-left: auto;margin-right: auto;margin-top:15px;margin-bottom:15px;width:100%;\"><\/div><div class=\"fusion-title title fusion-title-4 sep-underline sep-solid fusion-title-text fusion-title-size-two\" style=\"--awb-text-color:var(--awb-custom17);--awb-sep-color:var(--awb-custom17);--awb-font-size:22px;\"><h2 class=\"fusion-title-heading title-heading-left\" style=\"margin:0;font-size:1em;\">Risorse<\/h2><\/div><ul style=\"--awb-line-height:27.2px;--awb-icon-width:27.2px;--awb-icon-height:27.2px;--awb-icon-margin:11.2px;--awb-content-margin:38.4px;--awb-circlecolor:var(--awb-custom17);--awb-circle-yes-font-size:14.08px;\" class=\"fusion-checklist fusion-checklist-2 fusion-checklist-default type-icons\"><li class=\"fusion-li-item\" style=\"\"><span class=\"icon-wrapper circle-yes\"><i class=\"fusion-li-icon fa-file-pdf far\" aria-hidden=\"true\"><\/i><\/span><div class=\"fusion-li-item-content\">\n<p><a href=\"https:\/\/www.lasalle.org\/it\/pubblicazioni\/lettere-pastorali\/\">Lettere Pastorali<\/a><\/p>\n<\/div><\/li><li class=\"fusion-li-item\" style=\"\"><span class=\"icon-wrapper circle-yes\"><i class=\"fusion-li-icon fa-file-pdf far\" aria-hidden=\"true\"><\/i><\/span><div class=\"fusion-li-item-content\">\n<p><a href=\"https:\/\/www.lasalle.org\/it\/pubblicazioni\/circolari\/\">Circolari<\/a><\/p>\n<\/div><\/li><li class=\"fusion-li-item\" style=\"\"><span class=\"icon-wrapper circle-yes\"><i class=\"fusion-li-icon fa-file-pdf far\" aria-hidden=\"true\"><\/i><\/span><div class=\"fusion-li-item-content\">\n<p><a href=\"https:\/\/www.lasalle.org\/it\/category\/casa-generalizia-it\/superiore-generale\/\">Notizie del Superiore Generale<\/a><\/p>\n<\/div><\/li><\/ul><div class=\"fusion-separator fusion-full-width-sep\" style=\"align-self: center;margin-left: auto;margin-right: auto;margin-top:15px;margin-bottom:15px;width:100%;\"><div class=\"fusion-separator-border sep-single sep-solid\" style=\"--awb-height:20px;--awb-amount:20px;--awb-sep-color:var(--awb-custom14);border-color:var(--awb-custom14);border-top-width:1px;\"><\/div><\/div><\/div><\/div><\/div><\/div>\n","protected":false},"excerpt":{"rendered":"","protected":false},"author":9,"featured_media":110623,"parent":10853,"menu_order":0,"comment_status":"closed","ping_status":"closed","template":"","meta":{"_tec_requires_first_save":true,"_monsterinsights_skip_tracking":false,"_monsterinsights_sitenote_active":false,"_monsterinsights_sitenote_note":"","_monsterinsights_sitenote_category":0,"_EventAllDay":false,"_EventTimezone":"","_EventStartDate":"","_EventEndDate":"","_EventStartDateUTC":"","_EventEndDateUTC":"","_EventShowMap":false,"_EventShowMapLink":false,"_EventURL":"","_EventCost":"","_EventCostDescription":"","_EventCurrencySymbol":"","_EventCurrencyCode":"","_EventCurrencyPosition":"","_EventDateTimeSeparator":"","_EventTimeRangeSeparator":"","_EventOrganizerID":[],"_EventVenueID":[],"_OrganizerEmail":"","_OrganizerPhone":"","_OrganizerWebsite":"","_VenueAddress":"","_VenueCity":"","_VenueCountry":"","_VenueProvince":"","_VenueState":"","_VenueZip":"","_VenuePhone":"","_VenueURL":"","_VenueStateProvince":"","_VenueLat":"","_VenueLng":"","_VenueShowMap":false,"_VenueShowMapLink":false,"_tribe_blocks_recurrence_rules":"","_tribe_blocks_recurrence_description":"","_tribe_blocks_recurrence_exclusions":"","footnotes":""},"class_list":["post-117528","page","type-page","status-publish","has-post-thumbnail","hentry"],"_links":{"self":[{"href":"https:\/\/www.lasalle.org\/it\/wp-json\/wp\/v2\/pages\/117528","targetHints":{"allow":["GET"]}}],"collection":[{"href":"https:\/\/www.lasalle.org\/it\/wp-json\/wp\/v2\/pages"}],"about":[{"href":"https:\/\/www.lasalle.org\/it\/wp-json\/wp\/v2\/types\/page"}],"author":[{"embeddable":true,"href":"https:\/\/www.lasalle.org\/it\/wp-json\/wp\/v2\/users\/9"}],"replies":[{"embeddable":true,"href":"https:\/\/www.lasalle.org\/it\/wp-json\/wp\/v2\/comments?post=117528"}],"version-history":[{"count":5,"href":"https:\/\/www.lasalle.org\/it\/wp-json\/wp\/v2\/pages\/117528\/revisions"}],"predecessor-version":[{"id":121659,"href":"https:\/\/www.lasalle.org\/it\/wp-json\/wp\/v2\/pages\/117528\/revisions\/121659"}],"up":[{"embeddable":true,"href":"https:\/\/www.lasalle.org\/it\/wp-json\/wp\/v2\/pages\/10853"}],"wp:featuredmedia":[{"embeddable":true,"href":"https:\/\/www.lasalle.org\/it\/wp-json\/wp\/v2\/media\/110623"}],"wp:attachment":[{"href":"https:\/\/www.lasalle.org\/it\/wp-json\/wp\/v2\/media?parent=117528"}],"curies":[{"name":"wp","href":"https:\/\/api.w.org\/{rel}","templated":true}]}}