{"id":117536,"date":"2025-09-04T08:46:19","date_gmt":"2025-09-04T06:46:19","guid":{"rendered":"https:\/\/www.lasalle.org\/?page_id=117536"},"modified":"2025-12-04T09:58:22","modified_gmt":"2025-12-04T08:58:22","slug":"vicario-generale","status":"publish","type":"page","link":"https:\/\/www.lasalle.org\/it\/animazione-e-governo\/vicario-generale\/","title":{"rendered":"Vicario Generale"},"content":{"rendered":"<div class=\"fusion-fullwidth fullwidth-box fusion-builder-row-1 fusion-flex-container has-pattern-background has-mask-background nonhundred-percent-fullwidth non-hundred-percent-height-scrolling\" style=\"--awb-border-radius-top-left:0px;--awb-border-radius-top-right:0px;--awb-border-radius-bottom-right:0px;--awb-border-radius-bottom-left:0px;--awb-flex-wrap:wrap;\" ><div class=\"fusion-builder-row fusion-row fusion-flex-align-items-flex-start fusion-flex-content-wrap\" style=\"max-width:1248px;margin-left: calc(-4% \/ 2 );margin-right: calc(-4% \/ 2 );\"><div class=\"fusion-layout-column fusion_builder_column fusion-builder-column-0 fusion_builder_column_3_4 3_4 fusion-flex-column\" style=\"--awb-bg-size:cover;--awb-width-large:75%;--awb-margin-top-large:0px;--awb-spacing-right-large:2.56%;--awb-margin-bottom-large:20px;--awb-spacing-left-large:2.56%;--awb-width-medium:75%;--awb-order-medium:0;--awb-spacing-right-medium:2.56%;--awb-spacing-left-medium:2.56%;--awb-width-small:100%;--awb-order-small:0;--awb-spacing-right-small:1.92%;--awb-spacing-left-small:1.92%;\"><div class=\"fusion-column-wrapper fusion-column-has-shadow fusion-flex-justify-content-flex-start fusion-content-layout-column\"><div class=\"fusion-title title fusion-title-1 sep-underline sep-solid fusion-title-text fusion-title-size-two\" style=\"--awb-text-color:var(--awb-custom17);--awb-sep-color:var(--awb-custom17);--awb-font-size:22px;\"><h2 class=\"fusion-title-heading title-heading-left\" style=\"margin:0;font-size:1em;\"><b>Vicario Generale<\/b><\/h2><\/div><div class=\"fusion-text fusion-text-1\" style=\"--awb-font-size:22px;--awb-text-color:var(--awb-custom17);\"><p style=\"text-align: center;\"><strong><em><i>&#8220;Il Fratello Vicario Generale \u00e8 il primo collaboratore del Fratello Superiore Generale e lo sostituisce nell&#8217;amministrazione <\/i><\/em><\/strong><strong><em><i>corrente quando questi \u00e8 assente o impedito&#8221; <\/i><\/em><\/strong><span style=\"font-weight: 400;\">(Regola 127)<\/span><\/p>\n<\/div><div class=\"fusion-separator fusion-full-width-sep\" style=\"align-self: center;margin-left: auto;margin-right: auto;margin-top:10px;margin-bottom:10px;width:100%;\"><\/div><div class=\"fusion-title title fusion-title-2 fusion-sep-none fusion-title-text fusion-title-size-two\" style=\"--awb-text-color:var(--awb-custom17);--awb-sep-color:var(--awb-custom14);--awb-font-size:20px;\"><h2 class=\"fusion-title-heading title-heading-left\" style=\"margin:0;font-size:1em;\"><b>Il 19 maggio 2022, il 46\u00b0 Capitolo Generale dei Fratelli delle Scuole Cristiane ha eletto Fratel Carlos Gabriel G\u00f3mez Restrepo FSC come Vicario Generale.<\/b><\/h2><\/div><div class=\"fusion-separator fusion-full-width-sep\" style=\"align-self: center;margin-left: auto;margin-right: auto;margin-top:5px;margin-bottom:5px;width:100%;\"><\/div><div class=\"fusion-text fusion-text-2\"><p><img decoding=\"async\" class=\"alignright size-medium wp-image-104220\" src=\"https:\/\/www.lasalle.org\/wp-content\/uploads\/2024\/09\/cgomez-233x300.png\" alt=\"\" width=\"233\" height=\"300\" srcset=\"https:\/\/www.lasalle.org\/wp-content\/uploads\/2024\/09\/cgomez-200x257.png 200w, https:\/\/www.lasalle.org\/wp-content\/uploads\/2024\/09\/cgomez-233x300.png 233w, https:\/\/www.lasalle.org\/wp-content\/uploads\/2024\/09\/cgomez-400x514.png 400w, https:\/\/www.lasalle.org\/wp-content\/uploads\/2024\/09\/cgomez.png 413w\" sizes=\"(max-width: 233px) 100vw, 233px\" \/>Fratel Carlos \u00e8 nato a Bucaramanga, in Colombia, il 25 giugno 1960. \u00c8 entrato a far parte dei Fratelli delle Scuole Cristiane nel 1979.<\/p>\n<p><span style=\"font-weight: 400;\">Ha svolto la sua formazione iniziale a Bogot\u00e0. Nel 1983 ha ottenuto la Licenza in Educazione presso l&#8217;Universit\u00e0 La Salle di Bogot\u00e0. Ha inoltre conseguito un Master in Scienze Politiche presso la Pontificia Universidad Javeriana di Bogot\u00e1, dove si \u00e8 laureato nel 1991, e nel 1999 ha ottenuto un Dottorato in Educazione presso la St. Mary&#8217;s University del Minnesota (USA).<\/span><\/p>\n<p><span style=\"font-weight: 400;\">Il suo servizio alla missione lasalliana lo ha portato a lavorare come insegnante e direttore in diverse istituzioni situate in zone rurali della Colombia afflitte da conflitti e violenze, come San Juan del Cesar a La Guajira, dove ha lavorato anche come insegnante statale.<\/span><\/p>\n<p><span style=\"font-weight: 400;\">Per cinque anni \u00e8 stato rettore della <\/span><i><span style=\"font-weight: 400;\">Escuela Tecnol\u00f3gica Instituto T\u00e9cnico Central<\/span><\/i><span style=\"font-weight: 400;\"> de Bogot\u00e1, un istituto pubblico di istruzione superiore affidato ai Fratelli. Inoltre, dopo gli studi di dottorato negli Stati Uniti, Fratel Carlos si \u00e8 trasferito nel comune di San Vicente del Cagu\u00e1n, dove ha esercitato la sua leadership educativa in un momento in cui erano in corso i colloqui di pace tra il governo colombiano e i guerriglieri delle FARC.<\/span><\/p>\n<p><span style=\"font-weight: 400;\">Nel 1998 ha ricevuto un premio per la sua pubblicazione &#8220;<\/span><i><span style=\"font-weight: 400;\">Who is Who in American Colleges and Universities<\/span><\/i><span style=\"font-weight: 400;\">&#8221; sul ruolo dei college e delle universit\u00e0 in luoghi di conflitto, tensione sociale e incertezza politica.<\/span><\/p>\n<p><span style=\"font-weight: 400;\">All&#8217;inizio degli anni Duemila \u00e8 stato Segretario della Regione Lasalliana dell&#8217;America Latina e professore all&#8217;Universit\u00e0 La Salle di Bogot\u00e0, dove \u00e8 stato poi nominato Vice Rettore accademico e, nel 2008, Rettore, carica che ha ricoperto per due mandati fino al 2016.<\/span><\/p>\n<p><span style=\"font-weight: 400;\">Sotto la sua guida, l&#8217;Universit\u00e0 di La Salle ha sviluppato processi di autovalutazione e trasformazione dei processi accademici, che l&#8217;hanno portata a ottenere l&#8217;accreditamento istituzionale di alta qualit\u00e0 da parte del Ministero dell&#8217;Educazione Nazionale.\u00a0<\/span><\/p>\n<p><span style=\"font-weight: 400;\">Allo stesso modo, in qualit\u00e0 di Rettore dell&#8217;Universit\u00e0 La Salle, Fratel Carlos \u00e8 stato il fondatore del <\/span><i><span style=\"font-weight: 400;\">Progetto Utopia<\/span><\/i><span style=\"font-weight: 400;\">, il primo campus universitario rurale in Colombia che, sulla base di un concetto innovativo, offre ai giovani rurali provenienti da ambienti a basso reddito, colpiti dalla violenza e dall&#8217;esclusione sociale, l&#8217;opportunit\u00e0 di formarsi come ingegneri agricoli, leader e imprenditori nelle loro regioni di origine.<\/span><\/p>\n<p><span style=\"font-weight: 400;\">Nel 2016 \u00e8 stato poi nominato Visitatore del Distretto Lasalliano di Bogot\u00e0 e nel 2021 ha assunto il rettorato dell&#8217;Universit\u00e0 Cattolica Etiope di Addis Abeba, in Etiopia.<\/span><\/p>\n<p><span style=\"font-weight: 400;\">Nel corso della sua carriera, Fratel Carlos ha ricevuto numerosi riconoscimenti, come la Medaglia Civica Francisco de Paula Santander della Presidenza della Repubblica di Colombia \u2013 la pi\u00f9 alta onorificenza per gli educatori del Paese \u2013 il Premio Nazionale della Pace (2014), il Premio Nazionale della Solidariet\u00e0 (2016), il Premio Jes\u00fas Maestro della Confederazione Interamericana dell&#8217;Educazione Cattolica (2016) e il Premio Interamericano assegnato dall&#8217;Organizzazione Interamericana delle Universit\u00e0 (2019).<\/span><\/p>\n<p><span style=\"font-weight: 400;\">Nel 2010 e nel 2022 ha ricevuto il dottorato onorario rispettivamente dal <\/span><i><span style=\"font-weight: 400;\">St. Mary&#8217;s College of California<\/span><\/i><span style=\"font-weight: 400;\"> e dall&#8217;<\/span><i><span style=\"font-weight: 400;\">Universit\u00e0 La Salle <\/span><\/i><span style=\"font-weight: 400;\">in Messico.<\/span><\/p>\n<\/div><div class=\"fusion-separator fusion-full-width-sep\" style=\"align-self: center;margin-left: auto;margin-right: auto;margin-top:15px;margin-bottom:15px;width:100%;\"><div class=\"fusion-separator-border sep-single sep-solid\" style=\"--awb-height:20px;--awb-amount:20px;--awb-sep-color:var(--awb-custom14);border-color:var(--awb-custom14);border-top-width:1px;\"><\/div><\/div><nav class=\"fusion-breadcrumbs fusion-breadcrumbs-1\" style=\"--awb-breadcrumb-sep:&#039;\/&#039;;\" aria-label=\"Breadcrumb\"><ol class=\"awb-breadcrumb-list\"><\/ol><\/nav><\/div><\/div><div class=\"fusion-layout-column fusion_builder_column fusion-builder-column-1 fusion_builder_column_1_4 1_4 fusion-flex-column\" style=\"--awb-bg-size:cover;--awb-width-large:25%;--awb-margin-top-large:0px;--awb-spacing-right-large:7.68%;--awb-margin-bottom-large:20px;--awb-spacing-left-large:7.68%;--awb-width-medium:25%;--awb-order-medium:0;--awb-spacing-right-medium:7.68%;--awb-spacing-left-medium:7.68%;--awb-width-small:100%;--awb-order-small:0;--awb-spacing-right-small:1.92%;--awb-spacing-left-small:1.92%;\"><div class=\"fusion-column-wrapper fusion-column-has-shadow fusion-flex-justify-content-flex-start fusion-content-layout-column\"><div class=\"fusion-title title fusion-title-3 sep-underline sep-solid fusion-title-text fusion-title-size-two\" style=\"--awb-text-color:var(--awb-custom17);--awb-sep-color:var(--awb-custom17);--awb-font-size:22px;\"><h2 class=\"fusion-title-heading title-heading-left\" style=\"margin:0;font-size:1em;\">In relazione<\/h2><\/div><ul style=\"--awb-line-height:27.2px;--awb-icon-width:27.2px;--awb-icon-height:27.2px;--awb-icon-margin:11.2px;--awb-content-margin:38.4px;--awb-circlecolor:var(--awb-custom17);--awb-circle-yes-font-size:14.08px;\" class=\"fusion-checklist fusion-checklist-1 fusion-checklist-default type-icons\"><li class=\"fusion-li-item\" style=\"\"><span class=\"icon-wrapper circle-yes\"><i class=\"fusion-li-icon fa-file-alt far\" aria-hidden=\"true\"><\/i><\/span><div class=\"fusion-li-item-content\">\n<p><a href=\"https:\/\/www.lasalle.org\/it\/animazione-e-governo\/\">Animazione e Governo<\/a><\/p>\n<\/div><\/li><li class=\"fusion-li-item\" style=\"\"><span class=\"icon-wrapper circle-yes\"><i class=\"fusion-li-icon fa-file-alt far\" aria-hidden=\"true\"><\/i><\/span><div class=\"fusion-li-item-content\">\n<p><a href=\"https:\/\/www.lasalle.org\/it\/animazione-e-governo\/superiore-generale\/\">Superiore Generale<\/a><\/p>\n<\/div><\/li><li class=\"fusion-li-item\" style=\"\"><span class=\"icon-wrapper circle-yes\"><i class=\"fusion-li-icon fa-file-alt far\" aria-hidden=\"true\"><\/i><\/span><div class=\"fusion-li-item-content\">\n<p><a href=\"https:\/\/www.lasalle.org\/it\/animazione-e-governo\/vicario-generale\/\">Vicario Generale<\/a><\/p>\n<\/div><\/li><li class=\"fusion-li-item\" style=\"\"><span class=\"icon-wrapper circle-yes\"><i class=\"fusion-li-icon fa-file-alt far\" aria-hidden=\"true\"><\/i><\/span><div class=\"fusion-li-item-content\">\n<p><a href=\"https:\/\/www.lasalle.org\/it\/animazione-e-governo\/consigli\/\">Consigli dell\u2019Istituto<\/a><\/p>\n<\/div><\/li><li class=\"fusion-li-item\" style=\"\"><span class=\"icon-wrapper circle-yes\"><i class=\"fusion-li-icon fa-file-alt far\" aria-hidden=\"true\"><\/i><\/span><div class=\"fusion-li-item-content\">\n<p><a href=\"https:\/\/www.lasalle.org\/it\/animazione-e-governo\/uffici\/\">Uffici<\/a><\/p>\n<\/div><\/li><li class=\"fusion-li-item\" style=\"\"><span class=\"icon-wrapper circle-yes\"><i class=\"fusion-li-icon fa-file-alt far\" aria-hidden=\"true\"><\/i><\/span><div class=\"fusion-li-item-content\">\n<p><a href=\"https:\/\/www.lasalle.org\/it\/animazione-e-governo\/commissioni\/\">Commissioni<\/a><\/p>\n<\/div><\/li><li class=\"fusion-li-item\" style=\"\"><span class=\"icon-wrapper circle-yes\"><i class=\"fusion-li-icon fa-file-alt far\" aria-hidden=\"true\"><\/i><\/span><div class=\"fusion-li-item-content\">\n<p><a href=\"https:\/\/www.lasalle.org\/it\/animazione-e-governo\/servizi-generali\/\">Servizi Generali<\/a><\/p>\n<\/div><\/li><li class=\"fusion-li-item\" style=\"\"><span class=\"icon-wrapper circle-yes\"><i class=\"fusion-li-icon fa-file-alt far\" aria-hidden=\"true\"><\/i><\/span><div class=\"fusion-li-item-content\">\n<p><a href=\"https:\/\/www.lasalle.org\/it\/?page_id=117982&amp;preview=true\">Comitati internazionali<\/a><\/p>\n<\/div><\/li><\/ul>\n<div class=\"fusion-separator fusion-full-width-sep\" style=\"align-self: center;margin-left: auto;margin-right: auto;margin-top:15px;margin-bottom:15px;width:100%;\"><\/div><div class=\"fusion-title title fusion-title-4 sep-underline sep-solid fusion-title-text fusion-title-size-two\" style=\"--awb-text-color:var(--awb-custom17);--awb-sep-color:var(--awb-custom17);--awb-font-size:22px;\"><h2 class=\"fusion-title-heading title-heading-left\" style=\"margin:0;font-size:1em;\">Risorse<\/h2><\/div><ul style=\"--awb-line-height:27.2px;--awb-icon-width:27.2px;--awb-icon-height:27.2px;--awb-icon-margin:11.2px;--awb-content-margin:38.4px;--awb-circlecolor:var(--awb-custom17);--awb-circle-yes-font-size:14.08px;\" class=\"fusion-checklist fusion-checklist-2 fusion-checklist-default type-icons\"><li class=\"fusion-li-item\" style=\"\"><span class=\"icon-wrapper circle-yes\"><i class=\"fusion-li-icon fa-file-pdf far\" aria-hidden=\"true\"><\/i><\/span><div class=\"fusion-li-item-content\">\n<p><a href=\"https:\/\/www.lasalle.org\/it\/pubblicazioni\/lettere-pastorali\/\">Lettere Pastorali<\/a><\/p>\n<\/div><\/li><li class=\"fusion-li-item\" style=\"\"><span class=\"icon-wrapper circle-yes\"><i class=\"fusion-li-icon fa-file-pdf far\" aria-hidden=\"true\"><\/i><\/span><div class=\"fusion-li-item-content\">\n<p><a href=\"https:\/\/www.lasalle.org\/it\/pubblicazioni\/circolari\/\">Circolari<\/a><\/p>\n<\/div><\/li><li class=\"fusion-li-item\" style=\"\"><span class=\"icon-wrapper circle-yes\"><i class=\"fusion-li-icon fa-file-pdf far\" aria-hidden=\"true\"><\/i><\/span><div class=\"fusion-li-item-content\">\n<p><a href=\"https:\/\/www.lasalle.org\/it\/category\/casa-generalizia-it\/consiglio-generale\/\">Notizie del Consiglio Generale<\/a><\/p>\n<\/div><\/li><\/ul><div class=\"fusion-separator fusion-full-width-sep\" style=\"align-self: center;margin-left: auto;margin-right: auto;margin-top:15px;margin-bottom:15px;width:100%;\"><div class=\"fusion-separator-border sep-single sep-solid\" style=\"--awb-height:20px;--awb-amount:20px;--awb-sep-color:var(--awb-custom14);border-color:var(--awb-custom14);border-top-width:1px;\"><\/div><\/div><\/div><\/div><\/div><\/div>\n","protected":false},"excerpt":{"rendered":"","protected":false},"author":9,"featured_media":110623,"parent":10853,"menu_order":0,"comment_status":"closed","ping_status":"closed","template":"","meta":{"_tec_requires_first_save":true,"_monsterinsights_skip_tracking":false,"_monsterinsights_sitenote_active":false,"_monsterinsights_sitenote_note":"","_monsterinsights_sitenote_category":0,"_EventAllDay":false,"_EventTimezone":"","_EventStartDate":"","_EventEndDate":"","_EventStartDateUTC":"","_EventEndDateUTC":"","_EventShowMap":false,"_EventShowMapLink":false,"_EventURL":"","_EventCost":"","_EventCostDescription":"","_EventCurrencySymbol":"","_EventCurrencyCode":"","_EventCurrencyPosition":"","_EventDateTimeSeparator":"","_EventTimeRangeSeparator":"","_EventOrganizerID":[],"_EventVenueID":[],"_OrganizerEmail":"","_OrganizerPhone":"","_OrganizerWebsite":"","_VenueAddress":"","_VenueCity":"","_VenueCountry":"","_VenueProvince":"","_VenueState":"","_VenueZip":"","_VenuePhone":"","_VenueURL":"","_VenueStateProvince":"","_VenueLat":"","_VenueLng":"","_VenueShowMap":false,"_VenueShowMapLink":false,"_tribe_blocks_recurrence_rules":"","_tribe_blocks_recurrence_description":"","_tribe_blocks_recurrence_exclusions":"","footnotes":""},"class_list":["post-117536","page","type-page","status-publish","has-post-thumbnail","hentry"],"_links":{"self":[{"href":"https:\/\/www.lasalle.org\/it\/wp-json\/wp\/v2\/pages\/117536","targetHints":{"allow":["GET"]}}],"collection":[{"href":"https:\/\/www.lasalle.org\/it\/wp-json\/wp\/v2\/pages"}],"about":[{"href":"https:\/\/www.lasalle.org\/it\/wp-json\/wp\/v2\/types\/page"}],"author":[{"embeddable":true,"href":"https:\/\/www.lasalle.org\/it\/wp-json\/wp\/v2\/users\/9"}],"replies":[{"embeddable":true,"href":"https:\/\/www.lasalle.org\/it\/wp-json\/wp\/v2\/comments?post=117536"}],"version-history":[{"count":6,"href":"https:\/\/www.lasalle.org\/it\/wp-json\/wp\/v2\/pages\/117536\/revisions"}],"predecessor-version":[{"id":121655,"href":"https:\/\/www.lasalle.org\/it\/wp-json\/wp\/v2\/pages\/117536\/revisions\/121655"}],"up":[{"embeddable":true,"href":"https:\/\/www.lasalle.org\/it\/wp-json\/wp\/v2\/pages\/10853"}],"wp:featuredmedia":[{"embeddable":true,"href":"https:\/\/www.lasalle.org\/it\/wp-json\/wp\/v2\/media\/110623"}],"wp:attachment":[{"href":"https:\/\/www.lasalle.org\/it\/wp-json\/wp\/v2\/media?parent=117536"}],"curies":[{"name":"wp","href":"https:\/\/api.w.org\/{rel}","templated":true}]}}