{"id":118009,"date":"2025-09-09T11:44:36","date_gmt":"2025-09-09T09:44:36","guid":{"rendered":"https:\/\/www.lasalle.org\/?page_id=118009"},"modified":"2025-11-24T11:47:39","modified_gmt":"2025-11-24T10:47:39","slug":"missione-lasalliana","status":"publish","type":"page","link":"https:\/\/www.lasalle.org\/it\/missione-lasalliana\/","title":{"rendered":"Missione Lasalliana"},"content":{"rendered":"<div class=\"fusion-fullwidth fullwidth-box fusion-builder-row-1 fusion-flex-container has-pattern-background has-mask-background nonhundred-percent-fullwidth non-hundred-percent-height-scrolling\" style=\"--awb-border-radius-top-left:0px;--awb-border-radius-top-right:0px;--awb-border-radius-bottom-right:0px;--awb-border-radius-bottom-left:0px;--awb-flex-wrap:wrap;\" ><div class=\"fusion-builder-row fusion-row fusion-flex-align-items-flex-start fusion-flex-content-wrap\" style=\"max-width:1248px;margin-left: calc(-4% \/ 2 );margin-right: calc(-4% \/ 2 );\"><div class=\"fusion-layout-column fusion_builder_column fusion-builder-column-0 fusion_builder_column_3_4 3_4 fusion-flex-column\" style=\"--awb-bg-size:cover;--awb-width-large:75%;--awb-margin-top-large:0px;--awb-spacing-right-large:2.56%;--awb-margin-bottom-large:20px;--awb-spacing-left-large:2.56%;--awb-width-medium:75%;--awb-order-medium:0;--awb-spacing-right-medium:2.56%;--awb-spacing-left-medium:2.56%;--awb-width-small:100%;--awb-order-small:0;--awb-spacing-right-small:1.92%;--awb-spacing-left-small:1.92%;\"><div class=\"fusion-column-wrapper fusion-column-has-shadow fusion-flex-justify-content-flex-start fusion-content-layout-column\"><div class=\"fusion-title title fusion-title-1 sep-underline sep-solid fusion-title-text fusion-title-size-two\" style=\"--awb-text-color:var(--awb-custom17);--awb-sep-color:var(--awb-custom17);--awb-font-size:22px;\"><h2 class=\"fusion-title-heading title-heading-left\" style=\"margin:0;font-size:1em;\"><b>Misione Lasalliana<\/b><\/h2><\/div><div class=\"fusion-text fusion-text-1\"><p><span style=\"font-weight: 400;\">Sono passati pi\u00f9 di tre secoli da quando San Giovanni Battista de La Salle e i primi Fratelli si associarono per fondare scuole cristiane gratuite in Francia, <\/span><b>combinando la formazione cristiana con un insegnamento di qualit\u00e0<\/b><span style=\"font-weight: 400;\">, e realizzando il tutto in modo fraterno, fornendo un servizio importante e necessario alla Chiesa e alla societ\u00e0 (cfr. Regola 13).<\/span><\/p>\n<\/div><div class=\"fusion-text fusion-text-2\"><p><span style=\"font-weight: 400;\"><img decoding=\"async\" class=\"alignright size-medium wp-image-90538\" src=\"https:\/\/www.lasalle.org\/wp-content\/uploads\/2023\/02\/distretti_statiusa2023-300x161.png\" alt=\"\" width=\"300\" height=\"161\" srcset=\"https:\/\/www.lasalle.org\/wp-content\/uploads\/2023\/02\/distretti_statiusa2023-200x107.png 200w, https:\/\/www.lasalle.org\/wp-content\/uploads\/2023\/02\/distretti_statiusa2023-300x161.png 300w, https:\/\/www.lasalle.org\/wp-content\/uploads\/2023\/02\/distretti_statiusa2023-400x215.png 400w, https:\/\/www.lasalle.org\/wp-content\/uploads\/2023\/02\/distretti_statiusa2023-600x322.png 600w, https:\/\/www.lasalle.org\/wp-content\/uploads\/2023\/02\/distretti_statiusa2023-768x412.png 768w, https:\/\/www.lasalle.org\/wp-content\/uploads\/2023\/02\/distretti_statiusa2023-800x429.png 800w, https:\/\/www.lasalle.org\/wp-content\/uploads\/2023\/02\/distretti_statiusa2023-1200x644.png 1200w, https:\/\/www.lasalle.org\/wp-content\/uploads\/2023\/02\/distretti_statiusa2023-1536x824.png 1536w, https:\/\/www.lasalle.org\/wp-content\/uploads\/2023\/02\/distretti_statiusa2023-1800x966.png 1800w\" sizes=\"(max-width: 300px) 100vw, 300px\" \/>Oggi la Missione Lasalliana continua ed \u00e8 diffusa in <\/span><a href=\"https:\/\/www.lasalle.org\/it\/nel-mondo\/\"><b>80 Paesi<\/b><\/a><span style=\"font-weight: 400;\">, dove <\/span><b>pi\u00f9 di un milione di studenti<\/b><span style=\"font-weight: 400;\">, bambini, giovani e adulti, beneficiano di oltre 1.100 opere educative lasalliane. Pi\u00f9 di <\/span><b>2.700 <a href=\"https:\/\/www.lasalle.org\/it\/famiglia-carismatica-lasalliana\/fratelli\/\">Fratelli delle Scuole Cristiane<\/a> e 90.000 educatori e collaboratori laici <\/b><span style=\"font-weight: 400;\">mantengono vivo il carisma lasalliano e si impegnano, in modo particolare, per &#8220;le necessit\u00e0 educative di coloro la cui dignit\u00e0 e i cui diritti fondamentali non sono riconosciuti&#8221;, per i quali &#8220;L&#8217;Istituto stabilisce, rinnova e diversifica le sue opere secondo le necessit\u00e0 del Regno di Dio&#8221; (Regola 13).<\/span><\/p>\n<\/div><div class=\"fusion-text fusion-text-3\"><p>L<img decoding=\"async\" class=\"alignleft size-medium wp-image-115258\" src=\"https:\/\/www.lasalle.org\/wp-content\/uploads\/2025\/07\/bethlehem-university-300x200.jpg\" alt=\"\" width=\"300\" height=\"200\" srcset=\"https:\/\/www.lasalle.org\/wp-content\/uploads\/2025\/07\/bethlehem-university-200x133.jpg 200w, https:\/\/www.lasalle.org\/wp-content\/uploads\/2025\/07\/bethlehem-university-300x200.jpg 300w, https:\/\/www.lasalle.org\/wp-content\/uploads\/2025\/07\/bethlehem-university-400x267.jpg 400w, https:\/\/www.lasalle.org\/wp-content\/uploads\/2025\/07\/bethlehem-university-600x400.jpg 600w, https:\/\/www.lasalle.org\/wp-content\/uploads\/2025\/07\/bethlehem-university-768x512.jpg 768w, https:\/\/www.lasalle.org\/wp-content\/uploads\/2025\/07\/bethlehem-university-800x534.jpg 800w, https:\/\/www.lasalle.org\/wp-content\/uploads\/2025\/07\/bethlehem-university.jpg 1000w\" sizes=\"(max-width: 300px) 100vw, 300px\" \/><span style=\"font-weight: 400;\">a Missione Lasalliana si sviluppa in contesti multiculturali, multireligiosi e anche secolarizzati, coprendo <\/span><b>l&#8217;educazione infantile e primaria, la scuola secondaria e superiore, il livello terziario e <a href=\"https:\/\/ialu.org\/ialu\/\" target=\"_blank\" rel=\"noopener\">universitario<\/a><\/b><span style=\"font-weight: 400;\">, oltre a vari <\/span><b>centri di educazione non formale e progetti intercongregazionali<\/b><span style=\"font-weight: 400;\"> legati alla missione evangelizzatrice della Chiesa.<\/span><\/p>\n<\/div><div class=\"fusion-text fusion-text-4\"><p><b>Circa la met\u00e0 degli studenti lasalliani \u00e8 a rischio di esclusione socio-educativa, in contesti di povert\u00e0 e vulnerabilit\u00e0 rispetto ai loro diritti fondamentali<\/b><span style=\"font-weight: 400;\">. In questo senso, la Missione lasalliana comporta l&#8217;offerta di opportunit\u00e0 educative a coloro che altrimenti non avrebbero accesso all&#8217;istruzione, favorendo l&#8217;inclusione dei gruppi sociali pi\u00f9 emarginati, delle donne e delle ragazze e degli studenti con bisogni speciali, in tutto il mondo, come espressione della sua opzione preferenziale per il servizio educativo ai poveri (cfr. Regola 29).<\/span><\/p>\n<\/div><div class=\"fusion-text fusion-text-5\"><p><span style=\"font-weight: 400;\"><img decoding=\"async\" class=\"size-medium wp-image-115263 alignright\" src=\"https:\/\/www.lasalle.org\/wp-content\/uploads\/2025\/07\/bice_logo_3091cb72-1-300x177.webp\" alt=\"\" width=\"300\" height=\"177\" srcset=\"https:\/\/www.lasalle.org\/wp-content\/uploads\/2025\/07\/bice_logo_3091cb72-1-200x118.webp 200w, https:\/\/www.lasalle.org\/wp-content\/uploads\/2025\/07\/bice_logo_3091cb72-1-300x177.webp 300w, https:\/\/www.lasalle.org\/wp-content\/uploads\/2025\/07\/bice_logo_3091cb72-1-400x235.webp 400w, https:\/\/www.lasalle.org\/wp-content\/uploads\/2025\/07\/bice_logo_3091cb72-1-600x353.webp 600w, https:\/\/www.lasalle.org\/wp-content\/uploads\/2025\/07\/bice_logo_3091cb72-1.webp 710w\" sizes=\"(max-width: 300px) 100vw, 300px\" \/>L&#8217;Istituto dei Fratelli delle Scuole Cristiane mantiene il suo impegno educativo nella promozione e nella difesa dei diritti del bambino, essendo uno dei membri fondatori del <\/span><a href=\"https:\/\/bice.org\/\" target=\"_blank\" rel=\"noopener\"><b>BICE<\/b><\/a><span style=\"font-weight: 400;\"><a href=\"https:\/\/bice.org\/\"> (Bureau International Catholique de l&#8217;Enfance)<\/a>. Come risultato di questo impegno nella missione educativa tra i pi\u00f9 poveri, nel 1990, Anno Internazionale dell&#8217;Alfabetizzazione, l&#8217;UNESCO ha assegnato alle istituzioni lasalliane il <strong>premio NOMA<\/strong>.<\/span><\/p>\n<p><span style=\"font-weight: 400;\"><img decoding=\"async\" class=\"size-medium wp-image-90126 alignleft\" src=\"https:\/\/www.lasalle.org\/wp-content\/uploads\/2023\/02\/cover_fratelli_esp-300x169.jpg\" alt=\"\" width=\"300\" height=\"169\" srcset=\"https:\/\/www.lasalle.org\/wp-content\/uploads\/2023\/02\/cover_fratelli_esp-200x113.jpg 200w, https:\/\/www.lasalle.org\/wp-content\/uploads\/2023\/02\/cover_fratelli_esp-300x169.jpg 300w, https:\/\/www.lasalle.org\/wp-content\/uploads\/2023\/02\/cover_fratelli_esp-400x225.jpg 400w, https:\/\/www.lasalle.org\/wp-content\/uploads\/2023\/02\/cover_fratelli_esp-600x338.jpg 600w, https:\/\/www.lasalle.org\/wp-content\/uploads\/2023\/02\/cover_fratelli_esp-768x432.jpg 768w, https:\/\/www.lasalle.org\/wp-content\/uploads\/2023\/02\/cover_fratelli_esp-800x450.jpg 800w, https:\/\/www.lasalle.org\/wp-content\/uploads\/2023\/02\/cover_fratelli_esp-1200x675.jpg 1200w, https:\/\/www.lasalle.org\/wp-content\/uploads\/2023\/02\/cover_fratelli_esp-1536x864.jpg 1536w, https:\/\/www.lasalle.org\/wp-content\/uploads\/2023\/02\/cover_fratelli_esp-1800x1013.jpg 1800w, https:\/\/www.lasalle.org\/wp-content\/uploads\/2023\/02\/cover_fratelli_esp.jpg 1920w\" sizes=\"(max-width: 300px) 100vw, 300px\" \/>Allo stesso modo, la Missione lasalliana si esprime in progetti intercongregazionali come &#8220;<\/span><a href=\"https:\/\/solidarityssudan.org\/it\/home-it\/\" target=\"_blank\" rel=\"noopener\"><b>Solidariet\u00e0 con il Sud Sudan<\/b><\/a><span style=\"font-weight: 400;\">&#8221; dell&#8217;<a href=\"https:\/\/www.usgroma.org\/\" target=\"_blank\" rel=\"noopener\">Unione dei Superiori Generali<\/a> e il &#8220;<\/span><a href=\"https:\/\/www.lasallefoundation.org\/it\/project\/progetto-fratelli\/\" target=\"_blank\" rel=\"noopener\"><b>Progetto Fratelli<\/b><\/a><span style=\"font-weight: 400;\">&#8221; con i <a href=\"https:\/\/champagnat.org\/en\/\" target=\"_blank\" rel=\"noopener\">Fratelli Maristi<\/a>, per cercare di rispondere ai bisogni emergenti e urgenti dei bambini e dei giovani pi\u00f9 vulnerabili e a rischio.<\/span><\/p>\n<\/div><div class=\"fusion-text fusion-text-6\"><p><span style=\"font-weight: 400;\"><img decoding=\"async\" class=\"size-medium wp-image-75453 alignright\" src=\"https:\/\/www.lasalle.org\/wp-content\/uploads\/2021\/01\/Infografica-tutti-i-loghi-300x212.jpg\" alt=\"\" width=\"300\" height=\"212\" srcset=\"https:\/\/www.lasalle.org\/wp-content\/uploads\/2021\/01\/Infografica-tutti-i-loghi-300x212.jpg 300w, https:\/\/www.lasalle.org\/wp-content\/uploads\/2021\/01\/Infografica-tutti-i-loghi-768x543.jpg 768w, https:\/\/www.lasalle.org\/wp-content\/uploads\/2021\/01\/Infografica-tutti-i-loghi.jpg 842w\" sizes=\"(max-width: 300px) 100vw, 300px\" \/>Oggi la Missione Lasalliana continua a rispondere alle realt\u00e0 in cui \u00e8 inserita, attraverso i suoi centri educativi e attraverso programmi integrati e sostenibili, affinch\u00e9 l&#8217;educazione diventi un motore di sviluppo, giustizia ed equit\u00e0 per tutta la comunit\u00e0. <\/span><\/p>\n<p><span style=\"font-weight: 400;\">Per rendere possibile tutto ci\u00f2, si avvale dell&#8217;<\/span><b>Ufficio Solidariet\u00e0 e Sviluppo <\/b><span style=\"font-weight: 400;\">e di una rete internazionale di organizzazioni lasalliane senza scopo di lucro che, in linea con gli Obiettivi di Sviluppo Sostenibile delle Nazioni Unite e con il <\/span><a href=\"https:\/\/globalcompact.lasalle.org\/RAIZ_IT\/index.html\" target=\"_blank\" rel=\"noopener\"><strong>Patto Educativo Globale<\/strong><\/a><span style=\"font-weight: 400;\">, realizzano progetti di solidariet\u00e0, cooperazione allo sviluppo e volontariato per costruire un mondo pi\u00f9 fraterno.<\/span><\/p>\n<\/div><div class=\"fusion-separator fusion-full-width-sep\" style=\"align-self: center;margin-left: auto;margin-right: auto;margin-top:15px;margin-bottom:15px;width:100%;\"><div class=\"fusion-separator-border sep-single sep-solid\" style=\"--awb-height:20px;--awb-amount:20px;--awb-sep-color:var(--awb-custom17);border-color:var(--awb-custom17);border-top-width:1px;\"><\/div><\/div><nav class=\"fusion-breadcrumbs fusion-breadcrumbs-1\" style=\"--awb-breadcrumb-sep:&#039;\/&#039;;\" aria-label=\"Breadcrumb\"><ol class=\"awb-breadcrumb-list\"><\/ol><\/nav><\/div><\/div><div class=\"fusion-layout-column fusion_builder_column fusion-builder-column-1 fusion_builder_column_1_4 1_4 fusion-flex-column\" style=\"--awb-bg-size:cover;--awb-width-large:25%;--awb-margin-top-large:0px;--awb-spacing-right-large:7.68%;--awb-margin-bottom-large:20px;--awb-spacing-left-large:7.68%;--awb-width-medium:25%;--awb-order-medium:0;--awb-spacing-right-medium:7.68%;--awb-spacing-left-medium:7.68%;--awb-width-small:100%;--awb-order-small:0;--awb-spacing-right-small:1.92%;--awb-spacing-left-small:1.92%;\"><div class=\"fusion-column-wrapper fusion-column-has-shadow fusion-flex-justify-content-flex-start fusion-content-layout-column\"><div class=\"fusion-title title fusion-title-2 sep-underline sep-solid fusion-title-text fusion-title-size-two\" style=\"--awb-text-color:var(--awb-custom17);--awb-sep-color:var(--awb-custom17);--awb-font-size:22px;\"><h2 class=\"fusion-title-heading title-heading-left\" style=\"margin:0;font-size:1em;\">Sostienici<\/h2><\/div><div class=\"fusion-image-element \" style=\"text-align:center;--awb-caption-title-font-family:var(--h2_typography-font-family);--awb-caption-title-font-weight:var(--h2_typography-font-weight);--awb-caption-title-font-style:var(--h2_typography-font-style);--awb-caption-title-size:var(--h2_typography-font-size);--awb-caption-title-transform:var(--h2_typography-text-transform);--awb-caption-title-line-height:var(--h2_typography-line-height);--awb-caption-title-letter-spacing:var(--h2_typography-letter-spacing);\"><span class=\" fusion-imageframe imageframe-none imageframe-1 hover-type-zoomin\"><a class=\"fusion-no-lightbox\" href=\"https:\/\/www.lasallefoundation.org\/it\/\" target=\"_blank\" aria-label=\"banner_lasallef\" rel=\"noopener noreferrer\"><img decoding=\"async\" width=\"300\" height=\"169\" src=\"https:\/\/www.lasalle.org\/wp-content\/uploads\/2025\/07\/banner_lasallef-1.jpg\" alt class=\"img-responsive wp-image-115352\" srcset=\"https:\/\/www.lasalle.org\/wp-content\/uploads\/2025\/07\/banner_lasallef-1-200x113.jpg 200w, https:\/\/www.lasalle.org\/wp-content\/uploads\/2025\/07\/banner_lasallef-1.jpg 300w\" sizes=\"(max-width: 640px) 100vw, 300px\" \/><\/a><\/span><\/div><div class=\"fusion-separator fusion-full-width-sep\" style=\"align-self: center;margin-left: auto;margin-right: auto;margin-top:10px;margin-bottom:10px;width:100%;\"><\/div><div class=\"fusion-image-element \" style=\"text-align:center;--awb-caption-title-font-family:var(--h2_typography-font-family);--awb-caption-title-font-weight:var(--h2_typography-font-weight);--awb-caption-title-font-style:var(--h2_typography-font-style);--awb-caption-title-size:var(--h2_typography-font-size);--awb-caption-title-transform:var(--h2_typography-text-transform);--awb-caption-title-line-height:var(--h2_typography-line-height);--awb-caption-title-letter-spacing:var(--h2_typography-letter-spacing);\"><span class=\" fusion-imageframe imageframe-none imageframe-2 hover-type-zoomin\"><a class=\"fusion-no-lightbox\" href=\"https:\/\/www.lasalle.org\/it\/1-la-salle\/\" target=\"_self\" aria-label=\"cover_1LaSalle_esp\"><img decoding=\"async\" width=\"1920\" height=\"1080\" src=\"https:\/\/www.lasalle.org\/wp-content\/uploads\/2024\/04\/cover_1LaSalle_esp.jpg\" alt class=\"img-responsive wp-image-100318\" srcset=\"https:\/\/www.lasalle.org\/wp-content\/uploads\/2024\/04\/cover_1LaSalle_esp-200x113.jpg 200w, https:\/\/www.lasalle.org\/wp-content\/uploads\/2024\/04\/cover_1LaSalle_esp-400x225.jpg 400w, https:\/\/www.lasalle.org\/wp-content\/uploads\/2024\/04\/cover_1LaSalle_esp-600x338.jpg 600w, https:\/\/www.lasalle.org\/wp-content\/uploads\/2024\/04\/cover_1LaSalle_esp-800x450.jpg 800w, https:\/\/www.lasalle.org\/wp-content\/uploads\/2024\/04\/cover_1LaSalle_esp-1200x675.jpg 1200w, https:\/\/www.lasalle.org\/wp-content\/uploads\/2024\/04\/cover_1LaSalle_esp.jpg 1920w\" sizes=\"(max-width: 640px) 100vw, 400px\" \/><\/a><\/span><\/div><div class=\"fusion-separator fusion-full-width-sep\" style=\"align-self: center;margin-left: auto;margin-right: auto;margin-top:15px;margin-bottom:15px;width:100%;\"><\/div><div class=\"fusion-title title fusion-title-3 sep-underline sep-solid fusion-title-text fusion-title-size-two\" style=\"--awb-text-color:var(--awb-custom17);--awb-sep-color:var(--awb-custom17);--awb-font-size:22px;\"><h2 class=\"fusion-title-heading title-heading-left\" style=\"margin:0;font-size:1em;\">Progetto Fratelli<\/h2><\/div><ul style=\"--awb-line-height:27.2px;--awb-icon-width:27.2px;--awb-icon-height:27.2px;--awb-icon-margin:11.2px;--awb-content-margin:38.4px;--awb-circlecolor:var(--awb-custom17);--awb-circle-yes-font-size:14.08px;\" class=\"fusion-checklist fusion-checklist-1 fusion-checklist-default type-icons\"><li class=\"fusion-li-item\" style=\"\"><span class=\"icon-wrapper circle-yes\"><i class=\"fusion-li-icon fa-link fas\" aria-hidden=\"true\"><\/i><\/span><div class=\"fusion-li-item-content\">\n<p><a href=\"https:\/\/www.lasallefoundation.org\/it\/project\/progetto-fratelli\/\" target=\"_blank\" rel=\"noopener\">Progetto Fratelli Libano<\/a><\/p>\n<\/div><\/li><li class=\"fusion-li-item\" style=\"\"><span class=\"icon-wrapper circle-yes\"><i class=\"fusion-li-icon fa-link fas\" aria-hidden=\"true\"><\/i><\/span><div class=\"fusion-li-item-content\">\n<p><a href=\"https:\/\/www.lasallefoundation.org\/it\/project\/progetto-fratelli\/\" target=\"_blank\" rel=\"noopener\">Progetto Fratelli Maicao<\/a><\/p>\n<\/div><\/li><\/ul><div class=\"fusion-separator fusion-full-width-sep\" style=\"align-self: center;margin-left: auto;margin-right: auto;margin-top:15px;margin-bottom:15px;width:100%;\"><\/div><div class=\"fusion-title title fusion-title-4 sep-underline sep-solid fusion-title-text fusion-title-size-two\" style=\"--awb-text-color:var(--awb-custom17);--awb-sep-color:var(--awb-custom17);--awb-font-size:22px;\"><h2 class=\"fusion-title-heading title-heading-left\" style=\"margin:0;font-size:1em;\"><p>Solidariet\u00e0<br \/>\ncon il Sud Sudan<\/p><\/h2><\/div><ul style=\"--awb-line-height:27.2px;--awb-icon-width:27.2px;--awb-icon-height:27.2px;--awb-icon-margin:11.2px;--awb-content-margin:38.4px;--awb-circlecolor:var(--awb-custom17);--awb-circle-yes-font-size:14.08px;\" class=\"fusion-checklist fusion-checklist-2 fusion-checklist-default type-icons\"><li class=\"fusion-li-item\" style=\"\"><span class=\"icon-wrapper circle-yes\"><i class=\"fusion-li-icon fa-link fas\" aria-hidden=\"true\"><\/i><\/span><div class=\"fusion-li-item-content\">\n<p><a href=\"https:\/\/solidarityssudan.org\/it\/teacher-training-it\/\" target=\"_blank\" rel=\"noopener\">Formazione insegnante<\/a><\/p>\n<\/div><\/li><\/ul><div class=\"fusion-separator fusion-full-width-sep\" style=\"align-self: center;margin-left: auto;margin-right: auto;margin-top:15px;margin-bottom:15px;width:100%;\"><\/div><div class=\"fusion-title title fusion-title-5 sep-underline sep-solid fusion-title-text fusion-title-size-two\" style=\"--awb-text-color:var(--awb-custom17);--awb-sep-color:var(--awb-custom17);--awb-font-size:22px;\"><h2 class=\"fusion-title-heading title-heading-left\" style=\"margin:0;font-size:1em;\">IALU<\/h2><\/div><ul style=\"--awb-line-height:27.2px;--awb-icon-width:27.2px;--awb-icon-height:27.2px;--awb-icon-margin:11.2px;--awb-content-margin:38.4px;--awb-circlecolor:var(--awb-custom17);--awb-circle-yes-font-size:14.08px;\" class=\"fusion-checklist fusion-checklist-3 fusion-checklist-default type-icons\"><li class=\"fusion-li-item\" style=\"\"><span class=\"icon-wrapper circle-yes\"><i class=\"fusion-li-icon fa-link fas\" aria-hidden=\"true\"><\/i><\/span><div class=\"fusion-li-item-content\">\n<p><a href=\"https:\/\/ialu.org\/ialu\/\" target=\"_blank\" rel=\"noopener\"><span style=\"font-weight: 400;\">IALU &#8211; International Association of La Salle Universities<\/span><\/a><\/p>\n<\/div><\/li><\/ul><div class=\"fusion-separator fusion-full-width-sep\" style=\"align-self: center;margin-left: auto;margin-right: auto;margin-top:15px;margin-bottom:15px;width:100%;\"><div class=\"fusion-separator-border sep-single sep-solid\" style=\"--awb-height:20px;--awb-amount:20px;--awb-sep-color:var(--awb-custom17);border-color:var(--awb-custom17);border-top-width:1px;\"><\/div><\/div><\/div><\/div><\/div><\/div>\n","protected":false},"excerpt":{"rendered":"","protected":false},"author":9,"featured_media":115348,"parent":0,"menu_order":0,"comment_status":"closed","ping_status":"closed","template":"","meta":{"_tec_requires_first_save":true,"_monsterinsights_skip_tracking":false,"_monsterinsights_sitenote_active":false,"_monsterinsights_sitenote_note":"","_monsterinsights_sitenote_category":0,"_EventAllDay":false,"_EventTimezone":"","_EventStartDate":"","_EventEndDate":"","_EventStartDateUTC":"","_EventEndDateUTC":"","_EventShowMap":false,"_EventShowMapLink":false,"_EventURL":"","_EventCost":"","_EventCostDescription":"","_EventCurrencySymbol":"","_EventCurrencyCode":"","_EventCurrencyPosition":"","_EventDateTimeSeparator":"","_EventTimeRangeSeparator":"","_EventOrganizerID":[],"_EventVenueID":[],"_OrganizerEmail":"","_OrganizerPhone":"","_OrganizerWebsite":"","_VenueAddress":"","_VenueCity":"","_VenueCountry":"","_VenueProvince":"","_VenueState":"","_VenueZip":"","_VenuePhone":"","_VenueURL":"","_VenueStateProvince":"","_VenueLat":"","_VenueLng":"","_VenueShowMap":false,"_VenueShowMapLink":false,"_tribe_blocks_recurrence_rules":"","_tribe_blocks_recurrence_description":"","_tribe_blocks_recurrence_exclusions":"","footnotes":""},"class_list":["post-118009","page","type-page","status-publish","has-post-thumbnail","hentry"],"_links":{"self":[{"href":"https:\/\/www.lasalle.org\/it\/wp-json\/wp\/v2\/pages\/118009","targetHints":{"allow":["GET"]}}],"collection":[{"href":"https:\/\/www.lasalle.org\/it\/wp-json\/wp\/v2\/pages"}],"about":[{"href":"https:\/\/www.lasalle.org\/it\/wp-json\/wp\/v2\/types\/page"}],"author":[{"embeddable":true,"href":"https:\/\/www.lasalle.org\/it\/wp-json\/wp\/v2\/users\/9"}],"replies":[{"embeddable":true,"href":"https:\/\/www.lasalle.org\/it\/wp-json\/wp\/v2\/comments?post=118009"}],"version-history":[{"count":5,"href":"https:\/\/www.lasalle.org\/it\/wp-json\/wp\/v2\/pages\/118009\/revisions"}],"predecessor-version":[{"id":121312,"href":"https:\/\/www.lasalle.org\/it\/wp-json\/wp\/v2\/pages\/118009\/revisions\/121312"}],"wp:featuredmedia":[{"embeddable":true,"href":"https:\/\/www.lasalle.org\/it\/wp-json\/wp\/v2\/media\/115348"}],"wp:attachment":[{"href":"https:\/\/www.lasalle.org\/it\/wp-json\/wp\/v2\/media?parent=118009"}],"curies":[{"name":"wp","href":"https:\/\/api.w.org\/{rel}","templated":true}]}}