{"id":56582,"date":"2019-09-16T10:49:45","date_gmt":"2019-09-16T10:49:45","guid":{"rendered":"http:\/\/www.lasalle.org\/?page_id=56582"},"modified":"2025-12-10T11:48:57","modified_gmt":"2025-12-10T10:48:57","slug":"casa-generalizia","status":"publish","type":"page","link":"https:\/\/www.lasalle.org\/it\/casa-generalizia\/","title":{"rendered":"Casa Generalizia"},"content":{"rendered":"<div class=\"fusion-fullwidth fullwidth-box fusion-builder-row-1 fusion-flex-container has-pattern-background has-mask-background nonhundred-percent-fullwidth non-hundred-percent-height-scrolling\" style=\"--awb-border-radius-top-left:0px;--awb-border-radius-top-right:0px;--awb-border-radius-bottom-right:0px;--awb-border-radius-bottom-left:0px;--awb-flex-wrap:wrap;\" ><div class=\"fusion-builder-row fusion-row fusion-flex-align-items-flex-start fusion-flex-content-wrap\" style=\"max-width:1248px;margin-left: calc(-4% \/ 2 );margin-right: calc(-4% \/ 2 );\"><div class=\"fusion-layout-column fusion_builder_column fusion-builder-column-0 fusion_builder_column_3_4 3_4 fusion-flex-column\" style=\"--awb-bg-size:cover;--awb-width-large:75%;--awb-margin-top-large:0px;--awb-spacing-right-large:2.56%;--awb-margin-bottom-large:20px;--awb-spacing-left-large:2.56%;--awb-width-medium:75%;--awb-order-medium:0;--awb-spacing-right-medium:2.56%;--awb-spacing-left-medium:2.56%;--awb-width-small:100%;--awb-order-small:0;--awb-spacing-right-small:1.92%;--awb-spacing-left-small:1.92%;\"><div class=\"fusion-column-wrapper fusion-column-has-shadow fusion-flex-justify-content-flex-start fusion-content-layout-column\"><div class=\"fusion-title title fusion-title-1 sep-underline sep-solid fusion-title-text fusion-title-size-two\" style=\"--awb-text-color:var(--awb-custom17);--awb-sep-color:var(--awb-custom17);--awb-font-size:22px;\"><h2 class=\"fusion-title-heading title-heading-left\" style=\"margin:0;font-size:1em;\">Casa Generalizia<\/h2><\/div><div class=\"fusion-text fusion-text-1\"><p>La Casa Generalizia dei Fratelli delle Scuole Cristiane \u00e8 la residenza del <a href=\"https:\/\/www.lasalle.org\/it\/animazione-e-governo\/\">Superiore Generale e del suo Consiglio<\/a>. Qui si trova la sede del Governo centrale e dei <strong>Servizi Generali<\/strong> dell'Istituto.<\/p>\n<p><!-- \/wp:post-content --><\/p>\n<p><!-- wp:image  --><\/p>\n<div class=\"wp-block-image\">\n<figure class=\"alignright is-resized\"><img decoding=\"async\" class=\"wp-image-50270\" src=\"https:\/\/www.lasalle.org\/wp-content\/uploads\/2019\/07\/P\u00e8lerinage-Momignies-\u00e0-Lembecq-1913-1024x781.jpg\" alt=\"\" width=\"256\" height=\"195\" srcset=\"https:\/\/www.lasalle.org\/wp-content\/uploads\/2019\/07\/P\u00e8lerinage-Momignies-\u00e0-Lembecq-1913-300x229.jpg 300w, https:\/\/www.lasalle.org\/wp-content\/uploads\/2019\/07\/P\u00e8lerinage-Momignies-\u00e0-Lembecq-1913-768x586.jpg 768w, https:\/\/www.lasalle.org\/wp-content\/uploads\/2019\/07\/P\u00e8lerinage-Momignies-\u00e0-Lembecq-1913-1024x781.jpg 1024w\" sizes=\"(max-width: 256px) 100vw, 256px\" \/><\/figure>\n<\/div>\n<p><!-- \/wp:image --><\/p>\n<p><!-- wp:paragraph --><\/p>\n<p>Dal <strong>XVII al XIX secolo<\/strong>, fu in Francia (Rouen, Lione, Parigi). All'inizio del <strong>XX secolo<\/strong> fu trasferita in Belgio (Lembecq-les Hall), e dal <strong>1937 <\/strong>a Roma.<\/p>\n<p><!-- \/wp:paragraph --><\/p>\n<p><!-- wp:paragraph --><\/p>\n<p>La parte centrale del complesso \u00e8 il <a href=\"https:\/\/www.lasalle.org\/it\/casa-generalizia\/santuario-de-la-salle\/\">Santuario di San Giovanni Battista de La Salle<\/a>, dove sono venerate le sue <strong>Reliquie<\/strong> (traslate nel 1937) e anche quelli di altri <a href=\"https:\/\/www.lasalle.org\/it\/santita-lasalliana\/\">Santi Lasalliani<\/a>.<\/p>\n<p><!-- \/wp:paragraph --><\/p>\n<p><!-- wp:html \/--><\/p>\n<p><!-- wp:image  --><\/p>\n<div class=\"wp-block-image\">\n<figure class=\"alignleft is-resized\"><a href=\"https:\/\/www.lasalle.org\/wp-content\/uploads\/2019\/07\/notevole-interesse-biblioteca-1.jpg\" target=\"_blank\" rel=\"noreferrer noopener\"><img decoding=\"async\" class=\"wp-image-50600\" src=\"https:\/\/www.lasalle.org\/wp-content\/uploads\/2019\/07\/notevole-interesse-biblioteca-1.jpg\" alt=\"\" width=\"176\" height=\"250\" srcset=\"https:\/\/www.lasalle.org\/wp-content\/uploads\/2019\/07\/notevole-interesse-biblioteca-1-212x300.jpg 212w, https:\/\/www.lasalle.org\/wp-content\/uploads\/2019\/07\/notevole-interesse-biblioteca-1.jpg 705w\" sizes=\"(max-width: 176px) 100vw, 176px\" \/><\/a><\/figure>\n<\/div>\n<p><!-- \/wp:image --><\/p>\n<p><!-- wp:paragraph --><\/p>\n<p>Oltre al <a href=\"https:\/\/www.lasalle.org\/it\/casa-generalizia\/santuario-de-la-salle\/\">Santuario<\/a>, nella Casa, si trovano un <a href=\"https:\/\/www.lasalle.org\/it\/casa-generalizia\/museo-la-salle\/\">Museo<\/a>, diverse sale riunione, un'<strong>Aula Magna <\/strong>recentemente ristrutturata, un <a href=\"https:\/\/www.lasalle.org\/it\/casa-generalizia\/archivi\/\">archivio <\/a>ed una <a href=\"https:\/\/www.lasalle.org\/it\/casa-generalizia\/biblioteca\/\">biblioteca<\/a> con testi risalenti alla fondazione dell'Istituto.<\/p>\n<p><!-- \/wp:paragraph --><\/p>\n<p><!-- wp:paragraph --><\/p>\n<p>A tal proposito, considerando il prezioso materiale conservato, sia la <a href=\"https:\/\/www.lasalle.org\/it\/casa-generalizia\/biblioteca\/\">Biblioteca <\/a>che <a href=\"https:\/\/www.lasalle.org\/it\/casa-generalizia\/archivi\/\">l'Archivio<\/a>, tramite notifica scritta del 2016, sono state dichiarate dalla <a href=\"https:\/\/cultura.gov.it\/\" target=\"_blank\" rel=\"noreferrer noopener\" aria-label=\"soprintendenza del Ministero dei Beni Culturali (abre en una nueva pesta\u00f1a)\">soprintendenza del Ministero dei Beni Culturali<\/a>, rispettivamente di particolare e di eccezionale interesse storico. <\/p>\n<p>Completano i servizi all'Istituto <a href=\"https:\/\/www.lasalle.org\/it\/historia-y-servicios-de-la-casa\/ufficio-del-personale\/\">l'ufficio del personale\/statistica<\/a>.<\/p>\n<p>Inoltre la Casa ospita la <a href=\"https:\/\/cbisonline.com\/eu\/\" target=\"_blank\" rel=\"noreferrer noopener\" aria-label=\"CBIS Global (abre en una nueva pesta\u00f1a)\">CBIS Global<\/a> e la <a href=\"http:\/\/www.casalasalle.it\/\" target=\"_blank\" rel=\"noreferrer noopener\" aria-label=\"Casa per ferie \">Casa per ferie \"La Salle\"<\/a>.<\/p>\n<\/div><div class=\"accordian fusion-accordian\" style=\"--awb-border-size:1px;--awb-icon-size:16px;--awb-content-font-size:20px;--awb-icon-alignment:left;--awb-hover-color:#f9f9fb;--awb-border-color:var(--awb-custom17);--awb-background-color:var(--awb-color2);--awb-divider-color:#e0dede;--awb-divider-hover-color:#e0dede;--awb-icon-color:#ffffff;--awb-title-color:#0056b3;--awb-content-color:#082b4c;--awb-icon-box-color:#333333;--awb-toggle-hover-accent-color:var(--awb-custom17);--awb-title-font-family:&quot;Open Sans&quot;;--awb-title-font-weight:400;--awb-title-font-style:normal;--awb-title-font-size:18px;--awb-content-font-family:&quot;PT Sans&quot;;--awb-content-font-style:normal;--awb-content-font-weight:regular;\"><div class=\"panel-group fusion-toggle-icon-boxed\" id=\"accordion-56582-1\"><div class=\"fusion-panel panel-default panel-4f20193b888fbf5bb fusion-toggle-no-divider fusion-toggle-boxed-mode\" style=\"--awb-title-color:#0056b3;--awb-content-color:#082b4c;\"><div class=\"panel-heading\"><h2 class=\"panel-title toggle\" id=\"toggle_4f20193b888fbf5bb\"><a aria-expanded=\"false\" aria-controls=\"4f20193b888fbf5bb\" role=\"button\" data-toggle=\"collapse\" data-parent=\"#accordion-56582-1\" data-target=\"#4f20193b888fbf5bb\" href=\"#4f20193b888fbf5bb\"><span class=\"fusion-toggle-icon-wrapper\" aria-hidden=\"true\"><i class=\"fa-fusion-box active-icon awb-icon-minus\" aria-hidden=\"true\"><\/i><i class=\"fa-fusion-box inactive-icon awb-icon-plus\" aria-hidden=\"true\"><\/i><\/span><span class=\"fusion-toggle-heading\"><b>Un po\u2019 di storia ...<\/b><\/span><\/a><\/h2><\/div><div id=\"4f20193b888fbf5bb\" class=\"panel-collapse collapse \" aria-labelledby=\"toggle_4f20193b888fbf5bb\"><div class=\"panel-body toggle-content fusion-clearfix\">\r\n<div class=\"wp-block-image\">\r\n<figure class=\"alignright is-resized\"><img decoding=\"async\" class=\"wp-image-50275\" src=\"https:\/\/www.lasalle.org\/wp-content\/uploads\/2019\/07\/92.jpg\" alt=\"\" width=\"200\" height=\"167\" \/><\/figure>\r\n<\/div>\r\n<p><!-- \/wp:paragraph --><\/p>\r\n<p><!-- wp:paragraph --><\/p>\r\n<p>Durante la seconda guerra mondiale, nel <strong>1941, <\/strong>la Casa divenne, per l'esercito italiano, l'\"Ospedale San Giuseppe\", mentre nell'aprile dello stesso anno venne creato il primo centro mutilati 'Principessa di Piemonte'.<\/p>\r\n<p><!-- \/wp:paragraph --><\/p>\r\n<p><!-- wp:paragraph --><\/p>\r\n<p>Nello stesso periodo ebbero luogo alcune visite illustri tra le quali quella di Vittorio Emanuele, Umberto e Maria Jos\u00e9 di Savoia. Nel giugno dello stesso anno anche quella di Benito Mussolini.<\/p>\r\n<p><!-- \/wp:paragraph --><\/p>\r\n<p><!-- wp:image  --><\/p>\r\n<div class=\"wp-block-image\">\r\n<figure class=\"alignleft is-resized\"><img decoding=\"async\" class=\"wp-image-50279\" src=\"https:\/\/www.lasalle.org\/wp-content\/uploads\/2019\/07\/111.jpg\" alt=\"\" width=\"200\" height=\"304\" \/><\/figure>\r\n<\/div>\r\n<p><!-- \/wp:image --><\/p>\r\n<p><!-- wp:paragraph --><\/p>\r\n<p>Nell'ottobre del <strong>1943 <\/strong>la Santa Sede prende sotto la sua protezione la Casa Generalizia risparmiandola da ogni perquisizione o requisizione.<\/p>\r\n<p><!-- \/wp:paragraph --><\/p>\r\n<p><!-- wp:paragraph --><\/p>\r\n<p>Nel <strong>1944<\/strong>, invece, a gennaio fu prima occupata dalle truppe tedesche diventando ospedale militare (contemporaneamente il Noviziato e piccolo Noviziato di Albano chiedono asilo) e, successivamente, dopo che le truppe tedesche abbandonano la struttura, viene convertito in 48\u00b0 ospedale militare dell'esercito inglese.<\/p>\r\n<p><!-- \/wp:paragraph --><\/p>\r\n<div class=\"wp-block-image\">\r\n<figure class=\"alignright is-resized\"><img decoding=\"async\" class=\"wp-image-50284\" src=\"https:\/\/www.lasalle.org\/wp-content\/uploads\/2019\/07\/MG-vignes065-773x1024.jpg\" alt=\"\" width=\"200\" height=\"256\" \/><\/figure>\r\n<\/div>\r\n<p><!-- \/wp:image --><\/p>\r\n<p><!-- wp:paragraph --><\/p>\r\n<p>L'<strong>11 maggio 1945<\/strong>, al termine della guerra, la casa torna definitivamente ad essere propriet\u00e0 dei Fratelli delle Scuole Cristiane e da '<em>Casa San Giuseppe<\/em>' diventa Casa Madre.<\/p>\r\n<p><!-- \/wp:paragraph --><\/p>\r\n<p><!-- wp:paragraph --><\/p>\r\n<p>Nel <strong>1946 <\/strong>riprendono cos\u00ec le attivit\u00e0, con un Capitolo Generale e l'accoglienza dei pellegrini per l'Anno Santo del 1950. \u00c8 del <strong>1951 <\/strong>la consacrazione della cappella a <a href=\"https:\/\/www.lasalle.org\/it\/santita-lasalliana\/san-giovanni-battista-de-la-salle\/\">S. Giovanni Battista de La Salle<\/a>.<\/p>\r\n<p><!-- \/wp:paragraph --><\/p>\r\n<p><!-- wp:paragraph --><\/p>\r\n<p>Il <strong>1957 <\/strong>\u00e8 l'anno in cui viene istituito il convitto <em>Jesus Magister<\/em>, facolt\u00e0 universitaria affiliata alla <a href=\"https:\/\/www.pul.va\/\" target=\"_blank\" rel=\"noreferrer noopener\" aria-label=\"Pontificia Universit\u00e0 Laterananense (abre en una nueva pesta\u00f1a)\">Pontificia Universit\u00e0 Laterananense<\/a>. Arrivano anche le <a href=\"http:\/\/www.hgs.org.mx\/\" target=\"_blank\" rel=\"noreferrer noopener\" aria-label=\"Suore Guadalupane De La Salle (abre en una nueva pesta\u00f1a)\">Suore Guadalupane De La Salle<\/a> ad aiutare l'economo della Casa.<\/p>\r\n<p><!-- \/wp:paragraph --><\/p>\r\n<p><!-- wp:image  --><\/p>\r\n<div class=\"wp-block-image\">\r\n<figure class=\"alignleft is-resized\"><img decoding=\"async\" class=\"wp-image-50579\" src=\"https:\/\/www.lasalle.org\/wp-content\/uploads\/2019\/07\/scuolalasalle.jpg\" alt=\"\" width=\"200\" height=\"130\" srcset=\"https:\/\/www.lasalle.org\/wp-content\/uploads\/2019\/07\/scuolalasalle-300x196.jpg 300w, https:\/\/www.lasalle.org\/wp-content\/uploads\/2019\/07\/scuolalasalle.jpg 600w\" sizes=\"(max-width: 200px) 100vw, 200px\" \/><\/figure>\r\n<\/div>\r\n<p><!-- \/wp:image --><\/p>\r\n<p><!-- wp:paragraph --><\/p>\r\n<p>Nello stesso anno viene espropriato il terreno per costruire la cosiddetta Circonvallazione Cornelia, spostando la <a href=\"http:\/\/www.lasalleroma.it\/\" target=\"_blank\" rel=\"noreferrer noopener\" aria-label=\"Scuola La Salle (abre en una nueva pesta\u00f1a)\">Scuola La Salle<\/a> presso la Casa Generalizia. Nel 1964 cominciano per\u00f2 i lavori per la nuova sede della scuola.<\/p>\r\n<p><!-- \/wp:paragraph --><\/p>\r\n<div class=\"wp-block-image\">\r\n<figure class=\"alignright is-resized\"><img decoding=\"async\" class=\"wp-image-50261\" src=\"https:\/\/www.lasalle.org\/wp-content\/uploads\/2019\/07\/mteresa.jpg\" alt=\"\" width=\"200\" height=\"169\" \/><\/figure>\r\n<\/div>\r\n<p><!-- \/wp:image --><\/p>\r\n<p><!-- wp:paragraph --><\/p>\r\n<p>Nel marzo del <strong>1979 Madre Teresa di Calcutta<\/strong> visita la Casa per parlare durante l'incontro del CIL (<strong>C<\/strong>entro <strong>I<\/strong>nternazionale <strong>L<\/strong>asalliano, un tempo chiamato Secondo Noviziato), dell'importanza della <strong>vocazione del Fratello<\/strong>.<\/p>\r\n<p><!-- \/wp:paragraph --><\/p>\r\n<p><!-- wp:image  --><\/p>\r\n<div class=\"wp-block-image\">\r\n<figure class=\"alignleft is-resized\"><img decoding=\"async\" class=\"wp-image-50265\" src=\"https:\/\/www.lasalle.org\/wp-content\/uploads\/2019\/07\/gpII.jpg\" alt=\"\" width=\"200\" height=\"162\" \/><\/figure>\r\n<\/div>\r\n<p><!-- \/wp:image --><\/p>\r\n<p><!-- wp:paragraph --><\/p>\r\n<p>Il nuovo <a href=\"https:\/\/www.lasalle.org\/it\/casa-generalizia\/santuario-de-la-salle\/\">Santuario<\/a> viene inaugurato nel <strong>1980<\/strong>. Mentre nel <strong>1981 <\/strong>la Sala del Fondatore diventa <strong>Museo<\/strong> e la Casa riceve la visita illustre di <strong>Papa Giovanni Paolo II<\/strong>.<\/p>\r\n<p><!-- \/wp:paragraph --><\/p>\r\n<p>\u00a0<\/p>\r\n<\/div><\/div><\/div><\/div><\/div><div class=\"fusion-text fusion-text-2\"><p><div class=\"video-shortcode\"><iframe title=\"Rome - La Salle Global | Casa Generalizia | Generalate | Maison G\u00e9n\u00e9ralice\" width=\"1200\" height=\"675\" src=\"https:\/\/www.youtube.com\/embed\/LOfkOenxhiQ?feature=oembed\" frameborder=\"0\" allow=\"accelerometer; autoplay; clipboard-write; encrypted-media; gyroscope; picture-in-picture; web-share\" referrerpolicy=\"strict-origin-when-cross-origin\" allowfullscreen><\/iframe><\/div><\/p>\n<\/div><div class=\"fusion-separator fusion-full-width-sep\" style=\"align-self: center;margin-left: auto;margin-right: auto;margin-top:15px;margin-bottom:15px;width:100%;\"><div class=\"fusion-separator-border sep-single sep-solid\" style=\"--awb-height:20px;--awb-amount:20px;--awb-sep-color:var(--awb-custom17);border-color:var(--awb-custom17);border-top-width:1px;\"><\/div><\/div><nav class=\"fusion-breadcrumbs fusion-breadcrumbs-1\" style=\"--awb-breadcrumb-sep:&#039;\/&#039;;\" aria-label=\"Breadcrumb\"><ol class=\"awb-breadcrumb-list\"><\/ol><\/nav><\/div><\/div><div class=\"fusion-layout-column fusion_builder_column fusion-builder-column-1 fusion_builder_column_1_4 1_4 fusion-flex-column\" style=\"--awb-bg-size:cover;--awb-width-large:25%;--awb-margin-top-large:0px;--awb-spacing-right-large:7.68%;--awb-margin-bottom-large:20px;--awb-spacing-left-large:7.68%;--awb-width-medium:25%;--awb-order-medium:0;--awb-spacing-right-medium:7.68%;--awb-spacing-left-medium:7.68%;--awb-width-small:100%;--awb-order-small:0;--awb-spacing-right-small:1.92%;--awb-spacing-left-small:1.92%;\"><div class=\"fusion-column-wrapper fusion-column-has-shadow fusion-flex-justify-content-flex-start fusion-content-layout-column\"><div class=\"fusion-title title fusion-title-2 sep-underline sep-solid fusion-title-text fusion-title-size-two\" style=\"--awb-text-color:var(--awb-custom17);--awb-sep-color:var(--awb-custom17);--awb-font-size:22px;\"><h2 class=\"fusion-title-heading title-heading-left\" style=\"margin:0;font-size:1em;\">Le Comunit\u00e0<\/h2><\/div><ul style=\"--awb-line-height:27.2px;--awb-icon-width:27.2px;--awb-icon-height:27.2px;--awb-icon-margin:11.2px;--awb-content-margin:38.4px;--awb-circlecolor:var(--awb-custom17);--awb-circle-yes-font-size:14.08px;\" class=\"fusion-checklist fusion-checklist-1 fusion-checklist-default type-icons\"><li class=\"fusion-li-item\" style=\"\"><span class=\"icon-wrapper circle-yes\"><i class=\"fusion-li-icon fa-file-alt far\" aria-hidden=\"true\"><\/i><\/span><div class=\"fusion-li-item-content\">\r\n<p><a href=\"https:\/\/www.lasalle.org\/it\/animazione-e-governo\/consigli\/consiglio-generale\/\">Consiglio Generale<\/a><\/p>\r\n<\/div><\/li><li class=\"fusion-li-item\" style=\"\"><span class=\"icon-wrapper circle-yes\"><i class=\"fusion-li-icon fa-file-alt far\" aria-hidden=\"true\"><\/i><\/span><div class=\"fusion-li-item-content\">\r\n<p><a href=\"https:\/\/www.lasalle.org\/it\/casa-generalizia\/community\/\">Comunit\u00e0 della Casa<\/a><\/p>\r\n<\/div><\/li><\/ul><div class=\"fusion-separator fusion-full-width-sep\" style=\"align-self: center;margin-left: auto;margin-right: auto;margin-top:15px;margin-bottom:15px;width:100%;\"><\/div><div class=\"fusion-title title fusion-title-3 sep-underline sep-solid fusion-title-text fusion-title-size-two\" style=\"--awb-text-color:var(--awb-custom17);--awb-sep-color:var(--awb-custom17);--awb-font-size:22px;\"><h2 class=\"fusion-title-heading title-heading-left\" style=\"margin:0;font-size:1em;\">Servizi<\/h2><\/div><ul style=\"--awb-line-height:27.2px;--awb-icon-width:27.2px;--awb-icon-height:27.2px;--awb-icon-margin:11.2px;--awb-content-margin:38.4px;--awb-circlecolor:var(--awb-custom17);--awb-circle-yes-font-size:14.08px;\" class=\"fusion-checklist fusion-checklist-2 fusion-checklist-default type-icons\"><li class=\"fusion-li-item\" style=\"\"><span class=\"icon-wrapper circle-yes\"><i class=\"fusion-li-icon fa-file-alt far\" aria-hidden=\"true\"><\/i><\/span><div class=\"fusion-li-item-content\">\r\n<p><a href=\"https:\/\/www.lasalle.org\/it\/casa-generalizia\/archivi\/\">Archivi<\/a><\/p>\r\n<\/div><\/li><li class=\"fusion-li-item\" style=\"\"><span class=\"icon-wrapper circle-yes\"><i class=\"fusion-li-icon fa-file-alt far\" aria-hidden=\"true\"><\/i><\/span><div class=\"fusion-li-item-content\">\r\n<p><a href=\"https:\/\/www.lasalle.org\/it\/casa-generalizia\/biblioteca\/\">Biblioteca<\/a><\/p>\r\n<\/div><\/li><li class=\"fusion-li-item\" style=\"\"><span class=\"icon-wrapper circle-yes\"><i class=\"fusion-li-icon fa-file-alt far\" aria-hidden=\"true\"><\/i><\/span><div class=\"fusion-li-item-content\">\r\n<p><a href=\"https:\/\/www.lasalle.org\/it\/casa-generalizia\/museo-la-salle\/\">Museo La Salle<\/a><\/p>\r\n<\/div><\/li><li class=\"fusion-li-item\" style=\"\"><span class=\"icon-wrapper circle-yes\"><i class=\"fusion-li-icon fa-file-alt far\" aria-hidden=\"true\"><\/i><\/span><div class=\"fusion-li-item-content\">\r\n<p>Museo La Salle &#8211; Mostre temporanee<\/p>\r\n<\/div><\/li><li class=\"fusion-li-item\" style=\"\"><span class=\"icon-wrapper circle-yes\"><i class=\"fusion-li-icon fa-file-alt far\" aria-hidden=\"true\"><\/i><\/span><div class=\"fusion-li-item-content\">\r\n<p><a href=\"https:\/\/www.lasalle.org\/it\/casa-generalizia\/santuario-de-la-salle\/\">Santuario di San Giovanni Battista de La Salle<\/a><\/p>\r\n<\/div><\/li><li class=\"fusion-li-item\" style=\"\"><span class=\"icon-wrapper circle-yes\"><i class=\"fusion-li-icon fa-file-alt far\" aria-hidden=\"true\"><\/i><\/span><div class=\"fusion-li-item-content\">\r\n<p><a href=\"https:\/\/www.lasalle.org\/it\/historia-y-servicios-de-la-casa\/ufficio-del-personale\/\">Ufficio del personale\/statistica<\/a><\/p>\r\n<\/div><\/li><\/ul><div class=\"fusion-separator fusion-full-width-sep\" style=\"align-self: center;margin-left: auto;margin-right: auto;margin-top:15px;margin-bottom:15px;width:100%;\"><\/div><div class=\"fusion-title title fusion-title-4 sep-underline sep-solid fusion-title-text fusion-title-size-two\" style=\"--awb-text-color:var(--awb-custom17);--awb-sep-color:var(--awb-custom17);--awb-font-size:22px;\"><h2 class=\"fusion-title-heading title-heading-left\" style=\"margin:0;font-size:1em;\">Foto<\/h2><\/div><ul style=\"--awb-line-height:27.2px;--awb-icon-width:27.2px;--awb-icon-height:27.2px;--awb-icon-margin:11.2px;--awb-content-margin:38.4px;--awb-circlecolor:var(--awb-custom17);--awb-circle-yes-font-size:14.08px;\" class=\"fusion-checklist fusion-checklist-3 fusion-checklist-default type-icons\"><li class=\"fusion-li-item\" style=\"\"><span class=\"icon-wrapper circle-yes\"><i class=\"fusion-li-icon fa-flickr fab\" aria-hidden=\"true\"><\/i><\/span><div class=\"fusion-li-item-content\">\r\n<p><a href=\"https:\/\/www.flickr.com\/photos\/lasalle_org\/albums\/72157662459968119\/\" target=\"_blank\" rel=\"noopener\">Casa Generalizia<\/a><\/p>\r\n<\/div><\/li><li class=\"fusion-li-item\" style=\"\"><span class=\"icon-wrapper circle-yes\"><i class=\"fusion-li-icon fa-flickr fab\" aria-hidden=\"true\"><\/i><\/span><div class=\"fusion-li-item-content\">\r\n<p><a href=\"https:\/\/www.flickr.com\/photos\/lasalle_org\/albums\/72177720326416824\" target=\"_blank\" rel=\"noopener\">Santuario\u00a0<\/a><\/p>\r\n<\/div><\/li><\/ul><div class=\"fusion-separator fusion-full-width-sep\" style=\"align-self: center;margin-left: auto;margin-right: auto;margin-top:15px;margin-bottom:15px;width:100%;\"><\/div><div class=\"fusion-title title fusion-title-5 sep-underline sep-solid fusion-title-text fusion-title-size-two\" style=\"--awb-text-color:var(--awb-custom17);--awb-sep-color:var(--awb-custom17);--awb-font-size:22px;\"><h2 class=\"fusion-title-heading title-heading-left\" style=\"margin:0;font-size:1em;\">Codice Etico e di Condotta<\/h2><\/div><div class=\"fusion-image-element \" style=\"text-align:center;--awb-caption-title-font-family:var(--h2_typography-font-family);--awb-caption-title-font-weight:var(--h2_typography-font-weight);--awb-caption-title-font-style:var(--h2_typography-font-style);--awb-caption-title-size:var(--h2_typography-font-size);--awb-caption-title-transform:var(--h2_typography-text-transform);--awb-caption-title-line-height:var(--h2_typography-line-height);--awb-caption-title-letter-spacing:var(--h2_typography-letter-spacing);\"><span class=\" fusion-imageframe imageframe-none imageframe-1 hover-type-none\"><a class=\"fusion-no-lightbox\" href=\"https:\/\/www.lasalle.org\/wp-content\/uploads\/2022\/11\/IT-CODICE-ETICO.pdf\" target=\"_blank\" aria-label=\"[IT]-CODICE-ETICO-1\" rel=\"noopener noreferrer\"><img decoding=\"async\" width=\"150\" height=\"213\" src=\"https:\/\/www.lasalle.org\/wp-content\/uploads\/2022\/11\/IT-CODICE-ETICO-1.png\" alt class=\"img-responsive wp-image-89496\"\/><\/a><\/span><\/div><div class=\"fusion-separator fusion-full-width-sep\" style=\"align-self: center;margin-left: auto;margin-right: auto;margin-top:15px;margin-bottom:15px;width:100%;\"><div class=\"fusion-separator-border sep-single sep-solid\" style=\"--awb-height:20px;--awb-amount:20px;--awb-sep-color:var(--awb-custom17);border-color:var(--awb-custom17);border-top-width:1px;\"><\/div><\/div><\/div><\/div><\/div><\/div>","protected":false},"excerpt":{"rendered":"","protected":false},"author":9,"featured_media":84092,"parent":0,"menu_order":0,"comment_status":"closed","ping_status":"closed","template":"","meta":{"_tec_requires_first_save":true,"_monsterinsights_skip_tracking":false,"_monsterinsights_sitenote_active":false,"_monsterinsights_sitenote_note":"","_monsterinsights_sitenote_category":0,"_EventAllDay":false,"_EventTimezone":"","_EventStartDate":"","_EventEndDate":"","_EventStartDateUTC":"","_EventEndDateUTC":"","_EventShowMap":false,"_EventShowMapLink":false,"_EventURL":"","_EventCost":"","_EventCostDescription":"","_EventCurrencySymbol":"","_EventCurrencyCode":"","_EventCurrencyPosition":"","_EventDateTimeSeparator":"","_EventTimeRangeSeparator":"","_EventOrganizerID":[],"_EventVenueID":[],"_OrganizerEmail":"","_OrganizerPhone":"","_OrganizerWebsite":"","_VenueAddress":"","_VenueCity":"","_VenueCountry":"","_VenueProvince":"","_VenueState":"","_VenueZip":"","_VenuePhone":"","_VenueURL":"","_VenueStateProvince":"","_VenueLat":"","_VenueLng":"","_VenueShowMap":false,"_VenueShowMapLink":false,"_tribe_blocks_recurrence_rules":"","_tribe_blocks_recurrence_description":"","_tribe_blocks_recurrence_exclusions":"","footnotes":""},"class_list":["post-56582","page","type-page","status-publish","has-post-thumbnail","hentry"],"_links":{"self":[{"href":"https:\/\/www.lasalle.org\/it\/wp-json\/wp\/v2\/pages\/56582","targetHints":{"allow":["GET"]}}],"collection":[{"href":"https:\/\/www.lasalle.org\/it\/wp-json\/wp\/v2\/pages"}],"about":[{"href":"https:\/\/www.lasalle.org\/it\/wp-json\/wp\/v2\/types\/page"}],"author":[{"embeddable":true,"href":"https:\/\/www.lasalle.org\/it\/wp-json\/wp\/v2\/users\/9"}],"replies":[{"embeddable":true,"href":"https:\/\/www.lasalle.org\/it\/wp-json\/wp\/v2\/comments?post=56582"}],"version-history":[{"count":5,"href":"https:\/\/www.lasalle.org\/it\/wp-json\/wp\/v2\/pages\/56582\/revisions"}],"predecessor-version":[{"id":121829,"href":"https:\/\/www.lasalle.org\/it\/wp-json\/wp\/v2\/pages\/56582\/revisions\/121829"}],"wp:featuredmedia":[{"embeddable":true,"href":"https:\/\/www.lasalle.org\/it\/wp-json\/wp\/v2\/media\/84092"}],"wp:attachment":[{"href":"https:\/\/www.lasalle.org\/it\/wp-json\/wp\/v2\/media?parent=56582"}],"curies":[{"name":"wp","href":"https:\/\/api.w.org\/{rel}","templated":true}]}}