{"id":57308,"date":"2019-09-20T16:08:40","date_gmt":"2019-09-20T16:08:40","guid":{"rendered":"http:\/\/www.lasalle.org\/?page_id=57308"},"modified":"2022-01-13T09:28:24","modified_gmt":"2022-01-13T08:28:24","slug":"segretariati-e-servizi","status":"publish","type":"page","link":"https:\/\/www.lasalle.org\/it\/animazione-e-governo\/segretariati-e-servizi\/","title":{"rendered":"Segretariati e Servizi"},"content":{"rendered":"\r\n\r\n\r\n<p>I Segretariati e i Servizi del Centro dell\u2019Istituto sono organizzati per aiutare il <a href=\"http:\/\/www.lasalle.org\/it\/animacion-y-gobierno\/\"><strong>Fratello Superiore Generale e il suo Consiglio nel governo e nell\u2019animazione dell\u2019Istituto<\/strong><\/a>. La sinergia tra il Consiglio Generale e i Segretariati e i Servizi Centrali ha prodotto il seguente piano strategico con lo scopo di condurre a buon fine le decisioni del 45\u00b0 Capitolo Generale con un insieme di obiettivi e di strategie inclusive e realistiche che coinvolgano <strong>le Regioni, le Province <\/strong>e altre entit\u00e0 riguardanti il mondo lasalliano.<\/p>\r\n\r\n\r\n\r\n<p>Il Capitolo Generale ha deliberato che il <a href=\"http:\/\/www.lasalle.org\/it\/animacion-y-gobierno\/\"><strong>Fratello Superiore Generale e il suo Consiglio<\/strong><\/a> siano liberi di ristrutturare i Segretariati e i Servizi in funzione delle necessit\u00e0 attuali e future. Basandosi sull\u2019 esperienza degli anni precedenti, il<strong> <a href=\"http:\/\/www.lasalle.org\/it\/animacion-y-gobierno\/\">Consiglio Generale<\/a><\/strong> ha deciso di:<\/p>\r\n\r\n\r\n\r\n<ul class=\"wp-block-list\">\r\n<li>Unificare i Segretariati Missione Educativa Lasalliana e Associazione in un solo Segretariato con due segretari, diretto e animato da un Fratello Consigliere Generale. Il nome del nuovo Segretariato \u00e8 \u00ab<a href=\"https:\/\/www.lasalle.org\/it\/animacion-y-gobierno\/secretariado-de-asociacion-y-mision\/blog-associazione-e-missione\/\"><strong>Associazione e Missione<\/strong><\/a>: <strong>lavorare per un avvenire di speranza<\/strong>\u00bb.<\/li>\r\n<li>Sostituire il precedente Segretariato Essere oggi Fratelli con il\u00a0<a href=\"http:\/\/www.lasalle.org\/it\/animacion-y-gobierno\/secretariado-de-formacion\/\"><strong>Segretariato per la Formazione<\/strong><\/a>. Questo Segretariato coordiner\u00e0 le iniziative in accordo con la pastorale delle vocazioni. Esso include la comunit\u00e0 e i servizi del Centro Internazionale Lasalliano (CIL).<\/li>\r\n<li>Creare il\u00a0<a href=\"http:\/\/www.lasalle.org\/it\/animacion-y-gobierno\/servicio-de-comunicaciones-y-tecnologia\/\"><strong>Servizio comunicazione e tecnologia<\/strong><\/a>; aggiungendo l\u2019elemento della tecnologia al suo campo d\u2019azione.<\/li>\r\n<li>Conservare il\u00a0<strong><a href=\"https:\/\/www.lasalle.org\/it\/animacion-y-gobierno\/secretariado-de-solidaridad-y-desarrollo\/blog-solidarieta-e-sviluppo\/\">Segretariato Solidariet\u00e0 e Sviluppo<\/a><\/strong>.<\/li>\r\n<li>Conservare il\u00a0<a href=\"http:\/\/www.lasalle.org\/it\/animacion-y-gobierno\/research-and-resources\/\"><strong>Servizio della ricerca e delle risorse lasalliane<\/strong><\/a>.<\/li>\r\n<\/ul>\r\n\r\n\r\n\r\n<p>Il Fratello Vicario Generale coordina i Segretariati e i Servizi della Casa Generalizia.<\/p>\r\n\r\n\r\n\r\n<figure class=\"wp-block-image\"><img decoding=\"async\" width=\"1000\" height=\"724\" class=\"wp-image-50328 aligncenter\" src=\"https:\/\/www.lasalle.org\/wp-content\/uploads\/2019\/07\/organigramma_spagnolo-e1430216505831.jpg\" alt=\"\" srcset=\"https:\/\/www.lasalle.org\/wp-content\/uploads\/2019\/07\/organigramma_spagnolo-e1430216505831-300x217.jpg 300w, https:\/\/www.lasalle.org\/wp-content\/uploads\/2019\/07\/organigramma_spagnolo-e1430216505831-768x556.jpg 768w, https:\/\/www.lasalle.org\/wp-content\/uploads\/2019\/07\/organigramma_spagnolo-e1430216505831.jpg 1000w\" sizes=\"(max-width: 1000px) 100vw, 1000px\" \/><\/figure>\r\n\r\n\r\n\r\n<p><strong>Consigli consultivi internazionali e Commissioni ad hoc.<\/strong><br \/>Fino all\u2019ultimo Capitolo Generale, ogni Segretariato e Servizio aveva un proprio Consiglio consultivo internazionale. Una valutazione ha suggerito che sarebbe pi\u00f9 efficace nominare, in caso di necessit\u00e0, delle commissioni ad hoc per aiutare in maniera diretta quando sorgessero problemi. Alcune sono gi\u00e0 state suggerite o decise dal Capitolo Generale, come:<\/p>\r\n\r\n\r\n\r\n<div class=\"wp-block-image\">\r\n<figure class=\"alignright is-resized\"><img decoding=\"async\" class=\"wp-image-49357\" src=\"https:\/\/www.lasalle.org\/wp-content\/uploads\/2019\/07\/ciamel-5.jpg\" alt=\"\" width=\"250\" height=\"130\" srcset=\"https:\/\/www.lasalle.org\/wp-content\/uploads\/2019\/07\/ciamel-5-300x156.jpg 300w, https:\/\/www.lasalle.org\/wp-content\/uploads\/2019\/07\/ciamel-5-768x400.jpg 768w, https:\/\/www.lasalle.org\/wp-content\/uploads\/2019\/07\/ciamel-5.jpg 1000w\" sizes=\"(max-width: 250px) 100vw, 250px\" \/><\/figure>\r\n<\/div>\r\n\r\n\r\n\r\n<ul class=\"wp-block-list\">\r\n<li>La commissione ad hoc per creare gli statuti del\u00a0<a href=\"http:\/\/www.lasalle.org\/it\/animacion-y-gobierno\/secretariado-de-asociacion-y-mision\/ciamel\/\"><strong>CIAMEL<\/strong><\/a>.<\/li>\r\n<li>La commissione ad hoc per fare uno studio sull\u2019attivit\u00e0 della pastorale e per sviluppare metodologie per l\u2019annuncio del Vangelo.<\/li>\r\n<li>La commissione ad hoc per aggiornare la <strong>Guida per la Formazione dei Fratelli<\/strong>.<\/li>\r\n<\/ul>\r\n\r\n\r\n\r\n<p>Come deciso dal Capitolo Generale, il Consiglio Generale continuer\u00e0 a tenere conto dei preziosi pareri del\u00a0<strong>Consiglio Economico Internazionale<\/strong>\u00a0e del\u00a0<strong>Consiglio Internazionale dei Giovani Lasalliani<\/strong>, che si riuniranno periodicamente secondo i propri statuti.<\/p>\r\n\r\n\r\n\r\n<p>Il presente capitolo descrive il ruolo e introduce gli obiettivi dei Segretariati, dei Servizi e dei Consigli consultivi internazionali.<\/p>\r\n\r\n\r\n\r\n<div class=\"wp-block-image\">\r\n<figure class=\"aligncenter\"><img decoding=\"async\" width=\"1000\" height=\"662\" class=\"wp-image-50191\" src=\"https:\/\/www.lasalle.org\/wp-content\/uploads\/2019\/07\/icyl18.jpg\" alt=\"\" srcset=\"https:\/\/www.lasalle.org\/wp-content\/uploads\/2019\/07\/icyl18-300x199.jpg 300w, https:\/\/www.lasalle.org\/wp-content\/uploads\/2019\/07\/icyl18-768x508.jpg 768w, https:\/\/www.lasalle.org\/wp-content\/uploads\/2019\/07\/icyl18.jpg 1000w\" sizes=\"(max-width: 1000px) 100vw, 1000px\" \/><\/figure>\r\n<\/div>\r\n","protected":false},"excerpt":{"rendered":"<p>I Segretariati e i Servizi del Centro dell\u2019Istituto sono organizzati  [&#8230;]<\/p>\n","protected":false},"author":9,"featured_media":84052,"parent":10853,"menu_order":0,"comment_status":"closed","ping_status":"closed","template":"","meta":{"_tec_requires_first_save":true,"_monsterinsights_skip_tracking":false,"_monsterinsights_sitenote_active":false,"_monsterinsights_sitenote_note":"","_monsterinsights_sitenote_category":0,"_EventAllDay":false,"_EventTimezone":"","_EventStartDate":"","_EventEndDate":"","_EventStartDateUTC":"","_EventEndDateUTC":"","_EventShowMap":false,"_EventShowMapLink":false,"_EventURL":"","_EventCost":"","_EventCostDescription":"","_EventCurrencySymbol":"","_EventCurrencyCode":"","_EventCurrencyPosition":"","_EventDateTimeSeparator":"","_EventTimeRangeSeparator":"","_EventOrganizerID":[],"_EventVenueID":[],"_OrganizerEmail":"","_OrganizerPhone":"","_OrganizerWebsite":"","_VenueAddress":"","_VenueCity":"","_VenueCountry":"","_VenueProvince":"","_VenueState":"","_VenueZip":"","_VenuePhone":"","_VenueURL":"","_VenueStateProvince":"","_VenueLat":"","_VenueLng":"","_VenueShowMap":false,"_VenueShowMapLink":false,"_tribe_blocks_recurrence_rules":"","_tribe_blocks_recurrence_description":"","_tribe_blocks_recurrence_exclusions":"","footnotes":""},"class_list":["post-57308","page","type-page","status-publish","has-post-thumbnail","hentry"],"_links":{"self":[{"href":"https:\/\/www.lasalle.org\/it\/wp-json\/wp\/v2\/pages\/57308","targetHints":{"allow":["GET"]}}],"collection":[{"href":"https:\/\/www.lasalle.org\/it\/wp-json\/wp\/v2\/pages"}],"about":[{"href":"https:\/\/www.lasalle.org\/it\/wp-json\/wp\/v2\/types\/page"}],"author":[{"embeddable":true,"href":"https:\/\/www.lasalle.org\/it\/wp-json\/wp\/v2\/users\/9"}],"replies":[{"embeddable":true,"href":"https:\/\/www.lasalle.org\/it\/wp-json\/wp\/v2\/comments?post=57308"}],"version-history":[{"count":5,"href":"https:\/\/www.lasalle.org\/it\/wp-json\/wp\/v2\/pages\/57308\/revisions"}],"predecessor-version":[{"id":84055,"href":"https:\/\/www.lasalle.org\/it\/wp-json\/wp\/v2\/pages\/57308\/revisions\/84055"}],"up":[{"embeddable":true,"href":"https:\/\/www.lasalle.org\/it\/wp-json\/wp\/v2\/pages\/10853"}],"wp:featuredmedia":[{"embeddable":true,"href":"https:\/\/www.lasalle.org\/it\/wp-json\/wp\/v2\/media\/84052"}],"wp:attachment":[{"href":"https:\/\/www.lasalle.org\/it\/wp-json\/wp\/v2\/media?parent=57308"}],"curies":[{"name":"wp","href":"https:\/\/api.w.org\/{rel}","templated":true}]}}