{"id":57609,"date":"2019-09-21T22:25:13","date_gmt":"2019-09-21T22:25:13","guid":{"rendered":"http:\/\/www.lasalle.org\/?page_id=57609"},"modified":"2022-04-04T11:32:05","modified_gmt":"2022-04-04T10:32:05","slug":"aimel-2020","status":"publish","type":"page","link":"https:\/\/www.lasalle.org\/it\/animazione-e-governo\/aimel-2020\/","title":{"rendered":"AIMEL 2020"},"content":{"rendered":"\r\n<figure class=\"wp-block-image\"><img decoding=\"async\" width=\"1024\" height=\"545\" class=\"wp-image-57613\" src=\"https:\/\/www.lasalle.org\/wp-content\/uploads\/2019\/09\/aimel20_it-1024x545-1024x545.jpg\" alt=\"\" srcset=\"https:\/\/www.lasalle.org\/wp-content\/uploads\/2019\/09\/aimel20_it-1024x545-300x160.jpg 300w, https:\/\/www.lasalle.org\/wp-content\/uploads\/2019\/09\/aimel20_it-1024x545-768x409.jpg 768w, https:\/\/www.lasalle.org\/wp-content\/uploads\/2019\/09\/aimel20_it-1024x545.jpg 1024w\" sizes=\"(max-width: 1024px) 100vw, 1024px\" \/><\/figure>\r\n\r\n\r\n<hr class=\"wp-block-separator\" \/>\r\n\r\n\r\n<div class=\"wp-block-image\">\r\n<figure class=\"aligncenter size-large\"><img decoding=\"async\" width=\"682\" height=\"482\" class=\"wp-image-68817\" src=\"https:\/\/www.lasalle.org\/wp-content\/uploads\/2020\/03\/pregIT.jpg\" alt=\"\" srcset=\"https:\/\/www.lasalle.org\/wp-content\/uploads\/2020\/03\/pregIT-300x212.jpg 300w, https:\/\/www.lasalle.org\/wp-content\/uploads\/2020\/03\/pregIT.jpg 682w\" sizes=\"(max-width: 682px) 100vw, 682px\" \/><\/figure>\r\n<\/div>\r\n\r\n\r\n\r\n<div class=\"wp-block-file\"><a href=\"https:\/\/www.lasalle.org\/wp-content\/uploads\/2020\/03\/preghiera-AIMEL_ita.pdf\" target=\"_blank\" rel=\"noreferrer noopener\">Preghiera AIMEL<\/a><a class=\"fusion-button-default fusion-button-default-size wp-block-file__button\" href=\"https:\/\/www.lasalle.org\/wp-content\/uploads\/2020\/03\/preghiera-AIMEL_ita.pdf\" download=\"\">Download<\/a><\/div>\r\n\r\n\r\n<hr class=\"wp-block-separator\" \/>\r\n<p><span style=\"text-decoration: underline;\"><strong>Mercoled\u00ec 31 marzo<\/strong><\/span><\/p>\r\n<p>Con tutti i delegati del III AIMEL riuniti di nuovo a distanza, dopo una preghiera di apertura, \u00e8 stata presentata una relazione sullo stato di avanzamento dei lavori svolti finora. Alisa Macksey ha presentato il verbale della terza sessione AIMEL, che \u00e8 stato approvato.\u00a0<\/p>\r\n<p>Nella prima parte della sessione, sono state date informazioni sulla riunione di chiusura e sulle prime prospettive della seconda fase della 3\u00b0 AIMEL.<\/p>\r\n<p>La commissione centrale ha assegnato questo spazio di incontro per gruppi linguistici per rafforzare i legami tra i delegati e per condividere il passato e il presente, gli apprendimenti e le risonanze rilevanti dell&#8217;esperienza della 1\u00aa fase della III AIMEL; le aspettative e i suggerimenti in vista della 2\u00aa fase dell&#8217;Assemblea; le aspettative e le reazioni alla realizzazione del 46\u00ba Capitolo Generale in cui saranno consegnate le proposte approvate nell&#8217;AIMEL.<\/p>\r\n<p>A conclusione delle sessioni per gruppi linguistici, il Fratello Robert Schieler, Superiore Generale, ha salutato tutti i delegati, li ha ringraziati per il lavoro svolto durante tutti questi mesi e li ha invitati a continuare con speranza e coraggio il cammino verso la III Assemblea Internazionale della Missione Educativa Lasalliana.<\/p>\r\n<h6>Di Fr. Vinicio Gonz\u00e1lez Gramejo<\/h6>\r\n<p>&nbsp;<\/p>\r\n<p><span style=\"text-decoration: underline;\"><strong>Mercoled\u00ec 30 marzo 2022<\/strong><\/span><\/p>\r\n<p>In un clima di preghiera, riflettiamo su come continuare ad essere la luce del mondo attraverso le opere buone che possiamo fare per il bene di coloro che Dio ci ha affidato nella missione. Con questo abbiamo iniziato il terzo giorno della prima fase dellla III AIMEL. Il verbale della seconda sessione \u00e8 stato votato e approvato.<\/p>\r\n<p>I segretari hanno presentato le proposte: Asse tematico 6: Un&#8217;educazione lasalliana centrata sul Vangelo e dedicata all&#8217;accompagnamento spirituale e al dialogo. Si propone di attuare metodologie innovative di accompagnamento e di educazione all&#8217;interiorit\u00e0 e all&#8217;attuazione dei valori umani ed evangelici.<\/p>\r\n<p>Asse tematico 7: Comunit\u00e0 educative lasalliane per la trasformazione della societ\u00e0: Cittadinanza critica, responsabilit\u00e0 sociale ed ecologia; sostenere e valorizzare il nostro sforzo di collaborazione globale con la trasformazione del mondo e delle comunit\u00e0 educative lasalliane.<\/p>\r\n<p>Asse tematico 8: La vitalit\u00e0 dell&#8217;identit\u00e0 come asse del dinamismo della missione in nuovi contesti, basato sulla Dichiarazione sulla Missione Educativa Lasalliana e sui Criteri di Identit\u00e0 per la Vitalit\u00e0 dei Ministeri Educativi Lasalliani.<\/p>\r\n<p>Le proposte di questi tre assi tematici sono state approvate a maggioranza.<\/p>\r\n<h6>A cura di: Fratello Vinicio Gonz\u00e1lez Gramejo<\/h6>\r\n<p><strong><u><br \/><br \/><br \/>Giorno 2 &#8211; <\/u><\/strong><span style=\"text-decoration: underline;\"><strong>Marted\u00ec 29 marzo 2022<\/strong><\/span><\/p>\r\n<p>Nella preghiera iniziale, abbiamo continuato a riflettere sul concime di cui il seme ha bisogno per crescere e diventare pi\u00f9 forte, ed abbiamo iniziato il secondo giorno della prima fase del III AIMEL. Abbiamo poi proceduto alla votazione ed approvazione del verbale della prima sessione.<\/p>\r\n<p>I segretari hanno presentato le seguenti proposte: Asse tematico 3: Strutture efficaci di associazione e comunit\u00e0 intenzionali per l&#8217;impegno lasalliano. Questa proposta indica che i segni dei tempi ci spingono a rivedere la realt\u00e0 attuale dell&#8217;associazione, cos\u00ec come a creare e sviluppare opportunit\u00e0, strutture e reti per favorire il senso di appartenenza e di impegno della Famiglia Lasalliana in ogni Distretto.<\/p>\r\n<p>Asse tematico 4 riferito a: Cultura delle vocazioni: Creazione di spazi e contesti, sia a livello personale che comunitario, per l&#8217;accompagnamento e il discernimento vocazionale. Questa proposta si concentra sull&#8217;accompagnamento e sul discernimento, promuovendo nuove forme di vita comunitaria e spirituale per tutti i lasalliani, in modo da rispondere ai segni dei tempi.<\/p>\r\n<p>Asse tematico 5: Risposta lasalliana allo sradicamento della povert\u00e0 attraverso comunit\u00e0 inclusive.\u00a0 Questa proposta si riferisce al sostegno, alla promozione e alla realizzazione in ogni Distretto, o a livello locale, di programmi sostenibili e di comunit\u00e0 intenzionali per sradicare la povert\u00e0 nelle sue varie forme attraverso il rafforzamento dei principi di inclusione, della cultura della fraternit\u00e0 e della corresponsabilit\u00e0.<\/p>\r\n<p>Tutte le proposte in queste tre aree tematiche sono state approvate.<\/p>\r\n<p><div class=\"video-shortcode\"><iframe title=\"Day 2 AIMEL\" width=\"1200\" height=\"900\" src=\"https:\/\/www.youtube.com\/embed\/okOBbeyT_1A?feature=oembed\" frameborder=\"0\" allow=\"accelerometer; autoplay; clipboard-write; encrypted-media; gyroscope; picture-in-picture\" allowfullscreen><\/iframe><\/div><\/p>\r\n<p>&nbsp;<\/p>\r\n<p>&nbsp;<\/p>\r\n<p><strong><u>Giorno 1 \u2013 Luned\u00ec 28 marzo 2022<\/u><\/strong><\/p>\r\n<p>Oggi a Roma si \u00e8 aperta la prima sessione plenaria della III AIMEL 2020, con la partecipazione di moderatori e segretari degli otto assi tematici, del Consiglio Generale, dei segretari dei segretariati dell\u2019Istituto e, in modalit\u00e0 online, dei delegati regionali; il tutto sotto la guida dei membri della CIAMEL. Uniti nella preghiera, riflettendo sulla semina, abbiamo iniziato la giornata. I partecipanti sono stati ufficialmente accolti e presentati nell\u2019Aula Magna della Casa Generalizia.<\/p>\r\n<p>Il processo da seguire per la presentazione e l\u2019approvazione delle proposte \u00e8 stato spiegato utilizzando i meccanismi forniti dalla tecnologia.<\/p>\r\n<p>I segretari hanno presentato le seguenti proposte:<\/p>\r\n<p><strong>Asse tematico 1:<\/strong>\u00a0Strutture efficaci di governo e finanziarie per la sostenibilit\u00e0 della missione, che cerchi di assicurare l\u2019esistenza di un modello che risponda e sostenga lo stile di Associazione Lasalliana che garantisca la vitalit\u00e0 e la continuit\u00e0 della Missione Educativa Lasalliana. Inoltre, che CIAMEL sviluppi in modo profetico ed efficace il suo lavoro di riunire tutti i ministeri e le istituzioni educative in una rete globale impegnata nell\u2019Identit\u00e0, Missione e Associazione Lasalliana.<\/p>\r\n<p><strong>Asse tematico 2<\/strong>: costruire e rivitalizzare la formazione e l\u2019accompagnamento per far crescere e sostenere la Missione Lasalliana.<\/p>\r\n<p>A maggioranza, le proposte per questi due assi tematici sono state approvate.<\/p>\r\n<h6>Fr. Vinicio\u00a0Gonz\u00e1lez Gramajo, FSC<\/h6>\r\n<p><div class=\"video-shortcode\"><iframe title=\"Video day 1\" width=\"1200\" height=\"675\" src=\"https:\/\/www.youtube.com\/embed\/fSrh64IebOE?feature=oembed\" frameborder=\"0\" allow=\"accelerometer; autoplay; clipboard-write; encrypted-media; gyroscope; picture-in-picture\" allowfullscreen><\/iframe><\/div><\/p>\r\n<hr class=\"wp-block-separator\" \/>\r\n<p style=\"text-align: center;\">21 marzo 2022<\/p>\r\n<p><div class=\"video-shortcode\"><iframe title=\"#AIMEL2020 We can support the development of the Lasallian educational mission.\" width=\"1200\" height=\"675\" src=\"https:\/\/www.youtube.com\/embed\/5zTHmq_A9Y4?feature=oembed\" frameborder=\"0\" allow=\"accelerometer; autoplay; clipboard-write; encrypted-media; gyroscope; picture-in-picture\" allowfullscreen><\/iframe><\/div><\/p>\r\n<hr class=\"wp-block-separator\" \/>\r\n\r\n\r\n<h2 style=\"text-align: center;\"><strong>AIMEL 2020<\/strong><\/h2>\r\n<h2 style=\"text-align: center;\"><strong>INSIEME, LO RENDIAMO POSSIBILE<\/strong><\/h2>\r\n<p>&nbsp;<\/p>\r\n<p>Gli Associati per la Missione Lasalliana sono la luce che brucia i cuori in un atto di speranza, ed una sola forza nel compito di far crescere i semi di Dio nella scuola lasalliana.<\/p>\r\n<p>AIMEL 2020 ha individuato e stabilito, a partire dalle proposte regionali, <strong>otto assi strategici comuni<\/strong> che permetteranno lo sviluppo delle proposte per la Missione Educativa Lasalliana, evidenziati qui sotto:<\/p>\r\n<p>Incoraggiare la creazione di <strong>strutture formali o legali di Animazione e di Governo<\/strong>, di reti e consigli a tutti i livelli, Istituto, Regione e Distretti.<\/p>\r\n<p>Dare impulso alla <strong>Formazione e all&#8217;Accompagnamento<\/strong> dei Fratelli e dei laici lasalliani coinvolti nella MEL, rafforzando l&#8217;identit\u00e0, la spiritualit\u00e0 e l&#8217;associazione lasalliana per la Missione.<\/p>\r\n<p>Promuovere le vocazioni di Fratelli e laici lasalliani attraverso<strong> Associazione e Comunit\u00e0 Lasalliana,<\/strong> incoraggiare nuove forme di associazione e favorire nuove comunit\u00e0 lasalliane.<\/p>\r\n<p>Favorire il discernimento e la vita della vocazione attraverso <strong>una Cultura delle Vocazioni<\/strong> specialmente nei giovani e la scoperta della vocazione come educatori lasalliani.<\/p>\r\n<p>Creazione e rafforzamento di progetti sostenibili, dando priorit\u00e0 alla <strong>Missione Educativa Lasalliana<\/strong>.<\/p>\r\n<p><strong>Servizio ai poveri e inclusione<\/strong> nel riconoscimento della multiculturalit\u00e0 e delle convinzioni della Famiglia Lasalliana.<\/p>\r\n<p>I tre assi seguenti sono intimamente legati e si completano a vicenda, <strong>Missione Educativa Lasalliana<\/strong>:<\/p>\r\n<p>Da un&#8217;<strong>evangelizzazione<\/strong> che favorisca lo sviluppo della vita religiosa, sia a livello personale che di gruppo, proiettandosi in uno stile di vita conforme ai valori del Vangelo.<\/p>\r\n<p>Promuovere un approccio educativo che guidi la formazione della cittadinanza, lo sviluppo del pensiero critico e della coscienza ecologica, rispondendo alle sfide e ai problemi dell&#8217;ecologia integrale menzionati nell&#8217;enciclica <em>Laudato si&#8217;<\/em>.<\/p>\r\n<p><strong>Identit\u00e0 dell&#8217;Opera Educativa<\/strong>, consolidando la valutazione che le comunit\u00e0 educative lasalliane fanno rispetto alle proprie azioni, secondo la Dichiarazione sulla Missione Educativa Lasalliana, i Criteri di Identit\u00e0 per la Vitalit\u00e0 dei Ministeri Educativi Lasalliani, con l&#8217;obiettivo di crescere nell&#8217;identit\u00e0 lasalliana e nella perseveranza della Missione.<\/p>\r\n<p>Otto assi che rendono possibile l&#8217;elaborazione di proposte che sono alla base della nostra storia attuale per la trasformazione che i nuovi orizzonti ci richiedono, con un&#8217;identit\u00e0 che guida e sostiene la nostra vocazione, in quella vitalit\u00e0 che mantiene la fiamma accesa.<\/p>\r\n<p>Lasalliani uniti nel rendere possibile un sogno, lo stesso sogno che d\u00e0 senso alla nostra esistenza attraverso la missione educativa al servizio di tutti gli alunni affidati alle cure del ministero lasalliano, specialmente i poveri e i pi\u00f9 vulnerabili.<\/p>\r\n<hr class=\"wp-block-separator\" \/>\r\n<p><div class=\"video-shortcode\"><iframe title=\"III AIMEL Video - Br. Robert Schieler FSC - Opening Message\" width=\"1200\" height=\"675\" src=\"https:\/\/www.youtube.com\/embed\/MqB7FIIDqZM?feature=oembed\" frameborder=\"0\" allow=\"accelerometer; autoplay; clipboard-write; encrypted-media; gyroscope; picture-in-picture\" allowfullscreen><\/iframe><\/div><\/p>\r\n<p>La III AIMEL \u00e8 stata concepita in due sessioni, la prima delle quali \u00e8 iniziata il 10 novembre 2021. I partecipanti sono 86 laici lasalliani e 27 Fratelli, in rappresentanza delle cinque Regioni dell&#8217;Istituto.<\/p>\r\n<p>I Delegati partecipanti hanno svolto attivit\u00e0 asincrone che hanno permesso loro di avere una visione globale della Missione Lasalliana nel mondo. Dal 24 gennaio al 16 febbraio 2022, i gruppi formati per lavorare su ciascuno degli otto assi strategici hanno avuto tre sessioni di lavoro. Alla fine di queste riunioni, ogni gruppo ha presentato il titolo, la descrizione e la spiegazione della propria proposta. Le 8 proposte cos\u00ec ricevute saranno presentate al Capitolo Generale per la ratifica finale.<\/p>\r\n<p>Questo lavoro di collaborazione si \u00e8 svolto in un clima di fraternit\u00e0. La riflessione \u00e8 stata caratterizzata da senso critico ed ha mostrato anche il senso di appartenenza dei Delegati e il loro impegno per la Missione Lasalliana. Siamo fiduciosi che la III AIMEL aprir\u00e0 nuove strade di speranza, ci avviciner\u00e0 all&#8217;utopia e dimostrer\u00e0 che un altro mondo \u00e8 possibile.<\/p>\r\n<p><div class=\"video-shortcode\"><iframe title=\"Inauguration of AIMEL 2020\" width=\"1200\" height=\"675\" src=\"https:\/\/www.youtube.com\/embed\/AuYJ-yg-Rzc?feature=oembed\" frameborder=\"0\" allow=\"accelerometer; autoplay; clipboard-write; encrypted-media; gyroscope; picture-in-picture\" allowfullscreen><\/iframe><\/div><\/p>\r\n<hr \/>\r\n<p>Cari Fratelli Visitatori e Lasalliani,<br \/><br \/>Mi fa piacere rivolgervi questa lettera che annuncia ufficialmente la Terza Assemblea Internazionale della Missione Educativa Lasalliana che si svolger\u00e0 presso la Casa Madre a Roma dal 4 al 15 maggio 2020. Il tema \u00e8:<\/p>\r\n\r\n\r\n\r\n<p class=\"has-text-color has-text-align-center has-luminous-vivid-orange-color\"><strong>AIMEL 2020:<br \/>IDENTIT\u00c0 \u2013 VITALIT\u00c0 \u2013 TRASFORMAZIONE:<br \/>\u00c8 POSSIBILE. INSIEME.<\/strong><\/p>\r\n\r\n\r\n\r\n<p>Questo tema identifica tre questioni fondamentali per la nostra storia di Associazione Lasalliana: maturare nelle nostre reciproche vocazioni lasalliane, che conducono a vite e strutture in trasformazione per la continua vitalit\u00e0 della missione lasalliana.<\/p>\r\n\r\n\r\n\r\n<p>La nostra associazione per la Missione Lasalliana \u00e8 un atto di speranza che afferma che \u00e8 possibile essere una forza vibrante che agisce per il bene, se siamo uniti. Invito tutti noi a intensificare questa unit\u00e0 preparandoci come meglio possiamo a questo grande evento di comunione a nome di tutti coloro che sono affidati alle nostre cure, in particolare i vulnerabili e gli abbandonati.<\/p>\r\n\r\n\r\n\r\n<div class=\"wp-block-image\">\r\n<figure class=\"alignleft\"><a href=\"https:\/\/drive.google.com\/drive\/folders\/1yWTIyAyJXVV7EhrrZhUzkDZLFkSkn13z?usp=sharing\" target=\"_blank\" rel=\"noreferrer noopener\"><img decoding=\"async\" width=\"210\" height=\"170\" class=\"wp-image-49418\" src=\"https:\/\/www.lasalle.org\/wp-content\/uploads\/2019\/07\/aimel01-1.png\" alt=\"\" \/><\/a><\/figure>\r\n<\/div>\r\n\r\n\r\n\r\n<div class=\"wp-block-image\">\r\n<figure class=\"alignleft\"><a href=\"https:\/\/drive.google.com\/open?id=1A6PlSGOwSAJNtVeBtHaJNSw-eegujx_N\" target=\"_blank\" rel=\"noreferrer noopener\"><img decoding=\"async\" width=\"210\" height=\"170\" class=\"wp-image-49426\" src=\"https:\/\/www.lasalle.org\/wp-content\/uploads\/2019\/07\/aimel03.png\" alt=\"\" \/><\/a><\/figure>\r\n<\/div>\r\n\r\n\r\n\r\n<div class=\"wp-block-image\">\r\n<figure class=\"alignleft\"><a href=\"https:\/\/drive.google.com\/open?id=1nQfY7ONrx_NSQrYUWQu1Z-NncAG3K2dH\" target=\"_blank\" rel=\"noreferrer noopener\"><img decoding=\"async\" width=\"210\" height=\"170\" class=\"wp-image-49422\" src=\"https:\/\/www.lasalle.org\/wp-content\/uploads\/2019\/07\/aimel02.png\" alt=\"\" \/><\/a><\/figure>\r\n<\/div>\r\n\r\n\r\n\r\n<div class=\"wp-block-image\">\r\n<figure class=\"alignleft\"><a href=\"https:\/\/drive.google.com\/drive\/folders\/1eN02aX381Gx3YYs4CoXJtSfc7N-O-_U1?usp=sharing\" target=\"_blank\" rel=\"noreferrer noopener\"><img decoding=\"async\" width=\"210\" height=\"170\" class=\"wp-image-49430\" src=\"https:\/\/www.lasalle.org\/wp-content\/uploads\/2019\/07\/icona-folder-Aimel03.png\" alt=\"\" \/><\/a><\/figure>\r\n<\/div>\r\n\r\n\r\n\r\n<div class=\"wp-block-image\">\r\n<figure class=\"alignleft\"><a href=\"https:\/\/drive.google.com\/open?id=1lc0PySfK6howxE924HEqn8VssQ5wtS-p\" target=\"_blank\" rel=\"noreferrer noopener\"><img decoding=\"async\" width=\"210\" height=\"170\" class=\"wp-image-52867\" src=\"https:\/\/www.lasalle.org\/wp-content\/uploads\/2019\/07\/icon_aimel4.png\" alt=\"\" \/><\/a><\/figure>\r\n<\/div>\r\n\r\n\r\n\r\n<figure class=\"wp-block-image size-large\"><a href=\"https:\/\/drive.google.com\/drive\/folders\/1nSav2cAb5ncgJXCvY_UXMy_RLsA9scHe\"><img decoding=\"async\" width=\"210\" height=\"170\" class=\"wp-image-68607\" src=\"https:\/\/www.lasalle.org\/wp-content\/uploads\/2020\/02\/icona-folder-Aimel.png\" alt=\"\" \/><\/a><\/figure>\r\n\r\n\r\n\r\n<figure class=\"wp-block-image size-large\"><img decoding=\"async\" width=\"210\" height=\"170\" class=\"wp-image-69436\" src=\"https:\/\/www.lasalle.org\/wp-content\/uploads\/2020\/03\/proposals-1.png\" alt=\"\" \/><\/figure>\r\n\r\n\r\n<hr class=\"wp-block-separator\" \/>\r\n\r\n\r\n<h4 class=\"wp-block-heading\"><a href=\"http:\/\/www.lasalle.org\/it\/animacion-y-gobierno\/secretariado-de-asociacion-y-mision\/\"> Segretariato Associazione e Missione <\/a><\/h4>\r\n\r\n\r\n<hr class=\"wp-block-separator\" \/>","protected":false},"excerpt":{"rendered":"<p>AIMEL 2020 INSIEME, LO RENDIAMO POSSIBILE &nbsp; Gli Associati per  [&#8230;]<\/p>\n","protected":false},"author":9,"featured_media":0,"parent":10853,"menu_order":0,"comment_status":"closed","ping_status":"closed","template":"","meta":{"_tec_requires_first_save":true,"_monsterinsights_skip_tracking":false,"_monsterinsights_sitenote_active":false,"_monsterinsights_sitenote_note":"","_monsterinsights_sitenote_category":0,"_EventAllDay":false,"_EventTimezone":"","_EventStartDate":"","_EventEndDate":"","_EventStartDateUTC":"","_EventEndDateUTC":"","_EventShowMap":false,"_EventShowMapLink":false,"_EventURL":"","_EventCost":"","_EventCostDescription":"","_EventCurrencySymbol":"","_EventCurrencyCode":"","_EventCurrencyPosition":"","_EventDateTimeSeparator":"","_EventTimeRangeSeparator":"","_EventOrganizerID":[],"_EventVenueID":[],"_OrganizerEmail":"","_OrganizerPhone":"","_OrganizerWebsite":"","_VenueAddress":"","_VenueCity":"","_VenueCountry":"","_VenueProvince":"","_VenueState":"","_VenueZip":"","_VenuePhone":"","_VenueURL":"","_VenueStateProvince":"","_VenueLat":"","_VenueLng":"","_VenueShowMap":false,"_VenueShowMapLink":false,"_tribe_blocks_recurrence_rules":"","_tribe_blocks_recurrence_description":"","_tribe_blocks_recurrence_exclusions":"","footnotes":""},"class_list":["post-57609","page","type-page","status-publish","hentry"],"_links":{"self":[{"href":"https:\/\/www.lasalle.org\/it\/wp-json\/wp\/v2\/pages\/57609","targetHints":{"allow":["GET"]}}],"collection":[{"href":"https:\/\/www.lasalle.org\/it\/wp-json\/wp\/v2\/pages"}],"about":[{"href":"https:\/\/www.lasalle.org\/it\/wp-json\/wp\/v2\/types\/page"}],"author":[{"embeddable":true,"href":"https:\/\/www.lasalle.org\/it\/wp-json\/wp\/v2\/users\/9"}],"replies":[{"embeddable":true,"href":"https:\/\/www.lasalle.org\/it\/wp-json\/wp\/v2\/comments?post=57609"}],"version-history":[{"count":5,"href":"https:\/\/www.lasalle.org\/it\/wp-json\/wp\/v2\/pages\/57609\/revisions"}],"predecessor-version":[{"id":85774,"href":"https:\/\/www.lasalle.org\/it\/wp-json\/wp\/v2\/pages\/57609\/revisions\/85774"}],"up":[{"embeddable":true,"href":"https:\/\/www.lasalle.org\/it\/wp-json\/wp\/v2\/pages\/10853"}],"wp:attachment":[{"href":"https:\/\/www.lasalle.org\/it\/wp-json\/wp\/v2\/media?parent=57609"}],"curies":[{"name":"wp","href":"https:\/\/api.w.org\/{rel}","templated":true}]}}