{"id":57638,"date":"2019-09-21T22:52:24","date_gmt":"2019-09-21T22:52:24","guid":{"rendered":"http:\/\/www.lasalle.org\/?page_id=57638"},"modified":"2022-05-18T13:28:04","modified_gmt":"2022-05-18T12:28:04","slug":"dal-fratello-superiore","status":"publish","type":"page","link":"https:\/\/www.lasalle.org\/it\/dal-fratello-superiore\/","title":{"rendered":"Il Fratello Superiore"},"content":{"rendered":"<hr class=\"wp-block-separator\" \/>\r\n\r\n\r\n<p>&nbsp;<\/p>\r\n\r\n\r\n\r\n<p>Fratel Armin Altamirano Luistro, FSC, nasce il 24 dicembre 1961. Luistro \u00e8 entrato nello Scolasticato de La Salle (il centro di formazione accademica dei Fratelli delle Scuole Cristiane) a Manila nell\u2019aprile 1979, mentre studiava all\u2019Universit\u00e0 de La Salle (DLSU).<\/p>\r\n<p>Ha ricevuto l\u2019abito religioso nell\u2019ottobre 1981, ha professato i primi voti religiosi nell\u2019ottobre 1982 e i voti definitivi nel maggio 1988.<\/p>\r\n<p>Fr. Armin ha iniziato la sua professione di insegnante al De La Salle Lipa di Batangas, dove ha lavorato come insegnante di religione, consigliere di classe e ministro del campus dal 1983 al 1986.<\/p>\r\n<p>Il 26 agosto 2000, Fr. Armin ha co-fondato con Josef Suwatan, vescovo cattolico di Manado, l\u2019Universit\u00e0 Cattolica De La Salle di Manado, attualmente nota come De La Salle University, in Indonesia.<\/p>\r\n<p>Fr. Armin porta con s\u00e9 oltre 34 anni di esperienza sia nel settore privato che in quello pubblico. \u00c8 stato Segretario del Dipartimento dell\u2019Istruzione dal giugno 2010 al 2016. In precedenza, \u00e8 stato alla guida dell\u2019Universit\u00e0 De La Salle, di cui \u00e8 stato Presidente dall\u2019aprile 2004 al giugno 2010.<\/p>\r\n<p>Negli anni precedenti \u00e8 stato anche Presidente del Sistema Universitario De La Salle e di diverse altre scuole La Salle. Dal 2017 al 2019 \u00e8 tornato a ricoprire il ruolo di Presidente del De La Salle Philippines, la rete di scuole La Salle del Paese. Attualmente \u00e8 membro del consiglio di amministrazione del Philippine Business for Social Progress (PBSP), la pi\u00f9 grande organizzazione non governativa guidata dalle imprese del Paese. Nel maggio 2019 \u00e8 stato nominato Fratello Visitatore del Distretto Lasalliano dell\u2019Asia Orientale.<\/p>\r\n<p>Fr. Armin ha svolto anche diverse funzioni in altre organizzazioni governative e intergovernative, come per esempio il Consiglio consultivo della Commissione Nazionale della Giovent\u00f9 (NYC), la Commissione Nazionale UNESCO delle Filippine e l\u2019Organizzazione dei Ministri dell\u2019Educazione del Sud-Est Asiatico (SEAMEO).<\/p>\r\n<p>\u00c8 stato anche membro attivo del Consiglio filippino per la certificazione delle ONG (PCNC), della Knowledge Channel Foundation, della Philippine Business for Education (PBEd) e della Sidhay Foundation for Street Children.<\/p>\r\n<p>Fr. Armin ha anche conseguito un dottorato in Gestione dell\u2019Educazione presso l\u2019Universit\u00e0 di Saint La Salle a Bacolod e un Master in Educazione Religiosa e Valori presso l\u2019Universit\u00e0 De La Salle di Manila. Ha conseguito il Bachelor of Arts in Filosofia e Lettere sempre presso l\u2019Universit\u00e0 De La Salle.<\/p>\r\n\r\n\r\n<hr class=\"wp-block-separator\" \/>\r\n\r\n\r\n<p class=\"has-vivid-red-color has-text-color has-medium-font-size\"><a href=\"https:\/\/www.lasalle.org\/it\/category\/casa-generalizia-it\/superiore-generale\/\"><strong>&lt;&lt;&lt; Notizie &gt;&gt;&gt;<\/strong><\/a><\/p>\r\n\r\n\r\n<hr class=\"wp-block-separator\" \/>\r\n\r\n\r\n<div class=\"wp-block-image\">\r\n<figure class=\"alignright is-resized\"><img decoding=\"async\" class=\"wp-image-51549\" src=\"https:\/\/www.lasalle.org\/wp-content\/uploads\/2019\/07\/cov_pastletter.png\" alt=\"\" width=\"250\" height=\"130\" srcset=\"https:\/\/www.lasalle.org\/wp-content\/uploads\/2019\/07\/cov_pastletter-300x156.png 300w, https:\/\/www.lasalle.org\/wp-content\/uploads\/2019\/07\/cov_pastletter-768x400.png 768w, https:\/\/www.lasalle.org\/wp-content\/uploads\/2019\/07\/cov_pastletter.png 1000w\" sizes=\"(max-width: 250px) 100vw, 250px\" \/><\/figure>\r\n<\/div>\r\n\r\n\r\n\r\n<p><strong>Pubblicazioni<\/strong><\/p>\r\n\r\n\r\n\r\n<p><a href=\"https:\/\/www.lasalle.org\/it\/pubblicazioni\/lettere-pastorali\/\">Lettere Pastorali<\/a><\/p>\r\n\r\n\r\n\r\n<p><a href=\"https:\/\/www.lasalle.org\/it\/pubblicazioni\/circolari\/\">Circolari<\/a><\/p>\r\n\r\n\r\n\r\n<p>&nbsp;<\/p>\r\n\r\n\r\n<hr class=\"wp-block-separator\" \/>\r\n\r\n\r\n<p><strong>Foto<br \/><br \/><br \/><\/strong><\/p>\r\n\r\n\r\n<hr class=\"wp-block-separator\" \/>","protected":false},"excerpt":{"rendered":"<p>&nbsp; Fratel Armin Altamirano Luistro, FSC, nasce il 24 dicembre  [&#8230;]<\/p>\n","protected":false},"author":9,"featured_media":86582,"parent":0,"menu_order":0,"comment_status":"closed","ping_status":"closed","template":"","meta":{"_tec_requires_first_save":true,"_monsterinsights_skip_tracking":false,"_monsterinsights_sitenote_active":false,"_monsterinsights_sitenote_note":"","_monsterinsights_sitenote_category":0,"_EventAllDay":false,"_EventTimezone":"","_EventStartDate":"","_EventEndDate":"","_EventStartDateUTC":"","_EventEndDateUTC":"","_EventShowMap":false,"_EventShowMapLink":false,"_EventURL":"","_EventCost":"","_EventCostDescription":"","_EventCurrencySymbol":"","_EventCurrencyCode":"","_EventCurrencyPosition":"","_EventDateTimeSeparator":"","_EventTimeRangeSeparator":"","_EventOrganizerID":[],"_EventVenueID":[],"_OrganizerEmail":"","_OrganizerPhone":"","_OrganizerWebsite":"","_VenueAddress":"","_VenueCity":"","_VenueCountry":"","_VenueProvince":"","_VenueState":"","_VenueZip":"","_VenuePhone":"","_VenueURL":"","_VenueStateProvince":"","_VenueLat":"","_VenueLng":"","_VenueShowMap":false,"_VenueShowMapLink":false,"_tribe_blocks_recurrence_rules":"","_tribe_blocks_recurrence_description":"","_tribe_blocks_recurrence_exclusions":"","footnotes":""},"class_list":["post-57638","page","type-page","status-publish","has-post-thumbnail","hentry"],"_links":{"self":[{"href":"https:\/\/www.lasalle.org\/it\/wp-json\/wp\/v2\/pages\/57638","targetHints":{"allow":["GET"]}}],"collection":[{"href":"https:\/\/www.lasalle.org\/it\/wp-json\/wp\/v2\/pages"}],"about":[{"href":"https:\/\/www.lasalle.org\/it\/wp-json\/wp\/v2\/types\/page"}],"author":[{"embeddable":true,"href":"https:\/\/www.lasalle.org\/it\/wp-json\/wp\/v2\/users\/9"}],"replies":[{"embeddable":true,"href":"https:\/\/www.lasalle.org\/it\/wp-json\/wp\/v2\/comments?post=57638"}],"version-history":[{"count":5,"href":"https:\/\/www.lasalle.org\/it\/wp-json\/wp\/v2\/pages\/57638\/revisions"}],"predecessor-version":[{"id":86614,"href":"https:\/\/www.lasalle.org\/it\/wp-json\/wp\/v2\/pages\/57638\/revisions\/86614"}],"wp:featuredmedia":[{"embeddable":true,"href":"https:\/\/www.lasalle.org\/it\/wp-json\/wp\/v2\/media\/86582"}],"wp:attachment":[{"href":"https:\/\/www.lasalle.org\/it\/wp-json\/wp\/v2\/media?parent=57638"}],"curies":[{"name":"wp","href":"https:\/\/api.w.org\/{rel}","templated":true}]}}