{"id":74514,"date":"2020-11-06T10:44:45","date_gmt":"2020-11-06T09:44:45","guid":{"rendered":"https:\/\/www.lasalle.org\/?page_id=74514"},"modified":"2020-11-06T10:47:51","modified_gmt":"2020-11-06T09:47:51","slug":"fraternita-signum-fidei","status":"publish","type":"page","link":"https:\/\/www.lasalle.org\/it\/famiglia-carismatica-lasalliana\/fraternita-signum-fidei\/","title":{"rendered":"Fraternit\u00e0 Signum Fidei"},"content":{"rendered":"\n<p><\/p>\n\n\n\n<p>Negli anni settanta, in varie parti del mondo lasalliano, laici desiderosi di una vita cristiana pi\u00f9 intensa chiesero ai Fratelli delle Scuole Cristiane di condividere pi\u00f9 decisamente con loro non soltanto l\u2019azione educativa, ma anche il loro spirito. Cos\u00ec nasce la fraternit\u00e0 Signum Fidei.<\/p>\n\n\n\n<div class=\"wp-block-image\"><figure class=\"aligncenter size-large\"><img decoding=\"async\" width=\"589\" height=\"360\" src=\"https:\/\/www.lasalle.org\/wp-content\/uploads\/2020\/11\/sigumfidei_map.jpg\" alt=\"\" class=\"wp-image-74475\" srcset=\"https:\/\/www.lasalle.org\/wp-content\/uploads\/2020\/11\/sigumfidei_map-300x183.jpg 300w, https:\/\/www.lasalle.org\/wp-content\/uploads\/2020\/11\/sigumfidei_map.jpg 589w\" sizes=\"(max-width: 589px) 100vw, 589px\" \/><\/figure><\/div>\n\n\n\n<p>Il Signum Fidei \u00e8 un cristiano laico adulto, uomo o donna, che \u00e8 stato oggetto di una chiamata speciale di Dio. Vuole vivere in pienezza la consacrazione battesimale ed essere nel mondo e particolarmente nell\u2019ambito dell\u2019educazione cristiana, un segno vivente dell\u2019amore di Dio per gli uomini, specialmente per i poveri ed abbandonati.<\/p>\n\n\n\n<p>La fraternit\u00e0 \u201cSignum Fidei\u201d fa parte della Famiglia Lasalliana ed i suoi membri si associano formando piccole comunit\u00e0 appartenenti ad un Distretto, Sottodistretto o Delegazione lasalliana.<br>I membri della fraternit\u00e0 si sforzano di assumere nella loro vita gli elementi essenziali della loro vocazione, cos\u00ec come esposti in seguito:<\/p>\n\n\n\n<p>Il \u201cSignum fidei\u201d \u00e8 un cristiano laico adulto che, rispondendo alla chiamata del Signore, adempie le sue promesse battesimali attraverso la \u201cconsacrazione Signum Fidei\u201d e si impegna a seguire Ges\u00f9 ed a vivere il Vangelo radicalmente. Il Signum Fidei si sforza di seguire l\u2019itinerario evangelico di San Giovanni Battista de La Salle ed approfondisce e vive la spiritualit\u00e0 lasalliana.<\/p>\n\n\n\n<div class=\"wp-block-image\"><figure class=\"aligncenter size-large\"><img decoding=\"async\" width=\"500\" height=\"180\" src=\"https:\/\/www.lasalle.org\/wp-content\/uploads\/2020\/11\/download.png\" alt=\"\" class=\"wp-image-74456\" srcset=\"https:\/\/www.lasalle.org\/wp-content\/uploads\/2020\/11\/download-300x108.png 300w, https:\/\/www.lasalle.org\/wp-content\/uploads\/2020\/11\/download.png 500w\" sizes=\"(max-width: 500px) 100vw, 500px\" \/><\/figure><\/div>\n\n\n\n<p>I membri formano una comunit\u00e0 di fede in cui vivono la fraternit\u00e0 lasalliana. Il Signum Fidei \u00e8 un testimonio vivente nell\u2019ambiente della famiglia, del lavoro professionale e delle relazioni sociali.<\/p>\n\n\n\n<div class=\"wp-block-image\"><figure class=\"alignleft size-large\"><img decoding=\"async\" width=\"113\" height=\"163\" src=\"https:\/\/www.lasalle.org\/wp-content\/uploads\/2020\/11\/PortadaA_it00.png\" alt=\"\" class=\"wp-image-74520\"\/><\/figure><\/div>\n\n\n\n<hr class=\"wp-block-separator\"\/>\n\n\n\n<div class=\"wp-block-file\"><a href=\"https:\/\/www.lasalle.org\/wp-content\/uploads\/2020\/11\/SignumFidei_StileDiVita.pdf\" target=\"_blank\" rel=\"noreferrer noopener\">SignumFidei \u2013 Stile di Vita<\/a><a href=\"https:\/\/www.lasalle.org\/wp-content\/uploads\/2020\/11\/SignumFidei_StileDiVita.pdf\" class=\"fusion-button-default fusion-button-default-size wp-block-file__button\" download>Download<\/a><\/div>\n","protected":false},"excerpt":{"rendered":"<p>Negli anni settanta, in varie parti del mondo lasalliano, laici  [&#8230;]<\/p>\n","protected":false},"author":9,"featured_media":0,"parent":10830,"menu_order":0,"comment_status":"closed","ping_status":"closed","template":"","meta":{"_tec_requires_first_save":true,"_monsterinsights_skip_tracking":false,"_monsterinsights_sitenote_active":false,"_monsterinsights_sitenote_note":"","_monsterinsights_sitenote_category":0,"_EventAllDay":false,"_EventTimezone":"","_EventStartDate":"","_EventEndDate":"","_EventStartDateUTC":"","_EventEndDateUTC":"","_EventShowMap":false,"_EventShowMapLink":false,"_EventURL":"","_EventCost":"","_EventCostDescription":"","_EventCurrencySymbol":"","_EventCurrencyCode":"","_EventCurrencyPosition":"","_EventDateTimeSeparator":"","_EventTimeRangeSeparator":"","_EventOrganizerID":[],"_EventVenueID":[],"_OrganizerEmail":"","_OrganizerPhone":"","_OrganizerWebsite":"","_VenueAddress":"","_VenueCity":"","_VenueCountry":"","_VenueProvince":"","_VenueState":"","_VenueZip":"","_VenuePhone":"","_VenueURL":"","_VenueStateProvince":"","_VenueLat":"","_VenueLng":"","_VenueShowMap":false,"_VenueShowMapLink":false,"_tribe_blocks_recurrence_rules":"","_tribe_blocks_recurrence_description":"","_tribe_blocks_recurrence_exclusions":"","footnotes":""},"class_list":["post-74514","page","type-page","status-publish","hentry"],"_links":{"self":[{"href":"https:\/\/www.lasalle.org\/it\/wp-json\/wp\/v2\/pages\/74514","targetHints":{"allow":["GET"]}}],"collection":[{"href":"https:\/\/www.lasalle.org\/it\/wp-json\/wp\/v2\/pages"}],"about":[{"href":"https:\/\/www.lasalle.org\/it\/wp-json\/wp\/v2\/types\/page"}],"author":[{"embeddable":true,"href":"https:\/\/www.lasalle.org\/it\/wp-json\/wp\/v2\/users\/9"}],"replies":[{"embeddable":true,"href":"https:\/\/www.lasalle.org\/it\/wp-json\/wp\/v2\/comments?post=74514"}],"version-history":[{"count":4,"href":"https:\/\/www.lasalle.org\/it\/wp-json\/wp\/v2\/pages\/74514\/revisions"}],"predecessor-version":[{"id":74526,"href":"https:\/\/www.lasalle.org\/it\/wp-json\/wp\/v2\/pages\/74514\/revisions\/74526"}],"up":[{"embeddable":true,"href":"https:\/\/www.lasalle.org\/it\/wp-json\/wp\/v2\/pages\/10830"}],"wp:attachment":[{"href":"https:\/\/www.lasalle.org\/it\/wp-json\/wp\/v2\/media?parent=74514"}],"curies":[{"name":"wp","href":"https:\/\/api.w.org\/{rel}","templated":true}]}}