{"id":75464,"date":"2021-01-15T12:06:51","date_gmt":"2021-01-15T11:06:51","guid":{"rendered":"https:\/\/www.lasalle.org\/?page_id=75464"},"modified":"2022-01-12T15:21:02","modified_gmt":"2022-01-12T14:21:02","slug":"la-missione-internazionale-lasalliana","status":"publish","type":"page","link":"https:\/\/www.lasalle.org\/it\/la-missione-internazionale-lasalliana\/","title":{"rendered":"La Missione Internazionale Lasalliana"},"content":{"rendered":"\r\n<p>&nbsp;<\/p>\r\n\r\n\r\n\r\n<figure class=\"wp-block-image\"><img decoding=\"async\" src=\"https:\/\/www.lasalle.org\/wp-content\/uploads\/2021\/01\/13-1597x1024.jpg\" alt=\"Questa immagine ha l'attributo alt vuoto; il nome del file \u00e8 13-1597x1024.jpg\" \/><\/figure>\r\n\r\n\r\n\r\n<p>I tre secoli che ci separano dalla nascita di San Giovanni Battista De La Salle sono stati ricchissimi. La prova di ci\u00f2 \u00e8 la continuit\u00e0 della sua missione e l&#8217;affermazione in diversi contesti della sua eredit\u00e0 spirituale.<\/p>\r\n\r\n\r\n\r\n<div class=\"wp-block-image\">\r\n<figure class=\"alignleft is-resized\"><img decoding=\"async\" src=\"https:\/\/www.lasalle.org\/wp-content\/uploads\/2021\/01\/Fotografias-de-personas-Sector-Venezuela-Visita-del-SG-8-1-1536x1024.jpg\" alt=\"Questa immagine ha l'attributo alt vuoto; il nome del file \u00e8 Fotografias-de-personas-Sector-Venezuela-Visita-del-SG-8-1-1536x1024.jpg\" width=\"384\" height=\"256\" \/><\/figure>\r\n<\/div>\r\n\r\n\r\n\r\n<p>Oggi, la grande famiglia de La Salle \u00e8 formata da pi\u00f9 di <strong>3.000 Fratelli<\/strong>, che insieme ai <strong>90.000 educatori e educatrici<\/strong> e numerosi collaboratori laici assistono in <strong>oltre 1.100 opere educative<\/strong>, in\u00a0<strong>80 paesi o<\/strong>ltre <strong>1 milione<\/strong> <strong>di alunni<\/strong>, tra bambini, giovani e adulti.<\/p>\r\n\r\n\r\n\r\n<p>I centri educativi dell\u2019Istituto Lasalliano includono tutti i livelli: educazione infantile e primaria, scuola superiore di primo e secondo grado, centri educativi non formali, centri di formazione professionale e istituti universitari.<\/p>\r\n\r\n\r\n\r\n<p>Circa la met\u00e0 degli studenti Lasalliani si trova a rischio di esclusione socio-educativa, nei paesi e\/o contesti pi\u00f9 fragili del nostro pianeta. Lo spirito della Missione, infatti, \u00e8 quello di offrire un\u2019opportunit\u00e0 educativa a chi altrimenti non avrebbe accesso all\u2019istruzione e di favorire l\u2019inclusione dei gruppi sociali pi\u00f9 marginalizzati, di donne e bambine, e di studenti con bisogni speciali, in tutto il mondo.<\/p>\r\n\r\n\r\n\r\n<div class=\"wp-block-image\">\r\n<figure class=\"alignright is-resized\"><img decoding=\"async\" src=\"https:\/\/www.lasalle.org\/wp-content\/uploads\/2021\/01\/GEN_4127-1-1534x1024.jpg\" alt=\"Questa immagine ha l'attributo alt vuoto; il nome del file \u00e8 GEN_4127-1-1534x1024.jpg\" width=\"384\" height=\"256\" \/><\/figure>\r\n<\/div>\r\n\r\n\r\n\r\n<p>Attraverso i suoi centri educativi, l\u2019Istituto La Salle ascolta i bisogni delle realt\u00e0 in cui opera e risponde con programmi integrati e sostenibili affinch\u00e9 le sue scuole diventino un motore di sviluppo per tutta la comunit\u00e0.<\/p>\r\n\r\n\r\n\r\n<p>Per rendere tutto questo possibile, l\u2019Istituto conta sul <strong><a href=\"https:\/\/www.lasalle.org\/it\/animacion-y-gobierno\/secretariado-de-solidaridad-y-desarrollo\/blog-solidarieta-e-sviluppo\/\">Segretariato di Solidariet\u00e0 e Sviluppo<\/a><\/strong> e su una rete internazionale di Organizzazioni non profit Lasalliane, che, in linea con gli Obiettivi di Sviluppo Sostenibile delle Nazioni Unite, realizza progetti di solidariet\u00e0, cooperazione allo sviluppo e volontariato, per costruire un mondo pi\u00f9 equo,<\/p>\r\n\r\n\r\n\r\n<figure class=\"wp-block-image\"><img decoding=\"async\" class=\"aligncenter\" src=\"https:\/\/www.lasalle.org\/wp-content\/uploads\/2021\/01\/Infografica-tutti-i-loghi.jpg\" alt=\"Questa immagine ha l'attributo alt vuoto; il nome del file \u00e8 Infografica-tutti-i-loghi.jpg\" \/><\/figure>\r\n\r\n\r\n\r\n<div class=\"wp-block-image\">\r\n<figure class=\"alignleft is-resized\"><img decoding=\"async\" src=\"https:\/\/www.lasalle.org\/wp-content\/uploads\/2021\/01\/256.jpg\" alt=\"Questa immagine ha l'attributo alt vuoto; il nome del file \u00e8 256.jpg\" width=\"258\" height=\"194\" \/><\/figure>\r\n<\/div>\r\n\r\n\r\n\r\n<p>L\u2019attivit\u00e0 educativa della\u00a0<strong>Missione Lasalliana<\/strong>\u00a0si realizza in diversi settori sociali. L\u2019Istituto, da sempre \u00e8 impegnato a favore dell\u2019educazione per i diritti dell\u2019infanzia. Nell\u2019anno dell\u2019alfabetizzazione internazionale (1990), l\u2019<strong>UNESCO<\/strong>\u00a0ha concesso il premio NOMA alle Istituzioni Lasalliane. Esiste una collaborazione con il Progetto Intercongregazionale \u201c<a href=\"http:\/\/www.solidarityssudan.org\/\" target=\"_blank\" rel=\"noreferrer noopener\"><strong>Solidariet\u00e0 con il Sud Sudan<\/strong><\/a>\u201d dell\u2019<strong>Unione Superiori Generali<\/strong>; l\u2019Istituto \u00e8 anche tra i membri fondatori della\u00a0<a href=\"http:\/\/bice.org\/\" target=\"_blank\" rel=\"noreferrer noopener\"><strong>BICE<\/strong><\/a>\u00a0(Bureau International Catholique de l\u2019Enfance).<\/p>\r\n","protected":false},"excerpt":{"rendered":"<p>&nbsp; I tre secoli che ci separano dalla nascita di  [&#8230;]<\/p>\n","protected":false},"author":9,"featured_media":0,"parent":0,"menu_order":0,"comment_status":"closed","ping_status":"closed","template":"","meta":{"_tec_requires_first_save":true,"_monsterinsights_skip_tracking":false,"_monsterinsights_sitenote_active":false,"_monsterinsights_sitenote_note":"","_monsterinsights_sitenote_category":0,"_EventAllDay":false,"_EventTimezone":"","_EventStartDate":"","_EventEndDate":"","_EventStartDateUTC":"","_EventEndDateUTC":"","_EventShowMap":false,"_EventShowMapLink":false,"_EventURL":"","_EventCost":"","_EventCostDescription":"","_EventCurrencySymbol":"","_EventCurrencyCode":"","_EventCurrencyPosition":"","_EventDateTimeSeparator":"","_EventTimeRangeSeparator":"","_EventOrganizerID":[],"_EventVenueID":[],"_OrganizerEmail":"","_OrganizerPhone":"","_OrganizerWebsite":"","_VenueAddress":"","_VenueCity":"","_VenueCountry":"","_VenueProvince":"","_VenueState":"","_VenueZip":"","_VenuePhone":"","_VenueURL":"","_VenueStateProvince":"","_VenueLat":"","_VenueLng":"","_VenueShowMap":false,"_VenueShowMapLink":false,"_tribe_blocks_recurrence_rules":"","_tribe_blocks_recurrence_description":"","_tribe_blocks_recurrence_exclusions":"","footnotes":""},"class_list":["post-75464","page","type-page","status-publish","hentry"],"_links":{"self":[{"href":"https:\/\/www.lasalle.org\/it\/wp-json\/wp\/v2\/pages\/75464","targetHints":{"allow":["GET"]}}],"collection":[{"href":"https:\/\/www.lasalle.org\/it\/wp-json\/wp\/v2\/pages"}],"about":[{"href":"https:\/\/www.lasalle.org\/it\/wp-json\/wp\/v2\/types\/page"}],"author":[{"embeddable":true,"href":"https:\/\/www.lasalle.org\/it\/wp-json\/wp\/v2\/users\/9"}],"replies":[{"embeddable":true,"href":"https:\/\/www.lasalle.org\/it\/wp-json\/wp\/v2\/comments?post=75464"}],"version-history":[{"count":5,"href":"https:\/\/www.lasalle.org\/it\/wp-json\/wp\/v2\/pages\/75464\/revisions"}],"predecessor-version":[{"id":83974,"href":"https:\/\/www.lasalle.org\/it\/wp-json\/wp\/v2\/pages\/75464\/revisions\/83974"}],"wp:attachment":[{"href":"https:\/\/www.lasalle.org\/it\/wp-json\/wp\/v2\/media?parent=75464"}],"curies":[{"name":"wp","href":"https:\/\/api.w.org\/{rel}","templated":true}]}}