{"id":78815,"date":"2021-07-12T08:20:28","date_gmt":"2021-07-12T07:20:28","guid":{"rendered":"https:\/\/www.lasalle.org\/?page_id=78815"},"modified":"2025-07-28T10:27:17","modified_gmt":"2025-07-28T08:27:17","slug":"beati-fratelli-martiri-di-barcellona","status":"publish","type":"page","link":"https:\/\/www.lasalle.org\/it\/santita-lasalliana\/beati-fratelli-martiri-di-barcellona\/","title":{"rendered":"Beati Fratelli Martiri di Barcellona"},"content":{"rendered":"<div class=\"fusion-fullwidth fullwidth-box fusion-builder-row-1 fusion-flex-container has-pattern-background has-mask-background nonhundred-percent-fullwidth non-hundred-percent-height-scrolling\" style=\"--awb-border-radius-top-left:0px;--awb-border-radius-top-right:0px;--awb-border-radius-bottom-right:0px;--awb-border-radius-bottom-left:0px;--awb-flex-wrap:wrap;\" ><div class=\"fusion-builder-row fusion-row fusion-flex-align-items-flex-start fusion-flex-content-wrap\" style=\"max-width:1248px;margin-left: calc(-4% \/ 2 );margin-right: calc(-4% \/ 2 );\"><div class=\"fusion-layout-column fusion_builder_column fusion-builder-column-0 fusion_builder_column_3_4 3_4 fusion-flex-column\" style=\"--awb-bg-size:cover;--awb-width-large:75%;--awb-margin-top-large:0px;--awb-spacing-right-large:2.56%;--awb-margin-bottom-large:20px;--awb-spacing-left-large:2.56%;--awb-width-medium:75%;--awb-order-medium:0;--awb-spacing-right-medium:2.56%;--awb-spacing-left-medium:2.56%;--awb-width-small:100%;--awb-order-small:0;--awb-spacing-right-small:1.92%;--awb-spacing-left-small:1.92%;\"><div class=\"fusion-column-wrapper fusion-column-has-shadow fusion-flex-justify-content-flex-start fusion-content-layout-column\"><div class=\"fusion-title title fusion-title-1 sep-underline sep-solid fusion-title-text fusion-title-size-two\" style=\"--awb-text-color:var(--awb-custom17);--awb-sep-color:var(--awb-custom17);--awb-font-size:22px;\"><h2 class=\"fusion-title-heading title-heading-left\" style=\"margin:0;font-size:1em;\">Beati Fratelli Martiri di Barcellona<\/h2><\/div><div class=\"fusion-text fusion-text-1\"><p><img decoding=\"async\" class=\"alignright size-medium wp-image-112281\" src=\"https:\/\/www.lasalle.org\/wp-content\/uploads\/2025\/06\/mart_bacerlona-216x300.jpg\" alt=\"\" width=\"216\" height=\"300\" srcset=\"https:\/\/www.lasalle.org\/wp-content\/uploads\/2025\/06\/mart_bacerlona-200x278.jpg 200w, https:\/\/www.lasalle.org\/wp-content\/uploads\/2025\/06\/mart_bacerlona-216x300.jpg 216w, https:\/\/www.lasalle.org\/wp-content\/uploads\/2025\/06\/mart_bacerlona-400x557.jpg 400w, https:\/\/www.lasalle.org\/wp-content\/uploads\/2025\/06\/mart_bacerlona.jpg 600w\" sizes=\"(max-width: 216px) 100vw, 216px\" \/>CAUSA\u00a0:<em> Lucas a Sancto Joseph, Leonardus Joseph et LXII Socii et Sociae<\/em><em>\u00a0 <\/em><\/p>\n<p><!-- \/wp:post-content --><\/p>\n<p><!-- wp:paragraph --><\/p>\n<p><em>La Causa riguarda 64 Martiri: <strong>44 Fratelli delle Scuole Cristiane<\/strong>, 14 Carmelitani Scalzi, 1 Suora Carmelitana della Carit\u00e0, 4 Suore Carmelitane Missionarie e 1 seminarista.<\/em><\/p>\n<p><!-- \/wp:paragraph --><\/p>\n<p><!-- wp:paragraph --><\/p>\n<p>Nel 1936 le istituzioni lasalliane in Catalogna erano 32. Con lo scatenarsi della persecuzione dovettero essere tutte abbandonate, e cos\u00ec molte furono saccheggiate e alcune incendiate. La sorte dei Fratelli fu ancora pi\u00f9 dolorosa: 26 Comunit\u00e0 ebbero Fratelli uccisi e in un caso fu l\u2019intera comunit\u00e0 ad avere questa sorte.\u00a0<\/p>\n<p><!-- \/wp:paragraph --><\/p>\n<p><!-- wp:paragraph --><\/p>\n<p>In luglio, quando la persecuzione divenne pi\u00f9 violenta, <strong>Fr. Leonardo Jos\u00e9<\/strong>, Visitato\u00adre, e <strong>Fr. Dionisio Luis<\/strong>, Direttore del Collegio Bonanova, si trovavano in un monastero della Cerda\u00f1a, per preparare i quattro ritiri del Distretto, che sarebbero cominciati dopo qualche giorno. Il 17 uscirono dal monastero, diretti alla scuola di La Seo de Urgel, perch\u00e9 il giorno dopo volevano partecipare al pellegrinaggio della scuola al Santuario della Vergine di Maritxell, ad Andorra. A La Seo vennero a conoscenza delle tristi notizie che giungevano da Barcellona e da altre localit\u00e0 della Catalogna. Cercarono allora di ritornare immediatamente a Barcellona, per essere vicini ai Fratelli e ai giovani studenti, ma la comunicazione era impossibile. Pensarono allora di andare a Tolosa e rientrare a Barcellona per via aerea. Ma anche questo non fu possibile. I due trovarono alloggio, il 22 luglio, all&#8217;hotel Cadi, il cui padrone, Jaime Sam\u00e1, era fervente cattolico.<\/p>\n<p><!-- \/wp:paragraph --><\/p>\n<p><!-- wp:paragraph --><\/p>\n<p>Il 7 agosto per\u00f2 furono arrestati entrambi e il giorno seguente fucilati. La gente di Traverseras seppell\u00ec i cadaveri, che in seguito furono esumati. Oggi riposano a San Martin de Sasgayolas. La stessa sorte fu riservata ad altri 95 Fratelli del Distretto; il pi\u00f9 giovane tra di loro non aveva ancora 20 anni e il pi\u00f9 vecchio 60. Nel processo canonico della diocesi di Barcellona sono inclusi 44 di questi Fratelli:<\/p>\n<\/div><div class=\"fusion-builder-row fusion-builder-row-inner fusion-row fusion-flex-align-items-flex-start fusion-flex-content-wrap\" style=\"width:104% !important;max-width:104% !important;margin-left: calc(-4% \/ 2 );margin-right: calc(-4% \/ 2 );\"><div class=\"fusion-layout-column fusion_builder_column_inner fusion-builder-nested-column-0 fusion_builder_column_inner_1_3 1_3 fusion-flex-column\" style=\"--awb-bg-size:cover;--awb-width-large:33.333333333333%;--awb-margin-top-large:0px;--awb-spacing-right-large:5.76%;--awb-margin-bottom-large:20px;--awb-spacing-left-large:5.76%;--awb-width-medium:33.333333333333%;--awb-order-medium:0;--awb-spacing-right-medium:5.76%;--awb-spacing-left-medium:5.76%;--awb-width-small:100%;--awb-order-small:0;--awb-spacing-right-small:1.92%;--awb-spacing-left-small:1.92%;\"><div class=\"fusion-column-wrapper fusion-column-has-shadow fusion-flex-justify-content-flex-start fusion-content-layout-column\"><div class=\"fusion-text fusion-text-2\" style=\"--awb-font-size:16px;\"><p><strong>Fr. Leonardo Jos\u00e9<\/strong>\u00a0 <br \/>(Jos\u00e9 Mar\u00eda Aragon\u00e9s Mateu) 50 anni<\/p>\n<p><strong>Fr. Adolfo Jaime<\/strong><br \/>(Antonio Serra Hortal) 56 anni<\/p>\n<p><strong>Fr. Adolfo Mariano<\/strong>\u00a0<br \/>(Mariano Anel Andreu) 26 anni<\/p>\n<p><strong>Fr. Agapio<\/strong>\u00a0<br \/>(Jos\u00e9 Luis Carrera Comas) 55 anni<\/p>\n<p><strong>Fr. Arnoldo Juli\u00e1n<\/strong>\u00a0<br \/>(Jes\u00fas Ju\u00e1n Otero) 34 anni<\/p>\n<p><strong>Fr. Benedicto Jos\u00e9<\/strong>\u00a0<br \/>(Jos\u00e9 Bardalet Compte) 33 anni<\/p>\n<p><strong>Fr. Benito Clemente<\/strong>\u00a0<br \/>(F\u00e9lix Espa\u00f1a Ortiz) 47 anni<\/p>\n<p><strong>Fr. Candido Alberto<\/strong>\u00a0<br \/>(Jos\u00e9 Ruiz De La Torre) 30 anni<\/p>\n<p><strong>Fr. Cayetano Jose<\/strong>\u00a0<br \/>(Ram\u00f3n Palos Gasc\u00f3n) 51 anni<\/p>\n<p><strong>Fr. Celestino Antonio<\/strong>\u00a0<br \/>(Ismael Barrio Marquilla) 25 anni<\/p>\n<p><strong>Fr. Cirilo Pedro<\/strong>\u00a0<br \/>(Cecilio Manrique Arnaiz) 27 anni<\/p>\n<p><strong>Fr. Crisostomo<\/strong>\u00a0<br \/>(Jos\u00e9 Llorach Breto) 55 anni<\/p>\n<p><strong>Fr. Dionisio Luis<\/strong>\u00a0 <br \/>(Mateo Molinos Coloma) 46 anni<\/p>\n<p><strong>Fr. Edmundo Angel<\/strong>\u00a0<br \/>(Pedro Mass\u00f3 Llagostera) 39 anni<\/p>\n<p><strong>Fr. Eliseo Vicente<\/strong>\u00a0<br \/>(Vicente Alberich Lluch) 30 anni<\/p>\n<p>&nbsp;<\/p>\n<\/div><\/div><\/div><div class=\"fusion-layout-column fusion_builder_column_inner fusion-builder-nested-column-1 fusion_builder_column_inner_1_3 1_3 fusion-flex-column\" style=\"--awb-bg-size:cover;--awb-width-large:33.333333333333%;--awb-margin-top-large:0px;--awb-spacing-right-large:5.76%;--awb-margin-bottom-large:20px;--awb-spacing-left-large:5.76%;--awb-width-medium:33.333333333333%;--awb-order-medium:0;--awb-spacing-right-medium:5.76%;--awb-spacing-left-medium:5.76%;--awb-width-small:100%;--awb-order-small:0;--awb-spacing-right-small:1.92%;--awb-spacing-left-small:1.92%;\"><div class=\"fusion-column-wrapper fusion-column-has-shadow fusion-flex-justify-content-flex-start fusion-content-layout-column\"><div class=\"fusion-text fusion-text-3\" style=\"--awb-font-size:16px;\"><p><strong>Fr. Emerio Jos\u00e9\u00a0<\/strong><br \/>(Jos\u00e9 Plana Rebugent) 36 anni<\/p>\n<p><strong>Fr. Esiquio Jos\u00e9\u00a0<\/strong><br \/>(Baldomero Margenat Puigmitja) 39 anni<\/p>\n<p><strong>Fr. Eusebio Andr\u00e9s\u00a0<\/strong><br \/>(Eusebio Rold\u00e1n Vielva) 41 anni<\/p>\n<p><strong>Fr. F\u00e9lix Jos\u00e9\u00a0<\/strong><br \/>(Jos\u00e9 Trilla Lastra) 29 anni<\/p>\n<p><strong>Fr. Florencio Miguel\u00a0<\/strong><br \/>(Ruperto Garc\u00eda Arce) 28 anni<\/p>\n<p><strong>Fr. Francisco Alfredo\u00a0<\/strong><br \/>(Francisco Mallo S\u00e1nchez) 20 anni<\/p>\n<p><strong>Fr. Francisco Mag\u00edn<\/strong><br \/>(Antonio Tost Llaber\u00eda) 21 anni<\/p>\n<p><strong>Fr. Hilari\u00f3n Eugenio\u00a0<\/strong><br \/>(Eugenio Cuesta Padierna) 24 anni<\/p>\n<p><strong>Fr. Honesto Mar\u00eda\u00a0<\/strong><br \/>(Francisco Pujol Espinalt) 42 anni<\/p>\n<p><strong>Fr. Honorato Alfredo\u00a0<\/strong><br \/>(Agust\u00edn Pedro Calvo) 23 anni<\/p>\n<p><strong>Fr. Hugo Juli\u00e1n\u00a0<\/strong><br \/>(Juli\u00e1n Delgado D\u00edez) 31 anni<\/p>\n<p><strong>Fr. Ildefonso Luis\u00a0<\/strong><br \/>(Jos\u00e9 Casas Lluch) 50 anni<\/p>\n<p><strong>Fr. Indalecio De Maria\u00a0<\/strong><br \/>(Marcos Mor\u00f3n Casas) 37 anni<\/p>\n<p><strong>Fr. Jacob Samuel\u00a0<\/strong><br \/>(Joseph Henri Chamayou Aucles) 52 anni<\/p>\n<p>&nbsp;<\/p>\n<\/div><\/div><\/div><div class=\"fusion-layout-column fusion_builder_column_inner fusion-builder-nested-column-2 fusion_builder_column_inner_1_3 1_3 fusion-flex-column\" style=\"--awb-bg-size:cover;--awb-width-large:33.333333333333%;--awb-margin-top-large:0px;--awb-spacing-right-large:5.76%;--awb-margin-bottom-large:20px;--awb-spacing-left-large:5.76%;--awb-width-medium:33.333333333333%;--awb-order-medium:0;--awb-spacing-right-medium:5.76%;--awb-spacing-left-medium:5.76%;--awb-width-small:100%;--awb-order-small:0;--awb-spacing-right-small:1.92%;--awb-spacing-left-small:1.92%;\"><div class=\"fusion-column-wrapper fusion-column-has-shadow fusion-flex-justify-content-flex-start fusion-content-layout-column\"><div class=\"fusion-text fusion-text-4\" style=\"--awb-font-size:16px;\"><p><strong>Fr. Jaime Bertino\u00a0<\/strong><br \/>(Antonio Jaume Secases) 31 anni<\/p>\n<p><strong>Fr. Jos\u00e9 Benito<\/strong><br \/>(Jos\u00e9 M\u00e1s Pujolr\u00e1s) 23 anni<\/p>\n<p><strong>Fr. Lamberto Carlos\u00a0<\/strong><br \/>(Jaume Mases Boncompte) 42 anni<\/p>\n<p><strong>Fr. Leonides\u00a0<\/strong><br \/>(Francisco Colom Gonz\u00e1lez) 49 anni<\/p>\n<p><strong>Fr. Le\u00f3n Justino\u00a0<\/strong><br \/>(Francisco Del Valle Villar) 30 anni<\/p>\n<p><strong>Fr. Lorenzo Gabriel\u00a0<\/strong><br \/>(Jos\u00e9 Figuera Rey) 24 anni<\/p>\n<p><strong>Fr. Louis de J\u00e9sus\u00a0<\/strong><br \/>(Joseph-Louis Marcou Pecalvel) 55 anni<\/p>\n<p><strong>Fr. Mariano Le\u00f3n\u00a0<\/strong><br \/>(Santos L\u00f3pez Mart\u00ednez) 26 anni<\/p>\n<p><strong>Fr. Miguel de Jesus\u00a0<\/strong><br \/>(Jaume Puigferrer Mora) 38 anni<\/p>\n<p><strong>Fr. Olegario Angel<\/strong><br \/>(Eudaldo Rodas Saurina) 24 anni<\/p>\n<p><strong>Fr. Onofre\u00a0<\/strong><br \/>(Salvio Tolosa Alsina) 56 anni<\/p>\n<p><strong>Fr. Raimundo Eloy<\/strong><br \/>(Narciso Serra Rovira) 60 anni<\/p>\n<p><strong>Fr. Valeriano Luis\u00a0<\/strong><br \/>(Nicol\u00e1s Alberich Lluch) 38 anni<\/p>\n<p><strong>Fr. Vicente Justino\u00a0<\/strong><br \/>(Vicente Fern\u00e1ndez Castrillo) 24 anni<\/p>\n<p><strong>Fr. Victorio\u00a0<\/strong><br \/>(Martin Angl\u00e9s Oliveras) 49 anni<\/p>\n<p>&nbsp;<\/p>\n<\/div><\/div><\/div><\/div><div class=\"fusion-separator fusion-full-width-sep\" style=\"align-self: center;margin-left: auto;margin-right: auto;margin-top:15px;margin-bottom:15px;width:100%;\"><div class=\"fusion-separator-border sep-single sep-solid\" style=\"--awb-height:20px;--awb-amount:20px;--awb-sep-color:var(--awb-custom17);border-color:var(--awb-custom17);border-top-width:1px;\"><\/div><\/div><nav class=\"fusion-breadcrumbs fusion-breadcrumbs-1\" style=\"--awb-breadcrumb-sep:&#039;\/&#039;;\" aria-label=\"Breadcrumb\"><ol class=\"awb-breadcrumb-list\"><\/ol><\/nav><\/div><\/div><div class=\"fusion-layout-column fusion_builder_column fusion-builder-column-1 fusion_builder_column_1_4 1_4 fusion-flex-column\" style=\"--awb-bg-size:cover;--awb-width-large:25%;--awb-margin-top-large:0px;--awb-spacing-right-large:7.68%;--awb-margin-bottom-large:20px;--awb-spacing-left-large:7.68%;--awb-width-medium:25%;--awb-order-medium:0;--awb-spacing-right-medium:7.68%;--awb-spacing-left-medium:7.68%;--awb-width-small:100%;--awb-order-small:0;--awb-spacing-right-small:1.92%;--awb-spacing-left-small:1.92%;\"><div class=\"fusion-column-wrapper fusion-column-has-shadow fusion-flex-justify-content-flex-start fusion-content-layout-column\"><div class=\"fusion-title title fusion-title-2 sep-underline sep-solid fusion-title-text fusion-title-size-two\" style=\"--awb-text-color:var(--awb-custom17);--awb-sep-color:var(--awb-custom17);--awb-font-size:22px;\"><h2 class=\"fusion-title-heading title-heading-left\" style=\"margin:0;font-size:1em;\">Date importanti<\/h2><\/div><ul style=\"--awb-line-height:27.2px;--awb-icon-width:27.2px;--awb-icon-height:27.2px;--awb-icon-margin:11.2px;--awb-content-margin:38.4px;--awb-circlecolor:var(--awb-custom17);--awb-circle-yes-font-size:14.08px;\" class=\"fusion-checklist fusion-checklist-1 fusion-checklist-default type-icons\"><li class=\"fusion-li-item\" style=\"\"><span class=\"icon-wrapper circle-yes\"><i class=\"fusion-li-icon fa-star-half far\" aria-hidden=\"true\"><\/i><\/span><div class=\"fusion-li-item-content\">\r\n<p><strong>Memoria liturgica: 6 novembre<\/strong><\/p>\r\n<\/div><\/li><li class=\"fusion-li-item\" style=\"\"><span class=\"icon-wrapper circle-yes\"><i class=\"fusion-li-icon fa-star-half far\" aria-hidden=\"true\"><\/i><\/span><div class=\"fusion-li-item-content\">\r\n<p>28\/10\/2007: Beatificazione (insieme ad altri per complessivi 498 Martiri)<\/p>\r\n<\/div><\/li><\/ul><div class=\"fusion-separator fusion-full-width-sep\" style=\"align-self: center;margin-left: auto;margin-right: auto;margin-top:15px;margin-bottom:15px;width:100%;\"><div class=\"fusion-separator-border sep-single sep-solid\" style=\"--awb-height:20px;--awb-amount:20px;--awb-sep-color:var(--awb-custom17);border-color:var(--awb-custom17);border-top-width:1px;\"><\/div><\/div><\/div><\/div><\/div><\/div>","protected":false},"excerpt":{"rendered":"","protected":false},"author":9,"featured_media":112275,"parent":10826,"menu_order":0,"comment_status":"closed","ping_status":"closed","template":"","meta":{"_tec_requires_first_save":true,"_monsterinsights_skip_tracking":false,"_monsterinsights_sitenote_active":false,"_monsterinsights_sitenote_note":"","_monsterinsights_sitenote_category":0,"_EventAllDay":false,"_EventTimezone":"","_EventStartDate":"","_EventEndDate":"","_EventStartDateUTC":"","_EventEndDateUTC":"","_EventShowMap":false,"_EventShowMapLink":false,"_EventURL":"","_EventCost":"","_EventCostDescription":"","_EventCurrencySymbol":"","_EventCurrencyCode":"","_EventCurrencyPosition":"","_EventDateTimeSeparator":"","_EventTimeRangeSeparator":"","_EventOrganizerID":[],"_EventVenueID":[],"_OrganizerEmail":"","_OrganizerPhone":"","_OrganizerWebsite":"","_VenueAddress":"","_VenueCity":"","_VenueCountry":"","_VenueProvince":"","_VenueState":"","_VenueZip":"","_VenuePhone":"","_VenueURL":"","_VenueStateProvince":"","_VenueLat":"","_VenueLng":"","_VenueShowMap":false,"_VenueShowMapLink":false,"_tribe_blocks_recurrence_rules":"","_tribe_blocks_recurrence_description":"","_tribe_blocks_recurrence_exclusions":"","footnotes":""},"class_list":["post-78815","page","type-page","status-publish","has-post-thumbnail","hentry"],"_links":{"self":[{"href":"https:\/\/www.lasalle.org\/it\/wp-json\/wp\/v2\/pages\/78815","targetHints":{"allow":["GET"]}}],"collection":[{"href":"https:\/\/www.lasalle.org\/it\/wp-json\/wp\/v2\/pages"}],"about":[{"href":"https:\/\/www.lasalle.org\/it\/wp-json\/wp\/v2\/types\/page"}],"author":[{"embeddable":true,"href":"https:\/\/www.lasalle.org\/it\/wp-json\/wp\/v2\/users\/9"}],"replies":[{"embeddable":true,"href":"https:\/\/www.lasalle.org\/it\/wp-json\/wp\/v2\/comments?post=78815"}],"version-history":[{"count":5,"href":"https:\/\/www.lasalle.org\/it\/wp-json\/wp\/v2\/pages\/78815\/revisions"}],"predecessor-version":[{"id":116584,"href":"https:\/\/www.lasalle.org\/it\/wp-json\/wp\/v2\/pages\/78815\/revisions\/116584"}],"up":[{"embeddable":true,"href":"https:\/\/www.lasalle.org\/it\/wp-json\/wp\/v2\/pages\/10826"}],"wp:featuredmedia":[{"embeddable":true,"href":"https:\/\/www.lasalle.org\/it\/wp-json\/wp\/v2\/media\/112275"}],"wp:attachment":[{"href":"https:\/\/www.lasalle.org\/it\/wp-json\/wp\/v2\/media?parent=78815"}],"curies":[{"name":"wp","href":"https:\/\/api.w.org\/{rel}","templated":true}]}}