{"id":78825,"date":"2021-07-12T08:42:17","date_gmt":"2021-07-12T07:42:17","guid":{"rendered":"https:\/\/www.lasalle.org\/?page_id=78825"},"modified":"2025-07-28T11:13:28","modified_gmt":"2025-07-28T09:13:28","slug":"beati-fratelli-martiri-di-cartagena","status":"publish","type":"page","link":"https:\/\/www.lasalle.org\/it\/santita-lasalliana\/beati-fratelli-martiri-di-cartagena\/","title":{"rendered":"Beati Fratelli Martiri di Cartagena"},"content":{"rendered":"<div class=\"fusion-fullwidth fullwidth-box fusion-builder-row-1 fusion-flex-container has-pattern-background has-mask-background nonhundred-percent-fullwidth non-hundred-percent-height-scrolling\" style=\"--awb-border-radius-top-left:0px;--awb-border-radius-top-right:0px;--awb-border-radius-bottom-right:0px;--awb-border-radius-bottom-left:0px;--awb-flex-wrap:wrap;\" ><div class=\"fusion-builder-row fusion-row fusion-flex-align-items-flex-start fusion-flex-content-wrap\" style=\"max-width:1248px;margin-left: calc(-4% \/ 2 );margin-right: calc(-4% \/ 2 );\"><div class=\"fusion-layout-column fusion_builder_column fusion-builder-column-0 fusion_builder_column_3_4 3_4 fusion-flex-column\" style=\"--awb-bg-size:cover;--awb-width-large:75%;--awb-margin-top-large:0px;--awb-spacing-right-large:2.56%;--awb-margin-bottom-large:20px;--awb-spacing-left-large:2.56%;--awb-width-medium:75%;--awb-order-medium:0;--awb-spacing-right-medium:2.56%;--awb-spacing-left-medium:2.56%;--awb-width-small:100%;--awb-order-small:0;--awb-spacing-right-small:1.92%;--awb-spacing-left-small:1.92%;\"><div class=\"fusion-column-wrapper fusion-column-has-shadow fusion-flex-justify-content-flex-start fusion-content-layout-column\"><div class=\"fusion-title title fusion-title-1 sep-underline sep-solid fusion-title-text fusion-title-size-two\" style=\"--awb-text-color:var(--awb-custom17);--awb-sep-color:var(--awb-custom17);--awb-font-size:22px;\"><h2 class=\"fusion-title-heading title-heading-left\" style=\"margin:0;font-size:1em;\">Beati Fratelli Martiri di Cartagena<\/h2><\/div><div class=\"fusion-text fusion-text-1\"><p>Causa <em>Ovidius Bertrandus et IV Socii, necnon Joseph Maria C\u00e1novas Mart\u00ednez<\/em><\/p>\n<p><em>La Causa riguarda 6 Martiri: <strong>5 FSC<\/strong> e 1 sacerdote<\/em><\/p>\n<p>A <strong>Lorca<\/strong>, paesino della Mancia, i Fratelli delle Scuole Cristiane dirigevano la scuola elementare San Jos\u00e9. Cinque Fratelli formavano la Comunit\u00e0:<\/p>\n<p style=\"padding-left: 80px;\"><strong>Fr. Ovidio Bertr\u00e1n <\/strong>(Esteban Anunciaby Letona) di anni 44<\/p>\n<p style=\"padding-left: 80px;\"><strong>Fr. Estanislao Victor <\/strong>(Augusto Cordero Fern\u00e1ndez) di anni 28\u00a0\u00a0\u00a0\u00a0\u00a0\u00a0\u00a0<\/p>\n<p style=\"padding-left: 80px;\"><strong>Fr. Hermenegildo Lorenzo <\/strong>(Modesto S\u00e1ez Manzanares)di anni 33<\/p>\n<p style=\"padding-left: 80px;\"><strong>Fr. Lorenzo Santiago <\/strong>(Emilio Mart\u00ednez De La Pera y Alava) di anni 23<\/p>\n<p style=\"padding-left: 80px;\"><strong>Fr. Luciano Pablo<\/strong> (Germ\u00e1n Garc\u00eda Garc\u00eda) di anni 33\u00a0\u00a0\u00a0\u00a0\u00a0\u00a0\u00a0\u00a0\u00a0\u00a0\u00a0\u00a0\u00a0\u00a0\u00a0\u00a0\u00a0\u00a0\u00a0\u00a0\u00a0\u00a0\u00a0\u00a0\u00a0\u00a0\u00a0\u00a0\u00a0\u00a0\u00a0\u00a0\u00a0\u00a0\u00a0\u00a0\u00a0\u00a0\u00a0\u00a0\u00a0\u00a0<\/p>\n<p>Il 30 luglio 1936 si present\u00f2 alla Scuola San Jos\u00e9 un gruppo di persone che dichiararono di essere &#8220;Operai dell&#8217;In\u00adsegnamento&#8221; reclamando che lasciassero loro l&#8217;immobile in nome del &#8220;Fronte Popolare&#8221;. I Fratelli si resero conto di trovarsi davanti a miliziani del C.N.T. (Confederaci\u00f3n Nacional del Trabajo) che invasero la casa, perquisirono ovunque, in cerca di armi e denaro (che non trovarono) e finirono per prenderli e arrestarli, legandoli insieme. Poi li rinchiusero nei sotterranei dell&#8217;edificio dov&#8217;era la sede del C.N.T..<\/p>\n<p>Il 1\u00b0 agosto trasferirono i Fratelli in un carcere dove erano gi\u00e0 rinchiusi altri sacerdoti, religiosi e cattolici noti per la loro fede. Passavano la maggior parte del tempo pregando, insieme recitavano il Rosario e facevano la Via Crucis, leggevano ad alta voce qualche libro di piet\u00e0 e scrivevano anche lettere, la maggior parte delle quali non giunsero mai a destinazione perch\u00e9 i miliziani le distruggevano.<\/p>\n<p>Il 30 settembre il giudice Don Lino Mart\u00edn Camicero decret\u00f2 di metterli in libert\u00e0 perch\u00e9 le imputazioni a loro carico non costituivano alcun delitto. Ma il 2 ottobre, un decreto del Comitato del Fronte Popolare di Lorca ordin\u00f2 di ignorare la sentenza, perch\u00e9 i prigionieri dovevano essere considerati pericolosi.<\/p>\n<p>Mercoled\u00ec 18 novembre 1936 un capo miliziano alle 5 del mattino, ordin\u00f2 di prendere i due sacerdoti e i cinque Fratelli e di legarli. Li fecero salire su un camion e dissero loro che li conducevano in un altro luogo, per essere interrogati. Invece li condussero nelle vicinanze del paese, su una collina dove c&#8217;era una miniera di zolfo. Il capo comand\u00f2 loro di sedersi, legati cos\u00ec come erano. Un plotone di miliziani si pose alle loro spalle e il capo ordin\u00f2 di sparare. Poi con la pistola diede ad ognuno il colpo di grazia sparandogli alla testa. Tagliarono quindi le corde e prendendoli per i piedi li trascinarono fino ad un pozzo di zolfo dove li gettarono. &#8220;E&#8217; abbastanza profondo perch\u00e9 nessuno si accorga che sono qui, e se dovessero trionfare i cattolici non verranno qui a venerarne i resti&#8221;, disse uno dei miliziani. Attualmente il pozzo \u00e8 noto come &#8220;Pozo de los M\u00e1rtires&#8221;.<\/p>\n<\/div><div class=\"fusion-separator fusion-full-width-sep\" style=\"align-self: center;margin-left: auto;margin-right: auto;margin-top:15px;margin-bottom:15px;width:100%;\"><div class=\"fusion-separator-border sep-single sep-solid\" style=\"--awb-height:20px;--awb-amount:20px;--awb-sep-color:var(--awb-custom17);border-color:var(--awb-custom17);border-top-width:1px;\"><\/div><\/div><nav class=\"fusion-breadcrumbs fusion-breadcrumbs-1\" style=\"--awb-breadcrumb-sep:&#039;\/&#039;;\" aria-label=\"Breadcrumb\"><ol class=\"awb-breadcrumb-list\"><\/ol><\/nav><\/div><\/div><div class=\"fusion-layout-column fusion_builder_column fusion-builder-column-1 fusion_builder_column_1_4 1_4 fusion-flex-column\" style=\"--awb-bg-size:cover;--awb-width-large:25%;--awb-margin-top-large:0px;--awb-spacing-right-large:7.68%;--awb-margin-bottom-large:20px;--awb-spacing-left-large:7.68%;--awb-width-medium:25%;--awb-order-medium:0;--awb-spacing-right-medium:7.68%;--awb-spacing-left-medium:7.68%;--awb-width-small:100%;--awb-order-small:0;--awb-spacing-right-small:1.92%;--awb-spacing-left-small:1.92%;\"><div class=\"fusion-column-wrapper fusion-column-has-shadow fusion-flex-justify-content-flex-start fusion-content-layout-column\"><div class=\"fusion-title title fusion-title-2 sep-underline sep-solid fusion-title-text fusion-title-size-two\" style=\"--awb-text-color:var(--awb-custom17);--awb-sep-color:var(--awb-custom17);--awb-font-size:22px;\"><h2 class=\"fusion-title-heading title-heading-left\" style=\"margin:0;font-size:1em;\">Date importanti<\/h2><\/div><ul style=\"--awb-line-height:27.2px;--awb-icon-width:27.2px;--awb-icon-height:27.2px;--awb-icon-margin:11.2px;--awb-content-margin:38.4px;--awb-circlecolor:var(--awb-custom17);--awb-circle-yes-font-size:14.08px;\" class=\"fusion-checklist fusion-checklist-1 fusion-checklist-default type-icons\"><li class=\"fusion-li-item\" style=\"\"><span class=\"icon-wrapper circle-yes\"><i class=\"fusion-li-icon fa-star-half far\" aria-hidden=\"true\"><\/i><\/span><div class=\"fusion-li-item-content\">\r\n<p><strong>Memoria liturgica: 6 novembre<\/strong><\/p>\r\n<\/div><\/li><li class=\"fusion-li-item\" style=\"\"><span class=\"icon-wrapper circle-yes\"><i class=\"fusion-li-icon fa-star-half far\" aria-hidden=\"true\"><\/i><\/span><div class=\"fusion-li-item-content\">\r\n<p>28\/10\/2007: Beatificazione (insieme ad altri per complessivi 498 Martiri)<\/p>\r\n<\/div><\/li><\/ul><div class=\"fusion-separator fusion-full-width-sep\" style=\"align-self: center;margin-left: auto;margin-right: auto;margin-top:15px;margin-bottom:15px;width:100%;\"><div class=\"fusion-separator-border sep-single sep-solid\" style=\"--awb-height:20px;--awb-amount:20px;--awb-sep-color:var(--awb-custom17);border-color:var(--awb-custom17);border-top-width:1px;\"><\/div><\/div><\/div><\/div><\/div><\/div>","protected":false},"excerpt":{"rendered":"","protected":false},"author":9,"featured_media":112302,"parent":10826,"menu_order":0,"comment_status":"closed","ping_status":"closed","template":"","meta":{"_tec_requires_first_save":true,"_monsterinsights_skip_tracking":false,"_monsterinsights_sitenote_active":false,"_monsterinsights_sitenote_note":"","_monsterinsights_sitenote_category":0,"_EventAllDay":false,"_EventTimezone":"","_EventStartDate":"","_EventEndDate":"","_EventStartDateUTC":"","_EventEndDateUTC":"","_EventShowMap":false,"_EventShowMapLink":false,"_EventURL":"","_EventCost":"","_EventCostDescription":"","_EventCurrencySymbol":"","_EventCurrencyCode":"","_EventCurrencyPosition":"","_EventDateTimeSeparator":"","_EventTimeRangeSeparator":"","_EventOrganizerID":[],"_EventVenueID":[],"_OrganizerEmail":"","_OrganizerPhone":"","_OrganizerWebsite":"","_VenueAddress":"","_VenueCity":"","_VenueCountry":"","_VenueProvince":"","_VenueState":"","_VenueZip":"","_VenuePhone":"","_VenueURL":"","_VenueStateProvince":"","_VenueLat":"","_VenueLng":"","_VenueShowMap":false,"_VenueShowMapLink":false,"_tribe_blocks_recurrence_rules":"","_tribe_blocks_recurrence_description":"","_tribe_blocks_recurrence_exclusions":"","footnotes":""},"class_list":["post-78825","page","type-page","status-publish","has-post-thumbnail","hentry"],"_links":{"self":[{"href":"https:\/\/www.lasalle.org\/it\/wp-json\/wp\/v2\/pages\/78825","targetHints":{"allow":["GET"]}}],"collection":[{"href":"https:\/\/www.lasalle.org\/it\/wp-json\/wp\/v2\/pages"}],"about":[{"href":"https:\/\/www.lasalle.org\/it\/wp-json\/wp\/v2\/types\/page"}],"author":[{"embeddable":true,"href":"https:\/\/www.lasalle.org\/it\/wp-json\/wp\/v2\/users\/9"}],"replies":[{"embeddable":true,"href":"https:\/\/www.lasalle.org\/it\/wp-json\/wp\/v2\/comments?post=78825"}],"version-history":[{"count":6,"href":"https:\/\/www.lasalle.org\/it\/wp-json\/wp\/v2\/pages\/78825\/revisions"}],"predecessor-version":[{"id":116597,"href":"https:\/\/www.lasalle.org\/it\/wp-json\/wp\/v2\/pages\/78825\/revisions\/116597"}],"up":[{"embeddable":true,"href":"https:\/\/www.lasalle.org\/it\/wp-json\/wp\/v2\/pages\/10826"}],"wp:featuredmedia":[{"embeddable":true,"href":"https:\/\/www.lasalle.org\/it\/wp-json\/wp\/v2\/media\/112302"}],"wp:attachment":[{"href":"https:\/\/www.lasalle.org\/it\/wp-json\/wp\/v2\/media?parent=78825"}],"curies":[{"name":"wp","href":"https:\/\/api.w.org\/{rel}","templated":true}]}}