{"id":78829,"date":"2021-07-12T08:45:25","date_gmt":"2021-07-12T07:45:25","guid":{"rendered":"https:\/\/www.lasalle.org\/?page_id=78829"},"modified":"2025-07-28T12:09:26","modified_gmt":"2025-07-28T10:09:26","slug":"beati-martiri-di-ciudad-real","status":"publish","type":"page","link":"https:\/\/www.lasalle.org\/it\/santita-lasalliana\/beati-martiri-di-ciudad-real\/","title":{"rendered":"Beati Martiri di Ciudad Real"},"content":{"rendered":"<div class=\"fusion-fullwidth fullwidth-box fusion-builder-row-1 fusion-flex-container has-pattern-background has-mask-background nonhundred-percent-fullwidth non-hundred-percent-height-scrolling\" style=\"--awb-border-radius-top-left:0px;--awb-border-radius-top-right:0px;--awb-border-radius-bottom-right:0px;--awb-border-radius-bottom-left:0px;--awb-flex-wrap:wrap;\" ><div class=\"fusion-builder-row fusion-row fusion-flex-align-items-flex-start fusion-flex-content-wrap\" style=\"max-width:1248px;margin-left: calc(-4% \/ 2 );margin-right: calc(-4% \/ 2 );\"><div class=\"fusion-layout-column fusion_builder_column fusion-builder-column-0 fusion_builder_column_3_4 3_4 fusion-flex-column\" style=\"--awb-bg-size:cover;--awb-width-large:75%;--awb-margin-top-large:0px;--awb-spacing-right-large:2.56%;--awb-margin-bottom-large:20px;--awb-spacing-left-large:2.56%;--awb-width-medium:75%;--awb-order-medium:0;--awb-spacing-right-medium:2.56%;--awb-spacing-left-medium:2.56%;--awb-width-small:100%;--awb-order-small:0;--awb-spacing-right-small:1.92%;--awb-spacing-left-small:1.92%;\"><div class=\"fusion-column-wrapper fusion-column-has-shadow fusion-flex-justify-content-flex-start fusion-content-layout-column\"><div class=\"fusion-title title fusion-title-1 sep-underline sep-solid fusion-title-text fusion-title-size-two\" style=\"--awb-text-color:var(--awb-custom17);--awb-sep-color:var(--awb-custom17);--awb-font-size:22px;\"><h2 class=\"fusion-title-heading title-heading-left\" style=\"margin:0;font-size:1em;\">Beati Fratelli Martiri di Ciudad Real<\/h2><\/div><div class=\"fusion-text fusion-text-1\"><p>Causa<em> \u00a0Narcisus Est\u00e9naga Echevarr\u00eda et X Socii<\/em><\/p>\n<p><!-- \/wp:post-content --><!-- wp:paragraph --><\/p>\n<p><em>La Causa comprende 11 martiri: Narcisus Estenaga (Vescovo), 4 sacerdoti, <strong>5 FSC<\/strong> e 1 laico.<\/em><\/p>\n<p><!-- \/wp:paragraph --><!-- wp:paragraph --><\/p>\n<p><strong>Santa Cruz de Mudela<\/strong> \u00e8 una piccola localit\u00e0 in provincia di Ciudad Real, dove nel 1936 c'era una scuola diretta dai Fratelli delle Scuole Cristiane. Cinque religiosi formavano la Comunit\u00e0:<\/p>\n<p><!-- \/wp:paragraph --><!-- wp:list  --><\/p>\n<p style=\"padding-left: 80px;\"><strong>Fr. Agapito Le\u00f3n <\/strong>(Remigio Angel Olalla Aldea), Direttore, di anni 33<\/p>\n<p style=\"padding-left: 80px;\"><strong>Fr. D\u00e1maso Luis <\/strong>(Antol\u00edn Mart\u00ednez Mart\u00ednez), di anni 21\u00a0\u00a0\u00a0\u00a0\u00a0\u00a0\u00a0\u00a0\u00a0\u00a0\u00a0\u00a0\u00a0\u00a0\u00a0\u00a0\u00a0\u00a0\u00a0\u00a0\u00a0<\/p>\n<p style=\"padding-left: 80px;\"><strong>Fr. Josafat Roque <\/strong>(Urbano Corral Gonz\u00e1lez), di anni 37\u00a0\u00a0\u00a0\u00a0\u00a0\u00a0\u00a0\u00a0\u00a0\u00a0\u00a0\u00a0\u00a0\u00a0\u00a0\u00a0\u00a0\u00a0\u00a0\u00a0\u00a0\u00a0<\/p>\n<p style=\"padding-left: 80px;\"><strong>Fr. Julio Alfonso<\/strong> (Valeriano Ruiz Peral), di anni 25\u00a0\u00a0\u00a0\u00a0\u00a0\u00a0\u00a0\u00a0\u00a0\u00a0\u00a0\u00a0\u00a0\u00a0\u00a0\u00a0\u00a0\u00a0\u00a0\u00a0\u00a0\u00a0\u00a0<\/p>\n<p style=\"padding-left: 80px;\"><strong>Fr. Ladislao Luis<\/strong> (Isidoro Mu\u00f1oz Antol\u00edn), di anni 20\u00a0\u00a0\u00a0\u00a0\u00a0\u00a0\u00a0\u00a0\u00a0\u00a0\u00a0\u00a0\u00a0\u00a0\u00a0\u00a0\u00a0\u00a0\u00a0\u00a0\u00a0\u00a0<\/p>\n<p><!-- \/wp:list --><!-- wp:paragraph --><\/p>\n<p>Il 22 luglio 1936 un gruppo di miliziani circond\u00f2 tumultuosamente la scuola, la invase e arrestarono i cinque Fratelli. Li condussero alla \"cheka\" del paese dove rimasero cinque giorni. Quindi, insieme ad altri detenuti li condussero ad un'altra prigione dove li lasciarono fino al 19 agosto. Si accanirono nell'umiliare e far soffrire i Fratelli. Varie volte fecero spazzare loro la piazza pubblica, tra insulti e vessazioni. Li obbligarono a fare marce militari cantando slogans marxisti e in pi\u00f9 di un'occasione li schiaffeggiarono.<\/p>\n<p><!-- \/wp:paragraph --><!-- wp:paragraph --><\/p>\n<p>Nonostante le loro sofferenze, durante la prigionia si mostrarono coraggiosi e furono essi che sostennero e incorag\u00adgiarono gli altri prigionieri, sacerdoti e cattolici militanti del luogo. Mentre erano prigionieri, una benefattrice del Collegio, Do\u00f1a Cecilia Ramiro, si incaric\u00f2 del loro sostentamento che portava ogni giorno in carcere. Il 18 agosto, festa di S. Agapito, onomastico del Direttore, la donna gli port\u00f2 dei dolcetti che egli distribu\u00ec a tutti, compresi i carcerieri. Ma il giorno dopo, 19 agosto 1936, un gruppo di miliziani si present\u00f2 al carcere prelevando i Fratelli e altri 25 detenuti e tra di essi cinque sacerdoti. Li caricarono su una camionetta e a mezzanotte li assassinarono nel cimitero di Valdepe\u00f1as, poi li gettaro\u00adno tutti in una fossa comune.<\/p>\n<p><!-- \/wp:paragraph --><!-- wp:paragraph \/--><\/p>\n<\/div><div class=\"fusion-separator fusion-full-width-sep\" style=\"align-self: center;margin-left: auto;margin-right: auto;margin-top:15px;margin-bottom:15px;width:100%;\"><div class=\"fusion-separator-border sep-single sep-solid\" style=\"--awb-height:20px;--awb-amount:20px;--awb-sep-color:var(--awb-custom17);border-color:var(--awb-custom17);border-top-width:1px;\"><\/div><\/div><nav class=\"fusion-breadcrumbs fusion-breadcrumbs-1\" style=\"--awb-breadcrumb-sep:&#039;\/&#039;;\" aria-label=\"Breadcrumb\"><ol class=\"awb-breadcrumb-list\"><\/ol><\/nav><\/div><\/div><div class=\"fusion-layout-column fusion_builder_column fusion-builder-column-1 fusion_builder_column_1_4 1_4 fusion-flex-column\" style=\"--awb-bg-size:cover;--awb-width-large:25%;--awb-margin-top-large:0px;--awb-spacing-right-large:7.68%;--awb-margin-bottom-large:20px;--awb-spacing-left-large:7.68%;--awb-width-medium:25%;--awb-order-medium:0;--awb-spacing-right-medium:7.68%;--awb-spacing-left-medium:7.68%;--awb-width-small:100%;--awb-order-small:0;--awb-spacing-right-small:1.92%;--awb-spacing-left-small:1.92%;\"><div class=\"fusion-column-wrapper fusion-column-has-shadow fusion-flex-justify-content-flex-start fusion-content-layout-column\"><div class=\"fusion-title title fusion-title-2 sep-underline sep-solid fusion-title-text fusion-title-size-two\" style=\"--awb-text-color:var(--awb-custom17);--awb-sep-color:var(--awb-custom17);--awb-font-size:22px;\"><h2 class=\"fusion-title-heading title-heading-left\" style=\"margin:0;font-size:1em;\">Date importanti<\/h2><\/div><ul style=\"--awb-line-height:27.2px;--awb-icon-width:27.2px;--awb-icon-height:27.2px;--awb-icon-margin:11.2px;--awb-content-margin:38.4px;--awb-circlecolor:var(--awb-custom17);--awb-circle-yes-font-size:14.08px;\" class=\"fusion-checklist fusion-checklist-1 fusion-checklist-default type-icons\"><li class=\"fusion-li-item\" style=\"\"><span class=\"icon-wrapper circle-yes\"><i class=\"fusion-li-icon fa-star-half far\" aria-hidden=\"true\"><\/i><\/span><div class=\"fusion-li-item-content\">\r\n<p style=\"text-align: center;\"><!-- \/wp:paragraph -->\r\n\r\n<!-- wp:paragraph --><\/p>\r\n<p><strong>Memoria liturgica: 6 novembre<\/strong><\/p>\r\n<\/div><\/li><li class=\"fusion-li-item\" style=\"\"><span class=\"icon-wrapper circle-yes\"><i class=\"fusion-li-icon fa-star-half far\" aria-hidden=\"true\"><\/i><\/span><div class=\"fusion-li-item-content\">\r\n<p>28\/10\/2007: Beatificazione (<em>insieme ad altri, per complessivi n. 498 Martiri<\/em>)\u00a0<\/p>\r\n<\/div><\/li><\/ul><div class=\"fusion-separator fusion-full-width-sep\" style=\"align-self: center;margin-left: auto;margin-right: auto;margin-top:15px;margin-bottom:15px;width:100%;\"><div class=\"fusion-separator-border sep-single sep-solid\" style=\"--awb-height:20px;--awb-amount:20px;--awb-sep-color:var(--awb-custom17);border-color:var(--awb-custom17);border-top-width:1px;\"><\/div><\/div><\/div><\/div><\/div><\/div>","protected":false},"excerpt":{"rendered":"","protected":false},"author":9,"featured_media":112314,"parent":10826,"menu_order":0,"comment_status":"closed","ping_status":"closed","template":"","meta":{"_tec_requires_first_save":true,"_monsterinsights_skip_tracking":false,"_monsterinsights_sitenote_active":false,"_monsterinsights_sitenote_note":"","_monsterinsights_sitenote_category":0,"_EventAllDay":false,"_EventTimezone":"","_EventStartDate":"","_EventEndDate":"","_EventStartDateUTC":"","_EventEndDateUTC":"","_EventShowMap":false,"_EventShowMapLink":false,"_EventURL":"","_EventCost":"","_EventCostDescription":"","_EventCurrencySymbol":"","_EventCurrencyCode":"","_EventCurrencyPosition":"","_EventDateTimeSeparator":"","_EventTimeRangeSeparator":"","_EventOrganizerID":[],"_EventVenueID":[],"_OrganizerEmail":"","_OrganizerPhone":"","_OrganizerWebsite":"","_VenueAddress":"","_VenueCity":"","_VenueCountry":"","_VenueProvince":"","_VenueState":"","_VenueZip":"","_VenuePhone":"","_VenueURL":"","_VenueStateProvince":"","_VenueLat":"","_VenueLng":"","_VenueShowMap":false,"_VenueShowMapLink":false,"_tribe_blocks_recurrence_rules":"","_tribe_blocks_recurrence_description":"","_tribe_blocks_recurrence_exclusions":"","footnotes":""},"class_list":["post-78829","page","type-page","status-publish","has-post-thumbnail","hentry"],"_links":{"self":[{"href":"https:\/\/www.lasalle.org\/it\/wp-json\/wp\/v2\/pages\/78829","targetHints":{"allow":["GET"]}}],"collection":[{"href":"https:\/\/www.lasalle.org\/it\/wp-json\/wp\/v2\/pages"}],"about":[{"href":"https:\/\/www.lasalle.org\/it\/wp-json\/wp\/v2\/types\/page"}],"author":[{"embeddable":true,"href":"https:\/\/www.lasalle.org\/it\/wp-json\/wp\/v2\/users\/9"}],"replies":[{"embeddable":true,"href":"https:\/\/www.lasalle.org\/it\/wp-json\/wp\/v2\/comments?post=78829"}],"version-history":[{"count":5,"href":"https:\/\/www.lasalle.org\/it\/wp-json\/wp\/v2\/pages\/78829\/revisions"}],"predecessor-version":[{"id":116615,"href":"https:\/\/www.lasalle.org\/it\/wp-json\/wp\/v2\/pages\/78829\/revisions\/116615"}],"up":[{"embeddable":true,"href":"https:\/\/www.lasalle.org\/it\/wp-json\/wp\/v2\/pages\/10826"}],"wp:featuredmedia":[{"embeddable":true,"href":"https:\/\/www.lasalle.org\/it\/wp-json\/wp\/v2\/media\/112314"}],"wp:attachment":[{"href":"https:\/\/www.lasalle.org\/it\/wp-json\/wp\/v2\/media?parent=78829"}],"curies":[{"name":"wp","href":"https:\/\/api.w.org\/{rel}","templated":true}]}}