{"id":78832,"date":"2021-07-12T08:48:47","date_gmt":"2021-07-12T07:48:47","guid":{"rendered":"https:\/\/www.lasalle.org\/?page_id=78832"},"modified":"2025-07-28T12:24:13","modified_gmt":"2025-07-28T10:24:13","slug":"beati-fratelli-martiri-di-toledo","status":"publish","type":"page","link":"https:\/\/www.lasalle.org\/it\/santita-lasalliana\/beati-fratelli-martiri-di-toledo\/","title":{"rendered":"Beati Fratelli Martiri di Toledo"},"content":{"rendered":"<div class=\"fusion-fullwidth fullwidth-box fusion-builder-row-1 fusion-flex-container has-pattern-background has-mask-background nonhundred-percent-fullwidth non-hundred-percent-height-scrolling\" style=\"--awb-border-radius-top-left:0px;--awb-border-radius-top-right:0px;--awb-border-radius-bottom-right:0px;--awb-border-radius-bottom-left:0px;--awb-flex-wrap:wrap;\" ><div class=\"fusion-builder-row fusion-row fusion-flex-align-items-flex-start fusion-flex-content-wrap\" style=\"max-width:1248px;margin-left: calc(-4% \/ 2 );margin-right: calc(-4% \/ 2 );\"><div class=\"fusion-layout-column fusion_builder_column fusion-builder-column-0 fusion_builder_column_3_4 3_4 fusion-flex-column\" style=\"--awb-bg-size:cover;--awb-width-large:75%;--awb-margin-top-large:0px;--awb-spacing-right-large:2.56%;--awb-margin-bottom-large:20px;--awb-spacing-left-large:2.56%;--awb-width-medium:75%;--awb-order-medium:0;--awb-spacing-right-medium:2.56%;--awb-spacing-left-medium:2.56%;--awb-width-small:100%;--awb-order-small:0;--awb-spacing-right-small:1.92%;--awb-spacing-left-small:1.92%;\"><div class=\"fusion-column-wrapper fusion-column-has-shadow fusion-flex-justify-content-flex-start fusion-content-layout-column\"><div class=\"fusion-title title fusion-title-1 sep-underline sep-solid fusion-title-text fusion-title-size-two\" style=\"--awb-text-color:var(--awb-custom17);--awb-sep-color:var(--awb-custom17);--awb-font-size:22px;\"><h2 class=\"fusion-title-heading title-heading-left\" style=\"margin:0;font-size:1em;\">Beati Fratelli Martiri di Toledo<\/h2><\/div><div class=\"fusion-text fusion-text-1\"><p><em>Theodosius Raphael&#8230;et Socii<\/em> \u00a0\u00a0<\/p>\n<p><em>La Causa comprende <\/em><strong>4 FSC<\/strong>\u00a0\u00a0\u00a0<\/p>\n<p style=\"padding-left: 80px;\"><strong>Fr. Teodosio Rafael <\/strong>(Diodoro L\u00f3pez Hern\u00e1ndez)\u00a0 di anni\u00a0 38<br \/><strong>Fr. Carlos Jorge <\/strong>(Dalmacio Bellota P\u00e9rez)\u00a0 di anni\u00a028<strong>\u00a0\u00a0\u00a0\u00a0\u00a0\u00a0\u00a0\u00a0\u00a0\u00a0\u00a0\u00a0\u00a0\u00a0\u00a0\u00a0\u00a0\u00a0\u00a0\u00a0\u00a0\u00a0\u00a0\u00a0\u00a0\u00a0\u00a0\u00a0\u00a0\u00a0<\/strong><br \/><strong>Fr. Eustaquio Luis <\/strong>(Luis Villanueva Montoya)\u00a0 di anni\u00a048<br \/><strong>Fr. Felipe Jos\u00e9 <\/strong>(Pedro Alvarez P\u00e9rez)\u00a0 di anni\u00a022<strong>\u00a0\u00a0\u00a0\u00a0\u00a0\u00a0\u00a0\u00a0\u00a0\u00a0\u00a0\u00a0\u00a0\u00a0\u00a0\u00a0\u00a0\u00a0\u00a0\u00a0\u00a0\u00a0\u00a0\u00a0\u00a0\u00a0\u00a0\u00a0\u00a0\u00a0\u00a0\u00a0\u00a0\u00a0\u00a0\u00a0\u00a0\u00a0\u00a0\u00a0\u00a0\u00a0<\/strong><\/p>\n<p><strong>Consuegra<\/strong> era una piccola localit\u00e0 di circa 14.000 abitanti, in provincia e diocesi di Toledo, nella quale i Fratelli dirigevano la Scuola della &#8220;Fondaci\u00f3n Diaz-Cordov\u00e9s&#8221;. C&#8217;erano solo quattro Fratelli: tre insegnanti e uno per la cucina e i servizi della casa. Il Direttore era Fr. <strong>Teodosio Rafael<\/strong>.<\/p>\n<p>Erano consapevoli della situazione politico-sociale e dei conseguenti pericoli, ma anche disposti ad accettare ci\u00f2 che Dio avrebbe riservato loro.<\/p>\n<p>Il 21 luglio, verso le 9 del mattino, mentre stavano in cappella assistendo alla S. Messa, un gruppo di miliziani si raccolse dinanzi alla scuola gridando. Nel sentire le loro grida, il cappellano e i Fratelli consumarono l&#8217;Eucaristica e lasciarono la scuola da un&#8217;uscita posteriore, rifugiandosi nella casa di un vicino, don Blas Navarro. Quando i miliziani la invasero e non trovarono nessun Fratello, perquisirono altre case. Giunti a quella dov&#8217;erano nascosti i Fratelli, questi decisero che era meglio arrendersi. E lo fecero senza alcuna resistenza.<\/p>\n<p>Sulla via verso il carcere, dov&#8217;erano gi\u00e0 altri prigionieri, iniziarono a prepararsi alla morte, perch\u00e9 erano sicuri che sarebbe sopraggiunta presto. I miliziani, l\u00ec come in altre parti, ogni notte prelevavano un gruppo di prigionieri e li uccidevano in luoghi appartati, senza testimoni.<\/p>\n<p>L&#8217;ora dei Fratelli giunse la notte tra il 6 e il 7 agosto. Si presentarono i miliziani nel carcere, gridarono i loro nomi, li fecero salire su un camion e li portarono via. Li uccisero in un luogo chiamato &#8220;Boca de Congosto&#8221;, ai confini con Los Y\u00e9benes (Toledo). Fr. Felipe Jos\u00e9, il pi\u00f9 giovane della Comunit\u00e0, quella notte non and\u00f2 con gli altri tre Fratelli, non perch\u00e9 non voleva condividere il martirio, ma perch\u00e9 tra i prigionieri c&#8217;era un altro con il suo stesso nome, impiegato in una Comunit\u00e0 religiosa, e presero lui. Fr. Felipe disse che quella persona non era un Fratello e che lui lo era, ma non gli diedero retta. Tuttavia la palma del martirio giunse per lui il giorno dopo, la notte tra il 7 e l&#8217;8 agosto, in un altro &#8220;prelievo&#8221;, fatto nel modo solito. Fu ucciso insieme con altri a Fuente de Fresno (Ciudad Real).<\/p>\n<\/div><div class=\"fusion-separator fusion-full-width-sep\" style=\"align-self: center;margin-left: auto;margin-right: auto;margin-top:15px;margin-bottom:15px;width:100%;\"><div class=\"fusion-separator-border sep-single sep-solid\" style=\"--awb-height:20px;--awb-amount:20px;--awb-sep-color:var(--awb-custom17);border-color:var(--awb-custom17);border-top-width:1px;\"><\/div><\/div><nav class=\"fusion-breadcrumbs fusion-breadcrumbs-1\" style=\"--awb-breadcrumb-sep:&#039;\/&#039;;\" aria-label=\"Breadcrumb\"><ol class=\"awb-breadcrumb-list\"><\/ol><\/nav><\/div><\/div><div class=\"fusion-layout-column fusion_builder_column fusion-builder-column-1 fusion_builder_column_1_4 1_4 fusion-flex-column\" style=\"--awb-bg-size:cover;--awb-width-large:25%;--awb-margin-top-large:0px;--awb-spacing-right-large:7.68%;--awb-margin-bottom-large:20px;--awb-spacing-left-large:7.68%;--awb-width-medium:25%;--awb-order-medium:0;--awb-spacing-right-medium:7.68%;--awb-spacing-left-medium:7.68%;--awb-width-small:100%;--awb-order-small:0;--awb-spacing-right-small:1.92%;--awb-spacing-left-small:1.92%;\"><div class=\"fusion-column-wrapper fusion-column-has-shadow fusion-flex-justify-content-flex-start fusion-content-layout-column\"><div class=\"fusion-title title fusion-title-2 sep-underline sep-solid fusion-title-text fusion-title-size-two\" style=\"--awb-text-color:var(--awb-custom17);--awb-sep-color:var(--awb-custom17);--awb-font-size:22px;\"><h2 class=\"fusion-title-heading title-heading-left\" style=\"margin:0;font-size:1em;\">Date importanti<\/h2><\/div><ul style=\"--awb-line-height:27.2px;--awb-icon-width:27.2px;--awb-icon-height:27.2px;--awb-icon-margin:11.2px;--awb-content-margin:38.4px;--awb-circlecolor:var(--awb-custom17);--awb-circle-yes-font-size:14.08px;\" class=\"fusion-checklist fusion-checklist-1 fusion-checklist-default type-icons\"><li class=\"fusion-li-item\" style=\"\"><span class=\"icon-wrapper circle-yes\"><i class=\"fusion-li-icon fa-star-half far\" aria-hidden=\"true\"><\/i><\/span><div class=\"fusion-li-item-content\">\n<p><strong>Memoria liturgica: 6 novembre<\/strong><\/p>\n<\/div><\/li><li class=\"fusion-li-item\" style=\"\"><span class=\"icon-wrapper circle-yes\"><i class=\"fusion-li-icon fa-star-half far\" aria-hidden=\"true\"><\/i><\/span><div class=\"fusion-li-item-content\">\n<p>28\/10\/2007: Beatificazione (insieme ad altri, per complessivi n. 498 Martiri)\u00a0<\/p>\n<\/div><\/li><\/ul><div class=\"fusion-separator fusion-full-width-sep\" style=\"align-self: center;margin-left: auto;margin-right: auto;margin-top:15px;margin-bottom:15px;width:100%;\"><div class=\"fusion-separator-border sep-single sep-solid\" style=\"--awb-height:20px;--awb-amount:20px;--awb-sep-color:var(--awb-custom17);border-color:var(--awb-custom17);border-top-width:1px;\"><\/div><\/div><\/div><\/div><\/div><\/div>\n","protected":false},"excerpt":{"rendered":"","protected":false},"author":9,"featured_media":112348,"parent":10826,"menu_order":0,"comment_status":"closed","ping_status":"closed","template":"","meta":{"_tec_requires_first_save":true,"_monsterinsights_skip_tracking":false,"_monsterinsights_sitenote_active":false,"_monsterinsights_sitenote_note":"","_monsterinsights_sitenote_category":0,"_EventAllDay":false,"_EventTimezone":"","_EventStartDate":"","_EventEndDate":"","_EventStartDateUTC":"","_EventEndDateUTC":"","_EventShowMap":false,"_EventShowMapLink":false,"_EventURL":"","_EventCost":"","_EventCostDescription":"","_EventCurrencySymbol":"","_EventCurrencyCode":"","_EventCurrencyPosition":"","_EventDateTimeSeparator":"","_EventTimeRangeSeparator":"","_EventOrganizerID":[],"_EventVenueID":[],"_OrganizerEmail":"","_OrganizerPhone":"","_OrganizerWebsite":"","_VenueAddress":"","_VenueCity":"","_VenueCountry":"","_VenueProvince":"","_VenueState":"","_VenueZip":"","_VenuePhone":"","_VenueURL":"","_VenueStateProvince":"","_VenueLat":"","_VenueLng":"","_VenueShowMap":false,"_VenueShowMapLink":false,"_tribe_blocks_recurrence_rules":"","_tribe_blocks_recurrence_description":"","_tribe_blocks_recurrence_exclusions":"","footnotes":""},"class_list":["post-78832","page","type-page","status-publish","has-post-thumbnail","hentry"],"_links":{"self":[{"href":"https:\/\/www.lasalle.org\/it\/wp-json\/wp\/v2\/pages\/78832","targetHints":{"allow":["GET"]}}],"collection":[{"href":"https:\/\/www.lasalle.org\/it\/wp-json\/wp\/v2\/pages"}],"about":[{"href":"https:\/\/www.lasalle.org\/it\/wp-json\/wp\/v2\/types\/page"}],"author":[{"embeddable":true,"href":"https:\/\/www.lasalle.org\/it\/wp-json\/wp\/v2\/users\/9"}],"replies":[{"embeddable":true,"href":"https:\/\/www.lasalle.org\/it\/wp-json\/wp\/v2\/comments?post=78832"}],"version-history":[{"count":4,"href":"https:\/\/www.lasalle.org\/it\/wp-json\/wp\/v2\/pages\/78832\/revisions"}],"predecessor-version":[{"id":116624,"href":"https:\/\/www.lasalle.org\/it\/wp-json\/wp\/v2\/pages\/78832\/revisions\/116624"}],"up":[{"embeddable":true,"href":"https:\/\/www.lasalle.org\/it\/wp-json\/wp\/v2\/pages\/10826"}],"wp:featuredmedia":[{"embeddable":true,"href":"https:\/\/www.lasalle.org\/it\/wp-json\/wp\/v2\/media\/112348"}],"wp:attachment":[{"href":"https:\/\/www.lasalle.org\/it\/wp-json\/wp\/v2\/media?parent=78832"}],"curies":[{"name":"wp","href":"https:\/\/api.w.org\/{rel}","templated":true}]}}