{"id":78847,"date":"2021-07-12T09:04:45","date_gmt":"2021-07-12T08:04:45","guid":{"rendered":"https:\/\/www.lasalle.org\/?page_id=78847"},"modified":"2025-07-28T12:49:15","modified_gmt":"2025-07-28T10:49:15","slug":"beati-fratelli-martiri-di-madrid-grinon","status":"publish","type":"page","link":"https:\/\/www.lasalle.org\/it\/santita-lasalliana\/beati-fratelli-martiri-di-madrid-grinon\/","title":{"rendered":"Beati Fratelli Martiri di Madrid &#8211; Gri\u00f1\u00f3n"},"content":{"rendered":"<div class=\"fusion-fullwidth fullwidth-box fusion-builder-row-1 fusion-flex-container has-pattern-background has-mask-background nonhundred-percent-fullwidth non-hundred-percent-height-scrolling\" style=\"--awb-border-radius-top-left:0px;--awb-border-radius-top-right:0px;--awb-border-radius-bottom-right:0px;--awb-border-radius-bottom-left:0px;--awb-flex-wrap:wrap;\" ><div class=\"fusion-builder-row fusion-row fusion-flex-align-items-flex-start fusion-flex-content-wrap\" style=\"max-width:1248px;margin-left: calc(-4% \/ 2 );margin-right: calc(-4% \/ 2 );\"><div class=\"fusion-layout-column fusion_builder_column fusion-builder-column-0 fusion_builder_column_3_4 3_4 fusion-flex-column\" style=\"--awb-bg-size:cover;--awb-width-large:75%;--awb-margin-top-large:0px;--awb-spacing-right-large:2.56%;--awb-margin-bottom-large:20px;--awb-spacing-left-large:2.56%;--awb-width-medium:75%;--awb-order-medium:0;--awb-spacing-right-medium:2.56%;--awb-spacing-left-medium:2.56%;--awb-width-small:100%;--awb-order-small:0;--awb-spacing-right-small:1.92%;--awb-spacing-left-small:1.92%;\"><div class=\"fusion-column-wrapper fusion-column-has-shadow fusion-flex-justify-content-flex-start fusion-content-layout-column\"><div class=\"fusion-title title fusion-title-1 sep-underline sep-solid fusion-title-text fusion-title-size-two\" style=\"--awb-text-color:var(--awb-custom17);--awb-sep-color:var(--awb-custom17);--awb-font-size:22px;\"><h2 class=\"fusion-title-heading title-heading-left\" style=\"margin:0;font-size:1em;\">Beati Fratelli Martiri di Madrid &#8211; Gri\u00f1\u00f3n<\/h2><\/div><div class=\"fusion-text fusion-text-1\"><p>Aloisius Orentius Sola Garriga et xxi Socii, necnon Antonius Matheus Salamero<\/p>\n<p><em>La Causa comprende 23 Martiri:<\/em><strong>21 FSC<\/strong> + 1 Capp. + 1 laico<\/p>\n<p>A <strong>Gri\u00f1\u00f3n, <\/strong>localit\u00e0 a pochi chilometri da Madrid, i Fratelli hanno sempre avuto la loro casa di formazione comprendente un Aspirantato, un Noviziato e uno Scolasticato. A questi gruppi si affiancava infine un padiglione riservato ai Fratelli anziani o infermi.<\/p>\n<p>Quando il 28 luglio 1936 la casa fu assaltata da un numeroso gruppo del F.A.I. (Federacion Anarquista Iberica) e del C.G.T. (Confederacion General de Trabajadores), rimanevano soltanto una decina di religiosi, essendo gli altri riusciti a dirigersi verso Madrid prima dell&#8217;arrivo di quei manigoldi.<\/p>\n<p>Costoro ordinarono ai presenti di raggrupparsi dinanzi alla facciata della cappella, e mentre lo facevano, un gruppo di milizian\u00ec entr\u00f2 in cappella e inizi\u00f2 a distruggere immagini, mobili e oggetti sacri. Un impiegato della casa, Jos\u00e9 Gorastazu, uomo molto pio e generoso, li rimprover\u00f2 per quello che facevano.\u00a0 Risposero con i proiettili, uccidendo sui due piedi il coraggioso impiegato.<\/p>\n<p>Fr. Angel Gregorio, che era infermiere, quando perquisirono l&#8217;infermeria lo scambiarono per un impiegato dell&#8217;ospedale che curava i malati. Ma quando questi si rese conto che stavano per uccidere i suoi Confratelli, disse loro: &#8220;Anch\u2019io sono un religioso&#8221;. Gli comandarono di mettersi nel gruppo dinanzi alla cappella. Senza altre spiegazioni, il capo del gruppo comand\u00f2 a un plotone di sparare. I Fratelli caddero in mucchio trapassati dalle pallottole.<\/p>\n<p>Compiuta la strage, risalirono sui camion coi quali erano giunti. I cadaveri rimasero nel luogo dove erano stati uccisi. La gente di Gri\u00f1\u00f3n, nel sapere quanto era successo, rimase costernata. Un gruppo di persone del paese, insieme al giudice che procedette al riconoscimento, scavarono una fossa e li seppellirono nella stessa propriet\u00e0, con la testa rivolta verso la cappella.<\/p>\n<p>Ecco i loro nomi:<\/p>\n<\/div><div class=\"fusion-builder-row fusion-builder-row-inner fusion-row fusion-flex-align-items-flex-start fusion-flex-content-wrap\" style=\"width:104% !important;max-width:104% !important;margin-left: calc(-4% \/ 2 );margin-right: calc(-4% \/ 2 );\"><div class=\"fusion-layout-column fusion_builder_column_inner fusion-builder-nested-column-0 fusion_builder_column_inner_1_2 1_2 fusion-flex-column\" style=\"--awb-bg-size:cover;--awb-width-large:50%;--awb-margin-top-large:0px;--awb-spacing-right-large:3.84%;--awb-margin-bottom-large:20px;--awb-spacing-left-large:3.84%;--awb-width-medium:50%;--awb-order-medium:0;--awb-spacing-right-medium:3.84%;--awb-spacing-left-medium:3.84%;--awb-width-small:100%;--awb-order-small:0;--awb-spacing-right-small:1.92%;--awb-spacing-left-small:1.92%;\"><div class=\"fusion-column-wrapper fusion-column-has-shadow fusion-flex-justify-content-flex-start fusion-content-layout-column\"><div class=\"fusion-text fusion-text-2\" style=\"--awb-font-size:16px;\"><p><strong>Orencio Luis<\/strong><br \/>\n(Antonio Sol\u00e1 Garriga) 38 anni<\/p>\n<p><strong>Fr. Adelberto Ju\u00e1n<\/strong><br \/>\n(Vicente Angulo Garc\u00eda) 32 anni<\/p>\n<p><strong>Fr. Alejo Andr\u00e9s<\/strong><br \/>\n(Patricio Beobide Cendoya) 47 anni<\/p>\n<p><strong>Fr. Angel Gregorio<\/strong><br \/>\n(Germ\u00e1n Arribas Arribas) 41 anni<\/p>\n<p><strong>Fr. Aquilino Javier<\/strong><br \/>\n(Celestino Ruiz Alegre) 34 anni<\/p>\n<p><strong>Fr. Arturo Joaqu\u00edn<\/strong><br \/>\n(Joaqu\u00edn Oliveras Pujalras) 61 anni<\/p>\n<p><strong>Fr. Benjamin Le\u00f3n<\/strong><br \/>\n(Graciliano Ortega Narganes) 31 anni<\/p>\n<p><strong>Fr. Cris\u00f3stomo Albino<\/strong><br \/>\n(L\u00e1zaro Ruiz Peral) 27 anni<\/p>\n<p><strong>Fr. Daciano<\/strong><br \/>\n(Juan Antonio De Bengor y Larri\u00f1aga) 54 anni<\/p>\n<p><strong>Fr. Floriano F\u00e9lix<\/strong><br \/>\n(Emiliano Santamar\u00eda Angulo) 37 anni<\/p>\n<p><strong>Fr. Ismael Ricardo<\/strong><br \/>\n(Mart\u00edn Arb\u00e9 Barr\u00f3n) 30 anni<\/p>\n<\/div><\/div><\/div><div class=\"fusion-layout-column fusion_builder_column_inner fusion-builder-nested-column-1 fusion_builder_column_inner_1_2 1_2 fusion-flex-column\" style=\"--awb-bg-size:cover;--awb-width-large:50%;--awb-margin-top-large:0px;--awb-spacing-right-large:3.84%;--awb-margin-bottom-large:20px;--awb-spacing-left-large:3.84%;--awb-width-medium:50%;--awb-order-medium:0;--awb-spacing-right-medium:3.84%;--awb-spacing-left-medium:3.84%;--awb-width-small:100%;--awb-order-small:0;--awb-spacing-right-small:1.92%;--awb-spacing-left-small:1.92%;\"><div class=\"fusion-column-wrapper fusion-column-has-shadow fusion-flex-justify-content-flex-start fusion-content-layout-column\"><div class=\"fusion-text fusion-text-3\" style=\"--awb-font-size:16px;\"><p><strong>Fr. Javier Eliseo<\/strong><br \/>\n(Evencio Castellano L\u00f3pez) 24 anni<\/p>\n<p><strong>Fr. Jos\u00e9 Alfonso<\/strong><br \/>\n(Maximino Serrano S\u00e1iz) 49 anni<\/p>\n<p><strong>Fr. Ju\u00e1n Pablo<\/strong><br \/>\n(Gregorio \u00c1lvarez Fern\u00e1ndez) 32 anni<\/p>\n<p><strong>Fr. Mariano Pablo<\/strong><br \/>\n(Teodoro P\u00e9rez G\u00f3mez) 23 anni<\/p>\n<p><strong>Fr. Mario F\u00e9lix<\/strong><br \/>\n(Manoel Jos\u00e9 de Sousa) 75 anni<\/p>\n<p><strong>Fr. Pablo de la Cruz<\/strong><br \/>\n(Saturnino Sanz Sanz) 57 anni<\/p>\n<p><strong>Fr. Sinfronio<\/strong><br \/>\n(Manuel Miguel S\u00e1nchez) 60 anni<\/p>\n<p><strong>Fr. Sixto Andr\u00e9s<\/strong><br \/>\n(Andr\u00e9s Merino B\u00e1scones) 61 anni<\/p>\n<p><strong>Rev. Antonio Mateo Salamero<\/strong><br \/>\n(cappellano) 72 anni<\/p>\n<p><strong>Sig. Jos\u00e9 Gorostazu Labayen<\/strong><br \/>\n(laico)\u00a0 29 anni<\/p>\n<p>&nbsp;<\/p>\n<\/div><\/div><\/div><\/div><div class=\"fusion-separator fusion-full-width-sep\" style=\"align-self: center;margin-left: auto;margin-right: auto;margin-top:15px;margin-bottom:15px;width:100%;\"><div class=\"fusion-separator-border sep-single sep-solid\" style=\"--awb-height:20px;--awb-amount:20px;--awb-sep-color:var(--awb-custom17);border-color:var(--awb-custom17);border-top-width:1px;\"><\/div><\/div><nav class=\"fusion-breadcrumbs fusion-breadcrumbs-1\" style=\"--awb-breadcrumb-sep:&#039;\/&#039;;\" aria-label=\"Breadcrumb\"><ol class=\"awb-breadcrumb-list\"><\/ol><\/nav><\/div><\/div><div class=\"fusion-layout-column fusion_builder_column fusion-builder-column-1 fusion_builder_column_1_4 1_4 fusion-flex-column\" style=\"--awb-bg-size:cover;--awb-width-large:25%;--awb-margin-top-large:0px;--awb-spacing-right-large:7.68%;--awb-margin-bottom-large:20px;--awb-spacing-left-large:7.68%;--awb-width-medium:25%;--awb-order-medium:0;--awb-spacing-right-medium:7.68%;--awb-spacing-left-medium:7.68%;--awb-width-small:100%;--awb-order-small:0;--awb-spacing-right-small:1.92%;--awb-spacing-left-small:1.92%;\"><div class=\"fusion-column-wrapper fusion-column-has-shadow fusion-flex-justify-content-flex-start fusion-content-layout-column\"><div class=\"fusion-title title fusion-title-2 sep-underline sep-solid fusion-title-text fusion-title-size-two\" style=\"--awb-text-color:var(--awb-custom17);--awb-sep-color:var(--awb-custom17);--awb-font-size:22px;\"><h2 class=\"fusion-title-heading title-heading-left\" style=\"margin:0;font-size:1em;\">Date importanti<\/h2><\/div><ul style=\"--awb-line-height:27.2px;--awb-icon-width:27.2px;--awb-icon-height:27.2px;--awb-icon-margin:11.2px;--awb-content-margin:38.4px;--awb-circlecolor:var(--awb-custom17);--awb-circle-yes-font-size:14.08px;\" class=\"fusion-checklist fusion-checklist-1 fusion-checklist-default type-icons\"><li class=\"fusion-li-item\" style=\"\"><span class=\"icon-wrapper circle-yes\"><i class=\"fusion-li-icon fa-star-half far\" aria-hidden=\"true\"><\/i><\/span><div class=\"fusion-li-item-content\">\n<p><strong>Memoria liturgica: 6 novembre<\/strong><\/p>\n<\/div><\/li><li class=\"fusion-li-item\" style=\"\"><span class=\"icon-wrapper circle-yes\"><i class=\"fusion-li-icon fa-star-half far\" aria-hidden=\"true\"><\/i><\/span><div class=\"fusion-li-item-content\">28\/10\/2007: Beatificazione (<em>insieme ad altri, per complessivi n. 498 Martiri<\/em>)<\/div><\/li><\/ul><div class=\"fusion-separator fusion-full-width-sep\" style=\"align-self: center;margin-left: auto;margin-right: auto;margin-top:15px;margin-bottom:15px;width:100%;\"><div class=\"fusion-separator-border sep-single sep-solid\" style=\"--awb-height:20px;--awb-amount:20px;--awb-sep-color:var(--awb-custom17);border-color:var(--awb-custom17);border-top-width:1px;\"><\/div><\/div><\/div><\/div><\/div><\/div>\n","protected":false},"excerpt":{"rendered":"","protected":false},"author":9,"featured_media":112335,"parent":10826,"menu_order":0,"comment_status":"closed","ping_status":"closed","template":"","meta":{"_tec_requires_first_save":true,"_monsterinsights_skip_tracking":false,"_monsterinsights_sitenote_active":false,"_monsterinsights_sitenote_note":"","_monsterinsights_sitenote_category":0,"_EventAllDay":false,"_EventTimezone":"","_EventStartDate":"","_EventEndDate":"","_EventStartDateUTC":"","_EventEndDateUTC":"","_EventShowMap":false,"_EventShowMapLink":false,"_EventURL":"","_EventCost":"","_EventCostDescription":"","_EventCurrencySymbol":"","_EventCurrencyCode":"","_EventCurrencyPosition":"","_EventDateTimeSeparator":"","_EventTimeRangeSeparator":"","_EventOrganizerID":[],"_EventVenueID":[],"_OrganizerEmail":"","_OrganizerPhone":"","_OrganizerWebsite":"","_VenueAddress":"","_VenueCity":"","_VenueCountry":"","_VenueProvince":"","_VenueState":"","_VenueZip":"","_VenuePhone":"","_VenueURL":"","_VenueStateProvince":"","_VenueLat":"","_VenueLng":"","_VenueShowMap":false,"_VenueShowMapLink":false,"_tribe_blocks_recurrence_rules":"","_tribe_blocks_recurrence_description":"","_tribe_blocks_recurrence_exclusions":"","footnotes":""},"class_list":["post-78847","page","type-page","status-publish","has-post-thumbnail","hentry"],"_links":{"self":[{"href":"https:\/\/www.lasalle.org\/it\/wp-json\/wp\/v2\/pages\/78847","targetHints":{"allow":["GET"]}}],"collection":[{"href":"https:\/\/www.lasalle.org\/it\/wp-json\/wp\/v2\/pages"}],"about":[{"href":"https:\/\/www.lasalle.org\/it\/wp-json\/wp\/v2\/types\/page"}],"author":[{"embeddable":true,"href":"https:\/\/www.lasalle.org\/it\/wp-json\/wp\/v2\/users\/9"}],"replies":[{"embeddable":true,"href":"https:\/\/www.lasalle.org\/it\/wp-json\/wp\/v2\/comments?post=78847"}],"version-history":[{"count":3,"href":"https:\/\/www.lasalle.org\/it\/wp-json\/wp\/v2\/pages\/78847\/revisions"}],"predecessor-version":[{"id":116654,"href":"https:\/\/www.lasalle.org\/it\/wp-json\/wp\/v2\/pages\/78847\/revisions\/116654"}],"up":[{"embeddable":true,"href":"https:\/\/www.lasalle.org\/it\/wp-json\/wp\/v2\/pages\/10826"}],"wp:featuredmedia":[{"embeddable":true,"href":"https:\/\/www.lasalle.org\/it\/wp-json\/wp\/v2\/media\/112335"}],"wp:attachment":[{"href":"https:\/\/www.lasalle.org\/it\/wp-json\/wp\/v2\/media?parent=78847"}],"curies":[{"name":"wp","href":"https:\/\/api.w.org\/{rel}","templated":true}]}}