{"id":78860,"date":"2021-07-12T09:14:50","date_gmt":"2021-07-12T08:14:50","guid":{"rendered":"https:\/\/www.lasalle.org\/?page_id=78860"},"modified":"2025-08-06T09:57:44","modified_gmt":"2025-08-06T07:57:44","slug":"beati-fratelli-martiri-di-tarragona","status":"publish","type":"page","link":"https:\/\/www.lasalle.org\/it\/santita-lasalliana\/beati-fratelli-martiri-di-tarragona\/","title":{"rendered":"Beati Fratelli Martiri di Tarragona"},"content":{"rendered":"<div class=\"fusion-fullwidth fullwidth-box fusion-builder-row-1 fusion-flex-container has-pattern-background has-mask-background nonhundred-percent-fullwidth non-hundred-percent-height-scrolling\" style=\"--awb-border-radius-top-left:0px;--awb-border-radius-top-right:0px;--awb-border-radius-bottom-right:0px;--awb-border-radius-bottom-left:0px;--awb-flex-wrap:wrap;\" ><div class=\"fusion-builder-row fusion-row fusion-flex-align-items-flex-start fusion-flex-content-wrap\" style=\"max-width:1248px;margin-left: calc(-4% \/ 2 );margin-right: calc(-4% \/ 2 );\"><div class=\"fusion-layout-column fusion_builder_column fusion-builder-column-0 fusion_builder_column_3_4 3_4 fusion-flex-column\" style=\"--awb-bg-size:cover;--awb-width-large:75%;--awb-margin-top-large:0px;--awb-spacing-right-large:2.56%;--awb-margin-bottom-large:20px;--awb-spacing-left-large:2.56%;--awb-width-medium:75%;--awb-order-medium:0;--awb-spacing-right-medium:2.56%;--awb-spacing-left-medium:2.56%;--awb-width-small:100%;--awb-order-small:0;--awb-spacing-right-small:1.92%;--awb-spacing-left-small:1.92%;\"><div class=\"fusion-column-wrapper fusion-column-has-shadow fusion-flex-justify-content-flex-start fusion-content-layout-column\"><div class=\"fusion-title title fusion-title-1 sep-underline sep-solid fusion-title-text fusion-title-size-two\" style=\"--awb-text-color:var(--awb-custom17);--awb-sep-color:var(--awb-custom17);--awb-font-size:22px;\"><h2 class=\"fusion-title-heading title-heading-left\" style=\"margin:0;font-size:1em;\"><strong>Beati Fratelli Martiri di Tarragona<\/strong><\/h2><\/div><div class=\"fusion-text fusion-text-1\"><p><em>EMMANUEL BORRAS FERRE et CXLVI SOCII<\/em><\/p>\n<p><!-- \/wp:post-content --><\/p>\n<p><!-- wp:paragraph --><\/p>\n<p><em>La Causa comprende 147 Martiri\u00a0:<\/em> 1 vescovo, 66 sacerdoti, 2 seminaristi, <strong>39 FSC<\/strong>, 7 Padri Carmelitani, 7 Padri Claretiani, 1 Padre Cappuccino, 4 terziari Carmelitani e 20 Monaci di Montserrat.<\/p>\n<p><!-- \/wp:paragraph --><\/p>\n<p><!-- wp:paragraph --><\/p>\n<p>Fu l&#8217;ultimo processo diocesano nel quale sono stati inseriti <strong>Fratelli delle Scuole Cristiane.<\/strong><\/p>\n<p><!-- \/wp:paragraph --><\/p>\n<p><!-- wp:paragraph --><\/p>\n<p>La fase diocesana inizi\u00f2 il 28 aprile 1952 e termin\u00f2 il 2 luglio 1959. Nelle 354 sessioni furono interrogati ben 984 testimoni. La<em> Positio<\/em> \u00e8 formata da 4 volumi per complessive 3450 pagine.<\/p>\n<p><!-- \/wp:paragraph --><\/p>\n<p><!-- wp:paragraph --><\/p>\n<p>I Fratelli raggruppati nel Processo canonico celebrato a Tarragona appartenevano a diverse scuole non solo della citt\u00e0, ma anche del circondario e furono martirizzati in circostanze e giorni diversi. Quando la persecuzione divenne feroce e non era pi\u00f9 possibile vivere in sicurezza nelle scuole, i Fratelli furono costretti a trovare rifugio dove meglio credevano. Il pericolo che venissero riconosciuti e denunziati ai Comit\u00e9 era comunque sempre in agguato. Cos\u00ec accadde infatti a 6 Fratelli che si erano rifugiati all&#8217;Hotel Nacional di Tarragona: furono scoperti e trucidati insieme al proprietario dell&#8217;albergo che li aveva ospitati e non denunziati. Sorte ancor pi\u00f9 pietosa tocc\u00e0 a 2 altri Fratelli della comunit\u00e0 di Cambrils, uno infermo e l&#8217;altro infermiere: furono caricati su una macchina e portati fuori dell&#8217;abitato. Giunti in un luogo solitario, ordinarono ad un nuovo affiliato al Comitato rivoluzionario di procedere alla loro uccisione. Costui era stato impiegato nella casa dei Fratelli, conosceva bene i due e rifiut\u00f2. Alle minacce di venir lui stesso fucilato insieme ai due, esegu\u00ec tremando l&#8217;ordine, tra le risate e le imprecazioni dei presenti.<\/p>\n<p><!-- \/wp:paragraph --><\/p>\n<p><!-- wp:paragraph --><\/p>\n<p>Molti altri Fratelli, rastrellati qua e l\u00e0, furono ammassati, insieme a sacerdoti, altri religiosi e laici cattolici, sul vecchio battello &#8220;Rio Segre&#8221;, dal quale, a piccoli gruppi, venivano avviati alla fucilazione, che avveniva in genere lontano da testimoni inopportuni. Ecco i nomi dei 39 Fratelli\u00a0:<\/p>\n<\/div><div class=\"fusion-builder-row fusion-builder-row-inner fusion-row fusion-flex-align-items-flex-start fusion-flex-content-wrap\" style=\"width:104% !important;max-width:104% !important;margin-left: calc(-4% \/ 2 );margin-right: calc(-4% \/ 2 );\"><div class=\"fusion-layout-column fusion_builder_column_inner fusion-builder-nested-column-0 fusion_builder_column_inner_1_3 1_3 fusion-flex-column\" style=\"--awb-bg-size:cover;--awb-width-large:33.333333333333%;--awb-margin-top-large:0px;--awb-spacing-right-large:5.76%;--awb-margin-bottom-large:20px;--awb-spacing-left-large:5.76%;--awb-width-medium:33.333333333333%;--awb-order-medium:0;--awb-spacing-right-medium:5.76%;--awb-spacing-left-medium:5.76%;--awb-width-small:100%;--awb-order-small:0;--awb-spacing-right-small:1.92%;--awb-spacing-left-small:1.92%;\"><div class=\"fusion-column-wrapper fusion-column-has-shadow fusion-flex-justify-content-flex-start fusion-content-layout-column\"><div class=\"fusion-text fusion-text-2\" style=\"--awb-font-size:16px;\"><p><strong>Fr. Agapito Modesto<\/strong> <br \/>(Modesto Pamplona Falguera) 29 anni<\/p>\n<p><strong>Fr. Alberto Joaqu\u00edn<\/strong> <br \/>(Alberto Linares de La Pinta) 23 anni<\/p>\n<p><strong>Fr. Alejandro Antonio<\/strong> <br \/>(Alejandro Arraya Caballero) 28 anni<\/p>\n<p><strong>Fr. Alejandro Juan<\/strong> <br \/>(Fermin Gellida Cornelles) 47 anni<\/p>\n<p><strong>Fr. Alfeo Bernab\u00e9<\/strong> <br \/>(Bernab\u00e9 Nu\u00f1es Alonso) 34 anni<\/p>\n<p><strong>Fr. Anastasio Lucas<\/strong> <br \/>(Lucas Mart\u00edn Puente) 28 anni<\/p>\n<p><strong>Fr. Andr\u00e9s Sergio<\/strong> <br \/>(Andr\u00e9s Pradaz Lahoz) 28 anni<\/p>\n<p><strong>Fr. Angel Amado<\/strong> <br \/>(Aejandro P\u00e9rez Fierro) 31 anni<\/p>\n<p><strong>Fr. Anselmo F\u00e9lix<\/strong> <br \/>(Modesto Godo Buscat\u00f3) 57 anni<\/p>\n<p><strong>Fr. Antonio Gil<\/strong> <br \/>(Alejandro Gil Monforte) 33 anni<\/p>\n<p><strong>Fr. Ar\u00edstides Marcos<\/strong> <br \/>(Pedro Cano Cebri\u00e1n) 30 anni<\/p>\n<p><strong>Fr. Arnoldo Cirilo<\/strong> <br \/>(Juan Font Taulat) 46 anni<\/p>\n<p><strong>Fr. Augusto Mar\u00eda<\/strong> <br \/>(Miguel Arsenio Merino) 41 anni<\/p>\n<\/div><\/div><\/div><div class=\"fusion-layout-column fusion_builder_column_inner fusion-builder-nested-column-1 fusion_builder_column_inner_1_3 1_3 fusion-flex-column\" style=\"--awb-bg-size:cover;--awb-width-large:33.333333333333%;--awb-margin-top-large:0px;--awb-spacing-right-large:5.76%;--awb-margin-bottom-large:20px;--awb-spacing-left-large:5.76%;--awb-width-medium:33.333333333333%;--awb-order-medium:0;--awb-spacing-right-medium:5.76%;--awb-spacing-left-medium:5.76%;--awb-width-small:100%;--awb-order-small:0;--awb-spacing-right-small:1.92%;--awb-spacing-left-small:1.92%;\"><div class=\"fusion-column-wrapper fusion-column-has-shadow fusion-flex-justify-content-flex-start fusion-content-layout-column\"><div class=\"fusion-text fusion-text-3\" style=\"--awb-font-size:16px;\"><p><strong>Fr. Benildo Jos\u00e9<\/strong> <br \/>(Francisco Casademunt Ribas) 64 anni<\/p>\n<p><strong>Fr. Benito Juan<\/strong> <br \/>(Juan Bautista Urgell Coma) 30 anni<\/p>\n<p><strong>Fr. Buenaventura P\u00edo<\/strong> <br \/>(P\u00edo Ruiz De La Torre) 27 anni<\/p>\n<p><strong>Fr. Claudio Jos\u00e9<\/strong> <br \/>(Manuel Mateo Calvo) 27 anni<\/p>\n<p><strong>Fr. Clemente Adolfo<\/strong> <br \/>(Juan Clemente Vea Balaguer) 38 anni<\/p>\n<p><strong>Fr. Clemente Faustino<\/strong> <br \/>(Germ\u00e1n Jos\u00e9 Fern\u00e1ndez S\u00e1enz) 21 anni<\/p>\n<p><strong>Fr. Daniel Antonino<\/strong> <br \/>(Nicolas Rueda Barriocanal) 42 anni<\/p>\n<p><strong>Fr. Eladio Vicente<\/strong> <br \/>(Ces\u00e1reo Espa\u00f1a Ortiz) 50 anni<\/p>\n<p><strong>Fr. El\u00edas Paulino<\/strong> <br \/>(Javier Pradas Vidal) 40 anni<\/p>\n<p><strong>Fr. ElmoMiguel<\/strong> <br \/>(Pedro Sistema Torrent) 68 anni<\/p>\n<p><strong>Fr. Exuperio Alberto<\/strong> <br \/>(Miguel Alberto Flos) 55 anni<\/p>\n<p><strong>Fr. Fausto Luis<\/strong> <br \/>(Jos\u00e9 Mar\u00eda Tolaguera Oliva) 32 anni<\/p>\n<p><strong>Fr. F\u00e9lix Adriano<\/strong> <br \/>(Francisco Vicente Edo) 33 anni<\/p>\n<\/div><\/div><\/div><div class=\"fusion-layout-column fusion_builder_column_inner fusion-builder-nested-column-2 fusion_builder_column_inner_1_3 1_3 fusion-flex-column\" style=\"--awb-bg-size:cover;--awb-width-large:33.333333333333%;--awb-margin-top-large:0px;--awb-spacing-right-large:5.76%;--awb-margin-bottom-large:20px;--awb-spacing-left-large:5.76%;--awb-width-medium:33.333333333333%;--awb-order-medium:0;--awb-spacing-right-medium:5.76%;--awb-spacing-left-medium:5.76%;--awb-width-small:100%;--awb-order-small:0;--awb-spacing-right-small:1.92%;--awb-spacing-left-small:1.92%;\"><div class=\"fusion-column-wrapper fusion-column-has-shadow fusion-flex-justify-content-flex-start fusion-content-layout-column\"><div class=\"fusion-text fusion-text-4\" style=\"--awb-font-size:16px;\"><p><strong>Fr. Fulberto Jaime<\/strong> <br \/>(Jaime Jard\u00ed Vernet) 35 anni<\/p>\n<p><strong>Fr. Gilberto de Jes\u00fas<\/strong> <br \/>(Jos\u00e9 Boschdemont Mitjavila) 56 anni<\/p>\n<p><strong>Fr. Honorio Sebasti\u00e1n<\/strong> <br \/>(Sebasti\u00e1n Obeso Alario) 25 anni<\/p>\n<p><strong>Fr. Hugo Bernab\u00e9 <\/strong><br \/>(Francisco Trull\u00e9n Gilisbart) 41 anni<\/p>\n<p><strong>Fr. Jacinto Jorge<\/strong> <br \/>(Jos\u00e9 Comprub\u00ed Corrub\u00ed) 48 anni<\/p>\n<p><strong>Fr. Jenaro<\/strong> <br \/>(Mariano Navarro Blasco) 32 anni<\/p>\n<p><strong>Fr. Justino Gabriel<\/strong> <br \/>(Gabriel Albiol Plou) 26 anni<\/p>\n<p><strong>Fr. Leoncio Joaqu\u00edn<\/strong> <br \/>(Joaquin Pallerola Feu) 44 anni<\/p>\n<p><strong>Fr. Luis Alberto<\/strong> <br \/>(Ildefonso Alberto Flos) 56 anni<\/p>\n<p><strong>Fr. Mag\u00edn Pedro<\/strong> <br \/>(Francisco Javier Salla Salt\u00f3) 20 anni<\/p>\n<p><strong>Fr. Marciano Pascual<\/strong> <br \/>(Pascual Escu\u00edn Ferrer) 29 anni<\/p>\n<p><strong>Fr. Nicol\u00e1s Adriano<\/strong> <br \/>(Juan P\u00e9rez Rodrigo) 22 anni<\/p>\n<p><strong>Fr. Rafael Jos\u00e9<\/strong> <br \/>(Patricio Gellida Llorach) 65 anni<\/p>\n<\/div><\/div><\/div><\/div><div class=\"fusion-separator fusion-full-width-sep\" style=\"align-self: center;margin-left: auto;margin-right: auto;margin-top:15px;margin-bottom:15px;width:100%;\"><div class=\"fusion-separator-border sep-single sep-solid\" style=\"--awb-height:20px;--awb-amount:20px;--awb-sep-color:var(--awb-custom17);border-color:var(--awb-custom17);border-top-width:1px;\"><\/div><\/div><nav class=\"fusion-breadcrumbs fusion-breadcrumbs-1\" style=\"--awb-breadcrumb-sep:&#039;\/&#039;;\" aria-label=\"Breadcrumb\"><ol class=\"awb-breadcrumb-list\"><\/ol><\/nav><\/div><\/div><div class=\"fusion-layout-column fusion_builder_column fusion-builder-column-1 fusion_builder_column_1_4 1_4 fusion-flex-column\" style=\"--awb-bg-size:cover;--awb-width-large:25%;--awb-margin-top-large:0px;--awb-spacing-right-large:7.68%;--awb-margin-bottom-large:20px;--awb-spacing-left-large:7.68%;--awb-width-medium:25%;--awb-order-medium:0;--awb-spacing-right-medium:7.68%;--awb-spacing-left-medium:7.68%;--awb-width-small:100%;--awb-order-small:0;--awb-spacing-right-small:1.92%;--awb-spacing-left-small:1.92%;\"><div class=\"fusion-column-wrapper fusion-column-has-shadow fusion-flex-justify-content-flex-start fusion-content-layout-column\"><div class=\"fusion-title title fusion-title-2 sep-underline sep-solid fusion-title-text fusion-title-size-two\" style=\"--awb-text-color:var(--awb-custom17);--awb-sep-color:var(--awb-custom17);--awb-font-size:22px;\"><h2 class=\"fusion-title-heading title-heading-left\" style=\"margin:0;font-size:1em;\">Date importanti<\/h2><\/div><ul style=\"--awb-line-height:27.2px;--awb-icon-width:27.2px;--awb-icon-height:27.2px;--awb-icon-margin:11.2px;--awb-content-margin:38.4px;--awb-circlecolor:var(--awb-custom17);--awb-circle-yes-font-size:14.08px;\" class=\"fusion-checklist fusion-checklist-1 fusion-checklist-default type-icons\"><li class=\"fusion-li-item\" style=\"\"><span class=\"icon-wrapper circle-yes\"><i class=\"fusion-li-icon fa-star-half far\" aria-hidden=\"true\"><\/i><\/span><div class=\"fusion-li-item-content\">\r\n<p><strong>Memoria liturgica: 6 novembre<\/strong><\/p>\r\n<\/div><\/li><li class=\"fusion-li-item\" style=\"\"><span class=\"icon-wrapper circle-yes\"><i class=\"fusion-li-icon fa-star-half far\" aria-hidden=\"true\"><\/i><\/span><div class=\"fusion-li-item-content\">\r\n<p>13\/10\/2013: Beatificazione (a Tarragona, insieme ad altri 483 Martiri)<\/p>\r\n<\/div><\/li><\/ul><div class=\"fusion-separator fusion-full-width-sep\" style=\"align-self: center;margin-left: auto;margin-right: auto;margin-top:15px;margin-bottom:15px;width:100%;\"><div class=\"fusion-separator-border sep-single sep-solid\" style=\"--awb-height:20px;--awb-amount:20px;--awb-sep-color:var(--awb-custom17);border-color:var(--awb-custom17);border-top-width:1px;\"><\/div><\/div><\/div><\/div><\/div><\/div>","protected":false},"excerpt":{"rendered":"","protected":false},"author":9,"featured_media":112322,"parent":10826,"menu_order":0,"comment_status":"closed","ping_status":"closed","template":"","meta":{"_tec_requires_first_save":true,"_monsterinsights_skip_tracking":false,"_monsterinsights_sitenote_active":false,"_monsterinsights_sitenote_note":"","_monsterinsights_sitenote_category":0,"_EventAllDay":false,"_EventTimezone":"","_EventStartDate":"","_EventEndDate":"","_EventStartDateUTC":"","_EventEndDateUTC":"","_EventShowMap":false,"_EventShowMapLink":false,"_EventURL":"","_EventCost":"","_EventCostDescription":"","_EventCurrencySymbol":"","_EventCurrencyCode":"","_EventCurrencyPosition":"","_EventDateTimeSeparator":"","_EventTimeRangeSeparator":"","_EventOrganizerID":[],"_EventVenueID":[],"_OrganizerEmail":"","_OrganizerPhone":"","_OrganizerWebsite":"","_VenueAddress":"","_VenueCity":"","_VenueCountry":"","_VenueProvince":"","_VenueState":"","_VenueZip":"","_VenuePhone":"","_VenueURL":"","_VenueStateProvince":"","_VenueLat":"","_VenueLng":"","_VenueShowMap":false,"_VenueShowMapLink":false,"_tribe_blocks_recurrence_rules":"","_tribe_blocks_recurrence_description":"","_tribe_blocks_recurrence_exclusions":"","footnotes":""},"class_list":["post-78860","page","type-page","status-publish","has-post-thumbnail","hentry"],"_links":{"self":[{"href":"https:\/\/www.lasalle.org\/it\/wp-json\/wp\/v2\/pages\/78860","targetHints":{"allow":["GET"]}}],"collection":[{"href":"https:\/\/www.lasalle.org\/it\/wp-json\/wp\/v2\/pages"}],"about":[{"href":"https:\/\/www.lasalle.org\/it\/wp-json\/wp\/v2\/types\/page"}],"author":[{"embeddable":true,"href":"https:\/\/www.lasalle.org\/it\/wp-json\/wp\/v2\/users\/9"}],"replies":[{"embeddable":true,"href":"https:\/\/www.lasalle.org\/it\/wp-json\/wp\/v2\/comments?post=78860"}],"version-history":[{"count":5,"href":"https:\/\/www.lasalle.org\/it\/wp-json\/wp\/v2\/pages\/78860\/revisions"}],"predecessor-version":[{"id":117012,"href":"https:\/\/www.lasalle.org\/it\/wp-json\/wp\/v2\/pages\/78860\/revisions\/117012"}],"up":[{"embeddable":true,"href":"https:\/\/www.lasalle.org\/it\/wp-json\/wp\/v2\/pages\/10826"}],"wp:featuredmedia":[{"embeddable":true,"href":"https:\/\/www.lasalle.org\/it\/wp-json\/wp\/v2\/media\/112322"}],"wp:attachment":[{"href":"https:\/\/www.lasalle.org\/it\/wp-json\/wp\/v2\/media?parent=78860"}],"curies":[{"name":"wp","href":"https:\/\/api.w.org\/{rel}","templated":true}]}}